{"id":19967,"date":"2013-08-11T20:13:42","date_gmt":"2013-08-11T20:13:42","guid":{"rendered":"http:\/\/localhost:8888\/test\/?page_id=545"},"modified":"2025-10-14T21:52:56","modified_gmt":"2025-10-14T18:52:56","slug":"faq","status":"publish","type":"page","link":"https:\/\/wellstore.online\/en\/elements\/pages\/faq\/","title":{"rendered":"FAQ"},"content":{"rendered":"<div data-elementor-type=\"wp-page\" data-elementor-id=\"19967\" class=\"elementor elementor-19967\" data-elementor-post-type=\"page\">\n\t\t\t\t\t\t<section class=\"elementor-section elementor-top-section elementor-element elementor-element-0ab54e4 elementor-section-boxed elementor-section-height-default elementor-section-height-default\" data-id=\"0ab54e4\" data-element_type=\"section\" data-e-type=\"section\">\n\t\t\t\t\t\t<div class=\"elementor-container elementor-column-gap-default\">\n\t\t\t\t\t<div class=\"elementor-column elementor-col-100 elementor-top-column elementor-element elementor-element-1ee8224\" data-id=\"1ee8224\" data-element_type=\"column\" data-e-type=\"column\">\n\t\t\t<div class=\"elementor-widget-wrap elementor-element-populated\">\n\t\t\t\t\t\t<div class=\"elementor-element elementor-element-11f3220 elementor-widget elementor-widget-heading\" data-id=\"11f3220\" data-element_type=\"widget\" data-e-type=\"widget\" data-widget_type=\"heading.default\">\n\t\t\t\t<div class=\"elementor-widget-container\">\n\t\t\t\t\t<h2 class=\"elementor-heading-title elementor-size-default\">Frequently asked questions<\/h2>\t\t\t\t<\/div>\n\t\t\t\t<\/div>\n\t\t\t\t<div class=\"elementor-element elementor-element-3b7603a elementor-widget elementor-widget-toggle\" data-id=\"3b7603a\" data-element_type=\"widget\" data-e-type=\"widget\" data-widget_type=\"toggle.default\">\n\t\t\t\t<div class=\"elementor-widget-container\">\n\t\t\t\t\t\t\t<div class=\"elementor-toggle\">\n\t\t\t\t\t\t\t<div class=\"elementor-toggle-item\">\n\t\t\t\t\t<div id=\"elementor-tab-title-6231\" class=\"elementor-tab-title\" data-tab=\"1\" role=\"button\" aria-controls=\"elementor-tab-content-6231\" aria-expanded=\"false\">\n\t\t\t\t\t\t\t\t\t\t\t\t<span class=\"elementor-toggle-icon elementor-toggle-icon-right\" aria-hidden=\"true\">\n\t\t\t\t\t\t\t\t\t\t\t\t\t\t\t<span class=\"elementor-toggle-icon-closed\"><i class=\"fas fa-caret-right\"><\/i><\/span>\n\t\t\t\t\t\t\t\t<span class=\"elementor-toggle-icon-opened\"><i class=\"elementor-toggle-icon-opened fas fa-caret-up\"><\/i><\/span>\n\t\t\t\t\t\t\t\t\t\t\t\t\t<\/span>\n\t\t\t\t\t\t\t\t\t\t\t\t<a class=\"elementor-toggle-title\" tabindex=\"0\">- How soon will I receive my purchase?<\/a>\n\t\t\t\t\t<\/div>\n\n\t\t\t\t\t<div id=\"elementor-tab-content-6231\" class=\"elementor-tab-content elementor-clearfix\" data-tab=\"1\" role=\"region\" aria-labelledby=\"elementor-tab-title-6231\"><p>All products listed for sale in our e-shop are in stock, so we are able to ensure very fast delivery. If a customer places an order before 13:00 on a weekday, we will deliver the goods to the supplier the same day. Orders placed after 13:00 are dispatched the next working day. The goods usually arrive at the customer's premises within 1-3 working days.<\/p><\/div>\n\t\t\t\t<\/div>\n\t\t\t\t\t\t\t<div class=\"elementor-toggle-item\">\n\t\t\t\t\t<div id=\"elementor-tab-title-6232\" class=\"elementor-tab-title\" data-tab=\"2\" role=\"button\" aria-controls=\"elementor-tab-content-6232\" aria-expanded=\"false\">\n\t\t\t\t\t\t\t\t\t\t\t\t<span class=\"elementor-toggle-icon elementor-toggle-icon-right\" aria-hidden=\"true\">\n\t\t\t\t\t\t\t\t\t\t\t\t\t\t\t<span class=\"elementor-toggle-icon-closed\"><i class=\"fas fa-caret-right\"><\/i><\/span>\n\t\t\t\t\t\t\t\t<span class=\"elementor-toggle-icon-opened\"><i class=\"elementor-toggle-icon-opened fas fa-caret-up\"><\/i><\/span>\n\t\t\t\t\t\t\t\t\t\t\t\t\t<\/span>\n\t\t\t\t\t\t\t\t\t\t\t\t<a class=\"elementor-toggle-title\" tabindex=\"0\">- How can I pay for goods?<\/a>\n\t\t\t\t\t<\/div>\n\n\t\t\t\t\t<div id=\"elementor-tab-content-6232\" class=\"elementor-tab-content elementor-clearfix\" data-tab=\"2\" role=\"region\" aria-labelledby=\"elementor-tab-title-6232\"><p>You can pay for your goods by prepayment using a bank card or online bank transfer, or by postpayment. Post-paid means that the goods are paid for only when you receive them. In other words, when you receive the goods at an Omniva kiosk, you have to pay at the kiosk itself with your bank card via a card terminal. Also, if you receive the goods by courier, you can pay by bank card at the time of delivery.<\/p><\/div>\n\t\t\t\t<\/div>\n\t\t\t\t\t\t\t<div class=\"elementor-toggle-item\">\n\t\t\t\t\t<div id=\"elementor-tab-title-6233\" class=\"elementor-tab-title\" data-tab=\"3\" role=\"button\" aria-controls=\"elementor-tab-content-6233\" aria-expanded=\"false\">\n\t\t\t\t\t\t\t\t\t\t\t\t<span class=\"elementor-toggle-icon elementor-toggle-icon-right\" aria-hidden=\"true\">\n\t\t\t\t\t\t\t\t\t\t\t\t\t\t\t<span class=\"elementor-toggle-icon-closed\"><i class=\"fas fa-caret-right\"><\/i><\/span>\n\t\t\t\t\t\t\t\t<span class=\"elementor-toggle-icon-opened\"><i class=\"elementor-toggle-icon-opened fas fa-caret-up\"><\/i><\/span>\n\t\t\t\t\t\t\t\t\t\t\t\t\t<\/span>\n\t\t\t\t\t\t\t\t\t\t\t\t<a class=\"elementor-toggle-title\" tabindex=\"0\">- Where can I find information about my order?<\/a>\n\t\t\t\t\t<\/div>\n\n\t\t\t\t\t<div id=\"elementor-tab-content-6233\" class=\"elementor-tab-content elementor-clearfix\" data-tab=\"3\" role=\"region\" aria-labelledby=\"elementor-tab-title-6233\"><p>When you place an order, you will receive an email with all the details of your order - the product name, price, delivery and payment details. When we process the item for dispatch, the buyer also receives a tracking code.<\/p><\/div>\n\t\t\t\t<\/div>\n\t\t\t\t\t\t\t<div class=\"elementor-toggle-item\">\n\t\t\t\t\t<div id=\"elementor-tab-title-6234\" class=\"elementor-tab-title\" data-tab=\"4\" role=\"button\" aria-controls=\"elementor-tab-content-6234\" aria-expanded=\"false\">\n\t\t\t\t\t\t\t\t\t\t\t\t<span class=\"elementor-toggle-icon elementor-toggle-icon-right\" aria-hidden=\"true\">\n\t\t\t\t\t\t\t\t\t\t\t\t\t\t\t<span class=\"elementor-toggle-icon-closed\"><i class=\"fas fa-caret-right\"><\/i><\/span>\n\t\t\t\t\t\t\t\t<span class=\"elementor-toggle-icon-opened\"><i class=\"elementor-toggle-icon-opened fas fa-caret-up\"><\/i><\/span>\n\t\t\t\t\t\t\t\t\t\t\t\t\t<\/span>\n\t\t\t\t\t\t\t\t\t\t\t\t<a class=\"elementor-toggle-title\" tabindex=\"0\">- Can I collect the goods in person?<\/a>\n\t\t\t\t\t<\/div>\n\n\t\t\t\t\t<div id=\"elementor-tab-content-6234\" class=\"elementor-tab-content elementor-clearfix\" data-tab=\"4\" role=\"region\" aria-labelledby=\"elementor-tab-title-6234\"><p>Our e-shop offers products at significant discounts. This is only possible because we don't have a physical store, which allows us to cut costs. Unfortunately, it is not possible to collect goods on site. We invite you to take advantage of the convenience of online shopping!<\/p><\/div>\n\t\t\t\t<\/div>\n\t\t\t\t\t\t\t<div class=\"elementor-toggle-item\">\n\t\t\t\t\t<div id=\"elementor-tab-title-6235\" class=\"elementor-tab-title\" data-tab=\"5\" role=\"button\" aria-controls=\"elementor-tab-content-6235\" aria-expanded=\"false\">\n\t\t\t\t\t\t\t\t\t\t\t\t<span class=\"elementor-toggle-icon elementor-toggle-icon-right\" aria-hidden=\"true\">\n\t\t\t\t\t\t\t\t\t\t\t\t\t\t\t<span class=\"elementor-toggle-icon-closed\"><i class=\"fas fa-caret-right\"><\/i><\/span>\n\t\t\t\t\t\t\t\t<span class=\"elementor-toggle-icon-opened\"><i class=\"elementor-toggle-icon-opened fas fa-caret-up\"><\/i><\/span>\n\t\t\t\t\t\t\t\t\t\t\t\t\t<\/span>\n\t\t\t\t\t\t\t\t\t\t\t\t<a class=\"elementor-toggle-title\" tabindex=\"0\">- Where do I enter the discount code?<\/a>\n\t\t\t\t\t<\/div>\n\n\t\t\t\t\t<div id=\"elementor-tab-content-6235\" class=\"elementor-tab-content elementor-clearfix\" data-tab=\"5\" role=\"region\" aria-labelledby=\"elementor-tab-title-6235\"><p>To use the discount, you must enter the code in the space provided in the Shopping cart section. At that point, the discount will be automatically calculated and applied to your purchase. To receive discounts, please sign up for the best offers by email. You will find this form in the footer of our e-shop.<\/p><\/div>\n\t\t\t\t<\/div>\n\t\t\t\t\t\t\t<div class=\"elementor-toggle-item\">\n\t\t\t\t\t<div id=\"elementor-tab-title-6236\" class=\"elementor-tab-title\" data-tab=\"6\" role=\"button\" aria-controls=\"elementor-tab-content-6236\" aria-expanded=\"false\">\n\t\t\t\t\t\t\t\t\t\t\t\t<span class=\"elementor-toggle-icon elementor-toggle-icon-right\" aria-hidden=\"true\">\n\t\t\t\t\t\t\t\t\t\t\t\t\t\t\t<span class=\"elementor-toggle-icon-closed\"><i class=\"fas fa-caret-right\"><\/i><\/span>\n\t\t\t\t\t\t\t\t<span class=\"elementor-toggle-icon-opened\"><i class=\"elementor-toggle-icon-opened fas fa-caret-up\"><\/i><\/span>\n\t\t\t\t\t\t\t\t\t\t\t\t\t<\/span>\n\t\t\t\t\t\t\t\t\t\t\t\t<a class=\"elementor-toggle-title\" tabindex=\"0\">- If I don't like an item, can I return it?<\/a>\n\t\t\t\t\t<\/div>\n\n\t\t\t\t\t<div id=\"elementor-tab-content-6236\" class=\"elementor-tab-content elementor-clearfix\" data-tab=\"6\" role=\"region\" aria-labelledby=\"elementor-tab-title-6236\"><p>Unlike many, our shop offers a 45-day return period. This means that we take full responsibility for the quality and high quality of our entire product range. Please refer to our returns policy for further information.<\/p><\/div>\n\t\t\t\t<\/div>\n\t\t\t\t\t\t\t<div class=\"elementor-toggle-item\">\n\t\t\t\t\t<div id=\"elementor-tab-title-6237\" class=\"elementor-tab-title\" data-tab=\"7\" role=\"button\" aria-controls=\"elementor-tab-content-6237\" aria-expanded=\"false\">\n\t\t\t\t\t\t\t\t\t\t\t\t<span class=\"elementor-toggle-icon elementor-toggle-icon-right\" aria-hidden=\"true\">\n\t\t\t\t\t\t\t\t\t\t\t\t\t\t\t<span class=\"elementor-toggle-icon-closed\"><i class=\"fas fa-caret-right\"><\/i><\/span>\n\t\t\t\t\t\t\t\t<span class=\"elementor-toggle-icon-opened\"><i class=\"elementor-toggle-icon-opened fas fa-caret-up\"><\/i><\/span>\n\t\t\t\t\t\t\t\t\t\t\t\t\t<\/span>\n\t\t\t\t\t\t\t\t\t\t\t\t<a class=\"elementor-toggle-title\" tabindex=\"0\">- How can I cancel my order?<\/a>\n\t\t\t\t\t<\/div>\n\n\t\t\t\t\t<div id=\"elementor-tab-content-6237\" class=\"elementor-tab-content elementor-clearfix\" data-tab=\"7\" role=\"region\" aria-labelledby=\"elementor-tab-title-6237\"><p>Because we process orders and dispatch goods very quickly, cancellations are limited. Current day orders can only be cancelled until 13:00 (on weekdays) by email, so please be responsible with your order!<\/p><\/div>\n\t\t\t\t<\/div>\n\t\t\t\t\t\t\t\t<\/div>\n\t\t\t\t\t\t<\/div>\n\t\t\t\t<\/div>\n\t\t\t\t<div class=\"elementor-element elementor-element-f6a4ae3 elementor-widget elementor-widget-heading\" data-id=\"f6a4ae3\" data-element_type=\"widget\" data-e-type=\"widget\" data-widget_type=\"heading.default\">\n\t\t\t\t<div class=\"elementor-widget-container\">\n\t\t\t\t\t<h2 class=\"elementor-heading-title elementor-size-default\">If you do not find the answer to your question, please contact us by filling in the form in the Customer Centre.<\/h2>\t\t\t\t<\/div>\n\t\t\t\t<\/div>\n\t\t\t\t<div class=\"elementor-element elementor-element-5cec6c0 elementor-align-center elementor-widget elementor-widget-button\" data-id=\"5cec6c0\" data-element_type=\"widget\" data-e-type=\"widget\" data-widget_type=\"button.default\">\n\t\t\t\t<div class=\"elementor-widget-container\">\n\t\t\t\t\t\t\t\t\t<div class=\"elementor-button-wrapper\">\n\t\t\t\t\t<a class=\"elementor-button elementor-button-link elementor-size-sm\" href=\"https:\/\/wellstore.online\/contacts\">\n\t\t\t\t\t\t<span class=\"elementor-button-content-wrapper\">\n\t\t\t\t\t\t\t\t\t<span class=\"elementor-button-text\">CLIENT CENTRE<\/span>\n\t\t\t\t\t<\/span>\n\t\t\t\t\t<\/a>\n\t\t\t\t<\/div>\n\t\t\t\t\t\t\t\t<\/div>\n\t\t\t\t<\/div>\n\t\t\t\t\t<\/div>\n\t\t<\/div>\n\t\t\t\t\t<\/div>\n\t\t<\/section>\n\t\t\t\t<\/div>","protected":false},"excerpt":{"rendered":"<p>Bie\u017e\u0101k uzdotie jaut\u0101jumi \u2022 Cik \u0101tri es sa\u0146em\u0161u savu pirkumu? Visi produkti, kas izlikti p\u0101rdo\u0161anai m\u016bsu e-veikal\u0101, ir noliktav\u0101, t\u0101d\u0113\u013c m\u0113s sp\u0113jam nodro\u0161in\u0101t \u013coti \u0101tru pieg\u0101di. Ja pirc\u0113js izdara pas\u016bt\u012bjumu l\u012bdz darbadienas plkst. 13:00, preci nododam preces pieg\u0101d\u0101t\u0101jam jau taj\u0101 pa\u0161\u0101 dien\u0101. P\u0113c 13:00 izdar\u012btos pas\u016bt\u012bjumus izs\u016btam n\u0101kamaj\u0101 darba dien\u0101. Pie klientiem prece parasti pien\u0101k [&#8230;]\n","protected":false},"author":1,"featured_media":0,"parent":19933,"menu_order":0,"comment_status":"closed","ping_status":"closed","template":"","meta":{"footnotes":""},"class_list":["post-19967","page","type-page","status-publish","hentry"],"yoast_head":"<!-- This site is optimized with the Yoast SEO Premium plugin v26.3 (Yoast SEO v26.3) - https:\/\/yoast.com\/wordpress\/plugins\/seo\/ -->\n<title>FAQ - WellStore ONLINE<\/title>\n<meta name=\"robots\" content=\"index, follow, max-snippet:-1, max-image-preview:large, max-video-preview:-1\" \/>\n<link rel=\"canonical\" href=\"https:\/\/wellstore.online\/en\/elements\/pages\/faq\/\" \/>\n<meta property=\"og:locale\" content=\"en_US\" \/>\n<meta property=\"og:type\" content=\"article\" \/>\n<meta property=\"og:title\" content=\"FAQ\" \/>\n<meta property=\"og:description\" content=\"Bie\u017e\u0101k uzdotie jaut\u0101jumi \u2022 Cik \u0101tri es sa\u0146em\u0161u savu pirkumu? Visi produkti, kas izlikti p\u0101rdo\u0161anai m\u016bsu e-veikal\u0101, ir noliktav\u0101, t\u0101d\u0113\u013c m\u0113s sp\u0113jam nodro\u0161in\u0101t \u013coti \u0101tru pieg\u0101di. Ja pirc\u0113js izdara pas\u016bt\u012bjumu l\u012bdz darbadienas plkst. 13:00, preci nododam preces pieg\u0101d\u0101t\u0101jam jau taj\u0101 pa\u0161\u0101 dien\u0101. P\u0113c 13:00 izdar\u012btos pas\u016bt\u012bjumus izs\u016btam n\u0101kamaj\u0101 darba dien\u0101. Pie klientiem prece parasti pien\u0101k [...]\" \/>\n<meta property=\"og:url\" content=\"https:\/\/wellstore.online\/en\/elements\/pages\/faq\/\" \/>\n<meta property=\"og:site_name\" content=\"WellStore ONLINE\" \/>\n<meta property=\"article:modified_time\" content=\"2025-10-14T18:52:56+00:00\" \/>\n<meta name=\"twitter:card\" content=\"summary_large_image\" \/>\n<meta name=\"twitter:label1\" content=\"Est. reading time\" \/>\n\t<meta name=\"twitter:data1\" content=\"3 minutes\" \/>\n<script type=\"application\/ld+json\" class=\"yoast-schema-graph\">{\"@context\":\"https:\/\/schema.org\",\"@graph\":[{\"@type\":\"WebPage\",\"@id\":\"https:\/\/wellstore.online\/elements\/pages\/faq\/\",\"url\":\"https:\/\/wellstore.online\/elements\/pages\/faq\/\",\"name\":\"FAQ - WellStore ONLINE\",\"isPartOf\":{\"@id\":\"https:\/\/wellstore.online\/#website\"},\"datePublished\":\"2013-08-11T20:13:42+00:00\",\"dateModified\":\"2025-10-14T18:52:56+00:00\",\"breadcrumb\":{\"@id\":\"https:\/\/wellstore.online\/elements\/pages\/faq\/#breadcrumb\"},\"inLanguage\":\"en-US\",\"potentialAction\":[{\"@type\":\"ReadAction\",\"target\":[\"https:\/\/wellstore.online\/elements\/pages\/faq\/\"]}]},{\"@type\":\"BreadcrumbList\",\"@id\":\"https:\/\/wellstore.online\/elements\/pages\/faq\/#breadcrumb\",\"itemListElement\":[{\"@type\":\"ListItem\",\"position\":1,\"name\":\"Home\",\"item\":\"https:\/\/wellstore.online\/\"},{\"@type\":\"ListItem\",\"position\":2,\"name\":\"Elements\",\"item\":\"https:\/\/wellstore.online\/elements\/\"},{\"@type\":\"ListItem\",\"position\":3,\"name\":\"Pages\",\"item\":\"https:\/\/wellstore.online\/elements\/pages\/\"},{\"@type\":\"ListItem\",\"position\":4,\"name\":\"FAQ\"}]},{\"@type\":\"WebSite\",\"@id\":\"https:\/\/wellstore.online\/#website\",\"url\":\"https:\/\/wellstore.online\/\",\"name\":\"WellStore ONLINE\",\"description\":\"\",\"potentialAction\":[{\"@type\":\"SearchAction\",\"target\":{\"@type\":\"EntryPoint\",\"urlTemplate\":\"https:\/\/wellstore.online\/?s={search_term_string}\"},\"query-input\":{\"@type\":\"PropertyValueSpecification\",\"valueRequired\":true,\"valueName\":\"search_term_string\"}}],\"inLanguage\":\"en-US\"}]}<\/script>\n<!-- \/ Yoast SEO Premium plugin. -->","yoast_head_json":{"title":"FAQ - WellStore ONLINE","robots":{"index":"index","follow":"follow","max-snippet":"max-snippet:-1","max-image-preview":"max-image-preview:large","max-video-preview":"max-video-preview:-1"},"canonical":"https:\/\/wellstore.online\/en\/elements\/pages\/faq\/","og_locale":"en_US","og_type":"article","og_title":"FAQ","og_description":"Bie\u017e\u0101k uzdotie jaut\u0101jumi \u2022 Cik \u0101tri es sa\u0146em\u0161u savu pirkumu? Visi produkti, kas izlikti p\u0101rdo\u0161anai m\u016bsu e-veikal\u0101, ir noliktav\u0101, t\u0101d\u0113\u013c m\u0113s sp\u0113jam nodro\u0161in\u0101t \u013coti \u0101tru pieg\u0101di. Ja pirc\u0113js izdara pas\u016bt\u012bjumu l\u012bdz darbadienas plkst. 13:00, preci nododam preces pieg\u0101d\u0101t\u0101jam jau taj\u0101 pa\u0161\u0101 dien\u0101. P\u0113c 13:00 izdar\u012btos pas\u016bt\u012bjumus izs\u016btam n\u0101kamaj\u0101 darba dien\u0101. Pie klientiem prece parasti pien\u0101k [...]","og_url":"https:\/\/wellstore.online\/en\/elements\/pages\/faq\/","og_site_name":"WellStore ONLINE","article_modified_time":"2025-10-14T18:52:56+00:00","twitter_card":"summary_large_image","twitter_misc":{"Est. reading time":"3 minutes"},"schema":{"@context":"https:\/\/schema.org","@graph":[{"@type":"WebPage","@id":"https:\/\/wellstore.online\/elements\/pages\/faq\/","url":"https:\/\/wellstore.online\/elements\/pages\/faq\/","name":"FAQ - WellStore ONLINE","isPartOf":{"@id":"https:\/\/wellstore.online\/#website"},"datePublished":"2013-08-11T20:13:42+00:00","dateModified":"2025-10-14T18:52:56+00:00","breadcrumb":{"@id":"https:\/\/wellstore.online\/elements\/pages\/faq\/#breadcrumb"},"inLanguage":"en-US","potentialAction":[{"@type":"ReadAction","target":["https:\/\/wellstore.online\/elements\/pages\/faq\/"]}]},{"@type":"BreadcrumbList","@id":"https:\/\/wellstore.online\/elements\/pages\/faq\/#breadcrumb","itemListElement":[{"@type":"ListItem","position":1,"name":"Home","item":"https:\/\/wellstore.online\/"},{"@type":"ListItem","position":2,"name":"Elements","item":"https:\/\/wellstore.online\/elements\/"},{"@type":"ListItem","position":3,"name":"Pages","item":"https:\/\/wellstore.online\/elements\/pages\/"},{"@type":"ListItem","position":4,"name":"FAQ"}]},{"@type":"WebSite","@id":"https:\/\/wellstore.online\/#website","url":"https:\/\/wellstore.online\/","name":"WellStore ONLINE","description":"","potentialAction":[{"@type":"SearchAction","target":{"@type":"EntryPoint","urlTemplate":"https:\/\/wellstore.online\/?s={search_term_string}"},"query-input":{"@type":"PropertyValueSpecification","valueRequired":true,"valueName":"search_term_string"}}],"inLanguage":"en-US"}]}},"_links":{"self":[{"href":"https:\/\/wellstore.online\/en\/wp-json\/wp\/v2\/pages\/19967","targetHints":{"allow":["GET"]}}],"collection":[{"href":"https:\/\/wellstore.online\/en\/wp-json\/wp\/v2\/pages"}],"about":[{"href":"https:\/\/wellstore.online\/en\/wp-json\/wp\/v2\/types\/page"}],"author":[{"embeddable":true,"href":"https:\/\/wellstore.online\/en\/wp-json\/wp\/v2\/users\/1"}],"replies":[{"embeddable":true,"href":"https:\/\/wellstore.online\/en\/wp-json\/wp\/v2\/comments?post=19967"}],"version-history":[{"count":0,"href":"https:\/\/wellstore.online\/en\/wp-json\/wp\/v2\/pages\/19967\/revisions"}],"up":[{"embeddable":true,"href":"https:\/\/wellstore.online\/en\/wp-json\/wp\/v2\/pages\/19933"}],"wp:attachment":[{"href":"https:\/\/wellstore.online\/en\/wp-json\/wp\/v2\/media?parent=19967"}],"curies":[{"name":"wp","href":"https:\/\/api.w.org\/{rel}","templated":true}]}}