{"id":12435,"date":"2023-01-06T14:07:10","date_gmt":"2023-01-06T12:07:10","guid":{"rendered":"https:\/\/wellstore.online\/?post_type=product&#038;p=12435"},"modified":"2025-10-10T19:52:28","modified_gmt":"2025-10-10T16:52:28","slug":"sockhelper","status":"publish","type":"product","link":"https:\/\/wellstore.online\/en\/product\/sockhelper\/","title":{"rendered":"Sockhelper"},"content":{"rendered":"<div tabindex=\"0\">\n<p class=\"p1 translation-block\">Anyone can find themselves in a situation where their mobility becomes temporarily or permanently restricted. The Sockhelper device has been designed with people in mind who, due to age, injury, pregnancy or health problems, find it difficult or forbidden to bend over. The device makes it easy to put on and take off socks or shoes without having to bend down, making everyday life easier and enabling people to feel empowered. Made of high-quality plastic, the device is collapsible and lightweight, making it easy to store and even transport. <span style=\"font-size: 16px\">Economic and functional design.<\/span><\/p>\n<p class=\" translation-block\"><b>3 options in one:<\/b><br>\r\n- Putting on socks<br>\r\n- Pulling socks off<br>\r\n- Extended shoe blade<\/p>\n<p><b>Particularly suitable for:<br \/>\n<\/b>- Seniors<br \/>\n- For pregnant women<br \/>\n- For overweight people<br \/>\n- For people after injuries and operations<\/p>\n<p class=\"p1\"><b>Technical information<br \/>\n<\/b>Material: PP<br \/>\nColour: grey<br \/>\nApproximate dimensions: 14 x 45 x 7cm - 23 x 16 x 11cm<br \/>\nInstructions for use with illustrations<\/p>\n<\/div>\n<div tabindex=\"0\">\n<div style=\"width: 426px;\" class=\"wp-video\"><video class=\"wp-video-shortcode\" id=\"video-12435-1\" width=\"426\" height=\"240\" preload=\"metadata\" controls=\"controls\"><source type=\"video\/mp4\" src=\"https:\/\/wellstore.online\/wp-content\/uploads\/2023\/01\/Sockhelper.mp4.mp4?_=1\" \/><a href=\"https:\/\/wellstore.online\/wp-content\/uploads\/2023\/01\/Sockhelper.mp4.mp4\">https:\/\/wellstore.online\/wp-content\/uploads\/2023\/01\/Sockhelper.mp4.mp4<\/a><\/video><\/div>\n<\/div>","protected":false},"excerpt":{"rendered":"<p>Accessory for putting on\/taking off socks and shoes<\/p>","protected":false},"featured_media":12433,"template":"","meta":[],"product_brand":[],"product_cat":[69,74,47],"product_tag":[],"class_list":{"0":"post-12435","1":"product","2":"type-product","3":"status-publish","4":"has-post-thumbnail","6":"product_cat-women","7":"product_cat-health","8":"product_cat-men","10":"first","11":"instock","12":"sale","13":"shipping-taxable","14":"purchasable","15":"product-type-simple"},"yoast_head":"<!-- This site is optimized with the Yoast SEO Premium plugin v26.3 (Yoast SEO v26.3) - https:\/\/yoast.com\/wordpress\/plugins\/seo\/ -->\n<title>Sockhelper - WellStore ONLINE<\/title>\n<meta name=\"robots\" content=\"index, follow, max-snippet:-1, max-image-preview:large, max-video-preview:-1\" \/>\n<link rel=\"canonical\" href=\"https:\/\/wellstore.online\/en\/product\/sockhelper\/\" \/>\n<meta property=\"og:locale\" content=\"en_US\" \/>\n<meta property=\"og:type\" content=\"article\" \/>\n<meta property=\"og:title\" content=\"Sockhelper\" \/>\n<meta property=\"og:description\" content=\"Pal\u012bgier\u012bce ze\u0137u un apavu uzvilk\u0161anai\/novilk\u0161anai\" \/>\n<meta property=\"og:url\" content=\"https:\/\/wellstore.online\/en\/product\/sockhelper\/\" \/>\n<meta property=\"og:site_name\" content=\"WellStore ONLINE\" \/>\n<meta property=\"article:modified_time\" content=\"2025-10-10T16:52:28+00:00\" \/>\n<meta property=\"og:image\" content=\"https:\/\/wellstore.online\/wp-content\/uploads\/2023\/01\/Sockhelper_001.jpg\" \/>\n\t<meta property=\"og:image:width\" content=\"600\" \/>\n\t<meta property=\"og:image:height\" content=\"600\" \/>\n\t<meta property=\"og:image:type\" content=\"image\/jpeg\" \/>\n<meta name=\"twitter:card\" content=\"summary_large_image\" \/>\n<meta name=\"twitter:label1\" content=\"Est. reading time\" \/>\n\t<meta name=\"twitter:data1\" content=\"1 minute\" \/>\n<script type=\"application\/ld+json\" class=\"yoast-schema-graph\">{\"@context\":\"https:\/\/schema.org\",\"@graph\":[{\"@type\":\"WebPage\",\"@id\":\"https:\/\/wellstore.online\/lt\/produktas-2\/kojiniu-pagalba\/\",\"url\":\"https:\/\/wellstore.online\/lt\/produktas-2\/kojiniu-pagalba\/\",\"name\":\"Sockhelper - WellStore ONLINE\",\"isPartOf\":{\"@id\":\"https:\/\/wellstore.online\/#website\"},\"primaryImageOfPage\":{\"@id\":\"https:\/\/wellstore.online\/lt\/produktas-2\/kojiniu-pagalba\/#primaryimage\"},\"image\":{\"@id\":\"https:\/\/wellstore.online\/lt\/produktas-2\/kojiniu-pagalba\/#primaryimage\"},\"thumbnailUrl\":\"https:\/\/wellstore.online\/wp-content\/uploads\/2023\/01\/Sockhelper_001.jpg\",\"datePublished\":\"2023-01-06T12:07:10+00:00\",\"dateModified\":\"2025-10-10T16:52:28+00:00\",\"breadcrumb\":{\"@id\":\"https:\/\/wellstore.online\/lt\/produktas-2\/kojiniu-pagalba\/#breadcrumb\"},\"inLanguage\":\"en-US\",\"potentialAction\":[{\"@type\":\"ReadAction\",\"target\":[\"https:\/\/wellstore.online\/lt\/produktas-2\/kojiniu-pagalba\/\"]}]},{\"@type\":\"ImageObject\",\"inLanguage\":\"en-US\",\"@id\":\"https:\/\/wellstore.online\/lt\/produktas-2\/kojiniu-pagalba\/#primaryimage\",\"url\":\"https:\/\/wellstore.online\/wp-content\/uploads\/2023\/01\/Sockhelper_001.jpg\",\"contentUrl\":\"https:\/\/wellstore.online\/wp-content\/uploads\/2023\/01\/Sockhelper_001.jpg\",\"width\":600,\"height\":600,\"caption\":\"Sockhelper\"},{\"@type\":\"BreadcrumbList\",\"@id\":\"https:\/\/wellstore.online\/lt\/produktas-2\/kojiniu-pagalba\/#breadcrumb\",\"itemListElement\":[{\"@type\":\"ListItem\",\"position\":1,\"name\":\"Home\",\"item\":\"https:\/\/wellstore.online\/\"},{\"@type\":\"ListItem\",\"position\":2,\"name\":\"Shop\",\"item\":\"https:\/\/wellstore.online\/sv\/butik\/\"},{\"@type\":\"ListItem\",\"position\":3,\"name\":\"Sockhelper\"}]},{\"@type\":\"WebSite\",\"@id\":\"https:\/\/wellstore.online\/#website\",\"url\":\"https:\/\/wellstore.online\/\",\"name\":\"WellStore ONLINE\",\"description\":\"\",\"potentialAction\":[{\"@type\":\"SearchAction\",\"target\":{\"@type\":\"EntryPoint\",\"urlTemplate\":\"https:\/\/wellstore.online\/?s={search_term_string}\"},\"query-input\":{\"@type\":\"PropertyValueSpecification\",\"valueRequired\":true,\"valueName\":\"search_term_string\"}}],\"inLanguage\":\"en-US\"}]}<\/script>\n<!-- \/ Yoast SEO Premium plugin. -->","yoast_head_json":{"title":"Sockhelper - WellStore ONLINE","robots":{"index":"index","follow":"follow","max-snippet":"max-snippet:-1","max-image-preview":"max-image-preview:large","max-video-preview":"max-video-preview:-1"},"canonical":"https:\/\/wellstore.online\/en\/product\/sockhelper\/","og_locale":"en_US","og_type":"article","og_title":"Sockhelper","og_description":"Pal\u012bgier\u012bce ze\u0137u un apavu uzvilk\u0161anai\/novilk\u0161anai","og_url":"https:\/\/wellstore.online\/en\/product\/sockhelper\/","og_site_name":"WellStore ONLINE","article_modified_time":"2025-10-10T16:52:28+00:00","og_image":[{"width":600,"height":600,"url":"https:\/\/wellstore.online\/wp-content\/uploads\/2023\/01\/Sockhelper_001.jpg","type":"image\/jpeg"}],"twitter_card":"summary_large_image","twitter_misc":{"Est. reading time":"1 minute"},"schema":{"@context":"https:\/\/schema.org","@graph":[{"@type":"WebPage","@id":"https:\/\/wellstore.online\/lt\/produktas-2\/kojiniu-pagalba\/","url":"https:\/\/wellstore.online\/lt\/produktas-2\/kojiniu-pagalba\/","name":"Sockhelper - WellStore ONLINE","isPartOf":{"@id":"https:\/\/wellstore.online\/#website"},"primaryImageOfPage":{"@id":"https:\/\/wellstore.online\/lt\/produktas-2\/kojiniu-pagalba\/#primaryimage"},"image":{"@id":"https:\/\/wellstore.online\/lt\/produktas-2\/kojiniu-pagalba\/#primaryimage"},"thumbnailUrl":"https:\/\/wellstore.online\/wp-content\/uploads\/2023\/01\/Sockhelper_001.jpg","datePublished":"2023-01-06T12:07:10+00:00","dateModified":"2025-10-10T16:52:28+00:00","breadcrumb":{"@id":"https:\/\/wellstore.online\/lt\/produktas-2\/kojiniu-pagalba\/#breadcrumb"},"inLanguage":"en-US","potentialAction":[{"@type":"ReadAction","target":["https:\/\/wellstore.online\/lt\/produktas-2\/kojiniu-pagalba\/"]}]},{"@type":"ImageObject","inLanguage":"en-US","@id":"https:\/\/wellstore.online\/lt\/produktas-2\/kojiniu-pagalba\/#primaryimage","url":"https:\/\/wellstore.online\/wp-content\/uploads\/2023\/01\/Sockhelper_001.jpg","contentUrl":"https:\/\/wellstore.online\/wp-content\/uploads\/2023\/01\/Sockhelper_001.jpg","width":600,"height":600,"caption":"Sockhelper"},{"@type":"BreadcrumbList","@id":"https:\/\/wellstore.online\/lt\/produktas-2\/kojiniu-pagalba\/#breadcrumb","itemListElement":[{"@type":"ListItem","position":1,"name":"Home","item":"https:\/\/wellstore.online\/"},{"@type":"ListItem","position":2,"name":"Shop","item":"https:\/\/wellstore.online\/sv\/butik\/"},{"@type":"ListItem","position":3,"name":"Sockhelper"}]},{"@type":"WebSite","@id":"https:\/\/wellstore.online\/#website","url":"https:\/\/wellstore.online\/","name":"WellStore ONLINE","description":"","potentialAction":[{"@type":"SearchAction","target":{"@type":"EntryPoint","urlTemplate":"https:\/\/wellstore.online\/?s={search_term_string}"},"query-input":{"@type":"PropertyValueSpecification","valueRequired":true,"valueName":"search_term_string"}}],"inLanguage":"en-US"}]}},"_links":{"self":[{"href":"https:\/\/wellstore.online\/en\/wp-json\/wp\/v2\/product\/12435","targetHints":{"allow":["GET"]}}],"collection":[{"href":"https:\/\/wellstore.online\/en\/wp-json\/wp\/v2\/product"}],"about":[{"href":"https:\/\/wellstore.online\/en\/wp-json\/wp\/v2\/types\/product"}],"version-history":[{"count":0,"href":"https:\/\/wellstore.online\/en\/wp-json\/wp\/v2\/product\/12435\/revisions"}],"wp:featuredmedia":[{"embeddable":true,"href":"https:\/\/wellstore.online\/en\/wp-json\/wp\/v2\/media\/12433"}],"wp:attachment":[{"href":"https:\/\/wellstore.online\/en\/wp-json\/wp\/v2\/media?parent=12435"}],"wp:term":[{"taxonomy":"product_brand","embeddable":true,"href":"https:\/\/wellstore.online\/en\/wp-json\/wp\/v2\/product_brand?post=12435"},{"taxonomy":"product_cat","embeddable":true,"href":"https:\/\/wellstore.online\/en\/wp-json\/wp\/v2\/product_cat?post=12435"},{"taxonomy":"product_tag","embeddable":true,"href":"https:\/\/wellstore.online\/en\/wp-json\/wp\/v2\/product_tag?post=12435"}],"curies":[{"name":"wp","href":"https:\/\/api.w.org\/{rel}","templated":true}]}}