{"id":19967,"date":"2013-08-11T20:13:42","date_gmt":"2013-08-11T20:13:42","guid":{"rendered":"http:\/\/localhost:8888\/test\/?page_id=545"},"modified":"2025-10-14T21:52:56","modified_gmt":"2025-10-14T18:52:56","slug":"faq","status":"publish","type":"page","link":"https:\/\/wellstore.online\/et\/elemendid\/lehekuljed\/faq\/","title":{"rendered":"KKK"},"content":{"rendered":"<div data-elementor-type=\"wp-page\" data-elementor-id=\"19967\" class=\"elementor elementor-19967\" data-elementor-post-type=\"page\">\n\t\t\t\t\t\t<section class=\"elementor-section elementor-top-section elementor-element elementor-element-0ab54e4 elementor-section-boxed elementor-section-height-default elementor-section-height-default\" data-id=\"0ab54e4\" data-element_type=\"section\" data-e-type=\"section\">\n\t\t\t\t\t\t<div class=\"elementor-container elementor-column-gap-default\">\n\t\t\t\t\t<div class=\"elementor-column elementor-col-100 elementor-top-column elementor-element elementor-element-1ee8224\" data-id=\"1ee8224\" data-element_type=\"column\" data-e-type=\"column\">\n\t\t\t<div class=\"elementor-widget-wrap elementor-element-populated\">\n\t\t\t\t\t\t<div class=\"elementor-element elementor-element-11f3220 elementor-widget elementor-widget-heading\" data-id=\"11f3220\" data-element_type=\"widget\" data-e-type=\"widget\" data-widget_type=\"heading.default\">\n\t\t\t\t<div class=\"elementor-widget-container\">\n\t\t\t\t\t<h2 class=\"elementor-heading-title elementor-size-default\">Korduma kippuvad k\u00fcsimused<\/h2>\t\t\t\t<\/div>\n\t\t\t\t<\/div>\n\t\t\t\t<div class=\"elementor-element elementor-element-3b7603a elementor-widget elementor-widget-toggle\" data-id=\"3b7603a\" data-element_type=\"widget\" data-e-type=\"widget\" data-widget_type=\"toggle.default\">\n\t\t\t\t<div class=\"elementor-widget-container\">\n\t\t\t\t\t\t\t<div class=\"elementor-toggle\">\n\t\t\t\t\t\t\t<div class=\"elementor-toggle-item\">\n\t\t\t\t\t<div id=\"elementor-tab-title-6231\" class=\"elementor-tab-title\" data-tab=\"1\" role=\"button\" aria-controls=\"elementor-tab-content-6231\" aria-expanded=\"false\">\n\t\t\t\t\t\t\t\t\t\t\t\t<span class=\"elementor-toggle-icon elementor-toggle-icon-right\" aria-hidden=\"true\">\n\t\t\t\t\t\t\t\t\t\t\t\t\t\t\t<span class=\"elementor-toggle-icon-closed\"><i class=\"fas fa-caret-right\"><\/i><\/span>\n\t\t\t\t\t\t\t\t<span class=\"elementor-toggle-icon-opened\"><i class=\"elementor-toggle-icon-opened fas fa-caret-up\"><\/i><\/span>\n\t\t\t\t\t\t\t\t\t\t\t\t\t<\/span>\n\t\t\t\t\t\t\t\t\t\t\t\t<a class=\"elementor-toggle-title\" tabindex=\"0\">\u2022 Millal ma saan oma tellimuse k\u00e4tte?<\/a>\n\t\t\t\t\t<\/div>\n\n\t\t\t\t\t<div id=\"elementor-tab-content-6231\" class=\"elementor-tab-content elementor-clearfix\" data-tab=\"1\" role=\"region\" aria-labelledby=\"elementor-tab-title-6231\"><p>K\u00f5ik meie veebipoes olevad tooted on laos olemas, mist\u00f5ttu saame pakkuda v\u00e4ga kiiret tarnet. Kui ostja teeb tellimuse hiljemalt kell 13:00 (t\u00f6\u00f6p\u00e4eval), anname toote tarnijale \u00fcle samal p\u00e4eval. P\u00e4rast kella 13:00 esitatud tellimused saadetakse v\u00e4lja j\u00e4rgmisel t\u00f6\u00f6p\u00e4eval. Toode j\u00f5uab kliendini tavaliselt 1-3 t\u00f6\u00f6p\u00e4eva jooksul.<\/p><\/div>\n\t\t\t\t<\/div>\n\t\t\t\t\t\t\t<div class=\"elementor-toggle-item\">\n\t\t\t\t\t<div id=\"elementor-tab-title-6232\" class=\"elementor-tab-title\" data-tab=\"2\" role=\"button\" aria-controls=\"elementor-tab-content-6232\" aria-expanded=\"false\">\n\t\t\t\t\t\t\t\t\t\t\t\t<span class=\"elementor-toggle-icon elementor-toggle-icon-right\" aria-hidden=\"true\">\n\t\t\t\t\t\t\t\t\t\t\t\t\t\t\t<span class=\"elementor-toggle-icon-closed\"><i class=\"fas fa-caret-right\"><\/i><\/span>\n\t\t\t\t\t\t\t\t<span class=\"elementor-toggle-icon-opened\"><i class=\"elementor-toggle-icon-opened fas fa-caret-up\"><\/i><\/span>\n\t\t\t\t\t\t\t\t\t\t\t\t\t<\/span>\n\t\t\t\t\t\t\t\t\t\t\t\t<a class=\"elementor-toggle-title\" tabindex=\"0\">\u2022 Kuidas ma saan kauba eest maksta?<\/a>\n\t\t\t\t\t<\/div>\n\n\t\t\t\t\t<div id=\"elementor-tab-content-6232\" class=\"elementor-tab-content elementor-clearfix\" data-tab=\"2\" role=\"region\" aria-labelledby=\"elementor-tab-title-6232\"><p>Saate kaupade eest tasuda ettemaksuga, kasutades pangakaarti v\u00f5i internetipanka, v\u00f5i tasuda kauba k\u00e4ttesaamisel, mis t\u00e4hendab, et maksate ainult p\u00e4rast toote k\u00e4ttesaamist. Vastavalt tuleb Omniva pakiautomaadist saadud toote eest tasuda pangakaardiga l\u00e4bi kaarditerminali. Ka toote k\u00e4ttesaamisel kulleriga on v\u00f5imalik maksta pangakaardiga paki k\u00e4ttetoimetamise ajal.<\/p><\/div>\n\t\t\t\t<\/div>\n\t\t\t\t\t\t\t<div class=\"elementor-toggle-item\">\n\t\t\t\t\t<div id=\"elementor-tab-title-6233\" class=\"elementor-tab-title\" data-tab=\"3\" role=\"button\" aria-controls=\"elementor-tab-content-6233\" aria-expanded=\"false\">\n\t\t\t\t\t\t\t\t\t\t\t\t<span class=\"elementor-toggle-icon elementor-toggle-icon-right\" aria-hidden=\"true\">\n\t\t\t\t\t\t\t\t\t\t\t\t\t\t\t<span class=\"elementor-toggle-icon-closed\"><i class=\"fas fa-caret-right\"><\/i><\/span>\n\t\t\t\t\t\t\t\t<span class=\"elementor-toggle-icon-opened\"><i class=\"elementor-toggle-icon-opened fas fa-caret-up\"><\/i><\/span>\n\t\t\t\t\t\t\t\t\t\t\t\t\t<\/span>\n\t\t\t\t\t\t\t\t\t\t\t\t<a class=\"elementor-toggle-title\" tabindex=\"0\">\u2022 Kust leian teavet oma tellimuse kohta?<\/a>\n\t\t\t\t\t<\/div>\n\n\t\t\t\t\t<div id=\"elementor-tab-content-6233\" class=\"elementor-tab-content elementor-clearfix\" data-tab=\"3\" role=\"region\" aria-labelledby=\"elementor-tab-title-6233\"><p>Tellimuse vormistamisel saab ostja e-kirja, milles on kogu tellimuse teave - toote nimi, hind, samuti tarne- ja makseandmed. Kui valmistame toote saatmiseks ette, saab ostja ka saadetise j\u00e4lgimiskoodi.<\/p><\/div>\n\t\t\t\t<\/div>\n\t\t\t\t\t\t\t<div class=\"elementor-toggle-item\">\n\t\t\t\t\t<div id=\"elementor-tab-title-6234\" class=\"elementor-tab-title\" data-tab=\"4\" role=\"button\" aria-controls=\"elementor-tab-content-6234\" aria-expanded=\"false\">\n\t\t\t\t\t\t\t\t\t\t\t\t<span class=\"elementor-toggle-icon elementor-toggle-icon-right\" aria-hidden=\"true\">\n\t\t\t\t\t\t\t\t\t\t\t\t\t\t\t<span class=\"elementor-toggle-icon-closed\"><i class=\"fas fa-caret-right\"><\/i><\/span>\n\t\t\t\t\t\t\t\t<span class=\"elementor-toggle-icon-opened\"><i class=\"elementor-toggle-icon-opened fas fa-caret-up\"><\/i><\/span>\n\t\t\t\t\t\t\t\t\t\t\t\t\t<\/span>\n\t\t\t\t\t\t\t\t\t\t\t\t<a class=\"elementor-toggle-title\" tabindex=\"0\">\u2022 Kas tootele on v\u00f5imalik f\u00fc\u00fcsiliselt j\u00e4rele tulla?<\/a>\n\t\t\t\t\t<\/div>\n\n\t\t\t\t\t<div id=\"elementor-tab-content-6234\" class=\"elementor-tab-content elementor-clearfix\" data-tab=\"4\" role=\"region\" aria-labelledby=\"elementor-tab-title-6234\"><p>Meie e-pood pakub tooteid m\u00e4rkimisv\u00e4\u00e4rsete allahindlustega. See on v\u00f5imalik ainult seet\u00f5ttu, et meil ei ole f\u00fc\u00fcsilist kauplust, mis v\u00f5imaldab meil kulusid madalal hoida. Seet\u00f5ttu ei ole kahjuks v\u00f5imalik kaupa kohapeal k\u00e4tte saada. Kutsume teid \u00fcles kasutama mugavust, mida pakub e-pood!<\/p><\/div>\n\t\t\t\t<\/div>\n\t\t\t\t\t\t\t<div class=\"elementor-toggle-item\">\n\t\t\t\t\t<div id=\"elementor-tab-title-6235\" class=\"elementor-tab-title\" data-tab=\"5\" role=\"button\" aria-controls=\"elementor-tab-content-6235\" aria-expanded=\"false\">\n\t\t\t\t\t\t\t\t\t\t\t\t<span class=\"elementor-toggle-icon elementor-toggle-icon-right\" aria-hidden=\"true\">\n\t\t\t\t\t\t\t\t\t\t\t\t\t\t\t<span class=\"elementor-toggle-icon-closed\"><i class=\"fas fa-caret-right\"><\/i><\/span>\n\t\t\t\t\t\t\t\t<span class=\"elementor-toggle-icon-opened\"><i class=\"elementor-toggle-icon-opened fas fa-caret-up\"><\/i><\/span>\n\t\t\t\t\t\t\t\t\t\t\t\t\t<\/span>\n\t\t\t\t\t\t\t\t\t\t\t\t<a class=\"elementor-toggle-title\" tabindex=\"0\">\u2022 Kuhu ma peaksin sisestama oma sooduskoodi?<\/a>\n\t\t\t\t\t<\/div>\n\n\t\t\t\t\t<div id=\"elementor-tab-content-6235\" class=\"elementor-tab-content elementor-clearfix\" data-tab=\"5\" role=\"region\" aria-labelledby=\"elementor-tab-title-6235\"><p>Soodustuse kasutamiseks peate sisestama vastava koodi selle jaoks etten\u00e4htud v\u00e4ljale ostukorvis. Sel hetkel arvutatakse allahindlus automaatselt v\u00e4lja ja rakendatakse teie tellimusele. Soodustuste saamiseks kutsume teid \u00fcles kasutama meie uudiskirja, et saada parimaid pakkumisi e-kirja teel. Leiate selle meie e-poe jaluses.<\/p><\/div>\n\t\t\t\t<\/div>\n\t\t\t\t\t\t\t<div class=\"elementor-toggle-item\">\n\t\t\t\t\t<div id=\"elementor-tab-title-6236\" class=\"elementor-tab-title\" data-tab=\"6\" role=\"button\" aria-controls=\"elementor-tab-content-6236\" aria-expanded=\"false\">\n\t\t\t\t\t\t\t\t\t\t\t\t<span class=\"elementor-toggle-icon elementor-toggle-icon-right\" aria-hidden=\"true\">\n\t\t\t\t\t\t\t\t\t\t\t\t\t\t\t<span class=\"elementor-toggle-icon-closed\"><i class=\"fas fa-caret-right\"><\/i><\/span>\n\t\t\t\t\t\t\t\t<span class=\"elementor-toggle-icon-opened\"><i class=\"elementor-toggle-icon-opened fas fa-caret-up\"><\/i><\/span>\n\t\t\t\t\t\t\t\t\t\t\t\t\t<\/span>\n\t\t\t\t\t\t\t\t\t\t\t\t<a class=\"elementor-toggle-title\" tabindex=\"0\">\u2022 Kui toode ei meeldi, kas ma saan selle tagasi saata?<\/a>\n\t\t\t\t\t<\/div>\n\n\t\t\t\t\t<div id=\"elementor-tab-content-6236\" class=\"elementor-tab-content elementor-clearfix\" data-tab=\"6\" role=\"region\" aria-labelledby=\"elementor-tab-title-6236\"><p>Meie kauplus pakub erinevalt paljudest teistest kauplustest 45-p\u00e4evast tagastusperioodi. See t\u00e4hendab, et me v\u00f5tame t\u00e4ieliku vastutuse oma toodete kvaliteedi ja k\u00f5rge v\u00e4\u00e4rtuse eest.\nLisateavet leiate poe tagastamispoliitikast.<\/p><\/div>\n\t\t\t\t<\/div>\n\t\t\t\t\t\t\t<div class=\"elementor-toggle-item\">\n\t\t\t\t\t<div id=\"elementor-tab-title-6237\" class=\"elementor-tab-title\" data-tab=\"7\" role=\"button\" aria-controls=\"elementor-tab-content-6237\" aria-expanded=\"false\">\n\t\t\t\t\t\t\t\t\t\t\t\t<span class=\"elementor-toggle-icon elementor-toggle-icon-right\" aria-hidden=\"true\">\n\t\t\t\t\t\t\t\t\t\t\t\t\t\t\t<span class=\"elementor-toggle-icon-closed\"><i class=\"fas fa-caret-right\"><\/i><\/span>\n\t\t\t\t\t\t\t\t<span class=\"elementor-toggle-icon-opened\"><i class=\"elementor-toggle-icon-opened fas fa-caret-up\"><\/i><\/span>\n\t\t\t\t\t\t\t\t\t\t\t\t\t<\/span>\n\t\t\t\t\t\t\t\t\t\t\t\t<a class=\"elementor-toggle-title\" tabindex=\"0\">\u2022 Kuidas ma saan oma tellimuse t\u00fchistada?<\/a>\n\t\t\t\t\t<\/div>\n\n\t\t\t\t\t<div id=\"elementor-tab-content-6237\" class=\"elementor-tab-content elementor-clearfix\" data-tab=\"7\" role=\"region\" aria-labelledby=\"elementor-tab-title-6237\"><p>Kuna me t\u00f6\u00f6tleme tellimusi ja saadame kaupu v\u00e4ga kiiresti, siis on tellimuse t\u00fchistamine piiratud. K\u00e4esoleva p\u00e4eva tellimusi saab t\u00fchistada ainult kuni 13:00 (t\u00f6\u00f6p\u00e4eval), kirjutades aadressil info@wellstore.online, seega palume teid tellimuste esitamisel olla kohusetundlik!<\/p><\/div>\n\t\t\t\t<\/div>\n\t\t\t\t\t\t\t\t<\/div>\n\t\t\t\t\t\t<\/div>\n\t\t\t\t<\/div>\n\t\t\t\t<div class=\"elementor-element elementor-element-f6a4ae3 elementor-widget elementor-widget-heading\" data-id=\"f6a4ae3\" data-element_type=\"widget\" data-e-type=\"widget\" data-widget_type=\"heading.default\">\n\t\t\t\t<div class=\"elementor-widget-container\">\n\t\t\t\t\t<h2 class=\"elementor-heading-title elementor-size-default\">Kui te ei leidnud vastust oma k\u00fcsimusele, siis v\u00f5tke meiega \u00fchendust, t\u00e4ites kliendikeskuses oleva vormi.<\/h2>\t\t\t\t<\/div>\n\t\t\t\t<\/div>\n\t\t\t\t<div class=\"elementor-element elementor-element-5cec6c0 elementor-align-center elementor-widget elementor-widget-button\" data-id=\"5cec6c0\" data-element_type=\"widget\" data-e-type=\"widget\" data-widget_type=\"button.default\">\n\t\t\t\t<div class=\"elementor-widget-container\">\n\t\t\t\t\t\t\t\t\t<div class=\"elementor-button-wrapper\">\n\t\t\t\t\t<a class=\"elementor-button elementor-button-link elementor-size-sm\" href=\"https:\/\/wellstore.online\/contacts\">\n\t\t\t\t\t\t<span class=\"elementor-button-content-wrapper\">\n\t\t\t\t\t\t\t\t\t<span class=\"elementor-button-text\">KLIENDITUGI<\/span>\n\t\t\t\t\t<\/span>\n\t\t\t\t\t<\/a>\n\t\t\t\t<\/div>\n\t\t\t\t\t\t\t\t<\/div>\n\t\t\t\t<\/div>\n\t\t\t\t\t<\/div>\n\t\t<\/div>\n\t\t\t\t\t<\/div>\n\t\t<\/section>\n\t\t\t\t<\/div>","protected":false},"excerpt":{"rendered":"<p>Bie\u017e\u0101k uzdotie jaut\u0101jumi \u2022 Cik \u0101tri es sa\u0146em\u0161u savu pirkumu? Visi produkti, kas izlikti p\u0101rdo\u0161anai m\u016bsu e-veikal\u0101, ir noliktav\u0101, t\u0101d\u0113\u013c m\u0113s sp\u0113jam nodro\u0161in\u0101t \u013coti \u0101tru pieg\u0101di. Ja pirc\u0113js izdara pas\u016bt\u012bjumu l\u012bdz darbadienas plkst. 13:00, preci nododam preces pieg\u0101d\u0101t\u0101jam jau taj\u0101 pa\u0161\u0101 dien\u0101. P\u0113c 13:00 izdar\u012btos pas\u016bt\u012bjumus izs\u016btam n\u0101kamaj\u0101 darba dien\u0101. Pie klientiem prece parasti pien\u0101k [&#8230;]\n","protected":false},"author":1,"featured_media":0,"parent":19933,"menu_order":0,"comment_status":"closed","ping_status":"closed","template":"","meta":{"footnotes":""},"class_list":["post-19967","page","type-page","status-publish","hentry"],"yoast_head":"<!-- This site is optimized with the Yoast SEO Premium plugin v26.3 (Yoast SEO v26.3) - https:\/\/yoast.com\/wordpress\/plugins\/seo\/ -->\n<title>FAQ - WellStore ONLINE<\/title>\n<meta name=\"robots\" content=\"index, follow, max-snippet:-1, max-image-preview:large, max-video-preview:-1\" \/>\n<link rel=\"canonical\" href=\"https:\/\/wellstore.online\/et\/elemendid\/lehekuljed\/faq\/\" \/>\n<meta property=\"og:locale\" content=\"et_EE\" \/>\n<meta property=\"og:type\" content=\"article\" \/>\n<meta property=\"og:title\" content=\"FAQ\" \/>\n<meta property=\"og:description\" content=\"Bie\u017e\u0101k uzdotie jaut\u0101jumi \u2022 Cik \u0101tri es sa\u0146em\u0161u savu pirkumu? Visi produkti, kas izlikti p\u0101rdo\u0161anai m\u016bsu e-veikal\u0101, ir noliktav\u0101, t\u0101d\u0113\u013c m\u0113s sp\u0113jam nodro\u0161in\u0101t \u013coti \u0101tru pieg\u0101di. Ja pirc\u0113js izdara pas\u016bt\u012bjumu l\u012bdz darbadienas plkst. 13:00, preci nododam preces pieg\u0101d\u0101t\u0101jam jau taj\u0101 pa\u0161\u0101 dien\u0101. P\u0113c 13:00 izdar\u012btos pas\u016bt\u012bjumus izs\u016btam n\u0101kamaj\u0101 darba dien\u0101. Pie klientiem prece parasti pien\u0101k [...]\" \/>\n<meta property=\"og:url\" content=\"https:\/\/wellstore.online\/et\/elemendid\/lehekuljed\/faq\/\" \/>\n<meta property=\"og:site_name\" content=\"WellStore ONLINE\" \/>\n<meta property=\"article:modified_time\" content=\"2025-10-14T18:52:56+00:00\" \/>\n<meta name=\"twitter:card\" content=\"summary_large_image\" \/>\n<meta name=\"twitter:label1\" content=\"Est. reading time\" \/>\n\t<meta name=\"twitter:data1\" content=\"3 minutit\" \/>\n<script type=\"application\/ld+json\" class=\"yoast-schema-graph\">{\"@context\":\"https:\/\/schema.org\",\"@graph\":[{\"@type\":\"WebPage\",\"@id\":\"https:\/\/wellstore.online\/elements\/pages\/faq\/\",\"url\":\"https:\/\/wellstore.online\/elements\/pages\/faq\/\",\"name\":\"FAQ - WellStore ONLINE\",\"isPartOf\":{\"@id\":\"https:\/\/wellstore.online\/#website\"},\"datePublished\":\"2013-08-11T20:13:42+00:00\",\"dateModified\":\"2025-10-14T18:52:56+00:00\",\"breadcrumb\":{\"@id\":\"https:\/\/wellstore.online\/elements\/pages\/faq\/#breadcrumb\"},\"inLanguage\":\"et\",\"potentialAction\":[{\"@type\":\"ReadAction\",\"target\":[\"https:\/\/wellstore.online\/elements\/pages\/faq\/\"]}]},{\"@type\":\"BreadcrumbList\",\"@id\":\"https:\/\/wellstore.online\/elements\/pages\/faq\/#breadcrumb\",\"itemListElement\":[{\"@type\":\"ListItem\",\"position\":1,\"name\":\"Home\",\"item\":\"https:\/\/wellstore.online\/\"},{\"@type\":\"ListItem\",\"position\":2,\"name\":\"Elements\",\"item\":\"https:\/\/wellstore.online\/elements\/\"},{\"@type\":\"ListItem\",\"position\":3,\"name\":\"Pages\",\"item\":\"https:\/\/wellstore.online\/elements\/pages\/\"},{\"@type\":\"ListItem\",\"position\":4,\"name\":\"FAQ\"}]},{\"@type\":\"WebSite\",\"@id\":\"https:\/\/wellstore.online\/#website\",\"url\":\"https:\/\/wellstore.online\/\",\"name\":\"WellStore ONLINE\",\"description\":\"\",\"potentialAction\":[{\"@type\":\"SearchAction\",\"target\":{\"@type\":\"EntryPoint\",\"urlTemplate\":\"https:\/\/wellstore.online\/?s={search_term_string}\"},\"query-input\":{\"@type\":\"PropertyValueSpecification\",\"valueRequired\":true,\"valueName\":\"search_term_string\"}}],\"inLanguage\":\"et\"}]}<\/script>\n<!-- \/ Yoast SEO Premium plugin. -->","yoast_head_json":{"title":"KKK - WellStore ONLINE","robots":{"index":"index","follow":"follow","max-snippet":"max-snippet:-1","max-image-preview":"max-image-preview:large","max-video-preview":"max-video-preview:-1"},"canonical":"https:\/\/wellstore.online\/et\/elemendid\/lehekuljed\/faq\/","og_locale":"et_EE","og_type":"article","og_title":"FAQ","og_description":"Bie\u017e\u0101k uzdotie jaut\u0101jumi \u2022 Cik \u0101tri es sa\u0146em\u0161u savu pirkumu? Visi produkti, kas izlikti p\u0101rdo\u0161anai m\u016bsu e-veikal\u0101, ir noliktav\u0101, t\u0101d\u0113\u013c m\u0113s sp\u0113jam nodro\u0161in\u0101t \u013coti \u0101tru pieg\u0101di. Ja pirc\u0113js izdara pas\u016bt\u012bjumu l\u012bdz darbadienas plkst. 13:00, preci nododam preces pieg\u0101d\u0101t\u0101jam jau taj\u0101 pa\u0161\u0101 dien\u0101. P\u0113c 13:00 izdar\u012btos pas\u016bt\u012bjumus izs\u016btam n\u0101kamaj\u0101 darba dien\u0101. Pie klientiem prece parasti pien\u0101k [...]","og_url":"https:\/\/wellstore.online\/et\/elemendid\/lehekuljed\/faq\/","og_site_name":"WellStore ONLINE","article_modified_time":"2025-10-14T18:52:56+00:00","twitter_card":"summary_large_image","twitter_misc":{"Est. reading time":"3 minutit"},"schema":{"@context":"https:\/\/schema.org","@graph":[{"@type":"WebPage","@id":"https:\/\/wellstore.online\/elements\/pages\/faq\/","url":"https:\/\/wellstore.online\/elements\/pages\/faq\/","name":"KKK - WellStore ONLINE","isPartOf":{"@id":"https:\/\/wellstore.online\/#website"},"datePublished":"2013-08-11T20:13:42+00:00","dateModified":"2025-10-14T18:52:56+00:00","breadcrumb":{"@id":"https:\/\/wellstore.online\/elements\/pages\/faq\/#breadcrumb"},"inLanguage":"et","potentialAction":[{"@type":"ReadAction","target":["https:\/\/wellstore.online\/elements\/pages\/faq\/"]}]},{"@type":"BreadcrumbList","@id":"https:\/\/wellstore.online\/elements\/pages\/faq\/#breadcrumb","itemListElement":[{"@type":"ListItem","position":1,"name":"Home","item":"https:\/\/wellstore.online\/"},{"@type":"ListItem","position":2,"name":"Elements","item":"https:\/\/wellstore.online\/elements\/"},{"@type":"ListItem","position":3,"name":"Pages","item":"https:\/\/wellstore.online\/elements\/pages\/"},{"@type":"ListItem","position":4,"name":"FAQ"}]},{"@type":"WebSite","@id":"https:\/\/wellstore.online\/#website","url":"https:\/\/wellstore.online\/","name":"WellStore ONLINE","description":"","potentialAction":[{"@type":"SearchAction","target":{"@type":"EntryPoint","urlTemplate":"https:\/\/wellstore.online\/?s={search_term_string}"},"query-input":{"@type":"PropertyValueSpecification","valueRequired":true,"valueName":"search_term_string"}}],"inLanguage":"et"}]}},"_links":{"self":[{"href":"https:\/\/wellstore.online\/et\/wp-json\/wp\/v2\/pages\/19967","targetHints":{"allow":["GET"]}}],"collection":[{"href":"https:\/\/wellstore.online\/et\/wp-json\/wp\/v2\/pages"}],"about":[{"href":"https:\/\/wellstore.online\/et\/wp-json\/wp\/v2\/types\/page"}],"author":[{"embeddable":true,"href":"https:\/\/wellstore.online\/et\/wp-json\/wp\/v2\/users\/1"}],"replies":[{"embeddable":true,"href":"https:\/\/wellstore.online\/et\/wp-json\/wp\/v2\/comments?post=19967"}],"version-history":[{"count":0,"href":"https:\/\/wellstore.online\/et\/wp-json\/wp\/v2\/pages\/19967\/revisions"}],"up":[{"embeddable":true,"href":"https:\/\/wellstore.online\/et\/wp-json\/wp\/v2\/pages\/19933"}],"wp:attachment":[{"href":"https:\/\/wellstore.online\/et\/wp-json\/wp\/v2\/media?parent=19967"}],"curies":[{"name":"wp","href":"https:\/\/api.w.org\/{rel}","templated":true}]}}