{"id":6296,"date":"2022-09-18T11:52:19","date_gmt":"2022-09-18T08:52:19","guid":{"rendered":"http:\/\/box2520.temp.domains\/~wellstor\/?page_id=6296"},"modified":"2023-04-06T12:26:06","modified_gmt":"2023-04-06T09:26:06","slug":"privaatsus","status":"publish","type":"page","link":"https:\/\/wellstore.online\/et\/privaatsus\/","title":{"rendered":"Privaatsus"},"content":{"rendered":"<div data-elementor-type=\"wp-page\" data-elementor-id=\"6296\" class=\"elementor elementor-6296\" data-elementor-post-type=\"page\">\n\t\t\t\t\t\t<section class=\"elementor-section elementor-top-section elementor-element elementor-element-7ee7ad1 elementor-section-boxed elementor-section-height-default elementor-section-height-default\" data-id=\"7ee7ad1\" data-element_type=\"section\" data-e-type=\"section\" data-settings=\"{&quot;background_background&quot;:&quot;classic&quot;}\">\n\t\t\t\t\t\t<div class=\"elementor-container elementor-column-gap-default\">\n\t\t\t\t\t<div class=\"elementor-column elementor-col-100 elementor-top-column elementor-element elementor-element-97df9bb\" data-id=\"97df9bb\" data-element_type=\"column\" data-e-type=\"column\">\n\t\t\t<div class=\"elementor-widget-wrap elementor-element-populated\">\n\t\t\t\t\t\t<div class=\"elementor-element elementor-element-0f84c80 elementor-widget elementor-widget-heading\" data-id=\"0f84c80\" data-element_type=\"widget\" data-e-type=\"widget\" data-widget_type=\"heading.default\">\n\t\t\t\t<div class=\"elementor-widget-container\">\n\t\t\t\t\t<h2 class=\"elementor-heading-title elementor-size-default\">Privaatsustingimused<\/h2>\t\t\t\t<\/div>\n\t\t\t\t<\/div>\n\t\t\t\t<div class=\"elementor-element elementor-element-6c13d5e elementor-widget elementor-widget-text-editor\" data-id=\"6c13d5e\" data-element_type=\"widget\" data-e-type=\"widget\" data-widget_type=\"text-editor.default\">\n\t\t\t\t<div class=\"elementor-widget-container\">\n\t\t\t\t\t\t\t\t\t<p><b>WellStore.online kaitseb klientide ja kasutajate privaatsust. L\u00e4htuvalt sellest oleme koostanud antud privaatsuspoliitika p\u00f5him\u00f5tted, mis k\u00e4sitlevad kleintide andmete kogumist, avaldamist, kasutamist, talletamist ning edastamist. Meie e-pood on koosk\u00f5las Euroopa Liidu \u00f5igusaktide.<\/b><\/p>\n<p class=\"p2\">E-poe kasutamist loetakse Teie n\u00f5usolekuks k\u00e4esolevate privaatsustingimustega.<\/p>\n<p class=\"p2\"><b>Isikuandmete kogumine ja kasutamine<\/b><\/p>\n<p class=\"p2\">Isikuandmed on andmed, mida WellStore kogub kliendiga s\u00f5lmitud lepingu t\u00e4itmisel v\u00f5i temaga \u00fchenduse v\u00f5tmiseks.<\/p>\n<p class=\"p2\">P\u00fcsikliendi isikuandmete kogumine v\u00f5ib toimuda allj\u00e4rgnevatel viisidel:<\/p>\n<ul class=\"ul1\">\n<li class=\"li2\">Kontaktandmete (Sinu nimi, telefoninumber, e-posti aadress, postiaadress) esitamisel meie.<\/li>\n<li class=\"li2\">E-poe kasutamisel registreeritud kliendikontost v\u00f5i k\u00fcpsiste (cookies) kaudu.<\/li>\n<\/ul>\n<p class=\"p2\"><b>Kogutud isikuandmete kasutamine<\/b><\/p>\n<p class=\"p2\">Kogutud isikuandmete abil saame teavitada kliente WellStore tooteuudistest ja kampaaniatest. Klient, kes ei soovi olla meie uudiskirjaloendis v\u00f5i saada teavitusi teda huvitada v\u00f5ivatest toodetest, saab ennast andmebaasist igal ajal eemaldada. Kliendil on v\u00f5imalik loobuda uudiskirjadest andes sellest meile teada e-kirja teel v\u00f5i j\u00e4rgides pakkumisi sisaldava e-kirjas toodud juhiseid, mis asuvad kirja jaluses. Kui klient soovib SMS teavitustest loobuda, tuleb tal v\u00f5tta \u00fchendust kllienditoega e-maili teel. Kogutud isikuandmeid kasutame ka kauba kohaletoimetamiseks ning kliendi ees v\u00f5etud kohustuste t\u00e4itmiseks.<\/p>\n<p class=\"p2\">Kliendi paremaks teenindamiseks v\u00f5ib WellStore avaldada teavet \u00fcksikute kasutajate kohta kolmandale osapoolele, kes osutab WellStore e-poele teenuseid ning on lepinguga kohustunud hoidma jagatud teavet konfidentsiaalsena. Kolmandaks osapooleks on n\u00e4iteks transporditeenuseid pakkuvad partnerid.<\/p>\n<p class=\"p2\"><b>Teie \u00f5igused seoses isikuandmete t\u00f6\u00f6tlemisega<\/b><\/p>\n<p class=\"p2\">Teil on \u00f5igus saada teavet Teie isikuandmete t\u00f6\u00f6tlemise kohta isikuandmete kaitse seaduses ja teistes seadustes s\u00e4testatud m\u00e4\u00e4ral. Teil on \u00f5igus n\u00f5uda isikuandmete t\u00f6\u00f6tlemise l\u00f5petamist ning isikuandmete parandamist, sulgemist, kustutamist ja \u00fclekandmist. Kui Te leiate, et isikuandmete t\u00f6\u00f6tlemisel rikutakse Teie \u00f5igusi, on Teil \u00f5igus p\u00f6\u00f6rduda Andmekaitse Inspektsiooni v\u00f5i kohtu poole, kui seaduses ei ole s\u00e4testatud teistsugust vaidlustamise korda. Samuti v\u00f5ib Teil olla \u00f5igus n\u00f5uda kahju h\u00fcvitamist v\u00f5la\u00f5igusseaduses s\u00e4testatud alustel ja korras.<\/p>\n<p class=\"p2\"><b>Turvalisus ja andmetele ligip\u00e4\u00e4s<\/b><\/p>\n<p class=\"p2\">Isikuandmeid hoitakse EetaSoft (Eeva majandustarkvara) serverites, mis asuvad Euroopa Liidu liikmesriigi v\u00f5i Euroopa Liidu majanduspiirkonnaga liitunud riikide territooriumil. Andmeid v\u00f5idakse edastada riikidesse, mille andmekaitse taset on Euroopa Komisjon hinnanud piisavaks ning USA ettev\u00f5tetele, kes on liitund andmekaitse kilbi (Privacy Shield) raamistikuga. Juurdep\u00e4\u00e4s isikuandmetele on veebipoe t\u00f6\u00f6tajatel, kes saavad isikuandmetega tutvuda selleks, et lahendada veebipoe kasutamisega seonduvaid tehnilisi k\u00fcsimusi ning osutada klienditoe teenust. Veebipood rakendab asjakohaseid f\u00fc\u00fcsilisi, organisatsioonilisi ja infotehnilisi turvameetmeid, et kaitsta isikuandmeid juhusliku v\u00f5i ebaseadusliku h\u00e4vitamise, kaotsimineku, muutmise v\u00f5i loata juurdep\u00e4\u00e4su ja avalikustamise eest. Isikuandmete edastamine veebipoe volitatud t\u00f6\u00f6tlejatele (nt transporditeenuse pakkuja ja andmemajutus) toimub veebipoe ja volitatud t\u00f6\u00f6tlejatega s\u00f5lmitud lepingute alusel. Volitatud t\u00f6\u00f6tlejaid on kohustatud tagama isikuandmete t\u00f6\u00f6tlemisel asjakohased kaitsemeetmed.<\/p>\n<p class=\"p2\"><b>Isikuandmetega tutvumine ja parandamine<\/b><\/p>\n<p class=\"p2\">Isikuandmetega saab tutvuda ja teha parandusi veebipoe kasutajaprofiilis. Kui ost on sooritatud ilma kasutajakontota, siis saab tutvuda isikuandmetega klinditoe vahendusel.<\/p>\n<p class=\"p2\"><b>N\u00f5usoleku tagasiv\u00f5tmine<\/b><\/p>\n<p class=\"p2\">Kui isikundmete t\u00f6\u00f6tlemine toimub kliendi n\u00f5usoleku alusel, siis on kliendil \u00f5igus n\u00f5usolek tagasi v\u00f5tta teavitades sellest kliendituge e-posti teel.<\/p>\n<p class=\"p2\"><b>S\u00e4ilitamine<\/b><\/p>\n<p class=\"p2\">Veebipoe kliendikonto sulgemisel kustutatakse isikuandmed, va juhul kui selliseid andmeid on vaja s\u00e4ilitada raamatupidamise jaoks v\u00f5i tarbijavaidluste lahendamiseks. Kui veebipoes on ost sooritatud ilma kliendikontota, siis s\u00e4ilitatakse ostuajalugu kolm aastat. Maksetega ja tarbijavaidlustega seotud vaidluste korral s\u00e4ilitatakse isikuandmed kuni n\u00f5ude t\u00e4itmiseni v\u00f5i aegumist\u00e4htaja l\u00f5puni. Raamatupidamise jaoks vajalikud isikuandmed s\u00e4ilitatakse seitse aastat.<\/p>\n<p class=\"p2\"><b>Kustutamine<\/b><\/p>\n<p class=\"p2\">Isikuandmete kustutamiseks tuleb v\u00f5tta \u00fchendust klienditoega e-posti teel. Kustutamistaotlusele vastatakse mitte hiljem kui kuu aja jooksul ning t\u00e4psustakse andmete kustutamise perioodi.<\/p>\n<p class=\"p2\"><b>Privaatsuspoliitika tingimused ja muudatused<\/b><\/p>\n<p class=\"p2\">WellStore e-poodi kasutama asudes v\u00f5i p\u00fcsikliendi avalduse t\u00e4itmisel oled k\u00e4esolevate p\u00f5him\u00f5tete ja tingimustega tutvunud ning nendega n\u00f5ustunud. J\u00e4tame endale \u00f5iguse vajadusel privaatsuspoliitika \u00fcldtingimusi muuta, teavitades sellest k\u00f5iki p\u00fcsikliente.<\/p>\n<p class=\"p2\">K\u00f5igi privaatsuspoliitika v\u00f5i andmet\u00f6\u00f6tluse kohta tekkivate k\u00fcsimuste v\u00f5i muredega palume v\u00f5tta meiega \u00fchendust aadressil.<\/p>\t\t\t\t\t\t\t\t<\/div>\n\t\t\t\t<\/div>\n\t\t\t\t\t<\/div>\n\t\t<\/div>\n\t\t\t\t\t<\/div>\n\t\t<\/section>\n\t\t\t\t<\/div>","protected":false},"excerpt":{"rendered":"<p>Priv\u0101tuma politika WellStore.online aizsarg\u0101 savu klientu un lietot\u0101ju priv\u0101tumu. Balstoties uz to, m\u0113s esam izstr\u0101d\u0101ju\u0161i \u0161o konfidencialit\u0101tes politiku, kas regul\u0113 klientu datu v\u0101k\u0161anu, public\u0113\u0161anu, izmanto\u0161anu, glab\u0101\u0161anu un p\u0101rs\u016bt\u012b\u0161anu. M\u016bsu e-veikals atbilst Eiropas Savien\u012bbas likumdo\u0161anai un Latvijas Republikas likumiem. Br\u012bd\u012b, kad J\u016bs izmantojat m\u016bsu interneta veikalu, tiek uzskat\u012bts, ka J\u016bs piekr\u012btat priv\u0101tuma politikai. Personas datu v\u0101k\u0161ana [&#8230;]\n","protected":false},"author":1,"featured_media":0,"parent":0,"menu_order":0,"comment_status":"closed","ping_status":"closed","template":"","meta":{"footnotes":""},"class_list":["post-6296","page","type-page","status-publish","hentry"],"yoast_head":"<!-- This site is optimized with the Yoast SEO Premium plugin v26.3 (Yoast SEO v26.3) - https:\/\/yoast.com\/wordpress\/plugins\/seo\/ -->\n<title>Privacy - WellStore ONLINE<\/title>\n<meta name=\"robots\" content=\"index, follow, max-snippet:-1, max-image-preview:large, max-video-preview:-1\" \/>\n<link rel=\"canonical\" href=\"https:\/\/wellstore.online\/et\/privaatsus\/\" \/>\n<meta property=\"og:locale\" content=\"et_EE\" \/>\n<meta property=\"og:type\" content=\"article\" \/>\n<meta property=\"og:title\" content=\"Privacy\" \/>\n<meta property=\"og:description\" content=\"Priv\u0101tuma politika WellStore.online aizsarg\u0101 savu klientu un lietot\u0101ju priv\u0101tumu. Balstoties uz to, m\u0113s esam izstr\u0101d\u0101ju\u0161i \u0161o konfidencialit\u0101tes politiku, kas regul\u0113 klientu datu v\u0101k\u0161anu, public\u0113\u0161anu, izmanto\u0161anu, glab\u0101\u0161anu un p\u0101rs\u016bt\u012b\u0161anu. M\u016bsu e-veikals atbilst Eiropas Savien\u012bbas likumdo\u0161anai un Latvijas Republikas likumiem. Br\u012bd\u012b, kad J\u016bs izmantojat m\u016bsu interneta veikalu, tiek uzskat\u012bts, ka J\u016bs piekr\u012btat priv\u0101tuma politikai. Personas datu v\u0101k\u0161ana [...]\" \/>\n<meta property=\"og:url\" content=\"https:\/\/wellstore.online\/et\/privaatsus\/\" \/>\n<meta property=\"og:site_name\" content=\"WellStore ONLINE\" \/>\n<meta property=\"article:modified_time\" content=\"2023-04-06T09:26:06+00:00\" \/>\n<meta name=\"twitter:card\" content=\"summary_large_image\" \/>\n<meta name=\"twitter:label1\" content=\"Est. reading time\" \/>\n\t<meta name=\"twitter:data1\" content=\"3 minutit\" \/>\n<script type=\"application\/ld+json\" class=\"yoast-schema-graph\">{\"@context\":\"https:\/\/schema.org\",\"@graph\":[{\"@type\":\"WebPage\",\"@id\":\"https:\/\/wellstore.online\/privacy\/\",\"url\":\"https:\/\/wellstore.online\/privacy\/\",\"name\":\"Privacy - WellStore ONLINE\",\"isPartOf\":{\"@id\":\"https:\/\/wellstore.online\/#website\"},\"datePublished\":\"2022-09-18T08:52:19+00:00\",\"dateModified\":\"2023-04-06T09:26:06+00:00\",\"breadcrumb\":{\"@id\":\"https:\/\/wellstore.online\/privacy\/#breadcrumb\"},\"inLanguage\":\"et\",\"potentialAction\":[{\"@type\":\"ReadAction\",\"target\":[\"https:\/\/wellstore.online\/privacy\/\"]}]},{\"@type\":\"BreadcrumbList\",\"@id\":\"https:\/\/wellstore.online\/privacy\/#breadcrumb\",\"itemListElement\":[{\"@type\":\"ListItem\",\"position\":1,\"name\":\"Home\",\"item\":\"https:\/\/wellstore.online\/\"},{\"@type\":\"ListItem\",\"position\":2,\"name\":\"Privacy\"}]},{\"@type\":\"WebSite\",\"@id\":\"https:\/\/wellstore.online\/#website\",\"url\":\"https:\/\/wellstore.online\/\",\"name\":\"WellStore ONLINE\",\"description\":\"\",\"potentialAction\":[{\"@type\":\"SearchAction\",\"target\":{\"@type\":\"EntryPoint\",\"urlTemplate\":\"https:\/\/wellstore.online\/?s={search_term_string}\"},\"query-input\":{\"@type\":\"PropertyValueSpecification\",\"valueRequired\":true,\"valueName\":\"search_term_string\"}}],\"inLanguage\":\"et\"}]}<\/script>\n<!-- \/ Yoast SEO Premium plugin. -->","yoast_head_json":{"title":"Privaatsus - WellStore ONLINE","robots":{"index":"index","follow":"follow","max-snippet":"max-snippet:-1","max-image-preview":"max-image-preview:large","max-video-preview":"max-video-preview:-1"},"canonical":"https:\/\/wellstore.online\/et\/privaatsus\/","og_locale":"et_EE","og_type":"article","og_title":"Privacy","og_description":"Priv\u0101tuma politika WellStore.online aizsarg\u0101 savu klientu un lietot\u0101ju priv\u0101tumu. Balstoties uz to, m\u0113s esam izstr\u0101d\u0101ju\u0161i \u0161o konfidencialit\u0101tes politiku, kas regul\u0113 klientu datu v\u0101k\u0161anu, public\u0113\u0161anu, izmanto\u0161anu, glab\u0101\u0161anu un p\u0101rs\u016bt\u012b\u0161anu. M\u016bsu e-veikals atbilst Eiropas Savien\u012bbas likumdo\u0161anai un Latvijas Republikas likumiem. Br\u012bd\u012b, kad J\u016bs izmantojat m\u016bsu interneta veikalu, tiek uzskat\u012bts, ka J\u016bs piekr\u012btat priv\u0101tuma politikai. Personas datu v\u0101k\u0161ana [...]","og_url":"https:\/\/wellstore.online\/et\/privaatsus\/","og_site_name":"WellStore ONLINE","article_modified_time":"2023-04-06T09:26:06+00:00","twitter_card":"summary_large_image","twitter_misc":{"Est. reading time":"3 minutit"},"schema":{"@context":"https:\/\/schema.org","@graph":[{"@type":"WebPage","@id":"https:\/\/wellstore.online\/privacy\/","url":"https:\/\/wellstore.online\/privacy\/","name":"Privaatsus - WellStore ONLINE","isPartOf":{"@id":"https:\/\/wellstore.online\/#website"},"datePublished":"2022-09-18T08:52:19+00:00","dateModified":"2023-04-06T09:26:06+00:00","breadcrumb":{"@id":"https:\/\/wellstore.online\/privacy\/#breadcrumb"},"inLanguage":"et","potentialAction":[{"@type":"ReadAction","target":["https:\/\/wellstore.online\/privacy\/"]}]},{"@type":"BreadcrumbList","@id":"https:\/\/wellstore.online\/privacy\/#breadcrumb","itemListElement":[{"@type":"ListItem","position":1,"name":"Home","item":"https:\/\/wellstore.online\/"},{"@type":"ListItem","position":2,"name":"Privacy"}]},{"@type":"WebSite","@id":"https:\/\/wellstore.online\/#website","url":"https:\/\/wellstore.online\/","name":"WellStore ONLINE","description":"","potentialAction":[{"@type":"SearchAction","target":{"@type":"EntryPoint","urlTemplate":"https:\/\/wellstore.online\/?s={search_term_string}"},"query-input":{"@type":"PropertyValueSpecification","valueRequired":true,"valueName":"search_term_string"}}],"inLanguage":"et"}]}},"_links":{"self":[{"href":"https:\/\/wellstore.online\/et\/wp-json\/wp\/v2\/pages\/6296","targetHints":{"allow":["GET"]}}],"collection":[{"href":"https:\/\/wellstore.online\/et\/wp-json\/wp\/v2\/pages"}],"about":[{"href":"https:\/\/wellstore.online\/et\/wp-json\/wp\/v2\/types\/page"}],"author":[{"embeddable":true,"href":"https:\/\/wellstore.online\/et\/wp-json\/wp\/v2\/users\/1"}],"replies":[{"embeddable":true,"href":"https:\/\/wellstore.online\/et\/wp-json\/wp\/v2\/comments?post=6296"}],"version-history":[{"count":0,"href":"https:\/\/wellstore.online\/et\/wp-json\/wp\/v2\/pages\/6296\/revisions"}],"wp:attachment":[{"href":"https:\/\/wellstore.online\/et\/wp-json\/wp\/v2\/media?parent=6296"}],"curies":[{"name":"wp","href":"https:\/\/api.w.org\/{rel}","templated":true}]}}