{"id":7106,"date":"2022-09-22T12:07:55","date_gmt":"2022-09-22T09:07:55","guid":{"rendered":"http:\/\/box2520.temp.domains\/~wellstor\/?page_id=7106"},"modified":"2025-10-14T20:19:25","modified_gmt":"2025-10-14T17:19:25","slug":"tingimused-eeskirjad","status":"publish","type":"page","link":"https:\/\/wellstore.online\/et\/tingimused-eeskirjad\/","title":{"rendered":"Tingimused ja eeskirjad"},"content":{"rendered":"<div data-elementor-type=\"wp-page\" data-elementor-id=\"7106\" class=\"elementor elementor-7106\" data-elementor-post-type=\"page\">\n\t\t\t\t\t\t<section class=\"elementor-section elementor-top-section elementor-element elementor-element-2df3ae6 elementor-section-boxed elementor-section-height-default elementor-section-height-default\" data-id=\"2df3ae6\" data-element_type=\"section\" data-e-type=\"section\" data-settings=\"{&quot;background_background&quot;:&quot;classic&quot;}\">\n\t\t\t\t\t\t\t<div class=\"elementor-background-overlay\"><\/div>\n\t\t\t\t\t\t\t<div class=\"elementor-container elementor-column-gap-default\">\n\t\t\t\t\t<div class=\"elementor-column elementor-col-100 elementor-top-column elementor-element elementor-element-fbf9621\" data-id=\"fbf9621\" data-element_type=\"column\" data-e-type=\"column\" data-settings=\"{&quot;background_background&quot;:&quot;classic&quot;}\">\n\t\t\t<div class=\"elementor-widget-wrap elementor-element-populated\">\n\t\t\t\t\t<div class=\"elementor-background-overlay\"><\/div>\n\t\t\t\t\t\t<div class=\"elementor-element elementor-element-f6ab6ab elementor-widget elementor-widget-heading\" data-id=\"f6ab6ab\" data-element_type=\"widget\" data-e-type=\"widget\" data-widget_type=\"heading.default\">\n\t\t\t\t<div class=\"elementor-widget-container\">\n\t\t\t\t\t<h2 class=\"elementor-heading-title elementor-size-default\">\u00dclds\u00e4tted<\/h2>\t\t\t\t<\/div>\n\t\t\t\t<\/div>\n\t\t\t\t\t<\/div>\n\t\t<\/div>\n\t\t\t\t\t<\/div>\n\t\t<\/section>\n\t\t\t\t<section class=\"elementor-section elementor-top-section elementor-element elementor-element-a4a6ea7 elementor-section-boxed elementor-section-height-default elementor-section-height-default\" data-id=\"a4a6ea7\" data-element_type=\"section\" data-e-type=\"section\">\n\t\t\t\t\t\t<div class=\"elementor-container elementor-column-gap-default\">\n\t\t\t\t\t<div class=\"elementor-column elementor-col-100 elementor-top-column elementor-element elementor-element-8fb4d19\" data-id=\"8fb4d19\" data-element_type=\"column\" data-e-type=\"column\">\n\t\t\t<div class=\"elementor-widget-wrap elementor-element-populated\">\n\t\t\t\t\t\t<div class=\"elementor-element elementor-element-9df608a elementor-widget elementor-widget-text-editor\" data-id=\"9df608a\" data-element_type=\"widget\" data-e-type=\"widget\" data-widget_type=\"text-editor.default\">\n\t\t\t\t<div class=\"elementor-widget-container\">\n\t\t\t\t\t\t\t\t\t<p class=\" translation-block\"><b>1. 1. \u00dcldised tingimused<br><\/b>\n1.1. K\u00e4esolevad tingimused (edaspidi \"Tingimused\") reguleerivad WellStore veebipoe (edaspidi \"E-pood\") kasutamist. Tingimused kehtivad, kui klient tellib ja ostab E-poes pakutavaid tooteid v\u00f5i kasutab muul viisil E-poe teenuseid.<br>\n1.2. Kliendi poolt kauba tellimisel muutuvad k\u00e4esolevad tingimused Kliendi ja M\u00fc\u00fcja vahelise ostulepingu tingimusteks, mis on m\u00f5lema lepingupoole jaoks siduv juriidiline dokument. Leping loetakse s\u00f5lmituks, kui Klient teeb E-poes kauba tellimuse.<br>\n1.3. Klient ei tohi e-poes kauba tellimust esitada, kui ta ei ole Tingimustega tutvunud v\u00f5i nendega n\u00f5us. Kui Klient tellib kauba, loetakse, et Klient on Tingimused l\u00e4bi lugenud ja nendega t\u00e4ielikult n\u00f5us.<br>\n1.4. M\u00fc\u00fcja ei v\u00f5ta endale mingeid riske ega kohustusi ja on neist t\u00e4ielikult vabastatud, kui Klient on Tingimusi osaliselt lugenud v\u00f5i ei ole neid lugenud, kuigi Kliendil oli v\u00f5imalus seda teha.<\/p><p class=\" translation-block\"><b>2. Isikuandmete t\u00f6\u00f6tlemine<br><\/b>\n2.1. E-poe kasutamiseks ja seal pakutavate toodete ostmiseks peab Klient t\u00e4itma tellimisvormi. Tellimisvormis tuleb m\u00e4rkida j\u00e4rgmised Kliendi isikuandmed: ees- ja perekonnanimi, e-posti aadress, kauba k\u00e4ttetoimetamise aadress, telefoninumber, muud kauba k\u00e4ttetoimetamise seisukohalt olulised andmed.<br>\n2.2. Klient vastutab selle eest, et tellimuses esitatud teave on t\u00e4pne, korrektne ja t\u00e4ielik. M\u00fc\u00fcja ei vastuta mingil moel kahju eest, mida Klient v\u00f5i kolmandad osapooled on saanud seet\u00f5ttu, et Klient on esitanud eba\u00f5igeid v\u00f5i ebat\u00e4ielikke andmeid.<br>\n2.3. Kliendi esitatud isikuandmeid t\u00f6\u00f6deldakse vastavalt Euroopa Liidu (edaspidi \"EL\") isikuandmete kaitset reguleerivate seaduste n\u00f5uetele, mis reguleerivad nende andmete t\u00f6\u00f6tlemist ja kaitset. Kliendi isikuandmete t\u00f6\u00f6tlemisel ja s\u00e4ilitamisel kasutab M\u00fc\u00fcja organisatsioonilisi ja tehnilisi vahendeid, mis tagavad isikuandmete kaitse juhusliku v\u00f5i ebaseadusliku h\u00e4vitamise, muutmise, avalikustamise ja muu ebaseadusliku t\u00f6\u00f6tlemise eest.<br>\n2.4. Ostu sooritades n\u00f5ustub Klient, et tema isikuandmeid kasutatakse turunduslikel eesm\u00e4rkidel ja ta n\u00f5ustub E-poe reklaami- ja infos\u00f5numite saamisega.<\/p><p><b>\u00a0<\/b><\/p><p class=\" translation-block\"><b>3. Kaupade hinnad, makseviisid ja tingimused<br><\/b>\n3.1. E-poe tellimuses olevate kaupade hinnad on m\u00e4rgitud eurodes. Kaup m\u00fc\u00fcakse Kliendile E-poes tellimuse eest tasumise ajal kehtivate hindadega.<br>\n3.2. Klient tasub kauba eest ettemaksu v\u00f5i postimaksega. Vastutus andmete turvalisuse eest lasub asjaomasel finantsasutusel, kuna rahatehingud toimuvad nende s\u00fcsteemis.<br>\n3.3. Makse loetakse sooritatuks, kui kogu maksesumma on laekunud ja krediteeritud M\u00fc\u00fcja kontole. Kaupade tarnimise hind sisaldab k\u00e4ibemaksu. Alles p\u00e4rast kauba ja tarnetasu eest tasumise laekumist t\u00e4idetakse tellimus ja m\u00e4\u00e4ratakse kauba tarne t\u00e4htaeg.<\/p><p><b>\u00a0<\/b><\/p><p class=\" translation-block\"><b>4. Kaupade kokkupanek ja tarnimine<br><\/b>\n4.1. Kaupu tarnitakse ainult M\u00fc\u00fcja poolt m\u00e4\u00e4ratud piirkonnas. E-pood v\u00f5tab tellimusi vastu ainult siis, kui sisestatud tarneaadress asub m\u00e4\u00e4ratud territooriumil. Kauba tarnivad M\u00fc\u00fcja koost\u00f6\u00f6partnerid v\u00f5i volitatud esindaja.<br>\n4.2. Kui kauba k\u00e4ttetoimetamine ei ole v\u00f5imalik Kliendi s\u00fc\u00fc t\u00f5ttu v\u00f5i Kliendist s\u00f5ltuvate asjaolude t\u00f5ttu (Klient on m\u00e4rkinud vale aadressi, Klienti v\u00f5i vastuv\u00f5tjat ei leidu m\u00e4\u00e4ratud aadressil, juurdep\u00e4\u00e4s m\u00e4\u00e4ratud aadressile ei ole v\u00f5imalik jne), siis kaupa uuesti ei saadeta (v\u00e4lja arvatud juhul, kui Klient tasub kauba uuesti saatmise eest lisatasu), kuid kauba eest tasutud tasu tagastatakse, millest lahutatakse tarnetasu.<br>\n4.3. M\u00fc\u00fcja vabaneb vastutusest tarnet\u00e4htaja rikkumise eest, kui kaup j\u00e4\u00e4b Kliendile tarnimata v\u00f5i ei tarnita \u00f5igeaegselt Kliendi s\u00fc\u00fcl v\u00f5i Kliendist s\u00f5ltuvate asjaolude t\u00f5ttu.<br>\n4.4. Kui Klient m\u00e4rkab, et saadetises olevate kaupade arv ei ole sobiv v\u00f5i tarnitud kaup ei vasta tellimusele ja seda ei ole m\u00e4rgitud tarnedokumentides, peab Klient sellest teavitama M\u00fc\u00fcjat kauba k\u00e4ttesaamisel v\u00f5i \u00fcleandmisel, vastasel juhul loetakse, et tellimus on n\u00f5uetekohaselt \u00fcle antud v\u00f5i tarnitud ja kaup vastab tellimusele.<br>\n4.5. Kui kaup tagastatakse poodi, peab Klient h\u00fcvitama M\u00fc\u00fcjale kauba pakkimisel ja saatmisel Kliendi m\u00e4\u00e4ratud aadressile tekkivad kulud. Samuti peab Klient kandma kauba kauplusesse tagasisaatmise kulud. Tasumine peab toimuma 3 t\u00f6\u00f6p\u00e4eva jooksul alates arve k\u00e4ttesaamisest kliendi e-posti aadressile, mis oli m\u00e4rgitud kauba tellimisel. Makseviivituse korral antakse kulude sissen\u00f5udmine \u00fcle kolmandale osapoolele - inkassofirmale.<\/p><p><b>\u00a0<\/b><\/p><p class=\" translation-block\"><b>5. Kvaliteeditagamine ja kaupade kehtivusaeg<br><\/b>\n5.1. K\u00f5igi E-poes m\u00fc\u00fcdavate kaupade omadused on m\u00e4rgitud iga toote kirjelduses.<br>\n5.2. M\u00fc\u00fcja ei vastuta selle eest, et E-poes olevad kaubad ei vasta suuruse, v\u00e4rvi, kuju ja muude parameetrite poolest tegelikule kaubale.<br>\n5.3. Kaubad, millel on m\u00e4\u00e4ratud aegumist\u00e4htaeg, tarnitakse nii, et Kliendil on v\u00f5imalus neid kaupu kasutada kuni aegumist\u00e4htaja l\u00f5puni.<br>\n5.4. Igale tootele v\u00f5i tootegrupile on m\u00e4\u00e4ratud garantiiaeg, mille jooksul M\u00fc\u00fcja parandab v\u00f5i vahetab kauba omal kulul.<br>\n5.5. Toote esitamiseks remondiks v\u00f5i vahetuseks tuleb see hoolikalt pakendada vastavalt M\u00fc\u00fcja juhistele ja \u00fcle anda M\u00fc\u00fcja esindajale - kullerile.<br>\n5.6. Juhul, kui viga on Kliendi poolne,<br>\na) on m\u00e4rgitud eba\u00f5iged kontaktandmed (telefoninumber, tarneaadress) v\u00f5i muud toote vahetamisega seotud andmed;<br>\nb) kulleri saabumisel ei ole \u00fcleantav toode saatmiseks n\u00f5uetekohaselt ette valmistatud;\nc) kulleri telefonik\u00f5nele ei vastata;<br>\nkulleri teine k\u00f5ne defektse toote tagastamiseks toimub kliendi kulul.<\/p><p class=\" translation-block\"><b>6. Taganemis\u00f5igus. Tagasimaksed.<br><\/b>\n6.1. Kui Klient on tarbija tarbija\u00f5iguste kaitse seaduse t\u00e4henduses (f\u00fc\u00fcsiline isik, kes avaldab soovi osta, ostab v\u00f5i v\u00f5ib osta v\u00f5i kasutada toodet v\u00f5i teenust eesm\u00e4rgil, mis ei ole seotud tema majandus- v\u00f5i kutsetegevusega), v\u00f5ib Klient kasutada taganemis\u00f5igust ja taganeda \u00fchepoolselt lepingust (kauba ostmine E-poest) 45 kalendrip\u00e4eva jooksul (vastavalt iga toote puhul eraldi m\u00e4\u00e4ratud) alates vastava kauba tellimise kuup\u00e4evast. Klient ei saa taganemis\u00f5igust kasutada, kui:<br>\n6.1.1. tarnitakse kaupu, mis on valmistatud Kliendi spetsifikatsioonide j\u00e4rgi v\u00f5i on selgelt isikup\u00e4rastatud v\u00f5i mida oma olemuselt ei saa tagastada v\u00f5i mis v\u00f5ivad kiiresti rikneda v\u00f5i aeguda;<br>\n6.1.2. tarnitakse toiduaineid, jooke v\u00f5i muid kodumajapidamises koheseks tarbimiseks m\u00f5eldud kaupu;<br>\n6.1.3. muudel seaduses s\u00e4testatud juhtudel.<br>\n6.2. M\u00fc\u00fcja tagastab Kliendi poolt tagastatud kauba hinna, kasutades taganemis\u00f5igust peale kauba vastuv\u00f5tmist. Tarnekulu ei tagastata kliendile.<br>\n6.3. Klient vastutab taganemis\u00f5iguse kasutamise ajal kauba kvaliteedi ja ohutuse s\u00e4ilimise eest. Klient vastutab kauba v\u00e4\u00e4rtuse v\u00e4henemise eest, mis tuleneb kauba kasutamisest viisil, mis ei ole koosk\u00f5las hea usu p\u00f5him\u00f5tetega, kaasa arvatud kasutamine muul eesm\u00e4rgil kui kauba omaduste v\u00f5i toimimise kindlaksm\u00e4\u00e4ramiseks. Kaup peab olema kahjustamata, s\u00e4ilitama oma v\u00e4limuse (sildid eemaldamata, kaitsekatted kahjustamata jne) ja olema kasutamata. Kaup peab olema tagastatud originaalpakendis ja samas seisukorras, nagu see on vastu v\u00f5etud. Kui kaup ei ole t\u00e4ielikult komplekteeritud, on kahjustatud, m\u00e4\u00e4rdunud v\u00f5i valesti pakitud, siis on M\u00fc\u00fcjal \u00f5igus kaupa mitte vastu v\u00f5tta ja mitte tagastada kliendi poolt kauba eest makstud raha.<br>\n6.4. Klient vastutab kauba kauplusesse tagastamise kulude eest (v\u00e4lja arvatud kauba puhul, mis ei vasta lepingutingimustele). Kui Klient soovib kaupa tagastada tarnimise ajal, tuleb see tagastada M\u00fc\u00fcja esindajale (kullerile). Sellisel juhul ei vabastata Klienti kauba pakkimise, selle etten\u00e4htud aadressile toimetamise ja kauplusesse tagastamise kulude tasumisest.<\/p><p><b>\u00a0<\/b><\/p><p class=\" translation-block\"><b>7. Teabevahetus<br><\/b>\n7.1. M\u00fc\u00fcja saadab k\u00f5ik teated ja suhtleb Kliendiga kasutades Kliendi tellimuse vormil m\u00e4rgitud e-posti aadressi v\u00f5i telefoninumbrit.<br>\n7.2. Klient saadab k\u00f5ik teated ja k\u00fcsimused kasutades E-poe jaotises \"Kontaktid\" m\u00e4rgitud suhtlusvahendeid ja aadresse.<br><\/p><p><b>\u00a0<\/b><\/p><p class=\" translation-block\"><b>8. L\u00f5pps\u00e4tted<br><\/b>\n8.1. Kliendi ja M\u00fc\u00fcja vahelisi suhteid reguleerivad k\u00e4esolevad eeskirjad, samuti Euroopa Liidu seadused.<br>\n8.2. Kahju korral h\u00fcvitab s\u00fc\u00fcdi olev pool teisele poolele otsese kahju vastavalt Euroopa Liidu seadustele.<br>\n8.3. Vaidlused lahendatakse l\u00e4bir\u00e4\u00e4kimiste teel. Konflikti korral saate taotleda kohtuv\u00e4list lahendust, k\u00fclastades seda linki: https:\/\/webgate.ec.europa.eu\/odr\/main\/index.cfm?event=main.home.show&amp;lng=LV<\/p><p class=\" translation-block\"><b>9. M\u00fc\u00fcja andmed<br><\/b>\nWooWorld O\u00dc<br>\nReg. Nr. 16557288<br>\nT\u00fcri tn 10c, Tallinn, 11313<br>\nHarju maakond<br><\/p>\t\t\t\t\t\t\t\t<\/div>\n\t\t\t\t<\/div>\n\t\t\t\t\t<\/div>\n\t\t<\/div>\n\t\t\t\t\t<\/div>\n\t\t<\/section>\n\t\t\t\t<\/div>","protected":false},"excerpt":{"rendered":"<p>Noteikumi 1. Visp\u0101r\u012bgie noteikumi1.1. \u0160ie noteikumi (turpm\u0101k \u2013 Noteikumi) paredz internetveikala WellStore (turpm\u0101k \u2013 E-veikals) lieto\u0161anas k\u0101rt\u012bbu. Noteikumus piem\u0113ro, kad Pirc\u0113js pas\u016bta un p\u0113rk E-veikal\u0101 pied\u0101v\u0101t\u0101s preces vai cit\u0101di izmanto E-veikala pakalpojumus.1.2. L\u012bdz ar Pirc\u0113ja veikto pre\u010du pas\u016bt\u012bjumu \u0161ie Noteikumi k\u013c\u016bst par Pirc\u0113ja un P\u0101rdev\u0113ja pirkuma l\u012bguma noteikumiem, kas ir abiem l\u012bgumsl\u0113dz\u0113jiem oblig\u0101ts juridisks dokuments. [&#8230;]\n","protected":false},"author":1,"featured_media":0,"parent":0,"menu_order":0,"comment_status":"closed","ping_status":"closed","template":"","meta":{"footnotes":""},"class_list":["post-7106","page","type-page","status-publish","hentry"],"yoast_head":"<!-- This site is optimized with the Yoast SEO Premium plugin v26.3 (Yoast SEO v26.3) - https:\/\/yoast.com\/wordpress\/plugins\/seo\/ -->\n<title>Conditions &amp; Rules - WellStore ONLINE<\/title>\n<meta name=\"robots\" content=\"index, follow, max-snippet:-1, max-image-preview:large, max-video-preview:-1\" \/>\n<link rel=\"canonical\" href=\"https:\/\/wellstore.online\/et\/tingimused-eeskirjad\/\" \/>\n<meta property=\"og:locale\" content=\"et_EE\" \/>\n<meta property=\"og:type\" content=\"article\" \/>\n<meta property=\"og:title\" content=\"Conditions &amp; Rules\" \/>\n<meta property=\"og:description\" content=\"Noteikumi 1. Visp\u0101r\u012bgie noteikumi1.1. \u0160ie noteikumi (turpm\u0101k \u2013 Noteikumi) paredz internetveikala WellStore (turpm\u0101k \u2013 E-veikals) lieto\u0161anas k\u0101rt\u012bbu. Noteikumus piem\u0113ro, kad Pirc\u0113js pas\u016bta un p\u0113rk E-veikal\u0101 pied\u0101v\u0101t\u0101s preces vai cit\u0101di izmanto E-veikala pakalpojumus.1.2. L\u012bdz ar Pirc\u0113ja veikto pre\u010du pas\u016bt\u012bjumu \u0161ie Noteikumi k\u013c\u016bst par Pirc\u0113ja un P\u0101rdev\u0113ja pirkuma l\u012bguma noteikumiem, kas ir abiem l\u012bgumsl\u0113dz\u0113jiem oblig\u0101ts juridisks dokuments. [...]\" \/>\n<meta property=\"og:url\" content=\"https:\/\/wellstore.online\/et\/tingimused-eeskirjad\/\" \/>\n<meta property=\"og:site_name\" content=\"WellStore ONLINE\" \/>\n<meta property=\"article:modified_time\" content=\"2025-10-14T17:19:25+00:00\" \/>\n<meta name=\"twitter:card\" content=\"summary_large_image\" \/>\n<meta name=\"twitter:label1\" content=\"Est. reading time\" \/>\n\t<meta name=\"twitter:data1\" content=\"6 minutit\" \/>\n<script type=\"application\/ld+json\" class=\"yoast-schema-graph\">{\"@context\":\"https:\/\/schema.org\",\"@graph\":[{\"@type\":\"WebPage\",\"@id\":\"https:\/\/wellstore.online\/conditions-rules\/\",\"url\":\"https:\/\/wellstore.online\/conditions-rules\/\",\"name\":\"Conditions & Rules - WellStore ONLINE\",\"isPartOf\":{\"@id\":\"https:\/\/wellstore.online\/#website\"},\"datePublished\":\"2022-09-22T09:07:55+00:00\",\"dateModified\":\"2025-10-14T17:19:25+00:00\",\"breadcrumb\":{\"@id\":\"https:\/\/wellstore.online\/conditions-rules\/#breadcrumb\"},\"inLanguage\":\"et\",\"potentialAction\":[{\"@type\":\"ReadAction\",\"target\":[\"https:\/\/wellstore.online\/conditions-rules\/\"]}]},{\"@type\":\"BreadcrumbList\",\"@id\":\"https:\/\/wellstore.online\/conditions-rules\/#breadcrumb\",\"itemListElement\":[{\"@type\":\"ListItem\",\"position\":1,\"name\":\"Home\",\"item\":\"https:\/\/wellstore.online\/\"},{\"@type\":\"ListItem\",\"position\":2,\"name\":\"Conditions &#038; Rules\"}]},{\"@type\":\"WebSite\",\"@id\":\"https:\/\/wellstore.online\/#website\",\"url\":\"https:\/\/wellstore.online\/\",\"name\":\"WellStore ONLINE\",\"description\":\"\",\"potentialAction\":[{\"@type\":\"SearchAction\",\"target\":{\"@type\":\"EntryPoint\",\"urlTemplate\":\"https:\/\/wellstore.online\/?s={search_term_string}\"},\"query-input\":{\"@type\":\"PropertyValueSpecification\",\"valueRequired\":true,\"valueName\":\"search_term_string\"}}],\"inLanguage\":\"et\"}]}<\/script>\n<!-- \/ Yoast SEO Premium plugin. -->","yoast_head_json":{"title":"Tingimused - WellStore ONLINE","robots":{"index":"index","follow":"follow","max-snippet":"max-snippet:-1","max-image-preview":"max-image-preview:large","max-video-preview":"max-video-preview:-1"},"canonical":"https:\/\/wellstore.online\/et\/tingimused-eeskirjad\/","og_locale":"et_EE","og_type":"article","og_title":"Conditions & Rules","og_description":"Noteikumi 1. Visp\u0101r\u012bgie noteikumi1.1. \u0160ie noteikumi (turpm\u0101k \u2013 Noteikumi) paredz internetveikala WellStore (turpm\u0101k \u2013 E-veikals) lieto\u0161anas k\u0101rt\u012bbu. Noteikumus piem\u0113ro, kad Pirc\u0113js pas\u016bta un p\u0113rk E-veikal\u0101 pied\u0101v\u0101t\u0101s preces vai cit\u0101di izmanto E-veikala pakalpojumus.1.2. L\u012bdz ar Pirc\u0113ja veikto pre\u010du pas\u016bt\u012bjumu \u0161ie Noteikumi k\u013c\u016bst par Pirc\u0113ja un P\u0101rdev\u0113ja pirkuma l\u012bguma noteikumiem, kas ir abiem l\u012bgumsl\u0113dz\u0113jiem oblig\u0101ts juridisks dokuments. [...]","og_url":"https:\/\/wellstore.online\/et\/tingimused-eeskirjad\/","og_site_name":"WellStore ONLINE","article_modified_time":"2025-10-14T17:19:25+00:00","twitter_card":"summary_large_image","twitter_misc":{"Est. reading time":"6 minutit"},"schema":{"@context":"https:\/\/schema.org","@graph":[{"@type":"WebPage","@id":"https:\/\/wellstore.online\/conditions-rules\/","url":"https:\/\/wellstore.online\/conditions-rules\/","name":"Tingimused - WellStore ONLINE","isPartOf":{"@id":"https:\/\/wellstore.online\/#website"},"datePublished":"2022-09-22T09:07:55+00:00","dateModified":"2025-10-14T17:19:25+00:00","breadcrumb":{"@id":"https:\/\/wellstore.online\/conditions-rules\/#breadcrumb"},"inLanguage":"et","potentialAction":[{"@type":"ReadAction","target":["https:\/\/wellstore.online\/conditions-rules\/"]}]},{"@type":"BreadcrumbList","@id":"https:\/\/wellstore.online\/conditions-rules\/#breadcrumb","itemListElement":[{"@type":"ListItem","position":1,"name":"Home","item":"https:\/\/wellstore.online\/"},{"@type":"ListItem","position":2,"name":"Conditions &#038; Rules"}]},{"@type":"WebSite","@id":"https:\/\/wellstore.online\/#website","url":"https:\/\/wellstore.online\/","name":"WellStore ONLINE","description":"","potentialAction":[{"@type":"SearchAction","target":{"@type":"EntryPoint","urlTemplate":"https:\/\/wellstore.online\/?s={search_term_string}"},"query-input":{"@type":"PropertyValueSpecification","valueRequired":true,"valueName":"search_term_string"}}],"inLanguage":"et"}]}},"_links":{"self":[{"href":"https:\/\/wellstore.online\/et\/wp-json\/wp\/v2\/pages\/7106","targetHints":{"allow":["GET"]}}],"collection":[{"href":"https:\/\/wellstore.online\/et\/wp-json\/wp\/v2\/pages"}],"about":[{"href":"https:\/\/wellstore.online\/et\/wp-json\/wp\/v2\/types\/page"}],"author":[{"embeddable":true,"href":"https:\/\/wellstore.online\/et\/wp-json\/wp\/v2\/users\/1"}],"replies":[{"embeddable":true,"href":"https:\/\/wellstore.online\/et\/wp-json\/wp\/v2\/comments?post=7106"}],"version-history":[{"count":0,"href":"https:\/\/wellstore.online\/et\/wp-json\/wp\/v2\/pages\/7106\/revisions"}],"wp:attachment":[{"href":"https:\/\/wellstore.online\/et\/wp-json\/wp\/v2\/media?parent=7106"}],"curies":[{"name":"wp","href":"https:\/\/api.w.org\/{rel}","templated":true}]}}