{"id":6303,"date":"2022-09-18T12:50:24","date_gmt":"2022-09-18T09:50:24","guid":{"rendered":"http:\/\/box2520.temp.domains\/~wellstor\/?post_type=product&#038;p=6303"},"modified":"2025-09-27T19:39:38","modified_gmt":"2025-09-27T16:39:38","slug":"roninstone","status":"publish","type":"product","link":"https:\/\/wellstore.online\/et\/toode-2\/roninstone\/","title":{"rendered":"RoninStone"},"content":{"rendered":"<div data-elementor-type=\"product-post\" data-elementor-id=\"6303\" class=\"elementor elementor-6303\" data-elementor-post-type=\"product\">\n\t\t\t\t\t\t<section class=\"elementor-section elementor-top-section elementor-element elementor-element-52ef09fa elementor-section-boxed elementor-section-height-default elementor-section-height-default\" data-id=\"52ef09fa\" data-element_type=\"section\" data-e-type=\"section\">\n\t\t\t\t\t\t<div class=\"elementor-container elementor-column-gap-default\">\n\t\t\t\t\t<div class=\"elementor-column elementor-col-100 elementor-top-column elementor-element elementor-element-7983f83d\" data-id=\"7983f83d\" data-element_type=\"column\" data-e-type=\"column\">\n\t\t\t<div class=\"elementor-widget-wrap elementor-element-populated\">\n\t\t\t\t\t\t<div class=\"elementor-element elementor-element-264e9c50 elementor-widget elementor-widget-text-editor\" data-id=\"264e9c50\" data-element_type=\"widget\" data-e-type=\"widget\" data-widget_type=\"text-editor.default\">\n\t\t\t\t<div class=\"elementor-widget-container\">\n\t\t\t\t\t\t\t\t\t<ul class=\"ul1\"><li class=\"li1\">RoninStone\u00ae veekivi on valmistatud k\u00f5rgekvaliteedilisest korundist. Sellel on ainulaadne v\u00f5ime teritada metallist terasid. Kvaliteedi tagamiseks on see l\u00e4binud 17 spetsiaalset testi ja 3 kvaliteedikontrolli.<\/li><\/ul><ul class=\"ul1\"><li class=\"li1 translation-block\">Komplekti kuulub k\u00f5rgeima kvaliteediga kahepoolne kivi, millel on 2 teravusastet - #1000\/#6000. Bambusest libisemisvastane alus, silikoonist kivihoidja, pinna tasanduskivi, k\u00e4epide, kasutusjuhend.<\/li><\/ul><ul class=\"ul1\"><li class=\"li1\">V\u00f5ib kasutada k\u00f5ikide metallterade, k\u00e4\u00e4ride ja t\u00f6\u00f6vahendite teritamiseks. Ei sobi keraamiliste nugade teritamiseks.\u00a0<\/li><li class=\"li1\">See on ideaalne kingitus s\u00f5pradele ja perekonnale.<\/li><\/ul>\t\t\t\t\t\t\t\t<\/div>\n\t\t\t\t<\/div>\n\t\t\t\t<div class=\"elementor-element elementor-element-3d41398 elementor-widget elementor-widget-video\" data-id=\"3d41398\" data-element_type=\"widget\" data-e-type=\"widget\" data-settings=\"{&quot;video_type&quot;:&quot;vimeo&quot;,&quot;autoplay&quot;:&quot;yes&quot;,&quot;play_on_mobile&quot;:&quot;yes&quot;}\" data-widget_type=\"video.default\">\n\t\t\t\t<div class=\"elementor-widget-container\">\n\t\t\t\t\t\t\t<div class=\"elementor-wrapper elementor-open-inline\">\n\t\t\t<iframe class=\"elementor-video-iframe\" allowfullscreen allow=\"autoplay\" title=\"vimeo videom\u00e4ngija\" src=\"https:\/\/player.vimeo.com\/video\/744156807?autoplay=1&amp;playsinline=1&amp;color&amp;autopause=0&amp;loop=0&amp;muted=0&amp;title=0&amp;portrait=0&amp;byline=0&amp;h=8b99016b84#t=\"><\/iframe>\t\t<\/div>\n\t\t\t\t\t\t<\/div>\n\t\t\t\t<\/div>\n\t\t\t\t\t<\/div>\n\t\t<\/div>\n\t\t\t\t\t<\/div>\n\t\t<\/section>\n\t\t\t\t<\/div>","protected":false},"excerpt":{"rendered":"<p>Jaapani veekiviga noa terituss\u00fcsteem<\/p>","protected":false},"featured_media":6163,"template":"","meta":[],"product_brand":[],"product_cat":[55,47,72],"product_tag":[],"class_list":{"0":"post-6303","1":"product","2":"type-product","3":"status-publish","4":"has-post-thumbnail","6":"product_cat-household","7":"product_cat-men","8":"product_cat-kitchen","10":"first","11":"instock","12":"sale","13":"shipping-taxable","14":"purchasable","15":"product-type-simple"},"yoast_head":"<!-- This site is optimized with the Yoast SEO Premium plugin v26.3 (Yoast SEO v26.3) - https:\/\/yoast.com\/wordpress\/plugins\/seo\/ -->\n<title>RoninStone - WellStore ONLINE<\/title>\n<meta name=\"robots\" content=\"index, follow, max-snippet:-1, max-image-preview:large, max-video-preview:-1\" \/>\n<link rel=\"canonical\" href=\"https:\/\/wellstore.online\/et\/toode-2\/roninstone\/\" \/>\n<meta property=\"og:locale\" content=\"et_EE\" \/>\n<meta property=\"og:type\" content=\"article\" \/>\n<meta property=\"og:title\" content=\"RoninStone\" \/>\n<meta property=\"og:description\" content=\"Jap\u0101\u0146u \u016bdensakmens na\u017eu asin\u0101\u0161anas sist\u0113ma\" \/>\n<meta property=\"og:url\" content=\"https:\/\/wellstore.online\/et\/toode-2\/roninstone\/\" \/>\n<meta property=\"og:site_name\" content=\"WellStore ONLINE\" \/>\n<meta property=\"article:modified_time\" content=\"2025-09-27T16:39:38+00:00\" \/>\n<meta property=\"og:image\" content=\"https:\/\/wellstore.online\/wp-content\/uploads\/2022\/09\/WetStone0001.jpeg\" \/>\n\t<meta property=\"og:image:width\" content=\"600\" \/>\n\t<meta property=\"og:image:height\" content=\"600\" \/>\n\t<meta property=\"og:image:type\" content=\"image\/jpeg\" \/>\n<meta name=\"twitter:card\" content=\"summary_large_image\" \/>\n<meta name=\"twitter:label1\" content=\"Est. reading time\" \/>\n\t<meta name=\"twitter:data1\" content=\"1 minut\" \/>\n<script type=\"application\/ld+json\" class=\"yoast-schema-graph\">{\"@context\":\"https:\/\/schema.org\",\"@graph\":[{\"@type\":\"WebPage\",\"@id\":\"https:\/\/wellstore.online\/product\/roninstone\/\",\"url\":\"https:\/\/wellstore.online\/product\/roninstone\/\",\"name\":\"RoninStone - WellStore ONLINE\",\"isPartOf\":{\"@id\":\"https:\/\/wellstore.online\/#website\"},\"primaryImageOfPage\":{\"@id\":\"https:\/\/wellstore.online\/product\/roninstone\/#primaryimage\"},\"image\":{\"@id\":\"https:\/\/wellstore.online\/product\/roninstone\/#primaryimage\"},\"thumbnailUrl\":\"https:\/\/wellstore.online\/wp-content\/uploads\/2022\/09\/WetStone0001.jpeg\",\"datePublished\":\"2022-09-18T09:50:24+00:00\",\"dateModified\":\"2025-09-27T16:39:38+00:00\",\"breadcrumb\":{\"@id\":\"https:\/\/wellstore.online\/product\/roninstone\/#breadcrumb\"},\"inLanguage\":\"et\",\"potentialAction\":[{\"@type\":\"ReadAction\",\"target\":[\"https:\/\/wellstore.online\/product\/roninstone\/\"]}]},{\"@type\":\"ImageObject\",\"inLanguage\":\"et\",\"@id\":\"https:\/\/wellstore.online\/product\/roninstone\/#primaryimage\",\"url\":\"https:\/\/wellstore.online\/wp-content\/uploads\/2022\/09\/WetStone0001.jpeg\",\"contentUrl\":\"https:\/\/wellstore.online\/wp-content\/uploads\/2022\/09\/WetStone0001.jpeg\",\"width\":600,\"height\":600},{\"@type\":\"BreadcrumbList\",\"@id\":\"https:\/\/wellstore.online\/product\/roninstone\/#breadcrumb\",\"itemListElement\":[{\"@type\":\"ListItem\",\"position\":1,\"name\":\"Home\",\"item\":\"https:\/\/wellstore.online\/\"},{\"@type\":\"ListItem\",\"position\":2,\"name\":\"Shop\",\"item\":\"https:\/\/wellstore.online\/sv\/butik\/\"},{\"@type\":\"ListItem\",\"position\":3,\"name\":\"RoninStone\"}]},{\"@type\":\"WebSite\",\"@id\":\"https:\/\/wellstore.online\/#website\",\"url\":\"https:\/\/wellstore.online\/\",\"name\":\"WellStore ONLINE\",\"description\":\"\",\"potentialAction\":[{\"@type\":\"SearchAction\",\"target\":{\"@type\":\"EntryPoint\",\"urlTemplate\":\"https:\/\/wellstore.online\/?s={search_term_string}\"},\"query-input\":{\"@type\":\"PropertyValueSpecification\",\"valueRequired\":true,\"valueName\":\"search_term_string\"}}],\"inLanguage\":\"et\"}]}<\/script>\n<!-- \/ Yoast SEO Premium plugin. -->","yoast_head_json":{"title":"RoninStone - WellStore ONLINE","robots":{"index":"index","follow":"follow","max-snippet":"max-snippet:-1","max-image-preview":"max-image-preview:large","max-video-preview":"max-video-preview:-1"},"canonical":"https:\/\/wellstore.online\/et\/toode-2\/roninstone\/","og_locale":"et_EE","og_type":"article","og_title":"RoninStone","og_description":"Jap\u0101\u0146u \u016bdensakmens na\u017eu asin\u0101\u0161anas sist\u0113ma","og_url":"https:\/\/wellstore.online\/et\/toode-2\/roninstone\/","og_site_name":"WellStore ONLINE","article_modified_time":"2025-09-27T16:39:38+00:00","og_image":[{"width":600,"height":600,"url":"https:\/\/wellstore.online\/wp-content\/uploads\/2022\/09\/WetStone0001.jpeg","type":"image\/jpeg"}],"twitter_card":"summary_large_image","twitter_misc":{"Est. reading time":"1 minut"},"schema":{"@context":"https:\/\/schema.org","@graph":[{"@type":"WebPage","@id":"https:\/\/wellstore.online\/product\/roninstone\/","url":"https:\/\/wellstore.online\/product\/roninstone\/","name":"RoninStone - WellStore ONLINE","isPartOf":{"@id":"https:\/\/wellstore.online\/#website"},"primaryImageOfPage":{"@id":"https:\/\/wellstore.online\/product\/roninstone\/#primaryimage"},"image":{"@id":"https:\/\/wellstore.online\/product\/roninstone\/#primaryimage"},"thumbnailUrl":"https:\/\/wellstore.online\/wp-content\/uploads\/2022\/09\/WetStone0001.jpeg","datePublished":"2022-09-18T09:50:24+00:00","dateModified":"2025-09-27T16:39:38+00:00","breadcrumb":{"@id":"https:\/\/wellstore.online\/product\/roninstone\/#breadcrumb"},"inLanguage":"et","potentialAction":[{"@type":"ReadAction","target":["https:\/\/wellstore.online\/product\/roninstone\/"]}]},{"@type":"ImageObject","inLanguage":"et","@id":"https:\/\/wellstore.online\/product\/roninstone\/#primaryimage","url":"https:\/\/wellstore.online\/wp-content\/uploads\/2022\/09\/WetStone0001.jpeg","contentUrl":"https:\/\/wellstore.online\/wp-content\/uploads\/2022\/09\/WetStone0001.jpeg","width":600,"height":600},{"@type":"BreadcrumbList","@id":"https:\/\/wellstore.online\/product\/roninstone\/#breadcrumb","itemListElement":[{"@type":"ListItem","position":1,"name":"Home","item":"https:\/\/wellstore.online\/"},{"@type":"ListItem","position":2,"name":"Shop","item":"https:\/\/wellstore.online\/sv\/butik\/"},{"@type":"ListItem","position":3,"name":"RoninStone"}]},{"@type":"WebSite","@id":"https:\/\/wellstore.online\/#website","url":"https:\/\/wellstore.online\/","name":"WellStore ONLINE","description":"","potentialAction":[{"@type":"SearchAction","target":{"@type":"EntryPoint","urlTemplate":"https:\/\/wellstore.online\/?s={search_term_string}"},"query-input":{"@type":"PropertyValueSpecification","valueRequired":true,"valueName":"search_term_string"}}],"inLanguage":"et"}]}},"_links":{"self":[{"href":"https:\/\/wellstore.online\/et\/wp-json\/wp\/v2\/product\/6303","targetHints":{"allow":["GET"]}}],"collection":[{"href":"https:\/\/wellstore.online\/et\/wp-json\/wp\/v2\/product"}],"about":[{"href":"https:\/\/wellstore.online\/et\/wp-json\/wp\/v2\/types\/product"}],"version-history":[{"count":0,"href":"https:\/\/wellstore.online\/et\/wp-json\/wp\/v2\/product\/6303\/revisions"}],"wp:featuredmedia":[{"embeddable":true,"href":"https:\/\/wellstore.online\/et\/wp-json\/wp\/v2\/media\/6163"}],"wp:attachment":[{"href":"https:\/\/wellstore.online\/et\/wp-json\/wp\/v2\/media?parent=6303"}],"wp:term":[{"taxonomy":"product_brand","embeddable":true,"href":"https:\/\/wellstore.online\/et\/wp-json\/wp\/v2\/product_brand?post=6303"},{"taxonomy":"product_cat","embeddable":true,"href":"https:\/\/wellstore.online\/et\/wp-json\/wp\/v2\/product_cat?post=6303"},{"taxonomy":"product_tag","embeddable":true,"href":"https:\/\/wellstore.online\/et\/wp-json\/wp\/v2\/product_tag?post=6303"}],"curies":[{"name":"wp","href":"https:\/\/api.w.org\/{rel}","templated":true}]}}