{"id":6821,"date":"2022-09-21T15:04:53","date_gmt":"2022-09-21T12:04:53","guid":{"rendered":"http:\/\/box2520.temp.domains\/~wellstor\/?post_type=product&#038;p=6821"},"modified":"2025-10-15T08:29:34","modified_gmt":"2025-10-15T05:29:34","slug":"skaudistiilis-2022","status":"publish","type":"product","link":"https:\/\/wellstore.online\/et\/toode-2\/skaudistiilis-2022\/","title":{"rendered":"Scout Style 2024"},"content":{"rendered":"<div data-elementor-type=\"product-post\" data-elementor-id=\"6821\" class=\"elementor elementor-6821\" data-elementor-post-type=\"product\">\n\t\t\t\t\t\t<section class=\"elementor-section elementor-top-section elementor-element elementor-element-a795ca4 elementor-section-boxed elementor-section-height-default elementor-section-height-default\" data-id=\"a795ca4\" data-element_type=\"section\" data-e-type=\"section\">\n\t\t\t\t\t\t<div class=\"elementor-container elementor-column-gap-default\">\n\t\t\t\t\t<div class=\"elementor-column elementor-col-100 elementor-top-column elementor-element elementor-element-16e4c546\" data-id=\"16e4c546\" data-element_type=\"column\" data-e-type=\"column\">\n\t\t\t<div class=\"elementor-widget-wrap elementor-element-populated\">\n\t\t\t\t\t\t<div class=\"elementor-element elementor-element-5d5f94a1 elementor-widget elementor-widget-text-editor\" data-id=\"5d5f94a1\" data-element_type=\"widget\" data-e-type=\"widget\" data-widget_type=\"text-editor.default\">\n\t\t\t\t<div class=\"elementor-widget-container\">\n\t\t\t\t\t\t\t\t\t<b>Originaalne kvaliteetne s\u00f5jav\u00e4elise disainiga meeste k\u00e4ekell, millel on \u00fclit\u00e4pne Jaapani kvartsmehhanism ja \u00f6ine valgustus.<\/b><br><br>\n\n\n<ul>\n \t<li>Veekindel<\/li>\n<\/ul>\n<ul>\n \t<li>L\u00f6\u00f6gikindel<\/li>\n<\/ul>\n<ul>\n \t<li>Kriimustuskindel<\/li>\n<\/ul>\nKomplekti kuulub ilus kinkekarp. Garantii: 2 aastat.\t\t\t\t\t\t\t\t<\/div>\n\t\t\t\t<\/div>\n\t\t\t\t<div class=\"elementor-element elementor-element-6eb6455 elementor-widget elementor-widget-video\" data-id=\"6eb6455\" data-element_type=\"widget\" data-e-type=\"widget\" data-settings=\"{&quot;video_type&quot;:&quot;vimeo&quot;}\" data-widget_type=\"video.default\">\n\t\t\t\t<div class=\"elementor-widget-container\">\n\t\t\t\t\t\t\t<div class=\"elementor-wrapper elementor-open-inline\">\n\t\t\t<iframe class=\"elementor-video-iframe\" allowfullscreen allow=\"clipboard-write\" title=\"vimeo videom\u00e4ngija\" src=\"https:\/\/player.vimeo.com\/video\/777002676?color&amp;autopause=0&amp;loop=0&amp;muted=0&amp;title=0&amp;portrait=0&amp;byline=0#t=\"><\/iframe>\t\t<\/div>\n\t\t\t\t\t\t<\/div>\n\t\t\t\t<\/div>\n\t\t\t\t\t<\/div>\n\t\t<\/div>\n\t\t\t\t\t<\/div>\n\t\t<\/section>\n\t\t\t\t<\/div>","protected":false},"excerpt":{"rendered":"<p>S\u00f5jav\u00e4e k\u00e4ekell<\/p>","protected":false},"featured_media":10299,"template":"","meta":[],"product_brand":[],"product_cat":[15,47],"product_tag":[],"class_list":{"0":"post-6821","1":"product","2":"type-product","3":"status-publish","4":"has-post-thumbnail","6":"product_cat-gifts","7":"product_cat-men","9":"first","10":"instock","11":"shipping-taxable","12":"purchasable","13":"product-type-simple"},"yoast_head":"<!-- This site is optimized with the Yoast SEO Premium plugin v26.3 (Yoast SEO v26.3) - https:\/\/yoast.com\/wordpress\/plugins\/seo\/ -->\n<title>Scout Style 2024 - WellStore ONLINE<\/title>\n<meta name=\"robots\" content=\"index, follow, max-snippet:-1, max-image-preview:large, max-video-preview:-1\" \/>\n<link rel=\"canonical\" href=\"https:\/\/wellstore.online\/et\/toode-2\/skaudistiilis-2022\/\" \/>\n<meta property=\"og:locale\" content=\"et_EE\" \/>\n<meta property=\"og:type\" content=\"article\" \/>\n<meta property=\"og:title\" content=\"Scout Style 2024\" \/>\n<meta property=\"og:description\" content=\"Milit\u0101r\u0101 dizaina rokaspulkstenis\" \/>\n<meta property=\"og:url\" content=\"https:\/\/wellstore.online\/et\/toode-2\/skaudistiilis-2022\/\" \/>\n<meta property=\"og:site_name\" content=\"WellStore ONLINE\" \/>\n<meta property=\"article:modified_time\" content=\"2025-10-15T05:29:34+00:00\" \/>\n<meta property=\"og:image\" content=\"https:\/\/wellstore.online\/wp-content\/uploads\/2022\/09\/SC5.jpg\" \/>\n\t<meta property=\"og:image:width\" content=\"694\" \/>\n\t<meta property=\"og:image:height\" content=\"701\" \/>\n\t<meta property=\"og:image:type\" content=\"image\/jpeg\" \/>\n<meta name=\"twitter:card\" content=\"summary_large_image\" \/>\n<script type=\"application\/ld+json\" class=\"yoast-schema-graph\">{\"@context\":\"https:\/\/schema.org\",\"@graph\":[{\"@type\":\"WebPage\",\"@id\":\"https:\/\/wellstore.online\/fi\/tuote\/partiotyyli-2022\/\",\"url\":\"https:\/\/wellstore.online\/fi\/tuote\/partiotyyli-2022\/\",\"name\":\"Scout Style 2024 - WellStore ONLINE\",\"isPartOf\":{\"@id\":\"https:\/\/wellstore.online\/#website\"},\"primaryImageOfPage\":{\"@id\":\"https:\/\/wellstore.online\/fi\/tuote\/partiotyyli-2022\/#primaryimage\"},\"image\":{\"@id\":\"https:\/\/wellstore.online\/fi\/tuote\/partiotyyli-2022\/#primaryimage\"},\"thumbnailUrl\":\"https:\/\/wellstore.online\/wp-content\/uploads\/2022\/09\/SC5.jpg\",\"datePublished\":\"2022-09-21T12:04:53+00:00\",\"dateModified\":\"2025-10-15T05:29:34+00:00\",\"breadcrumb\":{\"@id\":\"https:\/\/wellstore.online\/fi\/tuote\/partiotyyli-2022\/#breadcrumb\"},\"inLanguage\":\"et\",\"potentialAction\":[{\"@type\":\"ReadAction\",\"target\":[\"https:\/\/wellstore.online\/fi\/tuote\/partiotyyli-2022\/\"]}]},{\"@type\":\"ImageObject\",\"inLanguage\":\"et\",\"@id\":\"https:\/\/wellstore.online\/fi\/tuote\/partiotyyli-2022\/#primaryimage\",\"url\":\"https:\/\/wellstore.online\/wp-content\/uploads\/2022\/09\/SC5.jpg\",\"contentUrl\":\"https:\/\/wellstore.online\/wp-content\/uploads\/2022\/09\/SC5.jpg\",\"width\":694,\"height\":701},{\"@type\":\"BreadcrumbList\",\"@id\":\"https:\/\/wellstore.online\/fi\/tuote\/partiotyyli-2022\/#breadcrumb\",\"itemListElement\":[{\"@type\":\"ListItem\",\"position\":1,\"name\":\"Home\",\"item\":\"https:\/\/wellstore.online\/\"},{\"@type\":\"ListItem\",\"position\":2,\"name\":\"Shop\",\"item\":\"https:\/\/wellstore.online\/sv\/butik\/\"},{\"@type\":\"ListItem\",\"position\":3,\"name\":\"Scout Style 2024\"}]},{\"@type\":\"WebSite\",\"@id\":\"https:\/\/wellstore.online\/#website\",\"url\":\"https:\/\/wellstore.online\/\",\"name\":\"WellStore ONLINE\",\"description\":\"\",\"potentialAction\":[{\"@type\":\"SearchAction\",\"target\":{\"@type\":\"EntryPoint\",\"urlTemplate\":\"https:\/\/wellstore.online\/?s={search_term_string}\"},\"query-input\":{\"@type\":\"PropertyValueSpecification\",\"valueRequired\":true,\"valueName\":\"search_term_string\"}}],\"inLanguage\":\"et\"}]}<\/script>\n<!-- \/ Yoast SEO Premium plugin. -->","yoast_head_json":{"title":"Scout Style 2024 - WellStore ONLINE","robots":{"index":"index","follow":"follow","max-snippet":"max-snippet:-1","max-image-preview":"max-image-preview:large","max-video-preview":"max-video-preview:-1"},"canonical":"https:\/\/wellstore.online\/et\/toode-2\/skaudistiilis-2022\/","og_locale":"et_EE","og_type":"article","og_title":"Scout Style 2024","og_description":"Milit\u0101r\u0101 dizaina rokaspulkstenis","og_url":"https:\/\/wellstore.online\/et\/toode-2\/skaudistiilis-2022\/","og_site_name":"WellStore ONLINE","article_modified_time":"2025-10-15T05:29:34+00:00","og_image":[{"width":694,"height":701,"url":"https:\/\/wellstore.online\/wp-content\/uploads\/2022\/09\/SC5.jpg","type":"image\/jpeg"}],"twitter_card":"summary_large_image","schema":{"@context":"https:\/\/schema.org","@graph":[{"@type":"WebPage","@id":"https:\/\/wellstore.online\/fi\/tuote\/partiotyyli-2022\/","url":"https:\/\/wellstore.online\/fi\/tuote\/partiotyyli-2022\/","name":"Scout Style 2024 - WellStore ONLINE","isPartOf":{"@id":"https:\/\/wellstore.online\/#website"},"primaryImageOfPage":{"@id":"https:\/\/wellstore.online\/fi\/tuote\/partiotyyli-2022\/#primaryimage"},"image":{"@id":"https:\/\/wellstore.online\/fi\/tuote\/partiotyyli-2022\/#primaryimage"},"thumbnailUrl":"https:\/\/wellstore.online\/wp-content\/uploads\/2022\/09\/SC5.jpg","datePublished":"2022-09-21T12:04:53+00:00","dateModified":"2025-10-15T05:29:34+00:00","breadcrumb":{"@id":"https:\/\/wellstore.online\/fi\/tuote\/partiotyyli-2022\/#breadcrumb"},"inLanguage":"et","potentialAction":[{"@type":"ReadAction","target":["https:\/\/wellstore.online\/fi\/tuote\/partiotyyli-2022\/"]}]},{"@type":"ImageObject","inLanguage":"et","@id":"https:\/\/wellstore.online\/fi\/tuote\/partiotyyli-2022\/#primaryimage","url":"https:\/\/wellstore.online\/wp-content\/uploads\/2022\/09\/SC5.jpg","contentUrl":"https:\/\/wellstore.online\/wp-content\/uploads\/2022\/09\/SC5.jpg","width":694,"height":701},{"@type":"BreadcrumbList","@id":"https:\/\/wellstore.online\/fi\/tuote\/partiotyyli-2022\/#breadcrumb","itemListElement":[{"@type":"ListItem","position":1,"name":"Home","item":"https:\/\/wellstore.online\/"},{"@type":"ListItem","position":2,"name":"Shop","item":"https:\/\/wellstore.online\/sv\/butik\/"},{"@type":"ListItem","position":3,"name":"Scout Style 2024"}]},{"@type":"WebSite","@id":"https:\/\/wellstore.online\/#website","url":"https:\/\/wellstore.online\/","name":"WellStore ONLINE","description":"","potentialAction":[{"@type":"SearchAction","target":{"@type":"EntryPoint","urlTemplate":"https:\/\/wellstore.online\/?s={search_term_string}"},"query-input":{"@type":"PropertyValueSpecification","valueRequired":true,"valueName":"search_term_string"}}],"inLanguage":"et"}]}},"_links":{"self":[{"href":"https:\/\/wellstore.online\/et\/wp-json\/wp\/v2\/product\/6821","targetHints":{"allow":["GET"]}}],"collection":[{"href":"https:\/\/wellstore.online\/et\/wp-json\/wp\/v2\/product"}],"about":[{"href":"https:\/\/wellstore.online\/et\/wp-json\/wp\/v2\/types\/product"}],"version-history":[{"count":0,"href":"https:\/\/wellstore.online\/et\/wp-json\/wp\/v2\/product\/6821\/revisions"}],"wp:featuredmedia":[{"embeddable":true,"href":"https:\/\/wellstore.online\/et\/wp-json\/wp\/v2\/media\/10299"}],"wp:attachment":[{"href":"https:\/\/wellstore.online\/et\/wp-json\/wp\/v2\/media?parent=6821"}],"wp:term":[{"taxonomy":"product_brand","embeddable":true,"href":"https:\/\/wellstore.online\/et\/wp-json\/wp\/v2\/product_brand?post=6821"},{"taxonomy":"product_cat","embeddable":true,"href":"https:\/\/wellstore.online\/et\/wp-json\/wp\/v2\/product_cat?post=6821"},{"taxonomy":"product_tag","embeddable":true,"href":"https:\/\/wellstore.online\/et\/wp-json\/wp\/v2\/product_tag?post=6821"}],"curies":[{"name":"wp","href":"https:\/\/api.w.org\/{rel}","templated":true}]}}