{"id":6877,"date":"2022-09-21T15:45:03","date_gmt":"2022-09-21T12:45:03","guid":{"rendered":"http:\/\/box2520.temp.domains\/~wellstor\/?post_type=product&#038;p=6877"},"modified":"2025-10-15T08:28:44","modified_gmt":"2025-10-15T05:28:44","slug":"mb-belt","status":"publish","type":"product","link":"https:\/\/wellstore.online\/et\/toode-2\/mb-belt\/","title":{"rendered":"DOUNTO S\u00d5JALINE V\u00d6\u00d6"},"content":{"rendered":"<div data-elementor-type=\"product-post\" data-elementor-id=\"6877\" class=\"elementor elementor-6877\" data-elementor-post-type=\"product\">\n\t\t\t\t\t\t<section class=\"elementor-section elementor-top-section elementor-element elementor-element-6da18e48 elementor-section-boxed elementor-section-height-default elementor-section-height-default\" data-id=\"6da18e48\" data-element_type=\"section\" data-e-type=\"section\">\n\t\t\t\t\t\t<div class=\"elementor-container elementor-column-gap-default\">\n\t\t\t\t\t<div class=\"elementor-column elementor-col-100 elementor-top-column elementor-element elementor-element-448aa735\" data-id=\"448aa735\" data-element_type=\"column\" data-e-type=\"column\">\n\t\t\t<div class=\"elementor-widget-wrap elementor-element-populated\">\n\t\t\t\t\t\t<div class=\"elementor-element elementor-element-37d3b515 elementor-widget elementor-widget-text-editor\" data-id=\"37d3b515\" data-element_type=\"widget\" data-e-type=\"widget\" data-widget_type=\"text-editor.default\">\n\t\t\t\t<div class=\"elementor-widget-container\">\n\t\t\t\t\t\t\t\t\t<p><strong>Kalameestele, jahimeestele, turvameestele, k\u00f5igile neile, kes j\u00e4rgivad aktiivset elustiili, samuti... suurtele meestele!<br \/><\/strong><br \/>V\u00f6\u00f6 on valmistatud vastupidavast nailon\/ elastaan kangast koos kerge metall pandlaga, millel on patenteeritud mehhanism.<\/p><p>\u00a0<\/p><p><strong>Peamised eelised:<\/strong><\/p><p>\u2022 Lihtne kinnitusmehhanism<br \/>\u2022 Elastiline materjal \"ei pigista\" v\u00f6\u00f6kohta<br \/>\u2022 Ei kuumene ega pane higistama<br \/>\u2022 Pikkus 125cm (reguleeritav k\u00f5ikidele suurustele)<br \/>\u2022 Praktiliselt h\u00e4vimatu<\/p><p>V\u00e4rv: must<br \/>T\u00e4helepanu. 14 p\u00e4eva tarne selle eseme jaoks<\/p>\t\t\t\t\t\t\t\t<\/div>\n\t\t\t\t<\/div>\n\t\t\t\t<div class=\"elementor-element elementor-element-64ad2b7 elementor-widget elementor-widget-video\" data-id=\"64ad2b7\" data-element_type=\"widget\" data-e-type=\"widget\" data-settings=\"{&quot;video_type&quot;:&quot;hosted&quot;,&quot;loop&quot;:&quot;yes&quot;,&quot;controls&quot;:&quot;yes&quot;}\" data-widget_type=\"video.default\">\n\t\t\t\t<div class=\"elementor-widget-container\">\n\t\t\t\t\t\t\t<div class=\"e-hosted-video elementor-wrapper elementor-open-inline\">\n\t\t\t\t\t<video class=\"elementor-video\" src=\"https:\/\/wellstore.online\/wp-content\/uploads\/2022\/09\/ff2db40032a86ac0c40f69029279cd7b7f1895be.f30.mp4\" loop=\"\" controls=\"\" preload=\"metadata\" controlslist=\"nodownload\"><\/video>\n\t\t\t\t<\/div>\n\t\t\t\t\t\t<\/div>\n\t\t\t\t<\/div>\n\t\t\t\t\t<\/div>\n\t\t<\/div>\n\t\t\t\t\t<\/div>\n\t\t<\/section>\n\t\t\t\t<\/div>","protected":false},"excerpt":{"rendered":"<p>S\u00f5jav\u00e4e disainiga v\u00f6\u00f6<\/p>","protected":false},"featured_media":19835,"template":"","meta":[],"product_brand":[],"product_cat":[15,69,47],"product_tag":[],"class_list":{"0":"post-6877","1":"product","2":"type-product","3":"status-publish","4":"has-post-thumbnail","6":"product_cat-gifts","7":"product_cat-women","8":"product_cat-men","10":"first","11":"instock","12":"sale","13":"shipping-taxable","14":"purchasable","15":"product-type-simple"},"yoast_head":"<!-- This site is optimized with the Yoast SEO Premium plugin v26.3 (Yoast SEO v26.3) - https:\/\/yoast.com\/wordpress\/plugins\/seo\/ -->\n<title>DOUNTO MILIT\u0100R\u0100 JOSTA - WellStore ONLINE<\/title>\n<meta name=\"robots\" content=\"index, follow, max-snippet:-1, max-image-preview:large, max-video-preview:-1\" \/>\n<link rel=\"canonical\" href=\"https:\/\/wellstore.online\/et\/toode-2\/mb-belt\/\" \/>\n<meta property=\"og:locale\" content=\"et_EE\" \/>\n<meta property=\"og:type\" content=\"article\" \/>\n<meta property=\"og:title\" content=\"DOUNTO MILIT\u0100R\u0100 JOSTA\" \/>\n<meta property=\"og:description\" content=\"Milit\u0101ra dizaina josta ar \u0101tro aizdari\" \/>\n<meta property=\"og:url\" content=\"https:\/\/wellstore.online\/et\/toode-2\/mb-belt\/\" \/>\n<meta property=\"og:site_name\" content=\"WellStore ONLINE\" \/>\n<meta property=\"article:modified_time\" content=\"2025-10-15T05:28:44+00:00\" \/>\n<meta property=\"og:image\" content=\"https:\/\/wellstore.online\/wp-content\/uploads\/2022\/09\/f4de365c-7c71-42b8-8d68-43b7f54c417b.webp\" \/>\n\t<meta property=\"og:image:width\" content=\"800\" \/>\n\t<meta property=\"og:image:height\" content=\"800\" \/>\n\t<meta property=\"og:image:type\" content=\"image\/webp\" \/>\n<meta name=\"twitter:card\" content=\"summary_large_image\" \/>\n<meta name=\"twitter:label1\" content=\"Est. reading time\" \/>\n\t<meta name=\"twitter:data1\" content=\"1 minut\" \/>\n<script type=\"application\/ld+json\" class=\"yoast-schema-graph\">{\"@context\":\"https:\/\/schema.org\",\"@graph\":[{\"@type\":\"WebPage\",\"@id\":\"https:\/\/wellstore.online\/et\/toode-2\/mb-belt\/\",\"url\":\"https:\/\/wellstore.online\/et\/toode-2\/mb-belt\/\",\"name\":\"DOUNTO MILIT\u0100R\u0100 JOSTA - WellStore ONLINE\",\"isPartOf\":{\"@id\":\"https:\/\/wellstore.online\/#website\"},\"primaryImageOfPage\":{\"@id\":\"https:\/\/wellstore.online\/et\/toode-2\/mb-belt\/#primaryimage\"},\"image\":{\"@id\":\"https:\/\/wellstore.online\/et\/toode-2\/mb-belt\/#primaryimage\"},\"thumbnailUrl\":\"https:\/\/wellstore.online\/wp-content\/uploads\/2022\/09\/f4de365c-7c71-42b8-8d68-43b7f54c417b.webp\",\"datePublished\":\"2022-09-21T12:45:03+00:00\",\"dateModified\":\"2025-10-15T05:28:44+00:00\",\"breadcrumb\":{\"@id\":\"https:\/\/wellstore.online\/et\/toode-2\/mb-belt\/#breadcrumb\"},\"inLanguage\":\"et\",\"potentialAction\":[{\"@type\":\"ReadAction\",\"target\":[\"https:\/\/wellstore.online\/et\/toode-2\/mb-belt\/\"]}]},{\"@type\":\"ImageObject\",\"inLanguage\":\"et\",\"@id\":\"https:\/\/wellstore.online\/et\/toode-2\/mb-belt\/#primaryimage\",\"url\":\"https:\/\/wellstore.online\/wp-content\/uploads\/2022\/09\/f4de365c-7c71-42b8-8d68-43b7f54c417b.webp\",\"contentUrl\":\"https:\/\/wellstore.online\/wp-content\/uploads\/2022\/09\/f4de365c-7c71-42b8-8d68-43b7f54c417b.webp\",\"width\":800,\"height\":800,\"caption\":\"DOUNTO MILIT\u0100R\u0100 JOSTA\"},{\"@type\":\"BreadcrumbList\",\"@id\":\"https:\/\/wellstore.online\/et\/toode-2\/mb-belt\/#breadcrumb\",\"itemListElement\":[{\"@type\":\"ListItem\",\"position\":1,\"name\":\"Home\",\"item\":\"https:\/\/wellstore.online\/\"},{\"@type\":\"ListItem\",\"position\":2,\"name\":\"Shop\",\"item\":\"https:\/\/wellstore.online\/sv\/butik\/\"},{\"@type\":\"ListItem\",\"position\":3,\"name\":\"DOUNTO MILIT\u0100R\u0100 JOSTA\"}]},{\"@type\":\"WebSite\",\"@id\":\"https:\/\/wellstore.online\/#website\",\"url\":\"https:\/\/wellstore.online\/\",\"name\":\"WellStore ONLINE\",\"description\":\"\",\"potentialAction\":[{\"@type\":\"SearchAction\",\"target\":{\"@type\":\"EntryPoint\",\"urlTemplate\":\"https:\/\/wellstore.online\/?s={search_term_string}\"},\"query-input\":{\"@type\":\"PropertyValueSpecification\",\"valueRequired\":true,\"valueName\":\"search_term_string\"}}],\"inLanguage\":\"et\"}]}<\/script>\n<!-- \/ Yoast SEO Premium plugin. -->","yoast_head_json":{"title":"DOUNTO MILITAARIV\u00d6\u00d6\u00d6 - WellStore ONLINE","robots":{"index":"index","follow":"follow","max-snippet":"max-snippet:-1","max-image-preview":"max-image-preview:large","max-video-preview":"max-video-preview:-1"},"canonical":"https:\/\/wellstore.online\/et\/toode-2\/mb-belt\/","og_locale":"et_EE","og_type":"article","og_title":"DOUNTO MILIT\u0100R\u0100 JOSTA","og_description":"Milit\u0101ra dizaina josta ar \u0101tro aizdari","og_url":"https:\/\/wellstore.online\/et\/toode-2\/mb-belt\/","og_site_name":"WellStore ONLINE","article_modified_time":"2025-10-15T05:28:44+00:00","og_image":[{"width":800,"height":800,"url":"https:\/\/wellstore.online\/wp-content\/uploads\/2022\/09\/f4de365c-7c71-42b8-8d68-43b7f54c417b.webp","type":"image\/webp"}],"twitter_card":"summary_large_image","twitter_misc":{"Est. reading time":"1 minut"},"schema":{"@context":"https:\/\/schema.org","@graph":[{"@type":"WebPage","@id":"https:\/\/wellstore.online\/et\/toode-2\/mb-belt\/","url":"https:\/\/wellstore.online\/et\/toode-2\/mb-belt\/","name":"DOUNTO MILITAARIV\u00d6\u00d6\u00d6 - WellStore ONLINE","isPartOf":{"@id":"https:\/\/wellstore.online\/#website"},"primaryImageOfPage":{"@id":"https:\/\/wellstore.online\/et\/toode-2\/mb-belt\/#primaryimage"},"image":{"@id":"https:\/\/wellstore.online\/et\/toode-2\/mb-belt\/#primaryimage"},"thumbnailUrl":"https:\/\/wellstore.online\/wp-content\/uploads\/2022\/09\/f4de365c-7c71-42b8-8d68-43b7f54c417b.webp","datePublished":"2022-09-21T12:45:03+00:00","dateModified":"2025-10-15T05:28:44+00:00","breadcrumb":{"@id":"https:\/\/wellstore.online\/et\/toode-2\/mb-belt\/#breadcrumb"},"inLanguage":"et","potentialAction":[{"@type":"ReadAction","target":["https:\/\/wellstore.online\/et\/toode-2\/mb-belt\/"]}]},{"@type":"ImageObject","inLanguage":"et","@id":"https:\/\/wellstore.online\/et\/toode-2\/mb-belt\/#primaryimage","url":"https:\/\/wellstore.online\/wp-content\/uploads\/2022\/09\/f4de365c-7c71-42b8-8d68-43b7f54c417b.webp","contentUrl":"https:\/\/wellstore.online\/wp-content\/uploads\/2022\/09\/f4de365c-7c71-42b8-8d68-43b7f54c417b.webp","width":800,"height":800,"caption":"DOUNTO MILIT\u0100R\u0100 JOSTA"},{"@type":"BreadcrumbList","@id":"https:\/\/wellstore.online\/et\/toode-2\/mb-belt\/#breadcrumb","itemListElement":[{"@type":"ListItem","position":1,"name":"Home","item":"https:\/\/wellstore.online\/"},{"@type":"ListItem","position":2,"name":"Shop","item":"https:\/\/wellstore.online\/sv\/butik\/"},{"@type":"ListItem","position":3,"name":"DOUNTO MILIT\u0100R\u0100 JOSTA"}]},{"@type":"WebSite","@id":"https:\/\/wellstore.online\/#website","url":"https:\/\/wellstore.online\/","name":"WellStore ONLINE","description":"","potentialAction":[{"@type":"SearchAction","target":{"@type":"EntryPoint","urlTemplate":"https:\/\/wellstore.online\/?s={search_term_string}"},"query-input":{"@type":"PropertyValueSpecification","valueRequired":true,"valueName":"search_term_string"}}],"inLanguage":"et"}]}},"_links":{"self":[{"href":"https:\/\/wellstore.online\/et\/wp-json\/wp\/v2\/product\/6877","targetHints":{"allow":["GET"]}}],"collection":[{"href":"https:\/\/wellstore.online\/et\/wp-json\/wp\/v2\/product"}],"about":[{"href":"https:\/\/wellstore.online\/et\/wp-json\/wp\/v2\/types\/product"}],"version-history":[{"count":0,"href":"https:\/\/wellstore.online\/et\/wp-json\/wp\/v2\/product\/6877\/revisions"}],"wp:featuredmedia":[{"embeddable":true,"href":"https:\/\/wellstore.online\/et\/wp-json\/wp\/v2\/media\/19835"}],"wp:attachment":[{"href":"https:\/\/wellstore.online\/et\/wp-json\/wp\/v2\/media?parent=6877"}],"wp:term":[{"taxonomy":"product_brand","embeddable":true,"href":"https:\/\/wellstore.online\/et\/wp-json\/wp\/v2\/product_brand?post=6877"},{"taxonomy":"product_cat","embeddable":true,"href":"https:\/\/wellstore.online\/et\/wp-json\/wp\/v2\/product_cat?post=6877"},{"taxonomy":"product_tag","embeddable":true,"href":"https:\/\/wellstore.online\/et\/wp-json\/wp\/v2\/product_tag?post=6877"}],"curies":[{"name":"wp","href":"https:\/\/api.w.org\/{rel}","templated":true}]}}