{"id":6924,"date":"2022-09-21T16:17:20","date_gmt":"2022-09-21T13:17:20","guid":{"rendered":"http:\/\/box2520.temp.domains\/~wellstor\/?post_type=product&#038;p=6924"},"modified":"2026-02-09T17:07:55","modified_gmt":"2026-02-09T15:07:55","slug":"titan","status":"publish","type":"product","link":"https:\/\/wellstore.online\/et\/toode-2\/titan\/","title":{"rendered":"TITAN"},"content":{"rendered":"<div data-elementor-type=\"product-post\" data-elementor-id=\"6924\" class=\"elementor elementor-6924\" data-elementor-post-type=\"product\">\n\t\t\t\t\t\t<section class=\"elementor-section elementor-top-section elementor-element elementor-element-70964d70 elementor-section-boxed elementor-section-height-default elementor-section-height-default\" data-id=\"70964d70\" data-element_type=\"section\" data-e-type=\"section\">\n\t\t\t\t\t\t<div class=\"elementor-container elementor-column-gap-default\">\n\t\t\t\t\t<div class=\"elementor-column elementor-col-100 elementor-top-column elementor-element elementor-element-324afa99\" data-id=\"324afa99\" data-element_type=\"column\" data-e-type=\"column\">\n\t\t\t<div class=\"elementor-widget-wrap elementor-element-populated\">\n\t\t\t\t\t\t<div class=\"elementor-element elementor-element-478fb6c3 elementor-widget elementor-widget-text-editor\" data-id=\"478fb6c3\" data-element_type=\"widget\" data-e-type=\"widget\" data-widget_type=\"text-editor.default\">\n\t\t\t\t<div class=\"elementor-widget-container\">\n\t\t\t\t\t\t\t\t\t<p class=\" translation-block\"><b>Parim teritaja, mis teritab igasugusi nuge ja isegi k\u00e4\u00e4re kiiresti ja lihtsalt! Samuti t\u00e4iesti kulunud ja kasutatud leivanuge. TITAN\u00ae-i kasutavad ka professionaalsed kokad.<\/b><\/p><p>\u00a0<\/p><p class=\" translation-block\"><b>TITAN\u00ae-i 3 peamist eelist:<\/b><\/p><p><span data-sheets-value=\"{&quot;1&quot;:2,&quot;2&quot;:&quot;TAUPA NAUDU&quot;}\" data-sheets-userformat=\"{&quot;2&quot;:27521,&quot;3&quot;:{&quot;1&quot;:0},&quot;10&quot;:1,&quot;11&quot;:4,&quot;12&quot;:0,&quot;14&quot;:{&quot;1&quot;:3,&quot;3&quot;:1},&quot;16&quot;:11,&quot;17&quot;:1}\"><b>S\u00e4\u00e4sta raha<\/b><br \/><\/span>Isegi teie vanu nuge saab uuesti kasutada! Kui tahate oma vanu nuge \u00e4ra visata, arvates, et need on halva kvaliteedi t\u00f5ttu n\u00fcrid, siis kasutades TITAN\u00ae teritajat, muutuvad need taas \u00fcliteravaks, nii et te ei pea uusi ja kalleid ostma!<\/p><p><b>Paprasta naudoti<\/b><br \/>Noa teritamiseks t\u00f5mmake tera paar korda l\u00e4bi teritaja ja see on terav nagu uus! Te ei pea neid t\u00f6\u00f6kotta viima ega kelleltki abi paluma.<\/p><p><b>Multifunktsionaalne<\/b><br \/>Sakiliste nugade teritamine on alati probleemiks olnud. Isegi t\u00f6\u00f6kojad ei teosta nende teritamist. TITAN\u00ae-iga saab teritada k\u00f5iki nuge, k\u00e4\u00e4re ja muid l\u00f5ikeriistu, mida saab l\u00e4bi teritaja t\u00f5mmata.<\/p><p class=\" translation-block\"><br><b>Tehniline teave:<\/b><br>\n- Valmistatud ABS-st ja volframkarbiidist<br>\n- Kaks volframkarbiidist tera<br>\n- Funktsionaalne disain<br>\n- Teritab k\u00e4\u00e4re ja sakilisi nuge<br>\n- Vastavalt vajadusele teritab, parandab v\u00f5i lihvib<\/p><p>\u00a0<\/p><p>\u00a0<\/p>\t\t\t\t\t\t\t\t<\/div>\n\t\t\t\t<\/div>\n\t\t\t\t<div class=\"elementor-element elementor-element-61f9a84 elementor-widget elementor-widget-video\" data-id=\"61f9a84\" data-element_type=\"widget\" data-e-type=\"widget\" data-settings=\"{&quot;video_type&quot;:&quot;vimeo&quot;,&quot;autoplay&quot;:&quot;yes&quot;,&quot;play_on_mobile&quot;:&quot;yes&quot;,&quot;loop&quot;:&quot;yes&quot;}\" data-widget_type=\"video.default\">\n\t\t\t\t<div class=\"elementor-widget-container\">\n\t\t\t\t\t\t\t<div class=\"elementor-wrapper elementor-open-inline\">\n\t\t\t<iframe class=\"elementor-video-iframe\" allowfullscreen allow=\"autoplay\" title=\"vimeo videom\u00e4ngija\" src=\"https:\/\/player.vimeo.com\/video\/697849268?autoplay=1&amp;playsinline=1&amp;color&amp;autopause=0&amp;loop=1&amp;muted=0&amp;title=0&amp;portrait=0&amp;byline=0&amp;h=f330e50aae#t=\"><\/iframe>\t\t<\/div>\n\t\t\t\t\t\t<\/div>\n\t\t\t\t<\/div>\n\t\t\t\t\t<\/div>\n\t\t<\/div>\n\t\t\t\t\t<\/div>\n\t\t<\/section>\n\t\t\t\t<\/div>","protected":false},"excerpt":{"rendered":"<p>Pro noateritaja<\/p>","protected":false},"featured_media":13239,"template":"","meta":[],"product_brand":[],"product_cat":[55,72],"product_tag":[],"class_list":{"0":"post-6924","1":"product","2":"type-product","3":"status-publish","4":"has-post-thumbnail","6":"product_cat-household","7":"product_cat-kitchen","9":"first","10":"instock","11":"shipping-taxable","12":"purchasable","13":"product-type-simple"},"yoast_head":"<!-- This site is optimized with the Yoast SEO Premium plugin v26.3 (Yoast SEO v26.3) - https:\/\/yoast.com\/wordpress\/plugins\/seo\/ -->\n<title>TITAN - WellStore ONLINE<\/title>\n<meta name=\"robots\" content=\"index, follow, max-snippet:-1, max-image-preview:large, max-video-preview:-1\" \/>\n<link rel=\"canonical\" href=\"https:\/\/wellstore.online\/et\/toode-2\/titan\/\" \/>\n<meta property=\"og:locale\" content=\"et_EE\" \/>\n<meta property=\"og:type\" content=\"article\" \/>\n<meta property=\"og:title\" content=\"TITAN\" \/>\n<meta property=\"og:description\" content=\"Profesion\u0101lais na\u017eu asin\u0101t\u0101js\" \/>\n<meta property=\"og:url\" content=\"https:\/\/wellstore.online\/et\/toode-2\/titan\/\" \/>\n<meta property=\"og:site_name\" content=\"WellStore ONLINE\" \/>\n<meta property=\"article:modified_time\" content=\"2026-02-09T15:07:55+00:00\" \/>\n<meta property=\"og:image\" content=\"https:\/\/wellstore.online\/wp-content\/uploads\/2022\/09\/titan_trasp.jpg\" \/>\n\t<meta property=\"og:image:width\" content=\"800\" \/>\n\t<meta property=\"og:image:height\" content=\"800\" \/>\n\t<meta property=\"og:image:type\" content=\"image\/jpeg\" \/>\n<meta name=\"twitter:card\" content=\"summary_large_image\" \/>\n<meta name=\"twitter:label1\" content=\"Est. reading time\" \/>\n\t<meta name=\"twitter:data1\" content=\"1 minut\" \/>\n<script type=\"application\/ld+json\" class=\"yoast-schema-graph\">{\"@context\":\"https:\/\/schema.org\",\"@graph\":[{\"@type\":\"WebPage\",\"@id\":\"https:\/\/wellstore.online\/product\/titan\/\",\"url\":\"https:\/\/wellstore.online\/product\/titan\/\",\"name\":\"TITAN - WellStore ONLINE\",\"isPartOf\":{\"@id\":\"https:\/\/wellstore.online\/#website\"},\"primaryImageOfPage\":{\"@id\":\"https:\/\/wellstore.online\/product\/titan\/#primaryimage\"},\"image\":{\"@id\":\"https:\/\/wellstore.online\/product\/titan\/#primaryimage\"},\"thumbnailUrl\":\"https:\/\/wellstore.online\/wp-content\/uploads\/2022\/09\/titan_trasp.jpg\",\"datePublished\":\"2022-09-21T13:17:20+00:00\",\"dateModified\":\"2026-02-09T15:07:55+00:00\",\"breadcrumb\":{\"@id\":\"https:\/\/wellstore.online\/product\/titan\/#breadcrumb\"},\"inLanguage\":\"et\",\"potentialAction\":[{\"@type\":\"ReadAction\",\"target\":[\"https:\/\/wellstore.online\/product\/titan\/\"]}]},{\"@type\":\"ImageObject\",\"inLanguage\":\"et\",\"@id\":\"https:\/\/wellstore.online\/product\/titan\/#primaryimage\",\"url\":\"https:\/\/wellstore.online\/wp-content\/uploads\/2022\/09\/titan_trasp.jpg\",\"contentUrl\":\"https:\/\/wellstore.online\/wp-content\/uploads\/2022\/09\/titan_trasp.jpg\",\"width\":800,\"height\":800,\"caption\":\"Titan sharpener\"},{\"@type\":\"BreadcrumbList\",\"@id\":\"https:\/\/wellstore.online\/product\/titan\/#breadcrumb\",\"itemListElement\":[{\"@type\":\"ListItem\",\"position\":1,\"name\":\"Home\",\"item\":\"https:\/\/wellstore.online\/\"},{\"@type\":\"ListItem\",\"position\":2,\"name\":\"Shop\",\"item\":\"https:\/\/wellstore.online\/sv\/butik\/\"},{\"@type\":\"ListItem\",\"position\":3,\"name\":\"TITAN\"}]},{\"@type\":\"WebSite\",\"@id\":\"https:\/\/wellstore.online\/#website\",\"url\":\"https:\/\/wellstore.online\/\",\"name\":\"WellStore ONLINE\",\"description\":\"\",\"potentialAction\":[{\"@type\":\"SearchAction\",\"target\":{\"@type\":\"EntryPoint\",\"urlTemplate\":\"https:\/\/wellstore.online\/?s={search_term_string}\"},\"query-input\":{\"@type\":\"PropertyValueSpecification\",\"valueRequired\":true,\"valueName\":\"search_term_string\"}}],\"inLanguage\":\"et\"}]}<\/script>\n<!-- \/ Yoast SEO Premium plugin. -->","yoast_head_json":{"title":"TITAN - WellStore ONLINE","robots":{"index":"index","follow":"follow","max-snippet":"max-snippet:-1","max-image-preview":"max-image-preview:large","max-video-preview":"max-video-preview:-1"},"canonical":"https:\/\/wellstore.online\/et\/toode-2\/titan\/","og_locale":"et_EE","og_type":"article","og_title":"TITAN","og_description":"Profesion\u0101lais na\u017eu asin\u0101t\u0101js","og_url":"https:\/\/wellstore.online\/et\/toode-2\/titan\/","og_site_name":"WellStore ONLINE","article_modified_time":"2026-02-09T15:07:55+00:00","og_image":[{"width":800,"height":800,"url":"https:\/\/wellstore.online\/wp-content\/uploads\/2022\/09\/titan_trasp.jpg","type":"image\/jpeg"}],"twitter_card":"summary_large_image","twitter_misc":{"Est. reading time":"1 minut"},"schema":{"@context":"https:\/\/schema.org","@graph":[{"@type":"WebPage","@id":"https:\/\/wellstore.online\/product\/titan\/","url":"https:\/\/wellstore.online\/product\/titan\/","name":"TITAN - WellStore ONLINE","isPartOf":{"@id":"https:\/\/wellstore.online\/#website"},"primaryImageOfPage":{"@id":"https:\/\/wellstore.online\/product\/titan\/#primaryimage"},"image":{"@id":"https:\/\/wellstore.online\/product\/titan\/#primaryimage"},"thumbnailUrl":"https:\/\/wellstore.online\/wp-content\/uploads\/2022\/09\/titan_trasp.jpg","datePublished":"2022-09-21T13:17:20+00:00","dateModified":"2026-02-09T15:07:55+00:00","breadcrumb":{"@id":"https:\/\/wellstore.online\/product\/titan\/#breadcrumb"},"inLanguage":"et","potentialAction":[{"@type":"ReadAction","target":["https:\/\/wellstore.online\/product\/titan\/"]}]},{"@type":"ImageObject","inLanguage":"et","@id":"https:\/\/wellstore.online\/product\/titan\/#primaryimage","url":"https:\/\/wellstore.online\/wp-content\/uploads\/2022\/09\/titan_trasp.jpg","contentUrl":"https:\/\/wellstore.online\/wp-content\/uploads\/2022\/09\/titan_trasp.jpg","width":800,"height":800,"caption":"Titan sharpener"},{"@type":"BreadcrumbList","@id":"https:\/\/wellstore.online\/product\/titan\/#breadcrumb","itemListElement":[{"@type":"ListItem","position":1,"name":"Home","item":"https:\/\/wellstore.online\/"},{"@type":"ListItem","position":2,"name":"Shop","item":"https:\/\/wellstore.online\/sv\/butik\/"},{"@type":"ListItem","position":3,"name":"TITAN"}]},{"@type":"WebSite","@id":"https:\/\/wellstore.online\/#website","url":"https:\/\/wellstore.online\/","name":"WellStore ONLINE","description":"","potentialAction":[{"@type":"SearchAction","target":{"@type":"EntryPoint","urlTemplate":"https:\/\/wellstore.online\/?s={search_term_string}"},"query-input":{"@type":"PropertyValueSpecification","valueRequired":true,"valueName":"search_term_string"}}],"inLanguage":"et"}]}},"_links":{"self":[{"href":"https:\/\/wellstore.online\/et\/wp-json\/wp\/v2\/product\/6924","targetHints":{"allow":["GET"]}}],"collection":[{"href":"https:\/\/wellstore.online\/et\/wp-json\/wp\/v2\/product"}],"about":[{"href":"https:\/\/wellstore.online\/et\/wp-json\/wp\/v2\/types\/product"}],"version-history":[{"count":0,"href":"https:\/\/wellstore.online\/et\/wp-json\/wp\/v2\/product\/6924\/revisions"}],"wp:featuredmedia":[{"embeddable":true,"href":"https:\/\/wellstore.online\/et\/wp-json\/wp\/v2\/media\/13239"}],"wp:attachment":[{"href":"https:\/\/wellstore.online\/et\/wp-json\/wp\/v2\/media?parent=6924"}],"wp:term":[{"taxonomy":"product_brand","embeddable":true,"href":"https:\/\/wellstore.online\/et\/wp-json\/wp\/v2\/product_brand?post=6924"},{"taxonomy":"product_cat","embeddable":true,"href":"https:\/\/wellstore.online\/et\/wp-json\/wp\/v2\/product_cat?post=6924"},{"taxonomy":"product_tag","embeddable":true,"href":"https:\/\/wellstore.online\/et\/wp-json\/wp\/v2\/product_tag?post=6924"}],"curies":[{"name":"wp","href":"https:\/\/api.w.org\/{rel}","templated":true}]}}