{"id":6937,"date":"2022-09-21T16:27:01","date_gmt":"2022-09-21T13:27:01","guid":{"rendered":"http:\/\/box2520.temp.domains\/~wellstor\/?post_type=product&#038;p=6937"},"modified":"2025-01-23T16:43:09","modified_gmt":"2025-01-23T14:43:09","slug":"macled","status":"publish","type":"product","link":"https:\/\/wellstore.online\/et\/toode-2\/macled\/","title":{"rendered":"MacLED"},"content":{"rendered":"<div data-elementor-type=\"product-post\" data-elementor-id=\"6937\" class=\"elementor elementor-6937\" data-elementor-post-type=\"product\">\n\t\t\t\t\t\t<section class=\"elementor-section elementor-top-section elementor-element elementor-element-38e29b92 elementor-section-boxed elementor-section-height-default elementor-section-height-default\" data-id=\"38e29b92\" data-element_type=\"section\">\n\t\t\t\t\t\t<div class=\"elementor-container elementor-column-gap-default\">\n\t\t\t\t\t<div class=\"elementor-column elementor-col-100 elementor-top-column elementor-element elementor-element-78faf168\" data-id=\"78faf168\" data-element_type=\"column\">\n\t\t\t<div class=\"elementor-widget-wrap elementor-element-populated\">\n\t\t\t\t\t\t<div class=\"elementor-element elementor-element-3553644e elementor-widget elementor-widget-text-editor\" data-id=\"3553644e\" data-element_type=\"widget\" data-widget_type=\"text-editor.default\">\n\t\t\t\t<div class=\"elementor-widget-container\">\n\t\t\t\t\t\t\t\t\t<p><strong>Moodne multifunktsionaalne LED-lamp nendele, kellele meeldib stiilsus ja mugavus<\/strong><\/p><p>Kujutage ette, et soovite t\u00f6\u00f6tada k\u00f6\u00f6gis v\u00f5i olete hotellis \u00e4rireisil... v\u00f5i veedate \u00f6\u00f6 telgis. Laetava akuga MacLED\u00ae lamp t\u00f6\u00f6tab k\u00f5ikjal! pealegi k\u00e4ib see kokku kuni raamatusuuruseks kaasav\u00f5etav ja pakub meeldivat valgustust 3 heledusre\u017eiimis.<\/p><p>\u2022 28 LED dioodid<br \/>\u2022 3 heledusre\u017eiimi<br \/>\u2022 Puuteanduri l\u00fcliti<br \/>\u2022 Kokkupandav disain reisimiseks<br \/>\u2022 Taaslaetav aku<\/p><p class=\" translation-block\"><b>Tehniline informatsioon:<\/b><br>\nLaadimine: DC 5V 500mA<br>\nV\u00f5imsus: 2.5W<br>\nLaadimis\u00fchendus: Micro USB<br>\nMaterjal: ABS<br>\nAku: Taaslaetav liitium-ioonaku 800mAh<br>\nV\u00e4rv: Alumiinium \/h\u00f5be<\/p>\t\t\t\t\t\t\t\t<\/div>\n\t\t\t\t<\/div>\n\t\t\t\t<div class=\"elementor-element elementor-element-94adbb0 elementor-widget elementor-widget-video\" data-id=\"94adbb0\" data-element_type=\"widget\" data-settings=\"{&quot;video_type&quot;:&quot;vimeo&quot;,&quot;autoplay&quot;:&quot;yes&quot;,&quot;play_on_mobile&quot;:&quot;yes&quot;,&quot;loop&quot;:&quot;yes&quot;}\" data-widget_type=\"video.default\">\n\t\t\t\t<div class=\"elementor-widget-container\">\n\t\t\t\t\t\t\t<div class=\"elementor-wrapper elementor-open-inline\">\n\t\t\t<iframe class=\"elementor-video-iframe\" allowfullscreen allow=\"autoplay\" title=\"vimeo videom\u00e4ngija\" src=\"https:\/\/player.vimeo.com\/video\/774243017?autoplay=1&amp;playsinline=1&amp;color&amp;autopause=0&amp;loop=1&amp;muted=0&amp;title=0&amp;portrait=0&amp;byline=0&amp;h=2d7678642f#t=\"><\/iframe>\t\t<\/div>\n\t\t\t\t\t\t<\/div>\n\t\t\t\t<\/div>\n\t\t\t\t<div class=\"elementor-element elementor-element-ac69542 elementor-widget elementor-widget-video\" data-id=\"ac69542\" data-element_type=\"widget\" data-settings=\"{&quot;video_type&quot;:&quot;vimeo&quot;,&quot;autoplay&quot;:&quot;yes&quot;,&quot;play_on_mobile&quot;:&quot;yes&quot;,&quot;loop&quot;:&quot;yes&quot;}\" data-widget_type=\"video.default\">\n\t\t\t\t<div class=\"elementor-widget-container\">\n\t\t\t\t\t\t\t<div class=\"elementor-wrapper elementor-open-inline\">\n\t\t\t<iframe class=\"elementor-video-iframe\" allowfullscreen allow=\"autoplay\" title=\"vimeo videom\u00e4ngija\" src=\"https:\/\/player.vimeo.com\/video\/719816475?autoplay=1&amp;playsinline=1&amp;color&amp;autopause=0&amp;loop=1&amp;muted=0&amp;title=0&amp;portrait=0&amp;byline=0&amp;h=43ba770e48#t=\"><\/iframe>\t\t<\/div>\n\t\t\t\t\t\t<\/div>\n\t\t\t\t<\/div>\n\t\t\t\t\t<\/div>\n\t\t<\/div>\n\t\t\t\t\t<\/div>\n\t\t<\/section>\n\t\t\t\t<\/div>","protected":false},"excerpt":{"rendered":"<p>Multifunktsionaalne kokkupandav LED-lamp<\/p>","protected":false},"featured_media":13580,"template":"","meta":[],"product_brand":[],"product_cat":[70,55,69,71,47],"product_tag":[],"class_list":{"0":"post-6937","1":"product","2":"type-product","3":"status-publish","4":"has-post-thumbnail","6":"product_cat-children","7":"product_cat-household","8":"product_cat-women","9":"product_cat-gadgets","10":"product_cat-men","12":"first","13":"instock","14":"shipping-taxable","15":"purchasable","16":"product-type-simple"},"yoast_head":"<!-- This site is optimized with the Yoast SEO Premium plugin v26.3 (Yoast SEO v26.3) - https:\/\/yoast.com\/wordpress\/plugins\/seo\/ -->\n<title>MacLED - WellStore ONLINE<\/title>\n<meta name=\"robots\" content=\"index, follow, max-snippet:-1, max-image-preview:large, max-video-preview:-1\" \/>\n<link rel=\"canonical\" href=\"https:\/\/wellstore.online\/et\/toode-2\/macled\/\" \/>\n<meta property=\"og:locale\" content=\"et_EE\" \/>\n<meta property=\"og:type\" content=\"article\" \/>\n<meta property=\"og:title\" content=\"MacLED\" \/>\n<meta property=\"og:description\" content=\"Uzl\u0101d\u0113jama LED lampa\" \/>\n<meta property=\"og:url\" content=\"https:\/\/wellstore.online\/et\/toode-2\/macled\/\" \/>\n<meta property=\"og:site_name\" content=\"WellStore ONLINE\" \/>\n<meta property=\"article:modified_time\" content=\"2025-01-23T14:43:09+00:00\" \/>\n<meta property=\"og:image\" content=\"https:\/\/wellstore.online\/wp-content\/uploads\/2022\/09\/MacLED-1-e1676553480682.jpeg\" \/>\n\t<meta property=\"og:image:width\" content=\"800\" \/>\n\t<meta property=\"og:image:height\" content=\"800\" \/>\n\t<meta property=\"og:image:type\" content=\"image\/jpeg\" \/>\n<meta name=\"twitter:card\" content=\"summary_large_image\" \/>\n<meta name=\"twitter:label1\" content=\"Est. reading time\" \/>\n\t<meta name=\"twitter:data1\" content=\"1 minut\" \/>\n<script type=\"application\/ld+json\" class=\"yoast-schema-graph\">{\"@context\":\"https:\/\/schema.org\",\"@graph\":[{\"@type\":\"WebPage\",\"@id\":\"https:\/\/wellstore.online\/et\/toode-2\/macled\/\",\"url\":\"https:\/\/wellstore.online\/et\/toode-2\/macled\/\",\"name\":\"MacLED - WellStore ONLINE\",\"isPartOf\":{\"@id\":\"https:\/\/wellstore.online\/#website\"},\"primaryImageOfPage\":{\"@id\":\"https:\/\/wellstore.online\/et\/toode-2\/macled\/#primaryimage\"},\"image\":{\"@id\":\"https:\/\/wellstore.online\/et\/toode-2\/macled\/#primaryimage\"},\"thumbnailUrl\":\"https:\/\/wellstore.online\/wp-content\/uploads\/2022\/09\/MacLED-1-e1676553480682.jpeg\",\"datePublished\":\"2022-09-21T13:27:01+00:00\",\"dateModified\":\"2025-01-23T14:43:09+00:00\",\"breadcrumb\":{\"@id\":\"https:\/\/wellstore.online\/et\/toode-2\/macled\/#breadcrumb\"},\"inLanguage\":\"et\",\"potentialAction\":[{\"@type\":\"ReadAction\",\"target\":[\"https:\/\/wellstore.online\/et\/toode-2\/macled\/\"]}]},{\"@type\":\"ImageObject\",\"inLanguage\":\"et\",\"@id\":\"https:\/\/wellstore.online\/et\/toode-2\/macled\/#primaryimage\",\"url\":\"https:\/\/wellstore.online\/wp-content\/uploads\/2022\/09\/MacLED-1-e1676553480682.jpeg\",\"contentUrl\":\"https:\/\/wellstore.online\/wp-content\/uploads\/2022\/09\/MacLED-1-e1676553480682.jpeg\",\"width\":800,\"height\":800,\"caption\":\"MacLED\"},{\"@type\":\"BreadcrumbList\",\"@id\":\"https:\/\/wellstore.online\/et\/toode-2\/macled\/#breadcrumb\",\"itemListElement\":[{\"@type\":\"ListItem\",\"position\":1,\"name\":\"Home\",\"item\":\"https:\/\/wellstore.online\/\"},{\"@type\":\"ListItem\",\"position\":2,\"name\":\"Shop\",\"item\":\"https:\/\/wellstore.online\/sv\/butik\/\"},{\"@type\":\"ListItem\",\"position\":3,\"name\":\"MacLED\"}]},{\"@type\":\"WebSite\",\"@id\":\"https:\/\/wellstore.online\/#website\",\"url\":\"https:\/\/wellstore.online\/\",\"name\":\"WellStore ONLINE\",\"description\":\"\",\"potentialAction\":[{\"@type\":\"SearchAction\",\"target\":{\"@type\":\"EntryPoint\",\"urlTemplate\":\"https:\/\/wellstore.online\/?s={search_term_string}\"},\"query-input\":{\"@type\":\"PropertyValueSpecification\",\"valueRequired\":true,\"valueName\":\"search_term_string\"}}],\"inLanguage\":\"et\"}]}<\/script>\n<!-- \/ Yoast SEO Premium plugin. -->","yoast_head_json":{"title":"MacLED - WellStore ONLINE","robots":{"index":"index","follow":"follow","max-snippet":"max-snippet:-1","max-image-preview":"max-image-preview:large","max-video-preview":"max-video-preview:-1"},"canonical":"https:\/\/wellstore.online\/et\/toode-2\/macled\/","og_locale":"et_EE","og_type":"article","og_title":"MacLED","og_description":"Uzl\u0101d\u0113jama LED lampa","og_url":"https:\/\/wellstore.online\/et\/toode-2\/macled\/","og_site_name":"WellStore ONLINE","article_modified_time":"2025-01-23T14:43:09+00:00","og_image":[{"width":800,"height":800,"url":"https:\/\/wellstore.online\/wp-content\/uploads\/2022\/09\/MacLED-1-e1676553480682.jpeg","type":"image\/jpeg"}],"twitter_card":"summary_large_image","twitter_misc":{"Est. reading time":"1 minut"},"schema":{"@context":"https:\/\/schema.org","@graph":[{"@type":"WebPage","@id":"https:\/\/wellstore.online\/et\/toode-2\/macled\/","url":"https:\/\/wellstore.online\/et\/toode-2\/macled\/","name":"MacLED - WellStore ONLINE","isPartOf":{"@id":"https:\/\/wellstore.online\/#website"},"primaryImageOfPage":{"@id":"https:\/\/wellstore.online\/et\/toode-2\/macled\/#primaryimage"},"image":{"@id":"https:\/\/wellstore.online\/et\/toode-2\/macled\/#primaryimage"},"thumbnailUrl":"https:\/\/wellstore.online\/wp-content\/uploads\/2022\/09\/MacLED-1-e1676553480682.jpeg","datePublished":"2022-09-21T13:27:01+00:00","dateModified":"2025-01-23T14:43:09+00:00","breadcrumb":{"@id":"https:\/\/wellstore.online\/et\/toode-2\/macled\/#breadcrumb"},"inLanguage":"et","potentialAction":[{"@type":"ReadAction","target":["https:\/\/wellstore.online\/et\/toode-2\/macled\/"]}]},{"@type":"ImageObject","inLanguage":"et","@id":"https:\/\/wellstore.online\/et\/toode-2\/macled\/#primaryimage","url":"https:\/\/wellstore.online\/wp-content\/uploads\/2022\/09\/MacLED-1-e1676553480682.jpeg","contentUrl":"https:\/\/wellstore.online\/wp-content\/uploads\/2022\/09\/MacLED-1-e1676553480682.jpeg","width":800,"height":800,"caption":"MacLED"},{"@type":"BreadcrumbList","@id":"https:\/\/wellstore.online\/et\/toode-2\/macled\/#breadcrumb","itemListElement":[{"@type":"ListItem","position":1,"name":"Home","item":"https:\/\/wellstore.online\/"},{"@type":"ListItem","position":2,"name":"Shop","item":"https:\/\/wellstore.online\/sv\/butik\/"},{"@type":"ListItem","position":3,"name":"MacLED"}]},{"@type":"WebSite","@id":"https:\/\/wellstore.online\/#website","url":"https:\/\/wellstore.online\/","name":"WellStore ONLINE","description":"","potentialAction":[{"@type":"SearchAction","target":{"@type":"EntryPoint","urlTemplate":"https:\/\/wellstore.online\/?s={search_term_string}"},"query-input":{"@type":"PropertyValueSpecification","valueRequired":true,"valueName":"search_term_string"}}],"inLanguage":"et"}]}},"_links":{"self":[{"href":"https:\/\/wellstore.online\/et\/wp-json\/wp\/v2\/product\/6937","targetHints":{"allow":["GET"]}}],"collection":[{"href":"https:\/\/wellstore.online\/et\/wp-json\/wp\/v2\/product"}],"about":[{"href":"https:\/\/wellstore.online\/et\/wp-json\/wp\/v2\/types\/product"}],"version-history":[{"count":0,"href":"https:\/\/wellstore.online\/et\/wp-json\/wp\/v2\/product\/6937\/revisions"}],"wp:featuredmedia":[{"embeddable":true,"href":"https:\/\/wellstore.online\/et\/wp-json\/wp\/v2\/media\/13580"}],"wp:attachment":[{"href":"https:\/\/wellstore.online\/et\/wp-json\/wp\/v2\/media?parent=6937"}],"wp:term":[{"taxonomy":"product_brand","embeddable":true,"href":"https:\/\/wellstore.online\/et\/wp-json\/wp\/v2\/product_brand?post=6937"},{"taxonomy":"product_cat","embeddable":true,"href":"https:\/\/wellstore.online\/et\/wp-json\/wp\/v2\/product_cat?post=6937"},{"taxonomy":"product_tag","embeddable":true,"href":"https:\/\/wellstore.online\/et\/wp-json\/wp\/v2\/product_tag?post=6937"}],"curies":[{"name":"wp","href":"https:\/\/api.w.org\/{rel}","templated":true}]}}