{"id":8972,"date":"2022-10-29T14:48:32","date_gmt":"2022-10-29T11:48:32","guid":{"rendered":"https:\/\/wellstore.online\/?post_type=product&#038;p=8972"},"modified":"2025-09-06T21:55:00","modified_gmt":"2025-09-06T18:55:00","slug":"10000-geelblaster-kuulid","status":"publish","type":"product","link":"https:\/\/wellstore.online\/et\/toode-2\/10000-geelblaster-kuulid\/","title":{"rendered":"10 000 GelBlaster kuuli"},"content":{"rendered":"<div data-elementor-type=\"product-post\" data-elementor-id=\"8972\" class=\"elementor elementor-8972\" data-elementor-post-type=\"product\">\n\t\t\t\t\t\t<section class=\"elementor-section elementor-top-section elementor-element elementor-element-22679e21 elementor-section-boxed elementor-section-height-default elementor-section-height-default\" data-id=\"22679e21\" data-element_type=\"section\" data-e-type=\"section\">\n\t\t\t\t\t\t<div class=\"elementor-container elementor-column-gap-default\">\n\t\t\t\t\t<div class=\"elementor-column elementor-col-100 elementor-top-column elementor-element elementor-element-4f9a196a\" data-id=\"4f9a196a\" data-element_type=\"column\" data-e-type=\"column\">\n\t\t\t<div class=\"elementor-widget-wrap elementor-element-populated\">\n\t\t\t\t\t\t<div class=\"elementor-element elementor-element-41bc8f8d elementor-widget elementor-widget-text-editor\" data-id=\"41bc8f8d\" data-element_type=\"widget\" data-e-type=\"widget\" data-widget_type=\"text-editor.default\">\n\t\t\t\t<div class=\"elementor-widget-container\">\n\t\t\t\t\t\t\t\t\t<ul><li>\u00d6KO-s\u00f5bralik - laguneb looduses kiiresti<\/li><li>Ei m\u00e4\u00e4ri riideid<\/li><li>Ei tekita valu ega vigastusi<\/li><li>10 000 tk.<\/li><\/ul>\t\t\t\t\t\t\t\t<\/div>\n\t\t\t\t<\/div>\n\t\t\t\t\t<\/div>\n\t\t<\/div>\n\t\t\t\t\t<\/div>\n\t\t<\/section>\n\t\t\t\t<\/div>","protected":false},"excerpt":{"rendered":"<p>Veega paisutatavad geelkuulid gelblaster p\u00fcstoliga kasutamiseks<\/p>","protected":false},"featured_media":10240,"template":"","meta":[],"product_brand":[],"product_cat":[70],"product_tag":[],"class_list":{"0":"post-8972","1":"product","2":"type-product","3":"status-publish","4":"has-post-thumbnail","6":"product_cat-children","8":"first","9":"instock","10":"shipping-taxable","11":"purchasable","12":"product-type-simple"},"yoast_head":"<!-- This site is optimized with the Yoast SEO Premium plugin v26.3 (Yoast SEO v26.3) - https:\/\/yoast.com\/wordpress\/plugins\/seo\/ -->\n<title>10,000 GelBlaster lodes - WellStore ONLINE<\/title>\n<meta name=\"robots\" content=\"index, follow, max-snippet:-1, max-image-preview:large, max-video-preview:-1\" \/>\n<link rel=\"canonical\" href=\"https:\/\/wellstore.online\/et\/toode-2\/10000-geelblaster-kuulid\/\" \/>\n<meta property=\"og:locale\" content=\"et_EE\" \/>\n<meta property=\"og:type\" content=\"article\" \/>\n<meta property=\"og:title\" content=\"10,000 GelBlaster lodes\" \/>\n<meta property=\"og:description\" content=\"\u016aden\u012b uzbriesto\u0161as gela lodes, kas paredz\u0113tas lieto\u0161anai GelBlaster pistolei\" \/>\n<meta property=\"og:url\" content=\"https:\/\/wellstore.online\/et\/toode-2\/10000-geelblaster-kuulid\/\" \/>\n<meta property=\"og:site_name\" content=\"WellStore ONLINE\" \/>\n<meta property=\"article:modified_time\" content=\"2025-09-06T18:55:00+00:00\" \/>\n<meta property=\"og:image\" content=\"https:\/\/wellstore.online\/wp-content\/uploads\/2022\/10\/GEL_BUMBAS-1.jpg\" \/>\n\t<meta property=\"og:image:width\" content=\"800\" \/>\n\t<meta property=\"og:image:height\" content=\"800\" \/>\n\t<meta property=\"og:image:type\" content=\"image\/jpeg\" \/>\n<meta name=\"twitter:card\" content=\"summary_large_image\" \/>\n<meta name=\"twitter:label1\" content=\"Est. reading time\" \/>\n\t<meta name=\"twitter:data1\" content=\"1 minut\" \/>\n<script type=\"application\/ld+json\" class=\"yoast-schema-graph\">{\"@context\":\"https:\/\/schema.org\",\"@graph\":[{\"@type\":\"WebPage\",\"@id\":\"https:\/\/wellstore.online\/fi\/tuote\/10000-gelblasterin-luotia\/\",\"url\":\"https:\/\/wellstore.online\/fi\/tuote\/10000-gelblasterin-luotia\/\",\"name\":\"10,000 GelBlaster lodes - WellStore ONLINE\",\"isPartOf\":{\"@id\":\"https:\/\/wellstore.online\/#website\"},\"primaryImageOfPage\":{\"@id\":\"https:\/\/wellstore.online\/fi\/tuote\/10000-gelblasterin-luotia\/#primaryimage\"},\"image\":{\"@id\":\"https:\/\/wellstore.online\/fi\/tuote\/10000-gelblasterin-luotia\/#primaryimage\"},\"thumbnailUrl\":\"https:\/\/wellstore.online\/wp-content\/uploads\/2022\/10\/GEL_BUMBAS-1.jpg\",\"datePublished\":\"2022-10-29T11:48:32+00:00\",\"dateModified\":\"2025-09-06T18:55:00+00:00\",\"breadcrumb\":{\"@id\":\"https:\/\/wellstore.online\/fi\/tuote\/10000-gelblasterin-luotia\/#breadcrumb\"},\"inLanguage\":\"et\",\"potentialAction\":[{\"@type\":\"ReadAction\",\"target\":[\"https:\/\/wellstore.online\/fi\/tuote\/10000-gelblasterin-luotia\/\"]}]},{\"@type\":\"ImageObject\",\"inLanguage\":\"et\",\"@id\":\"https:\/\/wellstore.online\/fi\/tuote\/10000-gelblasterin-luotia\/#primaryimage\",\"url\":\"https:\/\/wellstore.online\/wp-content\/uploads\/2022\/10\/GEL_BUMBAS-1.jpg\",\"contentUrl\":\"https:\/\/wellstore.online\/wp-content\/uploads\/2022\/10\/GEL_BUMBAS-1.jpg\",\"width\":800,\"height\":800},{\"@type\":\"BreadcrumbList\",\"@id\":\"https:\/\/wellstore.online\/fi\/tuote\/10000-gelblasterin-luotia\/#breadcrumb\",\"itemListElement\":[{\"@type\":\"ListItem\",\"position\":1,\"name\":\"Home\",\"item\":\"https:\/\/wellstore.online\/\"},{\"@type\":\"ListItem\",\"position\":2,\"name\":\"Shop\",\"item\":\"https:\/\/wellstore.online\/sv\/butik\/\"},{\"@type\":\"ListItem\",\"position\":3,\"name\":\"10,000 GelBlaster lodes\"}]},{\"@type\":\"WebSite\",\"@id\":\"https:\/\/wellstore.online\/#website\",\"url\":\"https:\/\/wellstore.online\/\",\"name\":\"WellStore ONLINE\",\"description\":\"\",\"potentialAction\":[{\"@type\":\"SearchAction\",\"target\":{\"@type\":\"EntryPoint\",\"urlTemplate\":\"https:\/\/wellstore.online\/?s={search_term_string}\"},\"query-input\":{\"@type\":\"PropertyValueSpecification\",\"valueRequired\":true,\"valueName\":\"search_term_string\"}}],\"inLanguage\":\"et\"}]}<\/script>\n<!-- \/ Yoast SEO Premium plugin. -->","yoast_head_json":{"title":"10,000 GelBlaster kuulid - WellStore ONLINE","robots":{"index":"index","follow":"follow","max-snippet":"max-snippet:-1","max-image-preview":"max-image-preview:large","max-video-preview":"max-video-preview:-1"},"canonical":"https:\/\/wellstore.online\/et\/toode-2\/10000-geelblaster-kuulid\/","og_locale":"et_EE","og_type":"article","og_title":"10,000 GelBlaster lodes","og_description":"\u016aden\u012b uzbriesto\u0161as gela lodes, kas paredz\u0113tas lieto\u0161anai GelBlaster pistolei","og_url":"https:\/\/wellstore.online\/et\/toode-2\/10000-geelblaster-kuulid\/","og_site_name":"WellStore ONLINE","article_modified_time":"2025-09-06T18:55:00+00:00","og_image":[{"width":800,"height":800,"url":"https:\/\/wellstore.online\/wp-content\/uploads\/2022\/10\/GEL_BUMBAS-1.jpg","type":"image\/jpeg"}],"twitter_card":"summary_large_image","twitter_misc":{"Est. reading time":"1 minut"},"schema":{"@context":"https:\/\/schema.org","@graph":[{"@type":"WebPage","@id":"https:\/\/wellstore.online\/fi\/tuote\/10000-gelblasterin-luotia\/","url":"https:\/\/wellstore.online\/fi\/tuote\/10000-gelblasterin-luotia\/","name":"10,000 GelBlaster kuulid - WellStore ONLINE","isPartOf":{"@id":"https:\/\/wellstore.online\/#website"},"primaryImageOfPage":{"@id":"https:\/\/wellstore.online\/fi\/tuote\/10000-gelblasterin-luotia\/#primaryimage"},"image":{"@id":"https:\/\/wellstore.online\/fi\/tuote\/10000-gelblasterin-luotia\/#primaryimage"},"thumbnailUrl":"https:\/\/wellstore.online\/wp-content\/uploads\/2022\/10\/GEL_BUMBAS-1.jpg","datePublished":"2022-10-29T11:48:32+00:00","dateModified":"2025-09-06T18:55:00+00:00","breadcrumb":{"@id":"https:\/\/wellstore.online\/fi\/tuote\/10000-gelblasterin-luotia\/#breadcrumb"},"inLanguage":"et","potentialAction":[{"@type":"ReadAction","target":["https:\/\/wellstore.online\/fi\/tuote\/10000-gelblasterin-luotia\/"]}]},{"@type":"ImageObject","inLanguage":"et","@id":"https:\/\/wellstore.online\/fi\/tuote\/10000-gelblasterin-luotia\/#primaryimage","url":"https:\/\/wellstore.online\/wp-content\/uploads\/2022\/10\/GEL_BUMBAS-1.jpg","contentUrl":"https:\/\/wellstore.online\/wp-content\/uploads\/2022\/10\/GEL_BUMBAS-1.jpg","width":800,"height":800},{"@type":"BreadcrumbList","@id":"https:\/\/wellstore.online\/fi\/tuote\/10000-gelblasterin-luotia\/#breadcrumb","itemListElement":[{"@type":"ListItem","position":1,"name":"Home","item":"https:\/\/wellstore.online\/"},{"@type":"ListItem","position":2,"name":"Shop","item":"https:\/\/wellstore.online\/sv\/butik\/"},{"@type":"ListItem","position":3,"name":"10,000 GelBlaster lodes"}]},{"@type":"WebSite","@id":"https:\/\/wellstore.online\/#website","url":"https:\/\/wellstore.online\/","name":"WellStore ONLINE","description":"","potentialAction":[{"@type":"SearchAction","target":{"@type":"EntryPoint","urlTemplate":"https:\/\/wellstore.online\/?s={search_term_string}"},"query-input":{"@type":"PropertyValueSpecification","valueRequired":true,"valueName":"search_term_string"}}],"inLanguage":"et"}]}},"_links":{"self":[{"href":"https:\/\/wellstore.online\/et\/wp-json\/wp\/v2\/product\/8972","targetHints":{"allow":["GET"]}}],"collection":[{"href":"https:\/\/wellstore.online\/et\/wp-json\/wp\/v2\/product"}],"about":[{"href":"https:\/\/wellstore.online\/et\/wp-json\/wp\/v2\/types\/product"}],"version-history":[{"count":0,"href":"https:\/\/wellstore.online\/et\/wp-json\/wp\/v2\/product\/8972\/revisions"}],"wp:featuredmedia":[{"embeddable":true,"href":"https:\/\/wellstore.online\/et\/wp-json\/wp\/v2\/media\/10240"}],"wp:attachment":[{"href":"https:\/\/wellstore.online\/et\/wp-json\/wp\/v2\/media?parent=8972"}],"wp:term":[{"taxonomy":"product_brand","embeddable":true,"href":"https:\/\/wellstore.online\/et\/wp-json\/wp\/v2\/product_brand?post=8972"},{"taxonomy":"product_cat","embeddable":true,"href":"https:\/\/wellstore.online\/et\/wp-json\/wp\/v2\/product_cat?post=8972"},{"taxonomy":"product_tag","embeddable":true,"href":"https:\/\/wellstore.online\/et\/wp-json\/wp\/v2\/product_tag?post=8972"}],"curies":[{"name":"wp","href":"https:\/\/api.w.org\/{rel}","templated":true}]}}