{"id":9460,"date":"2022-11-16T20:08:39","date_gmt":"2022-11-16T18:08:39","guid":{"rendered":"https:\/\/wellstore.online\/?post_type=product&#038;p=9460"},"modified":"2025-03-30T09:22:34","modified_gmt":"2025-03-30T06:22:34","slug":"automaatne-desinfitseerimisdosaator","status":"publish","type":"product","link":"https:\/\/wellstore.online\/et\/toode-2\/automaatne-desinfitseerimisdosaator\/","title":{"rendered":"Senspray"},"content":{"rendered":"<div data-elementor-type=\"product-post\" data-elementor-id=\"9460\" class=\"elementor elementor-9460\" data-elementor-post-type=\"product\">\n\t\t\t\t\t\t<section class=\"elementor-section elementor-top-section elementor-element elementor-element-490b3f01 elementor-section-boxed elementor-section-height-default elementor-section-height-default\" data-id=\"490b3f01\" data-element_type=\"section\">\n\t\t\t\t\t\t<div class=\"elementor-container elementor-column-gap-default\">\n\t\t\t\t\t<div class=\"elementor-column elementor-col-100 elementor-top-column elementor-element elementor-element-48d4101d\" data-id=\"48d4101d\" data-element_type=\"column\">\n\t\t\t<div class=\"elementor-widget-wrap elementor-element-populated\">\n\t\t\t\t\t\t<div class=\"elementor-element elementor-element-7a4cc6c8 elementor-widget elementor-widget-text-editor\" data-id=\"7a4cc6c8\" data-element_type=\"widget\" data-widget_type=\"text-editor.default\">\n\t\t\t\t<div class=\"elementor-widget-container\">\n\t\t\t\t\t\t\t\t\tKvaliteetne desinfitseerimisvahend, mis on valmistatud vastupidavast ABS-plastikust, v\u00f5imaldades kasutada k\u00f5rge alkoholisisaldusega vedelikke. Seade on varustatud infrapuna liikumisanduriga, mis laseb v\u00e4ikesel hulgal vedelikku v\u00e4lja voolata, kui panete k\u00e4e anduri alla. Andur reageerib 0.25 sekundiga!<br>\n<br>\n\n\nL\u00e4bipaistva vedeliku mahuti abil on vedeliku taset lihtne kontrollida.\n\nKontaktivaba dosaator pakub k\u00f5ige h\u00fcgieenilisemat viisi oma k\u00e4te desinfitseerimiseks, mist\u00f5ttu on see ideaalne kaupluste, supermarketite, kliinikute, haiglate, arstide kabinettide, kontorihoonete, kontorite, hotellide, ilusalongide ja muu jaoks.<br>\n<br>\n\n\n<b>Spetsifikatsioon\n<\/b><br>\n- Mudel: P1<br>\n\n- M\u00f5\u00f5dud: 7.2 x 9.8 x 18.8 cm<br>\n\n- Mahutavus: 350ml<br>\n\n- Praegune 1,5W<br>\n\n- Laadimis\u00fchendus: USB C-Type<br>\n\n- Liikumisandur<br>\n\n- Materjal: ABS plastik<br>\n\n- V\u00e4rv: valge<br>\n\n- Lihtne t\u00e4ita<br>\n\n- Esteetiline v\u00e4limus\t\t\t\t\t\t\t\t<\/div>\n\t\t\t\t<\/div>\n\t\t\t\t\t<\/div>\n\t\t<\/div>\n\t\t\t\t\t<\/div>\n\t\t<\/section>\n\t\t\t\t<\/div>","protected":false},"excerpt":{"rendered":"<p>Laetava akuga automaatne dosaator\/ pihusti vedelate desinfektsioonivahendite jaoks<\/p>","protected":false},"featured_media":13588,"template":"","meta":[],"product_brand":[],"product_cat":[55,74,71,72],"product_tag":[],"class_list":{"0":"post-9460","1":"product","2":"type-product","3":"status-publish","4":"has-post-thumbnail","6":"product_cat-household","7":"product_cat-health","8":"product_cat-gadgets","9":"product_cat-kitchen","11":"first","12":"instock","13":"shipping-taxable","14":"purchasable","15":"product-type-simple"},"yoast_head":"<!-- This site is optimized with the Yoast SEO Premium plugin v26.3 (Yoast SEO v26.3) - https:\/\/yoast.com\/wordpress\/plugins\/seo\/ -->\n<title>Senspray - WellStore ONLINE<\/title>\n<meta name=\"robots\" content=\"index, follow, max-snippet:-1, max-image-preview:large, max-video-preview:-1\" \/>\n<link rel=\"canonical\" href=\"https:\/\/wellstore.online\/et\/toode-2\/automaatne-desinfitseerimisdosaator\/\" \/>\n<meta property=\"og:locale\" content=\"et_EE\" \/>\n<meta property=\"og:type\" content=\"article\" \/>\n<meta property=\"og:title\" content=\"Senspray\" \/>\n<meta property=\"og:description\" content=\"Autom\u0101tiskais bezvadu dozators\/izsmidzin\u0101t\u0101js \u0161\u0137idrajiem dezinfekcijas l\u012bdzek\u013ciem\" \/>\n<meta property=\"og:url\" content=\"https:\/\/wellstore.online\/et\/toode-2\/automaatne-desinfitseerimisdosaator\/\" \/>\n<meta property=\"og:site_name\" content=\"WellStore ONLINE\" \/>\n<meta property=\"article:modified_time\" content=\"2025-03-30T06:22:34+00:00\" \/>\n<meta property=\"og:image\" content=\"https:\/\/wellstore.online\/wp-content\/uploads\/2022\/11\/dezinfikators.jpg\" \/>\n\t<meta property=\"og:image:width\" content=\"800\" \/>\n\t<meta property=\"og:image:height\" content=\"800\" \/>\n\t<meta property=\"og:image:type\" content=\"image\/jpeg\" \/>\n<meta name=\"twitter:card\" content=\"summary_large_image\" \/>\n<meta name=\"twitter:label1\" content=\"Est. reading time\" \/>\n\t<meta name=\"twitter:data1\" content=\"1 minut\" \/>\n<script type=\"application\/ld+json\" class=\"yoast-schema-graph\">{\"@context\":\"https:\/\/schema.org\",\"@graph\":[{\"@type\":\"WebPage\",\"@id\":\"https:\/\/wellstore.online\/product\/automatiskais-dezinfekcijas-dozators\/\",\"url\":\"https:\/\/wellstore.online\/product\/automatiskais-dezinfekcijas-dozators\/\",\"name\":\"Senspray - WellStore ONLINE\",\"isPartOf\":{\"@id\":\"https:\/\/wellstore.online\/#website\"},\"primaryImageOfPage\":{\"@id\":\"https:\/\/wellstore.online\/product\/automatiskais-dezinfekcijas-dozators\/#primaryimage\"},\"image\":{\"@id\":\"https:\/\/wellstore.online\/product\/automatiskais-dezinfekcijas-dozators\/#primaryimage\"},\"thumbnailUrl\":\"https:\/\/wellstore.online\/wp-content\/uploads\/2022\/11\/dezinfikators.jpg\",\"datePublished\":\"2022-11-16T18:08:39+00:00\",\"dateModified\":\"2025-03-30T06:22:34+00:00\",\"breadcrumb\":{\"@id\":\"https:\/\/wellstore.online\/product\/automatiskais-dezinfekcijas-dozators\/#breadcrumb\"},\"inLanguage\":\"et\",\"potentialAction\":[{\"@type\":\"ReadAction\",\"target\":[\"https:\/\/wellstore.online\/product\/automatiskais-dezinfekcijas-dozators\/\"]}]},{\"@type\":\"ImageObject\",\"inLanguage\":\"et\",\"@id\":\"https:\/\/wellstore.online\/product\/automatiskais-dezinfekcijas-dozators\/#primaryimage\",\"url\":\"https:\/\/wellstore.online\/wp-content\/uploads\/2022\/11\/dezinfikators.jpg\",\"contentUrl\":\"https:\/\/wellstore.online\/wp-content\/uploads\/2022\/11\/dezinfikators.jpg\",\"width\":800,\"height\":800,\"caption\":\"Senspray\"},{\"@type\":\"BreadcrumbList\",\"@id\":\"https:\/\/wellstore.online\/product\/automatiskais-dezinfekcijas-dozators\/#breadcrumb\",\"itemListElement\":[{\"@type\":\"ListItem\",\"position\":1,\"name\":\"Home\",\"item\":\"https:\/\/wellstore.online\/\"},{\"@type\":\"ListItem\",\"position\":2,\"name\":\"Shop\",\"item\":\"https:\/\/wellstore.online\/sv\/butik\/\"},{\"@type\":\"ListItem\",\"position\":3,\"name\":\"Senspray\"}]},{\"@type\":\"WebSite\",\"@id\":\"https:\/\/wellstore.online\/#website\",\"url\":\"https:\/\/wellstore.online\/\",\"name\":\"WellStore ONLINE\",\"description\":\"\",\"potentialAction\":[{\"@type\":\"SearchAction\",\"target\":{\"@type\":\"EntryPoint\",\"urlTemplate\":\"https:\/\/wellstore.online\/?s={search_term_string}\"},\"query-input\":{\"@type\":\"PropertyValueSpecification\",\"valueRequired\":true,\"valueName\":\"search_term_string\"}}],\"inLanguage\":\"et\"}]}<\/script>\n<!-- \/ Yoast SEO Premium plugin. -->","yoast_head_json":{"title":"Senspray - WellStore ONLINE","robots":{"index":"index","follow":"follow","max-snippet":"max-snippet:-1","max-image-preview":"max-image-preview:large","max-video-preview":"max-video-preview:-1"},"canonical":"https:\/\/wellstore.online\/et\/toode-2\/automaatne-desinfitseerimisdosaator\/","og_locale":"et_EE","og_type":"article","og_title":"Senspray","og_description":"Autom\u0101tiskais bezvadu dozators\/izsmidzin\u0101t\u0101js \u0161\u0137idrajiem dezinfekcijas l\u012bdzek\u013ciem","og_url":"https:\/\/wellstore.online\/et\/toode-2\/automaatne-desinfitseerimisdosaator\/","og_site_name":"WellStore ONLINE","article_modified_time":"2025-03-30T06:22:34+00:00","og_image":[{"width":800,"height":800,"url":"https:\/\/wellstore.online\/wp-content\/uploads\/2022\/11\/dezinfikators.jpg","type":"image\/jpeg"}],"twitter_card":"summary_large_image","twitter_misc":{"Est. reading time":"1 minut"},"schema":{"@context":"https:\/\/schema.org","@graph":[{"@type":"WebPage","@id":"https:\/\/wellstore.online\/product\/automatiskais-dezinfekcijas-dozators\/","url":"https:\/\/wellstore.online\/product\/automatiskais-dezinfekcijas-dozators\/","name":"Senspray - WellStore ONLINE","isPartOf":{"@id":"https:\/\/wellstore.online\/#website"},"primaryImageOfPage":{"@id":"https:\/\/wellstore.online\/product\/automatiskais-dezinfekcijas-dozators\/#primaryimage"},"image":{"@id":"https:\/\/wellstore.online\/product\/automatiskais-dezinfekcijas-dozators\/#primaryimage"},"thumbnailUrl":"https:\/\/wellstore.online\/wp-content\/uploads\/2022\/11\/dezinfikators.jpg","datePublished":"2022-11-16T18:08:39+00:00","dateModified":"2025-03-30T06:22:34+00:00","breadcrumb":{"@id":"https:\/\/wellstore.online\/product\/automatiskais-dezinfekcijas-dozators\/#breadcrumb"},"inLanguage":"et","potentialAction":[{"@type":"ReadAction","target":["https:\/\/wellstore.online\/product\/automatiskais-dezinfekcijas-dozators\/"]}]},{"@type":"ImageObject","inLanguage":"et","@id":"https:\/\/wellstore.online\/product\/automatiskais-dezinfekcijas-dozators\/#primaryimage","url":"https:\/\/wellstore.online\/wp-content\/uploads\/2022\/11\/dezinfikators.jpg","contentUrl":"https:\/\/wellstore.online\/wp-content\/uploads\/2022\/11\/dezinfikators.jpg","width":800,"height":800,"caption":"Senspray"},{"@type":"BreadcrumbList","@id":"https:\/\/wellstore.online\/product\/automatiskais-dezinfekcijas-dozators\/#breadcrumb","itemListElement":[{"@type":"ListItem","position":1,"name":"Home","item":"https:\/\/wellstore.online\/"},{"@type":"ListItem","position":2,"name":"Shop","item":"https:\/\/wellstore.online\/sv\/butik\/"},{"@type":"ListItem","position":3,"name":"Senspray"}]},{"@type":"WebSite","@id":"https:\/\/wellstore.online\/#website","url":"https:\/\/wellstore.online\/","name":"WellStore ONLINE","description":"","potentialAction":[{"@type":"SearchAction","target":{"@type":"EntryPoint","urlTemplate":"https:\/\/wellstore.online\/?s={search_term_string}"},"query-input":{"@type":"PropertyValueSpecification","valueRequired":true,"valueName":"search_term_string"}}],"inLanguage":"et"}]}},"_links":{"self":[{"href":"https:\/\/wellstore.online\/et\/wp-json\/wp\/v2\/product\/9460","targetHints":{"allow":["GET"]}}],"collection":[{"href":"https:\/\/wellstore.online\/et\/wp-json\/wp\/v2\/product"}],"about":[{"href":"https:\/\/wellstore.online\/et\/wp-json\/wp\/v2\/types\/product"}],"version-history":[{"count":0,"href":"https:\/\/wellstore.online\/et\/wp-json\/wp\/v2\/product\/9460\/revisions"}],"wp:featuredmedia":[{"embeddable":true,"href":"https:\/\/wellstore.online\/et\/wp-json\/wp\/v2\/media\/13588"}],"wp:attachment":[{"href":"https:\/\/wellstore.online\/et\/wp-json\/wp\/v2\/media?parent=9460"}],"wp:term":[{"taxonomy":"product_brand","embeddable":true,"href":"https:\/\/wellstore.online\/et\/wp-json\/wp\/v2\/product_brand?post=9460"},{"taxonomy":"product_cat","embeddable":true,"href":"https:\/\/wellstore.online\/et\/wp-json\/wp\/v2\/product_cat?post=9460"},{"taxonomy":"product_tag","embeddable":true,"href":"https:\/\/wellstore.online\/et\/wp-json\/wp\/v2\/product_tag?post=9460"}],"curies":[{"name":"wp","href":"https:\/\/api.w.org\/{rel}","templated":true}]}}