{"id":19967,"date":"2013-08-11T20:13:42","date_gmt":"2013-08-11T20:13:42","guid":{"rendered":"http:\/\/localhost:8888\/test\/?page_id=545"},"modified":"2025-10-14T21:52:56","modified_gmt":"2025-10-14T18:52:56","slug":"tiedustelut","status":"publish","type":"page","link":"https:\/\/wellstore.online\/fi\/elementit\/sivut\/tiedustelut\/","title":{"rendered":"FAQ"},"content":{"rendered":"<div data-elementor-type=\"wp-page\" data-elementor-id=\"19967\" class=\"elementor elementor-19967\" data-elementor-post-type=\"page\">\n\t\t\t\t\t\t<section class=\"elementor-section elementor-top-section elementor-element elementor-element-0ab54e4 elementor-section-boxed elementor-section-height-default elementor-section-height-default\" data-id=\"0ab54e4\" data-element_type=\"section\">\n\t\t\t\t\t\t<div class=\"elementor-container elementor-column-gap-default\">\n\t\t\t\t\t<div class=\"elementor-column elementor-col-100 elementor-top-column elementor-element elementor-element-1ee8224\" data-id=\"1ee8224\" data-element_type=\"column\">\n\t\t\t<div class=\"elementor-widget-wrap elementor-element-populated\">\n\t\t\t\t\t\t<div class=\"elementor-element elementor-element-11f3220 elementor-widget elementor-widget-heading\" data-id=\"11f3220\" data-element_type=\"widget\" data-widget_type=\"heading.default\">\n\t\t\t\t<div class=\"elementor-widget-container\">\n\t\t\t\t\t<h2 class=\"elementor-heading-title elementor-size-default\">Usein kysytyt kysymykset<\/h2>\t\t\t\t<\/div>\n\t\t\t\t<\/div>\n\t\t\t\t<div class=\"elementor-element elementor-element-3b7603a elementor-widget elementor-widget-toggle\" data-id=\"3b7603a\" data-element_type=\"widget\" data-widget_type=\"toggle.default\">\n\t\t\t\t<div class=\"elementor-widget-container\">\n\t\t\t\t\t\t\t<div class=\"elementor-toggle\">\n\t\t\t\t\t\t\t<div class=\"elementor-toggle-item\">\n\t\t\t\t\t<div id=\"elementor-tab-title-6231\" class=\"elementor-tab-title\" data-tab=\"1\" role=\"button\" aria-controls=\"elementor-tab-content-6231\" aria-expanded=\"false\">\n\t\t\t\t\t\t\t\t\t\t\t\t<span class=\"elementor-toggle-icon elementor-toggle-icon-right\" aria-hidden=\"true\">\n\t\t\t\t\t\t\t\t\t\t\t\t\t\t\t<span class=\"elementor-toggle-icon-closed\"><i class=\"fas fa-caret-right\"><\/i><\/span>\n\t\t\t\t\t\t\t\t<span class=\"elementor-toggle-icon-opened\"><i class=\"elementor-toggle-icon-opened fas fa-caret-up\"><\/i><\/span>\n\t\t\t\t\t\t\t\t\t\t\t\t\t<\/span>\n\t\t\t\t\t\t\t\t\t\t\t\t<a class=\"elementor-toggle-title\" tabindex=\"0\">- Kuinka pian saan ostokseni?<\/a>\n\t\t\t\t\t<\/div>\n\n\t\t\t\t\t<div id=\"elementor-tab-content-6231\" class=\"elementor-tab-content elementor-clearfix\" data-tab=\"1\" role=\"region\" aria-labelledby=\"elementor-tab-title-6231\"><p>Kaikki verkkokaupassamme myyt\u00e4v\u00e4t tuotteet ovat varastossa, joten voimme taata eritt\u00e4in nopean toimituksen. Jos asiakas tekee tilauksen ennen kello 13:00 arkip\u00e4iv\u00e4n\u00e4, toimitamme tavarat toimittajalle samana p\u00e4iv\u00e4n\u00e4. Kello 13:00 j\u00e4lkeen tehdyt tilaukset l\u00e4hetet\u00e4\u00e4n seuraavana arkip\u00e4iv\u00e4n\u00e4. Tavallisesti tavarat saapuvat asiakkaan tiloihin 1-3 ty\u00f6p\u00e4iv\u00e4n kuluessa.<\/p><\/div>\n\t\t\t\t<\/div>\n\t\t\t\t\t\t\t<div class=\"elementor-toggle-item\">\n\t\t\t\t\t<div id=\"elementor-tab-title-6232\" class=\"elementor-tab-title\" data-tab=\"2\" role=\"button\" aria-controls=\"elementor-tab-content-6232\" aria-expanded=\"false\">\n\t\t\t\t\t\t\t\t\t\t\t\t<span class=\"elementor-toggle-icon elementor-toggle-icon-right\" aria-hidden=\"true\">\n\t\t\t\t\t\t\t\t\t\t\t\t\t\t\t<span class=\"elementor-toggle-icon-closed\"><i class=\"fas fa-caret-right\"><\/i><\/span>\n\t\t\t\t\t\t\t\t<span class=\"elementor-toggle-icon-opened\"><i class=\"elementor-toggle-icon-opened fas fa-caret-up\"><\/i><\/span>\n\t\t\t\t\t\t\t\t\t\t\t\t\t<\/span>\n\t\t\t\t\t\t\t\t\t\t\t\t<a class=\"elementor-toggle-title\" tabindex=\"0\">- Miten voin maksaa tavarat?<\/a>\n\t\t\t\t\t<\/div>\n\n\t\t\t\t\t<div id=\"elementor-tab-content-6232\" class=\"elementor-tab-content elementor-clearfix\" data-tab=\"2\" role=\"region\" aria-labelledby=\"elementor-tab-title-6232\"><p>Voit maksaa tavarasi ennakkomaksuna pankkikortilla tai verkkopankkisiirrolla tai j\u00e4lkimaksuna. J\u00e4lkimaksu tarkoittaa, ett\u00e4 tavarat maksetaan vasta, kun saat ne. Toisin sanoen, kun vastaanotat tavarat Omniva-kioskissa, sinun on maksettava ne itse kioskissa pankkikortillasi korttip\u00e4\u00e4tteen kautta. My\u00f6s jos vastaanotat tavarat kuriirin v\u00e4lityksell\u00e4, voit maksaa pankkikortilla toimitushetkell\u00e4.<\/p><\/div>\n\t\t\t\t<\/div>\n\t\t\t\t\t\t\t<div class=\"elementor-toggle-item\">\n\t\t\t\t\t<div id=\"elementor-tab-title-6233\" class=\"elementor-tab-title\" data-tab=\"3\" role=\"button\" aria-controls=\"elementor-tab-content-6233\" aria-expanded=\"false\">\n\t\t\t\t\t\t\t\t\t\t\t\t<span class=\"elementor-toggle-icon elementor-toggle-icon-right\" aria-hidden=\"true\">\n\t\t\t\t\t\t\t\t\t\t\t\t\t\t\t<span class=\"elementor-toggle-icon-closed\"><i class=\"fas fa-caret-right\"><\/i><\/span>\n\t\t\t\t\t\t\t\t<span class=\"elementor-toggle-icon-opened\"><i class=\"elementor-toggle-icon-opened fas fa-caret-up\"><\/i><\/span>\n\t\t\t\t\t\t\t\t\t\t\t\t\t<\/span>\n\t\t\t\t\t\t\t\t\t\t\t\t<a class=\"elementor-toggle-title\" tabindex=\"0\">- Mist\u00e4 l\u00f6yd\u00e4n tietoa tilauksestani?<\/a>\n\t\t\t\t\t<\/div>\n\n\t\t\t\t\t<div id=\"elementor-tab-content-6233\" class=\"elementor-tab-content elementor-clearfix\" data-tab=\"3\" role=\"region\" aria-labelledby=\"elementor-tab-title-6233\"><p>Kun teet tilauksen, saat s\u00e4hk\u00f6postiviestin, jossa on kaikki tilauksen tiedot - tuotteen nimi, hinta, toimitus- ja maksutiedot. Kun k\u00e4sittelemme tuotteen l\u00e4hetyst\u00e4 varten, ostaja saa my\u00f6s seurantakoodin.<\/p><\/div>\n\t\t\t\t<\/div>\n\t\t\t\t\t\t\t<div class=\"elementor-toggle-item\">\n\t\t\t\t\t<div id=\"elementor-tab-title-6234\" class=\"elementor-tab-title\" data-tab=\"4\" role=\"button\" aria-controls=\"elementor-tab-content-6234\" aria-expanded=\"false\">\n\t\t\t\t\t\t\t\t\t\t\t\t<span class=\"elementor-toggle-icon elementor-toggle-icon-right\" aria-hidden=\"true\">\n\t\t\t\t\t\t\t\t\t\t\t\t\t\t\t<span class=\"elementor-toggle-icon-closed\"><i class=\"fas fa-caret-right\"><\/i><\/span>\n\t\t\t\t\t\t\t\t<span class=\"elementor-toggle-icon-opened\"><i class=\"elementor-toggle-icon-opened fas fa-caret-up\"><\/i><\/span>\n\t\t\t\t\t\t\t\t\t\t\t\t\t<\/span>\n\t\t\t\t\t\t\t\t\t\t\t\t<a class=\"elementor-toggle-title\" tabindex=\"0\">- Voinko noutaa tavarat henkil\u00f6kohtaisesti?<\/a>\n\t\t\t\t\t<\/div>\n\n\t\t\t\t\t<div id=\"elementor-tab-content-6234\" class=\"elementor-tab-content elementor-clearfix\" data-tab=\"4\" role=\"region\" aria-labelledby=\"elementor-tab-title-6234\"><p>Verkkokauppamme tarjoaa tuotteita huomattavilla alennuksilla. T\u00e4m\u00e4 on mahdollista vain siksi, ett\u00e4 meill\u00e4 ei ole fyysist\u00e4 myym\u00e4l\u00e4\u00e4, mik\u00e4 mahdollistaa kustannusten leikkaamisen. Valitettavasti tavaroita ei ole mahdollista noutaa paikan p\u00e4\u00e4ll\u00e4. Kutsumme sinut k\u00e4ytt\u00e4m\u00e4\u00e4n hyv\u00e4kseen verkkokaupan mukavuutta!<\/p><\/div>\n\t\t\t\t<\/div>\n\t\t\t\t\t\t\t<div class=\"elementor-toggle-item\">\n\t\t\t\t\t<div id=\"elementor-tab-title-6235\" class=\"elementor-tab-title\" data-tab=\"5\" role=\"button\" aria-controls=\"elementor-tab-content-6235\" aria-expanded=\"false\">\n\t\t\t\t\t\t\t\t\t\t\t\t<span class=\"elementor-toggle-icon elementor-toggle-icon-right\" aria-hidden=\"true\">\n\t\t\t\t\t\t\t\t\t\t\t\t\t\t\t<span class=\"elementor-toggle-icon-closed\"><i class=\"fas fa-caret-right\"><\/i><\/span>\n\t\t\t\t\t\t\t\t<span class=\"elementor-toggle-icon-opened\"><i class=\"elementor-toggle-icon-opened fas fa-caret-up\"><\/i><\/span>\n\t\t\t\t\t\t\t\t\t\t\t\t\t<\/span>\n\t\t\t\t\t\t\t\t\t\t\t\t<a class=\"elementor-toggle-title\" tabindex=\"0\">- Mihin kirjoitan alennuskoodin?<\/a>\n\t\t\t\t\t<\/div>\n\n\t\t\t\t\t<div id=\"elementor-tab-content-6235\" class=\"elementor-tab-content elementor-clearfix\" data-tab=\"5\" role=\"region\" aria-labelledby=\"elementor-tab-title-6235\"><p>K\u00e4ytt\u00e4\u00e4ksesi alennuksen sinun on sy\u00f6tett\u00e4v\u00e4 koodi ostoskorin osiossa olevaan tilaan. Siin\u00e4 vaiheessa alennus lasketaan automaattisesti ja sit\u00e4 sovelletaan ostoosi. Jos haluat saada alennuksia, tilaa parhaat tarjoukset s\u00e4hk\u00f6postitse. L\u00f6yd\u00e4t t\u00e4m\u00e4n lomakkeen verkkokauppamme alalaidasta.<\/p><\/div>\n\t\t\t\t<\/div>\n\t\t\t\t\t\t\t<div class=\"elementor-toggle-item\">\n\t\t\t\t\t<div id=\"elementor-tab-title-6236\" class=\"elementor-tab-title\" data-tab=\"6\" role=\"button\" aria-controls=\"elementor-tab-content-6236\" aria-expanded=\"false\">\n\t\t\t\t\t\t\t\t\t\t\t\t<span class=\"elementor-toggle-icon elementor-toggle-icon-right\" aria-hidden=\"true\">\n\t\t\t\t\t\t\t\t\t\t\t\t\t\t\t<span class=\"elementor-toggle-icon-closed\"><i class=\"fas fa-caret-right\"><\/i><\/span>\n\t\t\t\t\t\t\t\t<span class=\"elementor-toggle-icon-opened\"><i class=\"elementor-toggle-icon-opened fas fa-caret-up\"><\/i><\/span>\n\t\t\t\t\t\t\t\t\t\t\t\t\t<\/span>\n\t\t\t\t\t\t\t\t\t\t\t\t<a class=\"elementor-toggle-title\" tabindex=\"0\">- Jos en pid\u00e4 tuotteesta, voinko palauttaa sen?<\/a>\n\t\t\t\t\t<\/div>\n\n\t\t\t\t\t<div id=\"elementor-tab-content-6236\" class=\"elementor-tab-content elementor-clearfix\" data-tab=\"6\" role=\"region\" aria-labelledby=\"elementor-tab-title-6236\"><p>Toisin kuin monet muut, myym\u00e4l\u00e4mme tarjoaa 45 p\u00e4iv\u00e4n palautusajan. T\u00e4m\u00e4 tarkoittaa, ett\u00e4 otamme t\u00e4yden vastuun koko tuotevalikoimamme laadusta ja korkeasta laadusta. Katso lis\u00e4tietoja palautusehdoistamme.<\/p><\/div>\n\t\t\t\t<\/div>\n\t\t\t\t\t\t\t<div class=\"elementor-toggle-item\">\n\t\t\t\t\t<div id=\"elementor-tab-title-6237\" class=\"elementor-tab-title\" data-tab=\"7\" role=\"button\" aria-controls=\"elementor-tab-content-6237\" aria-expanded=\"false\">\n\t\t\t\t\t\t\t\t\t\t\t\t<span class=\"elementor-toggle-icon elementor-toggle-icon-right\" aria-hidden=\"true\">\n\t\t\t\t\t\t\t\t\t\t\t\t\t\t\t<span class=\"elementor-toggle-icon-closed\"><i class=\"fas fa-caret-right\"><\/i><\/span>\n\t\t\t\t\t\t\t\t<span class=\"elementor-toggle-icon-opened\"><i class=\"elementor-toggle-icon-opened fas fa-caret-up\"><\/i><\/span>\n\t\t\t\t\t\t\t\t\t\t\t\t\t<\/span>\n\t\t\t\t\t\t\t\t\t\t\t\t<a class=\"elementor-toggle-title\" tabindex=\"0\">- Miten voin peruuttaa tilaukseni?<\/a>\n\t\t\t\t\t<\/div>\n\n\t\t\t\t\t<div id=\"elementor-tab-content-6237\" class=\"elementor-tab-content elementor-clearfix\" data-tab=\"7\" role=\"region\" aria-labelledby=\"elementor-tab-title-6237\"><p>Koska k\u00e4sittelemme tilaukset ja l\u00e4het\u00e4mme tavarat hyvin nopeasti, peruutuksia on vain v\u00e4h\u00e4n. T\u00e4m\u00e4n p\u00e4iv\u00e4n tilauksia voi peruuttaa vain klo 13:00 asti (arkisin) s\u00e4hk\u00f6postitse, joten ole vastuullinen tilauksesi kanssa!<\/p><\/div>\n\t\t\t\t<\/div>\n\t\t\t\t\t\t\t\t<\/div>\n\t\t\t\t\t\t<\/div>\n\t\t\t\t<\/div>\n\t\t\t\t<div class=\"elementor-element elementor-element-f6a4ae3 elementor-widget elementor-widget-heading\" data-id=\"f6a4ae3\" data-element_type=\"widget\" data-widget_type=\"heading.default\">\n\t\t\t\t<div class=\"elementor-widget-container\">\n\t\t\t\t\t<h2 class=\"elementor-heading-title elementor-size-default\">Jos et l\u00f6yd\u00e4 vastausta kysymykseesi, ota meihin yhteytt\u00e4 t\u00e4ytt\u00e4m\u00e4ll\u00e4 asiakaskeskuksessa oleva lomake.<\/h2>\t\t\t\t<\/div>\n\t\t\t\t<\/div>\n\t\t\t\t<div class=\"elementor-element elementor-element-5cec6c0 elementor-align-center elementor-widget elementor-widget-button\" data-id=\"5cec6c0\" data-element_type=\"widget\" data-widget_type=\"button.default\">\n\t\t\t\t<div class=\"elementor-widget-container\">\n\t\t\t\t\t\t\t\t\t<div class=\"elementor-button-wrapper\">\n\t\t\t\t\t<a class=\"elementor-button elementor-button-link elementor-size-sm\" href=\"https:\/\/wellstore.online\/contacts\">\n\t\t\t\t\t\t<span class=\"elementor-button-content-wrapper\">\n\t\t\t\t\t\t\t\t\t<span class=\"elementor-button-text\">ASIAKASKESKUS<\/span>\n\t\t\t\t\t<\/span>\n\t\t\t\t\t<\/a>\n\t\t\t\t<\/div>\n\t\t\t\t\t\t\t\t<\/div>\n\t\t\t\t<\/div>\n\t\t\t\t\t<\/div>\n\t\t<\/div>\n\t\t\t\t\t<\/div>\n\t\t<\/section>\n\t\t\t\t<\/div>","protected":false},"excerpt":{"rendered":"<p>Bie\u017e\u0101k uzdotie jaut\u0101jumi \u2022 Cik \u0101tri es sa\u0146em\u0161u savu pirkumu? Visi produkti, kas izlikti p\u0101rdo\u0161anai m\u016bsu e-veikal\u0101, ir noliktav\u0101, t\u0101d\u0113\u013c m\u0113s sp\u0113jam nodro\u0161in\u0101t \u013coti \u0101tru pieg\u0101di. Ja pirc\u0113js izdara pas\u016bt\u012bjumu l\u012bdz darbadienas plkst. 13:00, preci nododam preces pieg\u0101d\u0101t\u0101jam jau taj\u0101 pa\u0161\u0101 dien\u0101. P\u0113c 13:00 izdar\u012btos pas\u016bt\u012bjumus izs\u016btam n\u0101kamaj\u0101 darba dien\u0101. Pie klientiem prece parasti pien\u0101k [&#8230;]","protected":false},"author":1,"featured_media":0,"parent":19933,"menu_order":0,"comment_status":"closed","ping_status":"closed","template":"","meta":{"footnotes":""},"class_list":["post-19967","page","type-page","status-publish","hentry"],"yoast_head":"<!-- This site is optimized with the Yoast SEO Premium plugin v26.3 (Yoast SEO v26.3) - https:\/\/yoast.com\/wordpress\/plugins\/seo\/ -->\n<title>FAQ - WellStore ONLINE<\/title>\n<meta name=\"robots\" content=\"index, follow, max-snippet:-1, max-image-preview:large, max-video-preview:-1\" \/>\n<link rel=\"canonical\" href=\"https:\/\/wellstore.online\/fi\/elementit\/sivut\/tiedustelut\/\" \/>\n<meta property=\"og:locale\" content=\"fi_FI\" \/>\n<meta property=\"og:type\" content=\"article\" \/>\n<meta property=\"og:title\" content=\"FAQ\" \/>\n<meta property=\"og:description\" content=\"Bie\u017e\u0101k uzdotie jaut\u0101jumi \u2022 Cik \u0101tri es sa\u0146em\u0161u savu pirkumu? Visi produkti, kas izlikti p\u0101rdo\u0161anai m\u016bsu e-veikal\u0101, ir noliktav\u0101, t\u0101d\u0113\u013c m\u0113s sp\u0113jam nodro\u0161in\u0101t \u013coti \u0101tru pieg\u0101di. Ja pirc\u0113js izdara pas\u016bt\u012bjumu l\u012bdz darbadienas plkst. 13:00, preci nododam preces pieg\u0101d\u0101t\u0101jam jau taj\u0101 pa\u0161\u0101 dien\u0101. P\u0113c 13:00 izdar\u012btos pas\u016bt\u012bjumus izs\u016btam n\u0101kamaj\u0101 darba dien\u0101. Pie klientiem prece parasti pien\u0101k [...]\" \/>\n<meta property=\"og:url\" content=\"https:\/\/wellstore.online\/fi\/elementit\/sivut\/tiedustelut\/\" \/>\n<meta property=\"og:site_name\" content=\"WellStore ONLINE\" \/>\n<meta property=\"article:modified_time\" content=\"2025-10-14T18:52:56+00:00\" \/>\n<meta name=\"twitter:card\" content=\"summary_large_image\" \/>\n<meta name=\"twitter:label1\" content=\"Arvioitu lukuaika\" \/>\n\t<meta name=\"twitter:data1\" content=\"3 minuuttia\" \/>\n<script type=\"application\/ld+json\" class=\"yoast-schema-graph\">{\"@context\":\"https:\/\/schema.org\",\"@graph\":[{\"@type\":\"WebPage\",\"@id\":\"https:\/\/wellstore.online\/elements\/pages\/faq\/\",\"url\":\"https:\/\/wellstore.online\/elements\/pages\/faq\/\",\"name\":\"FAQ - WellStore ONLINE\",\"isPartOf\":{\"@id\":\"https:\/\/wellstore.online\/#website\"},\"datePublished\":\"2013-08-11T20:13:42+00:00\",\"dateModified\":\"2025-10-14T18:52:56+00:00\",\"breadcrumb\":{\"@id\":\"https:\/\/wellstore.online\/elements\/pages\/faq\/#breadcrumb\"},\"inLanguage\":\"fi\",\"potentialAction\":[{\"@type\":\"ReadAction\",\"target\":[\"https:\/\/wellstore.online\/elements\/pages\/faq\/\"]}]},{\"@type\":\"BreadcrumbList\",\"@id\":\"https:\/\/wellstore.online\/elements\/pages\/faq\/#breadcrumb\",\"itemListElement\":[{\"@type\":\"ListItem\",\"position\":1,\"name\":\"Home\",\"item\":\"https:\/\/wellstore.online\/\"},{\"@type\":\"ListItem\",\"position\":2,\"name\":\"Elements\",\"item\":\"https:\/\/wellstore.online\/elements\/\"},{\"@type\":\"ListItem\",\"position\":3,\"name\":\"Pages\",\"item\":\"https:\/\/wellstore.online\/elements\/pages\/\"},{\"@type\":\"ListItem\",\"position\":4,\"name\":\"FAQ\"}]},{\"@type\":\"WebSite\",\"@id\":\"https:\/\/wellstore.online\/#website\",\"url\":\"https:\/\/wellstore.online\/\",\"name\":\"WellStore ONLINE\",\"description\":\"\",\"potentialAction\":[{\"@type\":\"SearchAction\",\"target\":{\"@type\":\"EntryPoint\",\"urlTemplate\":\"https:\/\/wellstore.online\/?s={search_term_string}\"},\"query-input\":{\"@type\":\"PropertyValueSpecification\",\"valueRequired\":true,\"valueName\":\"search_term_string\"}}],\"inLanguage\":\"fi\"}]}<\/script>\n<!-- \/ Yoast SEO Premium plugin. -->","yoast_head_json":{"title":"FAQ - WellStore ONLINE","robots":{"index":"index","follow":"follow","max-snippet":"max-snippet:-1","max-image-preview":"max-image-preview:large","max-video-preview":"max-video-preview:-1"},"canonical":"https:\/\/wellstore.online\/fi\/elementit\/sivut\/tiedustelut\/","og_locale":"fi_FI","og_type":"article","og_title":"FAQ","og_description":"Bie\u017e\u0101k uzdotie jaut\u0101jumi \u2022 Cik \u0101tri es sa\u0146em\u0161u savu pirkumu? Visi produkti, kas izlikti p\u0101rdo\u0161anai m\u016bsu e-veikal\u0101, ir noliktav\u0101, t\u0101d\u0113\u013c m\u0113s sp\u0113jam nodro\u0161in\u0101t \u013coti \u0101tru pieg\u0101di. Ja pirc\u0113js izdara pas\u016bt\u012bjumu l\u012bdz darbadienas plkst. 13:00, preci nododam preces pieg\u0101d\u0101t\u0101jam jau taj\u0101 pa\u0161\u0101 dien\u0101. P\u0113c 13:00 izdar\u012btos pas\u016bt\u012bjumus izs\u016btam n\u0101kamaj\u0101 darba dien\u0101. Pie klientiem prece parasti pien\u0101k [...]","og_url":"https:\/\/wellstore.online\/fi\/elementit\/sivut\/tiedustelut\/","og_site_name":"WellStore ONLINE","article_modified_time":"2025-10-14T18:52:56+00:00","twitter_card":"summary_large_image","twitter_misc":{"Arvioitu lukuaika":"3 minuuttia"},"schema":{"@context":"https:\/\/schema.org","@graph":[{"@type":"WebPage","@id":"https:\/\/wellstore.online\/elements\/pages\/faq\/","url":"https:\/\/wellstore.online\/elements\/pages\/faq\/","name":"FAQ - WellStore ONLINE","isPartOf":{"@id":"https:\/\/wellstore.online\/#website"},"datePublished":"2013-08-11T20:13:42+00:00","dateModified":"2025-10-14T18:52:56+00:00","breadcrumb":{"@id":"https:\/\/wellstore.online\/elements\/pages\/faq\/#breadcrumb"},"inLanguage":"fi","potentialAction":[{"@type":"ReadAction","target":["https:\/\/wellstore.online\/elements\/pages\/faq\/"]}]},{"@type":"BreadcrumbList","@id":"https:\/\/wellstore.online\/elements\/pages\/faq\/#breadcrumb","itemListElement":[{"@type":"ListItem","position":1,"name":"Home","item":"https:\/\/wellstore.online\/"},{"@type":"ListItem","position":2,"name":"Elements","item":"https:\/\/wellstore.online\/elements\/"},{"@type":"ListItem","position":3,"name":"Pages","item":"https:\/\/wellstore.online\/elements\/pages\/"},{"@type":"ListItem","position":4,"name":"FAQ"}]},{"@type":"WebSite","@id":"https:\/\/wellstore.online\/#website","url":"https:\/\/wellstore.online\/","name":"WellStore ONLINE","description":"","potentialAction":[{"@type":"SearchAction","target":{"@type":"EntryPoint","urlTemplate":"https:\/\/wellstore.online\/?s={search_term_string}"},"query-input":{"@type":"PropertyValueSpecification","valueRequired":true,"valueName":"search_term_string"}}],"inLanguage":"fi"}]}},"_links":{"self":[{"href":"https:\/\/wellstore.online\/fi\/wp-json\/wp\/v2\/pages\/19967","targetHints":{"allow":["GET"]}}],"collection":[{"href":"https:\/\/wellstore.online\/fi\/wp-json\/wp\/v2\/pages"}],"about":[{"href":"https:\/\/wellstore.online\/fi\/wp-json\/wp\/v2\/types\/page"}],"author":[{"embeddable":true,"href":"https:\/\/wellstore.online\/fi\/wp-json\/wp\/v2\/users\/1"}],"replies":[{"embeddable":true,"href":"https:\/\/wellstore.online\/fi\/wp-json\/wp\/v2\/comments?post=19967"}],"version-history":[{"count":0,"href":"https:\/\/wellstore.online\/fi\/wp-json\/wp\/v2\/pages\/19967\/revisions"}],"up":[{"embeddable":true,"href":"https:\/\/wellstore.online\/fi\/wp-json\/wp\/v2\/pages\/19933"}],"wp:attachment":[{"href":"https:\/\/wellstore.online\/fi\/wp-json\/wp\/v2\/media?parent=19967"}],"curies":[{"name":"wp","href":"https:\/\/api.w.org\/{rel}","templated":true}]}}