{"id":6296,"date":"2022-09-18T11:52:19","date_gmt":"2022-09-18T08:52:19","guid":{"rendered":"http:\/\/box2520.temp.domains\/~wellstor\/?page_id=6296"},"modified":"2023-04-06T12:26:06","modified_gmt":"2023-04-06T09:26:06","slug":"yksityisyys","status":"publish","type":"page","link":"https:\/\/wellstore.online\/fi\/yksityisyys\/","title":{"rendered":"Yksityisyys"},"content":{"rendered":"<div data-elementor-type=\"wp-page\" data-elementor-id=\"6296\" class=\"elementor elementor-6296\" data-elementor-post-type=\"page\">\n\t\t\t\t\t\t<section class=\"elementor-section elementor-top-section elementor-element elementor-element-7ee7ad1 elementor-section-boxed elementor-section-height-default elementor-section-height-default\" data-id=\"7ee7ad1\" data-element_type=\"section\" data-settings=\"{&quot;background_background&quot;:&quot;classic&quot;}\">\n\t\t\t\t\t\t<div class=\"elementor-container elementor-column-gap-default\">\n\t\t\t\t\t<div class=\"elementor-column elementor-col-100 elementor-top-column elementor-element elementor-element-97df9bb\" data-id=\"97df9bb\" data-element_type=\"column\">\n\t\t\t<div class=\"elementor-widget-wrap elementor-element-populated\">\n\t\t\t\t\t\t<div class=\"elementor-element elementor-element-0f84c80 elementor-widget elementor-widget-heading\" data-id=\"0f84c80\" data-element_type=\"widget\" data-widget_type=\"heading.default\">\n\t\t\t\t<div class=\"elementor-widget-container\">\n\t\t\t\t\t<h2 class=\"elementor-heading-title elementor-size-default\">Tietosuojak\u00e4yt\u00e4nt\u00f6<\/h2>\t\t\t\t<\/div>\n\t\t\t\t<\/div>\n\t\t\t\t<div class=\"elementor-element elementor-element-6c13d5e elementor-widget elementor-widget-text-editor\" data-id=\"6c13d5e\" data-element_type=\"widget\" data-widget_type=\"text-editor.default\">\n\t\t\t\t<div class=\"elementor-widget-container\">\n\t\t\t\t\t\t\t\t\t<p><b>WellStore.online suojelee asiakkaidensa ja k\u00e4ytt\u00e4jiens\u00e4 yksityisyytt\u00e4. T\u00e4m\u00e4n perusteella olemme laatineet t\u00e4m\u00e4n tietosuojak\u00e4yt\u00e4nn\u00f6n, joka s\u00e4\u00e4ntelee asiakastietojen ker\u00e4\u00e4mist\u00e4, julkaisemista, k\u00e4ytt\u00f6\u00e4, s\u00e4ilytt\u00e4mist\u00e4 ja siirt\u00e4mist\u00e4. Verkkokauppamme noudattaa Euroopan unionin lains\u00e4\u00e4d\u00e4nt\u00f6\u00e4 ja Latvian tasavallan lakeja.<\/b><\/p>\n<p class=\"p2\">Kun k\u00e4yt\u00e4t verkkokauppaamme, sinun katsotaan hyv\u00e4ksyneen tietosuojak\u00e4yt\u00e4nn\u00f6n.<\/p>\n<p class=\"p2\"><b>Henkil\u00f6tietojen ker\u00e4\u00e4minen ja k\u00e4ytt\u00f6<\/b><\/p>\n<p class=\"p2\">Henkil\u00f6tiedot ovat tietoja, joita WellStore-verkkokauppa ker\u00e4\u00e4, kun asiakas tekee tilauksen tai kun h\u00e4n on yhteydess\u00e4 asiakkaaseen.<\/p>\n<p class=\"p2\">Kanta-asiakkaiden henkil\u00f6tietoja ker\u00e4t\u00e4\u00e4n seuraavasti:<\/p>\n<ul class=\"ul1\">\n<li class=\"li2\">antamalla yhteystietoja (nimi, sukunimi, puhelinnumero, s\u00e4hk\u00f6postiosoite, postiosoite) verkkosivustollamme.<\/li>\n<li class=\"li2\">Rekister\u00f6ityneen asiakkaan verkkokauppatilin kautta tai ev\u00e4steiden avulla.<\/li>\n<\/ul>\n<p class=\"p2\"><b>Ker\u00e4ttyjen henkil\u00f6tietojen k\u00e4ytt\u00f6<\/b><\/p>\n<p class=\"p2\">Ker\u00e4ttyjen henkil\u00f6tietojen avulla voimme tiedottaa asiakkaille WellStoren tuoteuutuuksista ja kampanjoista. Asiakas, joka ei halua olla asiakaslistallamme tai saada tietoa h\u00e4nt\u00e4 mahdollisesti kiinnostavista tuotteista, voi milloin tahansa poistaa itsens\u00e4 tietokannasta. Asiakkaat voivat peruuttaa uutiskirjeen tilauksen ilmoittamalla siit\u00e4 meille s\u00e4hk\u00f6postitse tai noudattamalla s\u00e4hk\u00f6postin alatunnisteessa olevia ohjeita. Jos asiakas haluaa lopettaa tekstiviesti-ilmoitusten vastaanottamisen, h\u00e4nen on otettava yhteytt\u00e4 asiakastukeen s\u00e4hk\u00f6isesti. K\u00e4yt\u00e4mme ker\u00e4ttyj\u00e4 henkil\u00f6tietoja my\u00f6s tavaroiden toimittamiseen ja velvoitteidemme t\u00e4ytt\u00e4miseen asiakasta kohtaan.<\/p>\n<p class=\"p2\">WellStore voi luovuttaa yksitt\u00e4isi\u00e4 k\u00e4ytt\u00e4ji\u00e4 koskevia tietoja WellStoren verkkopalvelua tarjoavalle kolmannelle osapuolelle, joka on sopimuksella velvollinen pit\u00e4m\u00e4\u00e4n jaetut tiedot luottamuksellisina, jotta asiakasta voidaan palvella paremmin. Esimerkkej\u00e4 kolmansista osapuolista ovat kuljetuspalvelukumppanit.<\/p>\n<p class=\"p2\"><b>Henkil\u00f6tietojen k\u00e4sittely\u00e4 koskevat oikeutesi<\/b><\/p>\n<p class=\"p2\">Sinulla on oikeus saada tietoa henkil\u00f6tietojen k\u00e4sittelyst\u00e4 henkil\u00f6tietolaissa ja muissa sovellettavissa laeissa s\u00e4\u00e4detyss\u00e4 laajuudessa. Sinulla on oikeus pyyt\u00e4\u00e4, ett\u00e4 henkil\u00f6tietojesi k\u00e4sittely lopetetaan, oikaistaan, estet\u00e4\u00e4n, poistetaan ja siirret\u00e4\u00e4n. Jos huomaat, ett\u00e4 oikeuksiasi loukataan henkil\u00f6tietojesi k\u00e4sittelyss\u00e4, sinulla on oikeus k\u00e4\u00e4nty\u00e4 tietosuojavaltuutetun tai tuomioistuimen puoleen, ellei laissa toisin s\u00e4\u00e4det\u00e4. Sinulla on oikeus vaatia vahingonkorvausta sovellettavan lain perusteella ja sen mukaisesti.<\/p>\n<p class=\"p2\"><b>Tietoturva ja p\u00e4\u00e4sy<\/b><\/p>\n<p class=\"p2\">Henkil\u00f6tietoja tallennetaan EetaSoftin (Eeva business software) palvelimille, jotka sijaitsevat Euroopan unionin j\u00e4senvaltion alueella tai Euroopan talousalueeseen kuuluvissa maissa. Tietoja voidaan siirt\u00e4\u00e4 maihin, joiden tietosuojan tason Euroopan komissio on arvioinut riitt\u00e4v\u00e4ksi, sek\u00e4 yhdysvaltalaisiin yrityksiin, jotka ovat liittyneet Privacy Shieldiin. P\u00e4\u00e4sy henkil\u00f6tietoihin on verkkokaupan ty\u00f6ntekij\u00f6ill\u00e4, jotka voivat k\u00e4ytt\u00e4\u00e4 henkil\u00f6tietoja verkkokaupan k\u00e4ytt\u00f6\u00f6n liittyvien teknisten ongelmien ratkaisemiseksi ja asiakastuen tarjoamiseksi. Verkkokauppa toteuttaa asianmukaisia fyysisi\u00e4, organisatorisia ja tietoteknisi\u00e4 turvatoimia henkil\u00f6tietojen suojaamiseksi vahingossa tapahtuvalta tai laittomalta tuhoamiselta, h\u00e4vi\u00e4miselt\u00e4, muuttamiselta tai luvattomalta k\u00e4yt\u00f6lt\u00e4 ja paljastamiselta. Henkil\u00f6tietojen siirto verkkokaupan valtuutetuille yhteisty\u00f6kumppaneille (kuten kuljetuspalvelujen tarjoajille ja tietojen tallennusyrityksille) edellytt\u00e4\u00e4 verkkokaupan sopimusta ja sopimuksia valtuutettujen ty\u00f6ntekij\u00f6iden kanssa. Valtuutettujen henkil\u00f6iden on varmistettava asianmukaiset turvatoimet henkil\u00f6tietojen k\u00e4sittely\u00e4 varten.<\/p>\n<p class=\"p2\"><b>Henkil\u00f6tietojen saanti ja oikaisu<\/b><\/p>\n<p class=\"p2\">Henkil\u00f6tietoja voi tarkastella ja korjata verkkokaupan k\u00e4ytt\u00e4j\u00e4profiilissa. Jos osto tehd\u00e4\u00e4n k\u00e4ytt\u00e4j\u00e4tilin kautta, henkil\u00f6tietoihin p\u00e4\u00e4see k\u00e4siksi asiakkaan suostumuksella.<\/p>\n<p class=\"p2\"><b>Suostumuksen peruuttaminen<\/b><\/p>\n<p class=\"p2\">Jos henkil\u00f6tietoja k\u00e4sitell\u00e4\u00e4n asiakkaan suostumuksella, asiakkaalla on oikeus peruuttaa suostumus ilmoittamalla siit\u00e4 asiakastukikeskukselle s\u00e4hk\u00f6postitse.<\/p>\n<p class=\"p2\"><b>Varastointi<\/b><\/p>\n<p class=\"p2\">Henkil\u00f6tiedot poistetaan, kun verkkokaupan asiakastili lopetetaan, ellei niiden s\u00e4ilytt\u00e4minen ole tarpeen kirjanpitoa tai kuluttajariitojen ratkaisua varten. Jos verkkokaupassa tehd\u00e4\u00e4n ostoksia ilman asiakastili\u00e4, ostohistoriaa s\u00e4ilytet\u00e4\u00e4n kolme vuotta. Maksu- ja kuluttajariitatapauksissa henkil\u00f6tietoja s\u00e4ilytet\u00e4\u00e4n, kunnes saatava on ratkaistu tai vanhentumisaika on p\u00e4\u00e4ttynyt. Kirjanpitoa varten tarvittavia henkil\u00f6tietoja s\u00e4ilytet\u00e4\u00e4n seitsem\u00e4n vuotta.<\/p>\n<p class=\"p2\"><b>Poistaminen<\/b><\/p>\n<p class=\"p2\">Jos haluat poistaa henkil\u00f6tietosi, ota yhteytt\u00e4 asiakastukeen s\u00e4hk\u00f6postitse. Poistopyynt\u00f6\u00f6n vastataan enint\u00e4\u00e4n kuukauden kuluessa ja ilmoitetaan poistoajankohta.<\/p>\n<p class=\"p2\"><b>Tietosuojak\u00e4yt\u00e4nn\u00f6n ehdot ja muutokset<\/b><\/p>\n<p class=\"p2\">Aloittamalla WellStoren verkkosivuston k\u00e4yt\u00f6n tai t\u00e4ytt\u00e4m\u00e4ll\u00e4 kanta-asiakashakemuksen asiakas hyv\u00e4ksyy, ett\u00e4 h\u00e4n on lukenut ja hyv\u00e4ksynyt k\u00e4ytt\u00f6ehdot. Meill\u00e4 on oikeus tarvittaessa muuttaa tietosuojaperiaatteidemme yleisi\u00e4 ehtoja ilmoittamalla siit\u00e4 kaikille kanta-asiakkaillemme.<\/p>\n<p class=\"p2\">Jos sinulla on kysymyksi\u00e4 tai huolenaiheita tietosuojak\u00e4yt\u00e4nn\u00f6st\u00e4mme tai tietojenk\u00e4sittelyst\u00e4, ota meihin yhteytt\u00e4 s\u00e4hk\u00f6postitse.<\/p>\t\t\t\t\t\t\t\t<\/div>\n\t\t\t\t<\/div>\n\t\t\t\t\t<\/div>\n\t\t<\/div>\n\t\t\t\t\t<\/div>\n\t\t<\/section>\n\t\t\t\t<\/div>","protected":false},"excerpt":{"rendered":"<p>Tietosuojak\u00e4yt\u00e4nt\u00f6 WellStore.online suojelee asiakkaidensa ja k\u00e4ytt\u00e4jiens\u00e4 yksityisyytt\u00e4. T\u00e4m\u00e4n perusteella olemme laatineet t\u00e4m\u00e4n tietosuojak\u00e4yt\u00e4nn\u00f6n, joka s\u00e4\u00e4ntelee asiakastietojen ker\u00e4\u00e4mist\u00e4, julkaisemista, k\u00e4ytt\u00f6\u00e4, tallentamista ja siirt\u00e4mist\u00e4. Verkkokauppamme noudattaa Euroopan unionin lains\u00e4\u00e4d\u00e4nt\u00f6\u00e4 ja Latvian tasavallan lakeja. Kun k\u00e4yt\u00e4t verkkokauppaamme, sinun katsotaan hyv\u00e4ksyneen tietosuojak\u00e4yt\u00e4nn\u00f6n. Henkil\u00f6tietojen ker\u00e4\u00e4minen [...]","protected":false},"author":1,"featured_media":0,"parent":0,"menu_order":0,"comment_status":"closed","ping_status":"closed","template":"","meta":{"footnotes":""},"class_list":["post-6296","page","type-page","status-publish","hentry"],"yoast_head":"<!-- This site is optimized with the Yoast SEO Premium plugin v26.3 (Yoast SEO v26.3) - https:\/\/yoast.com\/wordpress\/plugins\/seo\/ -->\n<title>Privacy - WellStore ONLINE<\/title>\n<meta name=\"robots\" content=\"index, follow, max-snippet:-1, max-image-preview:large, max-video-preview:-1\" \/>\n<link rel=\"canonical\" href=\"https:\/\/wellstore.online\/fi\/yksityisyys\/\" \/>\n<meta property=\"og:locale\" content=\"fi_FI\" \/>\n<meta property=\"og:type\" content=\"article\" \/>\n<meta property=\"og:title\" content=\"Privacy\" \/>\n<meta property=\"og:description\" content=\"Priv\u0101tuma politika WellStore.online aizsarg\u0101 savu klientu un lietot\u0101ju priv\u0101tumu. Balstoties uz to, m\u0113s esam izstr\u0101d\u0101ju\u0161i \u0161o konfidencialit\u0101tes politiku, kas regul\u0113 klientu datu v\u0101k\u0161anu, public\u0113\u0161anu, izmanto\u0161anu, glab\u0101\u0161anu un p\u0101rs\u016bt\u012b\u0161anu. M\u016bsu e-veikals atbilst Eiropas Savien\u012bbas likumdo\u0161anai un Latvijas Republikas likumiem. Br\u012bd\u012b, kad J\u016bs izmantojat m\u016bsu interneta veikalu, tiek uzskat\u012bts, ka J\u016bs piekr\u012btat priv\u0101tuma politikai. Personas datu v\u0101k\u0161ana [...]\" \/>\n<meta property=\"og:url\" content=\"https:\/\/wellstore.online\/fi\/yksityisyys\/\" \/>\n<meta property=\"og:site_name\" content=\"WellStore ONLINE\" \/>\n<meta property=\"article:modified_time\" content=\"2023-04-06T09:26:06+00:00\" \/>\n<meta name=\"twitter:card\" content=\"summary_large_image\" \/>\n<meta name=\"twitter:label1\" content=\"Arvioitu lukuaika\" \/>\n\t<meta name=\"twitter:data1\" content=\"3 minuuttia\" \/>\n<script type=\"application\/ld+json\" class=\"yoast-schema-graph\">{\"@context\":\"https:\/\/schema.org\",\"@graph\":[{\"@type\":\"WebPage\",\"@id\":\"https:\/\/wellstore.online\/privacy\/\",\"url\":\"https:\/\/wellstore.online\/privacy\/\",\"name\":\"Privacy - WellStore ONLINE\",\"isPartOf\":{\"@id\":\"https:\/\/wellstore.online\/#website\"},\"datePublished\":\"2022-09-18T08:52:19+00:00\",\"dateModified\":\"2023-04-06T09:26:06+00:00\",\"breadcrumb\":{\"@id\":\"https:\/\/wellstore.online\/privacy\/#breadcrumb\"},\"inLanguage\":\"fi\",\"potentialAction\":[{\"@type\":\"ReadAction\",\"target\":[\"https:\/\/wellstore.online\/privacy\/\"]}]},{\"@type\":\"BreadcrumbList\",\"@id\":\"https:\/\/wellstore.online\/privacy\/#breadcrumb\",\"itemListElement\":[{\"@type\":\"ListItem\",\"position\":1,\"name\":\"Home\",\"item\":\"https:\/\/wellstore.online\/\"},{\"@type\":\"ListItem\",\"position\":2,\"name\":\"Privacy\"}]},{\"@type\":\"WebSite\",\"@id\":\"https:\/\/wellstore.online\/#website\",\"url\":\"https:\/\/wellstore.online\/\",\"name\":\"WellStore ONLINE\",\"description\":\"\",\"potentialAction\":[{\"@type\":\"SearchAction\",\"target\":{\"@type\":\"EntryPoint\",\"urlTemplate\":\"https:\/\/wellstore.online\/?s={search_term_string}\"},\"query-input\":{\"@type\":\"PropertyValueSpecification\",\"valueRequired\":true,\"valueName\":\"search_term_string\"}}],\"inLanguage\":\"fi\"}]}<\/script>\n<!-- \/ Yoast SEO Premium plugin. -->","yoast_head_json":{"title":"Tietosuoja - WellStore ONLINE","robots":{"index":"index","follow":"follow","max-snippet":"max-snippet:-1","max-image-preview":"max-image-preview:large","max-video-preview":"max-video-preview:-1"},"canonical":"https:\/\/wellstore.online\/fi\/yksityisyys\/","og_locale":"fi_FI","og_type":"article","og_title":"Privacy","og_description":"Priv\u0101tuma politika WellStore.online aizsarg\u0101 savu klientu un lietot\u0101ju priv\u0101tumu. Balstoties uz to, m\u0113s esam izstr\u0101d\u0101ju\u0161i \u0161o konfidencialit\u0101tes politiku, kas regul\u0113 klientu datu v\u0101k\u0161anu, public\u0113\u0161anu, izmanto\u0161anu, glab\u0101\u0161anu un p\u0101rs\u016bt\u012b\u0161anu. M\u016bsu e-veikals atbilst Eiropas Savien\u012bbas likumdo\u0161anai un Latvijas Republikas likumiem. Br\u012bd\u012b, kad J\u016bs izmantojat m\u016bsu interneta veikalu, tiek uzskat\u012bts, ka J\u016bs piekr\u012btat priv\u0101tuma politikai. Personas datu v\u0101k\u0161ana [...]","og_url":"https:\/\/wellstore.online\/fi\/yksityisyys\/","og_site_name":"WellStore ONLINE","article_modified_time":"2023-04-06T09:26:06+00:00","twitter_card":"summary_large_image","twitter_misc":{"Arvioitu lukuaika":"3 minuuttia"},"schema":{"@context":"https:\/\/schema.org","@graph":[{"@type":"WebPage","@id":"https:\/\/wellstore.online\/privacy\/","url":"https:\/\/wellstore.online\/privacy\/","name":"Tietosuoja - WellStore ONLINE","isPartOf":{"@id":"https:\/\/wellstore.online\/#website"},"datePublished":"2022-09-18T08:52:19+00:00","dateModified":"2023-04-06T09:26:06+00:00","breadcrumb":{"@id":"https:\/\/wellstore.online\/privacy\/#breadcrumb"},"inLanguage":"fi","potentialAction":[{"@type":"ReadAction","target":["https:\/\/wellstore.online\/privacy\/"]}]},{"@type":"BreadcrumbList","@id":"https:\/\/wellstore.online\/privacy\/#breadcrumb","itemListElement":[{"@type":"ListItem","position":1,"name":"Home","item":"https:\/\/wellstore.online\/"},{"@type":"ListItem","position":2,"name":"Privacy"}]},{"@type":"WebSite","@id":"https:\/\/wellstore.online\/#website","url":"https:\/\/wellstore.online\/","name":"WellStore ONLINE","description":"","potentialAction":[{"@type":"SearchAction","target":{"@type":"EntryPoint","urlTemplate":"https:\/\/wellstore.online\/?s={search_term_string}"},"query-input":{"@type":"PropertyValueSpecification","valueRequired":true,"valueName":"search_term_string"}}],"inLanguage":"fi"}]}},"_links":{"self":[{"href":"https:\/\/wellstore.online\/fi\/wp-json\/wp\/v2\/pages\/6296","targetHints":{"allow":["GET"]}}],"collection":[{"href":"https:\/\/wellstore.online\/fi\/wp-json\/wp\/v2\/pages"}],"about":[{"href":"https:\/\/wellstore.online\/fi\/wp-json\/wp\/v2\/types\/page"}],"author":[{"embeddable":true,"href":"https:\/\/wellstore.online\/fi\/wp-json\/wp\/v2\/users\/1"}],"replies":[{"embeddable":true,"href":"https:\/\/wellstore.online\/fi\/wp-json\/wp\/v2\/comments?post=6296"}],"version-history":[{"count":0,"href":"https:\/\/wellstore.online\/fi\/wp-json\/wp\/v2\/pages\/6296\/revisions"}],"wp:attachment":[{"href":"https:\/\/wellstore.online\/fi\/wp-json\/wp\/v2\/media?parent=6296"}],"curies":[{"name":"wp","href":"https:\/\/api.w.org\/{rel}","templated":true}]}}