{"id":67,"date":"2022-09-15T19:50:12","date_gmt":"2022-09-15T16:50:12","guid":{"rendered":"http:\/\/box2520.temp.domains\/~wellstor\/?page_id=67"},"modified":"2025-10-14T20:22:26","modified_gmt":"2025-10-14T17:22:26","slug":"toimitus","status":"publish","type":"page","link":"https:\/\/wellstore.online\/fi\/toimitus\/","title":{"rendered":"Toimitus"},"content":{"rendered":"<div data-elementor-type=\"wp-page\" data-elementor-id=\"67\" class=\"elementor elementor-67\" data-elementor-post-type=\"page\">\n\t\t\t\t\t\t<section class=\"elementor-section elementor-top-section elementor-element elementor-element-9112e48 elementor-section-boxed elementor-section-height-default elementor-section-height-default\" data-id=\"9112e48\" data-element_type=\"section\" data-e-type=\"section\">\n\t\t\t\t\t\t\t<div class=\"elementor-background-overlay\"><\/div>\n\t\t\t\t\t\t\t<div class=\"elementor-container elementor-column-gap-default\">\n\t\t\t\t\t<div class=\"elementor-column elementor-col-100 elementor-top-column elementor-element elementor-element-a7ffe5e\" data-id=\"a7ffe5e\" data-element_type=\"column\" data-e-type=\"column\">\n\t\t\t<div class=\"elementor-widget-wrap elementor-element-populated\">\n\t\t\t\t\t\t<div class=\"elementor-element elementor-element-48ec890 elementor-widget elementor-widget-heading\" data-id=\"48ec890\" data-element_type=\"widget\" data-e-type=\"widget\" data-widget_type=\"heading.default\">\n\t\t\t\t<div class=\"elementor-widget-container\">\n\t\t\t\t\t<h2 class=\"elementor-heading-title elementor-size-default\">Nopea toimitus 1-3 arkip\u00e4iv\u00e4n kuluessa kaikkialla Latviassa<\/h2>\t\t\t\t<\/div>\n\t\t\t\t<\/div>\n\t\t\t\t<div class=\"elementor-element elementor-element-097e220 elementor-widget elementor-widget-image\" data-id=\"097e220\" data-element_type=\"widget\" data-e-type=\"widget\" data-widget_type=\"image.default\">\n\t\t\t\t<div class=\"elementor-widget-container\">\n\t\t\t\t\t\t\t\t\t\t\t\t\t\t\t<img fetchpriority=\"high\" decoding=\"async\" width=\"800\" height=\"600\" src=\"https:\/\/wellstore.online\/wp-content\/uploads\/2022\/12\/delivery.gif\" class=\"attachment-large size-large wp-image-12012\" alt=\"wellstore\" \/>\t\t\t\t\t\t\t\t\t\t\t\t\t\t\t<\/div>\n\t\t\t\t<\/div>\n\t\t\t\t<div class=\"elementor-element elementor-element-fdad437 elementor-widget elementor-widget-text-editor\" data-id=\"fdad437\" data-element_type=\"widget\" data-e-type=\"widget\" data-widget_type=\"text-editor.default\">\n\t\t\t\t<div class=\"elementor-widget-container\">\n\t\t\t\t\t\t\t\t\t<p class=\"p1\">Toimitusajat voivat vaihdella hieman riippuen Omnivan toimituspalvelun tarjoajan ty\u00f6m\u00e4\u00e4r\u00e4st\u00e4 ja toimitusaikatauluista juhlapyhin\u00e4 ja viikonloppuisin.<\/p>\t\t\t\t\t\t\t\t<\/div>\n\t\t\t\t<\/div>\n\t\t\t\t\t<\/div>\n\t\t<\/div>\n\t\t\t\t\t<\/div>\n\t\t<\/section>\n\t\t\t\t<section class=\"elementor-section elementor-top-section elementor-element elementor-element-3150ed1 elementor-section-boxed elementor-section-height-default elementor-section-height-default\" data-id=\"3150ed1\" data-element_type=\"section\" data-e-type=\"section\" data-settings=\"{&quot;background_background&quot;:&quot;classic&quot;}\">\n\t\t\t\t\t\t\t<div class=\"elementor-background-overlay\"><\/div>\n\t\t\t\t\t\t\t<div class=\"elementor-container elementor-column-gap-default\">\n\t\t\t\t\t<div class=\"elementor-column elementor-col-50 elementor-top-column elementor-element elementor-element-53edd85\" data-id=\"53edd85\" data-element_type=\"column\" data-e-type=\"column\">\n\t\t\t<div class=\"elementor-widget-wrap elementor-element-populated\">\n\t\t\t\t\t\t<div class=\"elementor-element elementor-element-8400edc elementor-widget elementor-widget-heading\" data-id=\"8400edc\" data-element_type=\"widget\" data-e-type=\"widget\" data-widget_type=\"heading.default\">\n\t\t\t\t<div class=\"elementor-widget-container\">\n\t\t\t\t\t<h2 class=\"elementor-heading-title elementor-size-default\">Toimitus Omnivaan<\/h2>\t\t\t\t<\/div>\n\t\t\t\t<\/div>\n\t\t\t\t<div class=\"elementor-element elementor-element-9173131 elementor-widget elementor-widget-text-editor\" data-id=\"9173131\" data-element_type=\"widget\" data-e-type=\"widget\" data-widget_type=\"text-editor.default\">\n\t\t\t\t<div class=\"elementor-widget-container\">\n\t\t\t\t\t\t\t\t\tToimituksen hinta on vain 3 \u20ac pakettilaatikon koosta riippumatta.\t\t\t\t\t\t\t\t<\/div>\n\t\t\t\t<\/div>\n\t\t\t\t\t<\/div>\n\t\t<\/div>\n\t\t\t\t<div class=\"elementor-column elementor-col-50 elementor-top-column elementor-element elementor-element-c57dad9\" data-id=\"c57dad9\" data-element_type=\"column\" data-e-type=\"column\">\n\t\t\t<div class=\"elementor-widget-wrap elementor-element-populated\">\n\t\t\t\t\t\t<div class=\"elementor-element elementor-element-3aff46d elementor-widget elementor-widget-heading\" data-id=\"3aff46d\" data-element_type=\"widget\" data-e-type=\"widget\" data-widget_type=\"heading.default\">\n\t\t\t\t<div class=\"elementor-widget-container\">\n\t\t\t\t\t<h2 class=\"elementor-heading-title elementor-size-default\">Toimitus kuriirilla<\/h2>\t\t\t\t<\/div>\n\t\t\t\t<\/div>\n\t\t\t\t<div class=\"elementor-element elementor-element-57b2431 elementor-widget elementor-widget-text-editor\" data-id=\"57b2431\" data-element_type=\"widget\" data-e-type=\"widget\" data-widget_type=\"text-editor.default\">\n\t\t\t\t<div class=\"elementor-widget-container\">\n\t\t\t\t\t\t\t\t\tToimitushinta kuriiripalvelulla 6\u0404 tilauksessa ilmoitettuun toimitusosoitteeseen.\t\t\t\t\t\t\t\t<\/div>\n\t\t\t\t<\/div>\n\t\t\t\t\t<\/div>\n\t\t<\/div>\n\t\t\t\t\t<\/div>\n\t\t<\/section>\n\t\t\t\t<section class=\"elementor-section elementor-top-section elementor-element elementor-element-9aca20e elementor-section-boxed elementor-section-height-default elementor-section-height-default\" data-id=\"9aca20e\" data-element_type=\"section\" data-e-type=\"section\" data-settings=\"{&quot;background_background&quot;:&quot;classic&quot;}\">\n\t\t\t\t\t\t\t<div class=\"elementor-background-overlay\"><\/div>\n\t\t\t\t\t\t\t<div class=\"elementor-container elementor-column-gap-default\">\n\t\t\t\t\t<div class=\"elementor-column elementor-col-100 elementor-top-column elementor-element elementor-element-6606336\" data-id=\"6606336\" data-element_type=\"column\" data-e-type=\"column\">\n\t\t\t<div class=\"elementor-widget-wrap elementor-element-populated\">\n\t\t\t\t\t\t<div class=\"elementor-element elementor-element-023d848 elementor-align-center elementor-widget elementor-widget-button\" data-id=\"023d848\" data-element_type=\"widget\" data-e-type=\"widget\" data-widget_type=\"button.default\">\n\t\t\t\t<div class=\"elementor-widget-container\">\n\t\t\t\t\t\t\t\t\t<div class=\"elementor-button-wrapper\">\n\t\t\t\t\t<a class=\"elementor-button elementor-button-link elementor-size-sm\" href=\"https:\/\/wellstore.online\/shop\">\n\t\t\t\t\t\t<span class=\"elementor-button-content-wrapper\">\n\t\t\t\t\t\t\t\t\t<span class=\"elementor-button-text\">LIIKETOIMINTAAN<\/span>\n\t\t\t\t\t<\/span>\n\t\t\t\t\t<\/a>\n\t\t\t\t<\/div>\n\t\t\t\t\t\t\t\t<\/div>\n\t\t\t\t<\/div>\n\t\t\t\t\t<\/div>\n\t\t<\/div>\n\t\t\t\t\t<\/div>\n\t\t<\/section>\n\t\t\t\t<\/div>","protected":false},"excerpt":{"rendered":"<p>Nopea toimitus 1-3 arkip\u00e4iv\u00e4\u00e4 koko Latviaan Toimitusajat voivat vaihdella hieman toimituspalvelun tarjoajan Omnivan ty\u00f6m\u00e4\u00e4r\u00e4n ja toimitusaikataulujen mukaan juhlapyhin\u00e4 ja viikonloppuisin. Toimitus Omnivan kuriirille Toimituksen hinta on vain 3\u20ac riippumatta kuriirilaatikon koosta Toimitus kuriirilla Toimitus kuriirilla 6\u0404 tilauksessa ilmoitettuun toimitusosoitteeseen TILAUKSEEN VARASTOON<\/p>","protected":false},"author":1,"featured_media":0,"parent":0,"menu_order":0,"comment_status":"closed","ping_status":"closed","template":"","meta":{"footnotes":""},"class_list":["post-67","page","type-page","status-publish","hentry"],"yoast_head":"<!-- This site is optimized with the Yoast SEO Premium plugin v26.3 (Yoast SEO v26.3) - https:\/\/yoast.com\/wordpress\/plugins\/seo\/ -->\n<title>Delivery - WellStore ONLINE<\/title>\n<meta name=\"robots\" content=\"index, follow, max-snippet:-1, max-image-preview:large, max-video-preview:-1\" \/>\n<link rel=\"canonical\" href=\"https:\/\/wellstore.online\/fi\/toimitus\/\" \/>\n<meta property=\"og:locale\" content=\"fi_FI\" \/>\n<meta property=\"og:type\" content=\"article\" \/>\n<meta property=\"og:title\" content=\"Delivery\" \/>\n<meta property=\"og:description\" content=\"\u0100tra pieg\u0101de 1-3 darbadien\u0101s vis\u0101 Latvij\u0101 Pieg\u0101des laiks var nedaudz main\u012bties atkar\u012bb\u0101 no pieg\u0101des pakalpojuma sniedz\u0113ja Omniva noslodzes un pieg\u0101des grafikiem sv\u0113tku dien\u0101s un br\u012bvdien\u0101s. Pieg\u0101de uz Omniva pakom\u0101tu Pieg\u0101des cena ir tikai 3\u20ac neatkar\u012bgi no pakom\u0101ta kast\u012btes izm\u0113ra Pieg\u0101de ar kurjeru Pieg\u0101des cena ar kurjeru 6\u0404 uz pas\u016bt\u012bjum\u0101 nor\u0101d\u012bto pieg\u0101des adresi UZ VEIKALU\" \/>\n<meta property=\"og:url\" content=\"https:\/\/wellstore.online\/fi\/toimitus\/\" \/>\n<meta property=\"og:site_name\" content=\"WellStore ONLINE\" \/>\n<meta property=\"article:modified_time\" content=\"2025-10-14T17:22:26+00:00\" \/>\n<meta property=\"og:image\" content=\"https:\/\/wellstore.online\/wp-content\/uploads\/2022\/12\/delivery.gif\" \/>\n<meta name=\"twitter:card\" content=\"summary_large_image\" \/>\n<meta name=\"twitter:label1\" content=\"Arvioitu lukuaika\" \/>\n\t<meta name=\"twitter:data1\" content=\"1 minuutti\" \/>\n<script type=\"application\/ld+json\" class=\"yoast-schema-graph\">{\"@context\":\"https:\/\/schema.org\",\"@graph\":[{\"@type\":\"WebPage\",\"@id\":\"https:\/\/wellstore.online\/delivery\/\",\"url\":\"https:\/\/wellstore.online\/delivery\/\",\"name\":\"Delivery - WellStore ONLINE\",\"isPartOf\":{\"@id\":\"https:\/\/wellstore.online\/#website\"},\"primaryImageOfPage\":{\"@id\":\"https:\/\/wellstore.online\/delivery\/#primaryimage\"},\"image\":{\"@id\":\"https:\/\/wellstore.online\/delivery\/#primaryimage\"},\"thumbnailUrl\":\"https:\/\/wellstore.online\/wp-content\/uploads\/2022\/12\/delivery.gif\",\"datePublished\":\"2022-09-15T16:50:12+00:00\",\"dateModified\":\"2025-10-14T17:22:26+00:00\",\"breadcrumb\":{\"@id\":\"https:\/\/wellstore.online\/delivery\/#breadcrumb\"},\"inLanguage\":\"fi\",\"potentialAction\":[{\"@type\":\"ReadAction\",\"target\":[\"https:\/\/wellstore.online\/delivery\/\"]}]},{\"@type\":\"ImageObject\",\"inLanguage\":\"fi\",\"@id\":\"https:\/\/wellstore.online\/delivery\/#primaryimage\",\"url\":\"https:\/\/wellstore.online\/wp-content\/uploads\/2022\/12\/delivery.gif\",\"contentUrl\":\"https:\/\/wellstore.online\/wp-content\/uploads\/2022\/12\/delivery.gif\"},{\"@type\":\"BreadcrumbList\",\"@id\":\"https:\/\/wellstore.online\/delivery\/#breadcrumb\",\"itemListElement\":[{\"@type\":\"ListItem\",\"position\":1,\"name\":\"Home\",\"item\":\"https:\/\/wellstore.online\/\"},{\"@type\":\"ListItem\",\"position\":2,\"name\":\"Delivery\"}]},{\"@type\":\"WebSite\",\"@id\":\"https:\/\/wellstore.online\/#website\",\"url\":\"https:\/\/wellstore.online\/\",\"name\":\"WellStore ONLINE\",\"description\":\"\",\"potentialAction\":[{\"@type\":\"SearchAction\",\"target\":{\"@type\":\"EntryPoint\",\"urlTemplate\":\"https:\/\/wellstore.online\/?s={search_term_string}\"},\"query-input\":{\"@type\":\"PropertyValueSpecification\",\"valueRequired\":true,\"valueName\":\"search_term_string\"}}],\"inLanguage\":\"fi\"}]}<\/script>\n<!-- \/ Yoast SEO Premium plugin. -->","yoast_head_json":{"title":"Toimitus - WellStore ONLINE","robots":{"index":"index","follow":"follow","max-snippet":"max-snippet:-1","max-image-preview":"max-image-preview:large","max-video-preview":"max-video-preview:-1"},"canonical":"https:\/\/wellstore.online\/fi\/toimitus\/","og_locale":"fi_FI","og_type":"article","og_title":"Delivery","og_description":"\u0100tra pieg\u0101de 1-3 darbadien\u0101s vis\u0101 Latvij\u0101 Pieg\u0101des laiks var nedaudz main\u012bties atkar\u012bb\u0101 no pieg\u0101des pakalpojuma sniedz\u0113ja Omniva noslodzes un pieg\u0101des grafikiem sv\u0113tku dien\u0101s un br\u012bvdien\u0101s. Pieg\u0101de uz Omniva pakom\u0101tu Pieg\u0101des cena ir tikai 3\u20ac neatkar\u012bgi no pakom\u0101ta kast\u012btes izm\u0113ra Pieg\u0101de ar kurjeru Pieg\u0101des cena ar kurjeru 6\u0404 uz pas\u016bt\u012bjum\u0101 nor\u0101d\u012bto pieg\u0101des adresi UZ VEIKALU","og_url":"https:\/\/wellstore.online\/fi\/toimitus\/","og_site_name":"WellStore ONLINE","article_modified_time":"2025-10-14T17:22:26+00:00","og_image":[{"url":"https:\/\/wellstore.online\/wp-content\/uploads\/2022\/12\/delivery.gif","type":"","width":"","height":""}],"twitter_card":"summary_large_image","twitter_misc":{"Arvioitu lukuaika":"1 minuutti"},"schema":{"@context":"https:\/\/schema.org","@graph":[{"@type":"WebPage","@id":"https:\/\/wellstore.online\/delivery\/","url":"https:\/\/wellstore.online\/delivery\/","name":"Toimitus - WellStore ONLINE","isPartOf":{"@id":"https:\/\/wellstore.online\/#website"},"primaryImageOfPage":{"@id":"https:\/\/wellstore.online\/delivery\/#primaryimage"},"image":{"@id":"https:\/\/wellstore.online\/delivery\/#primaryimage"},"thumbnailUrl":"https:\/\/wellstore.online\/wp-content\/uploads\/2022\/12\/delivery.gif","datePublished":"2022-09-15T16:50:12+00:00","dateModified":"2025-10-14T17:22:26+00:00","breadcrumb":{"@id":"https:\/\/wellstore.online\/delivery\/#breadcrumb"},"inLanguage":"fi","potentialAction":[{"@type":"ReadAction","target":["https:\/\/wellstore.online\/delivery\/"]}]},{"@type":"ImageObject","inLanguage":"fi","@id":"https:\/\/wellstore.online\/delivery\/#primaryimage","url":"https:\/\/wellstore.online\/wp-content\/uploads\/2022\/12\/delivery.gif","contentUrl":"https:\/\/wellstore.online\/wp-content\/uploads\/2022\/12\/delivery.gif"},{"@type":"BreadcrumbList","@id":"https:\/\/wellstore.online\/delivery\/#breadcrumb","itemListElement":[{"@type":"ListItem","position":1,"name":"Home","item":"https:\/\/wellstore.online\/"},{"@type":"ListItem","position":2,"name":"Delivery"}]},{"@type":"WebSite","@id":"https:\/\/wellstore.online\/#website","url":"https:\/\/wellstore.online\/","name":"WellStore ONLINE","description":"","potentialAction":[{"@type":"SearchAction","target":{"@type":"EntryPoint","urlTemplate":"https:\/\/wellstore.online\/?s={search_term_string}"},"query-input":{"@type":"PropertyValueSpecification","valueRequired":true,"valueName":"search_term_string"}}],"inLanguage":"fi"}]}},"_links":{"self":[{"href":"https:\/\/wellstore.online\/fi\/wp-json\/wp\/v2\/pages\/67","targetHints":{"allow":["GET"]}}],"collection":[{"href":"https:\/\/wellstore.online\/fi\/wp-json\/wp\/v2\/pages"}],"about":[{"href":"https:\/\/wellstore.online\/fi\/wp-json\/wp\/v2\/types\/page"}],"author":[{"embeddable":true,"href":"https:\/\/wellstore.online\/fi\/wp-json\/wp\/v2\/users\/1"}],"replies":[{"embeddable":true,"href":"https:\/\/wellstore.online\/fi\/wp-json\/wp\/v2\/comments?post=67"}],"version-history":[{"count":0,"href":"https:\/\/wellstore.online\/fi\/wp-json\/wp\/v2\/pages\/67\/revisions"}],"wp:attachment":[{"href":"https:\/\/wellstore.online\/fi\/wp-json\/wp\/v2\/media?parent=67"}],"curies":[{"name":"wp","href":"https:\/\/api.w.org\/{rel}","templated":true}]}}