{"id":7106,"date":"2022-09-22T12:07:55","date_gmt":"2022-09-22T09:07:55","guid":{"rendered":"http:\/\/box2520.temp.domains\/~wellstor\/?page_id=7106"},"modified":"2025-10-14T20:19:25","modified_gmt":"2025-10-14T17:19:25","slug":"olosuhdesaannot","status":"publish","type":"page","link":"https:\/\/wellstore.online\/fi\/olosuhdesaannot\/","title":{"rendered":"Ehdot ja s\u00e4\u00e4nn\u00f6t"},"content":{"rendered":"<div data-elementor-type=\"wp-page\" data-elementor-id=\"7106\" class=\"elementor elementor-7106\" data-elementor-post-type=\"page\">\n\t\t\t\t\t\t<section class=\"elementor-section elementor-top-section elementor-element elementor-element-2df3ae6 elementor-section-boxed elementor-section-height-default elementor-section-height-default\" data-id=\"2df3ae6\" data-element_type=\"section\" data-e-type=\"section\" data-settings=\"{&quot;background_background&quot;:&quot;classic&quot;}\">\n\t\t\t\t\t\t\t<div class=\"elementor-background-overlay\"><\/div>\n\t\t\t\t\t\t\t<div class=\"elementor-container elementor-column-gap-default\">\n\t\t\t\t\t<div class=\"elementor-column elementor-col-100 elementor-top-column elementor-element elementor-element-fbf9621\" data-id=\"fbf9621\" data-element_type=\"column\" data-e-type=\"column\" data-settings=\"{&quot;background_background&quot;:&quot;classic&quot;}\">\n\t\t\t<div class=\"elementor-widget-wrap elementor-element-populated\">\n\t\t\t\t\t<div class=\"elementor-background-overlay\"><\/div>\n\t\t\t\t\t\t<div class=\"elementor-element elementor-element-f6ab6ab elementor-widget elementor-widget-heading\" data-id=\"f6ab6ab\" data-element_type=\"widget\" data-e-type=\"widget\" data-widget_type=\"heading.default\">\n\t\t\t\t<div class=\"elementor-widget-container\">\n\t\t\t\t\t<h2 class=\"elementor-heading-title elementor-size-default\">S\u00e4\u00e4nn\u00f6t<\/h2>\t\t\t\t<\/div>\n\t\t\t\t<\/div>\n\t\t\t\t\t<\/div>\n\t\t<\/div>\n\t\t\t\t\t<\/div>\n\t\t<\/section>\n\t\t\t\t<section class=\"elementor-section elementor-top-section elementor-element elementor-element-a4a6ea7 elementor-section-boxed elementor-section-height-default elementor-section-height-default\" data-id=\"a4a6ea7\" data-element_type=\"section\" data-e-type=\"section\">\n\t\t\t\t\t\t<div class=\"elementor-container elementor-column-gap-default\">\n\t\t\t\t\t<div class=\"elementor-column elementor-col-100 elementor-top-column elementor-element elementor-element-8fb4d19\" data-id=\"8fb4d19\" data-element_type=\"column\" data-e-type=\"column\">\n\t\t\t<div class=\"elementor-widget-wrap elementor-element-populated\">\n\t\t\t\t\t\t<div class=\"elementor-element elementor-element-9df608a elementor-widget elementor-widget-text-editor\" data-id=\"9df608a\" data-element_type=\"widget\" data-e-type=\"widget\" data-widget_type=\"text-editor.default\">\n\t\t\t\t<div class=\"elementor-widget-container\">\n\t\t\t\t\t\t\t\t\t<p class=\" translation-block\"><b>1. Yleiset ehdot<br><\/b>1.1 N\u00e4m\u00e4 ehdot (j\u00e4ljemp\u00e4n\u00e4 \"Ehdot\") koskevat WellStore-verkkokaupan (j\u00e4ljemp\u00e4n\u00e4 \"Verkkokauppa\") k\u00e4ytt\u00f6\u00e4. Ehtoja sovelletaan, kun Ostaja tilaa ja ostaa Verkkokaupassa tarjottuja tavaroita tai k\u00e4ytt\u00e4\u00e4 muutoin Verkkokaupan palveluja.<br>1.2 Kun Ostaja tilaa tavaroita, n\u00e4ist\u00e4 Ehdoista tulee Ostajan ja Myyj\u00e4n v\u00e4lisen ostosopimuksen ehdot, jotka muodostavat molempia osapuolia sitovan oikeudellisen asiakirjan. Sopimus katsotaan syntyneeksi, kun Ostaja tekee tavaran tai tavaran tilauksen Verkkokaupassa.<br>1.3 Ostajalla ei ole oikeutta tilata tavaroita Verkkokaupassa, jos Ostaja ei ole lukenut Ehtoja tai ei hyv\u00e4ksy niit\u00e4. Jos Ostaja tilaa tavaroita, Ostajan katsotaan lukeneen Ehdot ja hyv\u00e4ksyneen ne kokonaisuudessaan.<br>1.4 Myyj\u00e4 ei ota mit\u00e4\u00e4n riski\u00e4 tai vastuuta ja on t\u00e4ysin korvausvelvollinen, jos Ostaja on lukenut Ehdot osittain tai ei ole lukenut niit\u00e4 lainkaan, vaikka Ostajalla olisi ollut siihen mahdollisuus.<\/p><p class=\" translation-block\"><b>2. Henkil\u00f6tietojen k\u00e4sittely<br><\/b>2.1 K\u00e4ytt\u00e4\u00e4kseen verkkokauppaa ja ostaakseen siell\u00e4 tarjottuja tavaroita asiakkaan on t\u00e4ytett\u00e4v\u00e4 tilauslomake. Tilauslomakkeen tulee sis\u00e4lt\u00e4\u00e4 seuraavat Ostajan henkil\u00f6tiedot: etu- ja sukunimi, s\u00e4hk\u00f6postiosoite, osoite, johon tavarat toimitetaan, puhelinnumero, muut tavaroiden toimituksen kannalta olennaiset tiedot.<br>2.2 Ostaja on vastuussa siit\u00e4, ett\u00e4 tilauksessa annetut tiedot ovat t\u00e4sm\u00e4llisi\u00e4, oikeita ja t\u00e4ydellisi\u00e4. Myyj\u00e4 ei ole miss\u00e4\u00e4n tapauksessa vastuussa vahingoista, joita ostajalle tai kolmansille osapuolille aiheutuu siit\u00e4, ett\u00e4 ostaja on antanut virheellisi\u00e4 tai puutteellisia tietoja.<br>2.3 Ostajan toimittamia henkil\u00f6tietoja k\u00e4sitell\u00e4\u00e4n Euroopan unionin (j\u00e4ljemp\u00e4n\u00e4 EU) tietosuojalains\u00e4\u00e4d\u00e4nn\u00f6n vaatimusten mukaisesti, jotka koskevat t\u00e4llaisten tietojen k\u00e4sittely\u00e4 ja suojaa. Ostajan henkil\u00f6tietoja k\u00e4sitelless\u00e4\u00e4n ja tallentaessaan Myyj\u00e4 k\u00e4ytt\u00e4\u00e4 organisatorisia ja teknisi\u00e4 keinoja varmistaakseen henkil\u00f6tietojen suojan vahingossa tapahtuvalta tai laittomalta tuhoamiselta, muuttamiselta, luovuttamiselta tai muulta laittomalta k\u00e4sittelylt\u00e4.<br>2.4 Tekem\u00e4ll\u00e4 ostoksen Ostaja hyv\u00e4ksyy sen, ett\u00e4 h\u00e4nen henkil\u00f6tietojaan k\u00e4ytet\u00e4\u00e4n markkinointiin ja ett\u00e4 h\u00e4n suostuu vastaanottamaan mainos- ja tiedotusviestej\u00e4 verkkokaupasta.<\/p><p><b>\u00a0<\/b><\/p><p class=\" translation-block\"><b>3.Hinnat, maksuehdot ja maksuehdot<br><\/b>3.1.Verkkokaupan tilauksessa olevien tavaroiden hinnat on ilmoitettu euroina. Tavarat myyd\u00e4\u00e4n Ostajalle niill\u00e4 hinnoilla, jotka ovat voimassa E-shopissa tilauksen maksuhetkell\u00e4.<br>3.2. Ostaja maksaa Tavarat ennakkomaksuna tai j\u00e4lkimaksuna. Vastuu tietoturvasta on asianomaisella rahoituslaitoksella, koska rahaliikenne tapahtuu sen j\u00e4rjestelm\u00e4ss\u00e4.<br>3.3 Maksu katsotaan suoritetuksi, kun koko summa on vastaanotettu ja hyvitetty Myyj\u00e4n tilille. Tavaroiden toimitushinta sis\u00e4lt\u00e4\u00e4 arvonlis\u00e4veron. Tilaus toteutetaan ja toimitusp\u00e4iv\u00e4 m\u00e4\u00e4ritet\u00e4\u00e4n vasta, kun tavaroita ja toimitusmaksua koskeva maksu on vastaanotettu.<\/p><p><b>\u00a0<\/b><\/p><p class=\" translation-block\"><b>4. Pakkaus ja toimitus<br><\/b>4.1 Tavarat toimitetaan ainoastaan Myyj\u00e4n ilmoittamalla alueella. Verkkokauppa hyv\u00e4ksyy tilauksen vain, jos annettu toimitusosoite on m\u00e4\u00e4ritellyll\u00e4 alueella. Tavarat toimittavat Myyj\u00e4n liikekumppanit tai valtuutettu edustaja.<br><br>4.2 Jos tavaran toimittaminen ei ole mahdollista Ostajan virheen tai Ostajasta riippumattomien olosuhteiden vuoksi (Ostaja on antanut v\u00e4\u00e4r\u00e4n osoitteen, Ostajaa tai vastaanottajaa ei l\u00f6ydy annetusta osoitteesta, annettuun osoitteeseen ei p\u00e4\u00e4se k\u00e4siksi jne.)4.3 Myyj\u00e4 vapautuu vastuusta toimitusehtojen rikkomisesta, jos tavaroita ei toimiteta ostajalle tai niit\u00e4 ei toimiteta ajoissa ostajan virheen tai ostajasta riippumattomien olosuhteiden vuoksi.<br>4.4 Jos ostaja huomaa, ett\u00e4 l\u00e4hetys ei sis\u00e4ll\u00e4 oikeaa tavaram\u00e4\u00e4r\u00e4\u00e4 tai ett\u00e4 toimitettu tavara ei vastaa tilausta eik\u00e4 t\u00e4t\u00e4 ole mainittu toimitusasiakirjassa, ostajan on ilmoitettava siit\u00e4 myyj\u00e4lle tavaran vastaanottamisen tai toimittamisen yhteydess\u00e4, muutoin tilaus katsotaan asianmukaisesti tehdyksi tai toimitetuksi ja tavaran on vastattava tilausta.<br>4.5 Jos tavarat palautetaan myym\u00e4l\u00e4\u00e4n, ostajan on korvattava myyj\u00e4lle tavaroiden pakkaamisesta ja postittamisesta ostajan ilmoittamaan osoitteeseen aiheutuneet tappiot. Ostajan on my\u00f6s maksettava kustannukset palautettujen tavaroiden palauttamisesta Myym\u00e4l\u00e4\u00e4n. Maksu on suoritettava 3 ty\u00f6p\u00e4iv\u00e4n kuluessa siit\u00e4, kun lasku on l\u00e4hetetty Ostajan tavaroita tilatessaan ilmoittamaan s\u00e4hk\u00f6postiosoitteeseen. Jos maksu viiv\u00e4styy, kustannusten perint\u00e4 siirret\u00e4\u00e4n kolmannen osapuolen perint\u00e4yhti\u00f6lle.<\/p><p><b>\u00a0<\/b><\/p><p class=\" translation-block\"><b>5.Laatutakuu ja viimeinen k\u00e4ytt\u00f6p\u00e4iv\u00e4<br><\/b>5.1.Kaikkien verkkokaupassa myyt\u00e4vien tavaroiden ominaisuudet on m\u00e4\u00e4ritelty kunkin tuotteen kuvauksessa.<br>5.2.Myyj\u00e4 ei ole vastuussa siit\u00e4, ett\u00e4 verkkokaupassa olevat tavarat eiv\u00e4t vastaa v\u00e4rilt\u00e4\u00e4n, muodoltaan ja muilta parametreiltaan tavaroiden todellista kokoa.<br>5.3.Tavarat, joilla on m\u00e4\u00e4ritelty viimeinen k\u00e4ytt\u00f6p\u00e4iv\u00e4, toimitetaan siten, ett\u00e4 Ostajalla on mahdollisuus k\u00e4ytt\u00e4\u00e4 n\u00e4it\u00e4 tavaroita viimeiseen k\u00e4ytt\u00f6p\u00e4iv\u00e4\u00e4n asti.<br>5.4 Jokaisella tuotteella tai tuoteryhm\u00e4ll\u00e4 on oma takuuaikansa, jonka aikana Myyj\u00e4 korjaa tai vaihtaa tuotteen omalla kustannuksellaan.<br>5.5 Jotta tuote voidaan luovuttaa korjattavaksi tai vaihdettavaksi, se on pakattava huolellisesti Myyj\u00e4n ohjeiden mukaisesti ja luovutettava Myyj\u00e4n edustajalle - l\u00e4hettipalvelulle.<br>5.6 Mik\u00e4li Ostajan tuottamuksesta,<br>a) virheelliset yhteystiedot (puhelinnumero, toimitusosoite) tai muut tuotteen vaihtoon liittyv\u00e4t tiedot;<br>b) kuriirin saapuessa toimitettava tuote ei ole asianmukaisesti valmisteltu l\u00e4hetyst\u00e4 varten;<br>c) kuriirin puhelinsoittoon ei vastata;<br>kuriirin uudelleenkutsuminen viallisen tuotteen palauttamiseksi tapahtuu ostajan kustannuksella.<\/p><p class=\" translation-block\"><b>6. Peruuttamisoikeus. Palautus<br><\/b>6.1 Jos Ostaja on kuluttaja kuluttajansuojalaissa tarkoitettu kuluttaja (luonnollinen henkil\u00f6, joka haluaa ostaa, ostaa tai voisi ostaa tai k\u00e4ytt\u00e4\u00e4 tavaraa tai palvelua tarkoitukseen, joka ei liity h\u00e4nen liiketoimintaansa tai ammatilliseen toimintaansa), Ostaja voi k\u00e4ytt\u00e4\u00e4 peruuttamisoikeuttaan ja peruuttaa yksipuolisesti sopimuksen (tavaroiden ostaminen verkkokaupasta) 45 kalenterip\u00e4iv\u00e4n kuluessa (kuten kunkin yksitt\u00e4isen tuotteen kohdalla on m\u00e4\u00e4ritelty) kyseisen tavaran tilausp\u00e4iv\u00e4m\u00e4\u00e4r\u00e4st\u00e4. Ostaja ei voi k\u00e4ytt\u00e4\u00e4 peruuttamisoikeuttaan, jos:<br>6.1.1.1. toimitetaan tavaroita, jotka on valmistettu kuluttajan m\u00e4\u00e4ritysten mukaisesti tai jotka ovat korvaamattomia tavaroita tai joita ei luonteensa vuoksi voida palauttaa tai jotka ovat pilaantuvia tai kuluvia;<br>6.1.2. toimitetaan elintarvikkeita, juomia tai muita kotitalouden v\u00e4litt\u00f6m\u00e4\u00e4n kulutukseen tarkoitettuja tavaroita;<br>6.1.3. muissa laissa s\u00e4\u00e4detyiss\u00e4 tapauksissa.<br>6.2 Myyj\u00e4 hyvitt\u00e4\u00e4 ostajan peruuttamisoikeuttaan k\u00e4ytt\u00e4v\u00e4n ostajan palauttaman tavaran hinnan tavaran vastaanottamisen j\u00e4lkeen. Ostaja vastaa tavaran laadun ja turvallisuuden yll\u00e4pit\u00e4misest\u00e4 peruuttamisoikeuden k\u00e4ytt\u00e4misen aikana. Ostaja vastaa tavaran arvon alenemisesta, jos tavaraa on k\u00e4ytetty vilpitt\u00f6m\u00e4n mielen periaatteen vastaisesti, mukaan lukien k\u00e4ytt\u00f6 muuhun tarkoitukseen kuin tavaran luonteen tai suorituskyvyn selvitt\u00e4miseen. Tavaroiden on oltava vahingoittumattomia, ne eiv\u00e4t saa olla menett\u00e4neet ulkon\u00e4k\u00f6\u00e4\u00e4n (etikettej\u00e4 ei ole poistettu tai vahingoittuneet, suojakalvoja ei ole revitty jne.) eik\u00e4 niit\u00e4 saa olla k\u00e4ytetty. Tavarat on palautettava alkuper\u00e4ispakkauksessa ja samassa kunnossa kuin ne on vastaanotettu. Jos tavara ei ole t\u00e4ydellinen, vahingoittunut, ep\u00e4siisti tai ei ole asianmukaisesti pakattu, myyj\u00e4ll\u00e4 on oikeus olla hyv\u00e4ksym\u00e4tt\u00e4 tavaraa ja olla palauttamatta ostajan tavarasta maksamia rahoja.<br>6.4 Ostaja vastaa tavaran myym\u00e4l\u00e4\u00e4n toimittamisesta aiheutuvista kustannuksista (lukuun ottamatta tavaroita, jotka eiv\u00e4t ole sopimusehtojen mukaisia). Jos Ostaja haluaa palauttaa tavarat toimituksen yhteydess\u00e4, ne on palautettava Myyj\u00e4n toimitusagentille (kuriirille). T\u00e4ll\u00f6in Ostaja ei vapautu kustannuksista, jotka aiheutuvat tavaroiden pakkaamisesta, toimittamisesta ilmoitettuun osoitteeseen ja palauttamisesta myym\u00e4l\u00e4\u00e4n.<\/p><p><b>\u00a0<\/b><\/p><p class=\" translation-block\"><b>7.Tietojenvaihto<br><\/b>7.1 Myyj\u00e4 l\u00e4hett\u00e4\u00e4 kaikki ilmoitukset ja on muutoin yhteydess\u00e4 Ostajan kanssa k\u00e4ytt\u00e4en Ostajan tilauslomakkeessa ilmoitettua s\u00e4hk\u00f6postiosoitetta tai puhelinnumeroa.<br>7.2 Ostaja l\u00e4hett\u00e4\u00e4 kaikki ilmoitukset ja tiedustelut k\u00e4ytt\u00e4en verkkokaupan \"Yhteystiedot\"-osiossa ilmoitettuja keinoja ja osoitteita.<\/p><p><b>\u00a0<\/b><\/p><p class=\" translation-block\"><b>8. Lopulliset ehdot<br><\/b>8.1 Ostajan ja Myyj\u00e4n v\u00e4liseen suhteeseen sovelletaan n\u00e4it\u00e4 ehtoja sek\u00e4 EU:n lains\u00e4\u00e4d\u00e4nt\u00f6\u00e4.<br>8.2 Vahingon sattuessa syyllinen osapuoli on velvollinen korvaamaan toiselle osapuolelle v\u00e4litt\u00f6m\u00e4t vahingot EU:n lains\u00e4\u00e4d\u00e4nn\u00f6n mukaisesti.<br>8.3 Osapuolet ratkaisevat mahdolliset erimielisyydet neuvottelemalla. Riitatapauksessa voit hakea tuomioistuinten ulkopuolista ratkaisua seuraavasta linkist\u00e4: https:\/\/webgate.ec.europa.eu\/odr\/main\/index.cfm?event=main.home.show&amp;lng=LV.<\/p><p class=\" translation-block\"><b>9. Myyj\u00e4n tiedot<br><\/b>WooWorld O\u00dc<br> Reg. No 16557288<br>T\u00fcri tn 10c, Tallinn, 11313<br>Harju maakond.<\/p>\t\t\t\t\t\t\t\t<\/div>\n\t\t\t\t<\/div>\n\t\t\t\t\t<\/div>\n\t\t<\/div>\n\t\t\t\t\t<\/div>\n\t\t<\/section>\n\t\t\t\t<\/div>","protected":false},"excerpt":{"rendered":"<p>Noteikumi 1. Visp\u0101r\u012bgie noteikumi1.1. \u0160ie noteikumi (turpm\u0101k \u2013 Noteikumi) paredz internetveikala WellStore (turpm\u0101k \u2013 E-veikals) lieto\u0161anas k\u0101rt\u012bbu. Noteikumus piem\u0113ro, kad Pirc\u0113js pas\u016bta un p\u0113rk E-veikal\u0101 pied\u0101v\u0101t\u0101s preces vai cit\u0101di izmanto E-veikala pakalpojumus.1.2. L\u012bdz ar Pirc\u0113ja veikto pre\u010du pas\u016bt\u012bjumu \u0161ie Noteikumi k\u013c\u016bst par Pirc\u0113ja un P\u0101rdev\u0113ja pirkuma l\u012bguma noteikumiem, kas ir abiem l\u012bgumsl\u0113dz\u0113jiem oblig\u0101ts juridisks dokuments. [&#8230;]\n","protected":false},"author":1,"featured_media":0,"parent":0,"menu_order":0,"comment_status":"closed","ping_status":"closed","template":"","meta":{"footnotes":""},"class_list":["post-7106","page","type-page","status-publish","hentry"],"yoast_head":"<!-- This site is optimized with the Yoast SEO Premium plugin v26.3 (Yoast SEO v26.3) - https:\/\/yoast.com\/wordpress\/plugins\/seo\/ -->\n<title>Conditions &amp; Rules - WellStore ONLINE<\/title>\n<meta name=\"robots\" content=\"index, follow, max-snippet:-1, max-image-preview:large, max-video-preview:-1\" \/>\n<link rel=\"canonical\" href=\"https:\/\/wellstore.online\/fi\/olosuhdesaannot\/\" \/>\n<meta property=\"og:locale\" content=\"fi_FI\" \/>\n<meta property=\"og:type\" content=\"article\" \/>\n<meta property=\"og:title\" content=\"Conditions &amp; Rules\" \/>\n<meta property=\"og:description\" content=\"Noteikumi 1. Visp\u0101r\u012bgie noteikumi1.1. \u0160ie noteikumi (turpm\u0101k \u2013 Noteikumi) paredz internetveikala WellStore (turpm\u0101k \u2013 E-veikals) lieto\u0161anas k\u0101rt\u012bbu. Noteikumus piem\u0113ro, kad Pirc\u0113js pas\u016bta un p\u0113rk E-veikal\u0101 pied\u0101v\u0101t\u0101s preces vai cit\u0101di izmanto E-veikala pakalpojumus.1.2. L\u012bdz ar Pirc\u0113ja veikto pre\u010du pas\u016bt\u012bjumu \u0161ie Noteikumi k\u013c\u016bst par Pirc\u0113ja un P\u0101rdev\u0113ja pirkuma l\u012bguma noteikumiem, kas ir abiem l\u012bgumsl\u0113dz\u0113jiem oblig\u0101ts juridisks dokuments. [...]\" \/>\n<meta property=\"og:url\" content=\"https:\/\/wellstore.online\/fi\/olosuhdesaannot\/\" \/>\n<meta property=\"og:site_name\" content=\"WellStore ONLINE\" \/>\n<meta property=\"article:modified_time\" content=\"2025-10-14T17:19:25+00:00\" \/>\n<meta name=\"twitter:card\" content=\"summary_large_image\" \/>\n<meta name=\"twitter:label1\" content=\"Arvioitu lukuaika\" \/>\n\t<meta name=\"twitter:data1\" content=\"6 minuuttia\" \/>\n<script type=\"application\/ld+json\" class=\"yoast-schema-graph\">{\"@context\":\"https:\/\/schema.org\",\"@graph\":[{\"@type\":\"WebPage\",\"@id\":\"https:\/\/wellstore.online\/conditions-rules\/\",\"url\":\"https:\/\/wellstore.online\/conditions-rules\/\",\"name\":\"Conditions & Rules - WellStore ONLINE\",\"isPartOf\":{\"@id\":\"https:\/\/wellstore.online\/#website\"},\"datePublished\":\"2022-09-22T09:07:55+00:00\",\"dateModified\":\"2025-10-14T17:19:25+00:00\",\"breadcrumb\":{\"@id\":\"https:\/\/wellstore.online\/conditions-rules\/#breadcrumb\"},\"inLanguage\":\"fi\",\"potentialAction\":[{\"@type\":\"ReadAction\",\"target\":[\"https:\/\/wellstore.online\/conditions-rules\/\"]}]},{\"@type\":\"BreadcrumbList\",\"@id\":\"https:\/\/wellstore.online\/conditions-rules\/#breadcrumb\",\"itemListElement\":[{\"@type\":\"ListItem\",\"position\":1,\"name\":\"Home\",\"item\":\"https:\/\/wellstore.online\/\"},{\"@type\":\"ListItem\",\"position\":2,\"name\":\"Conditions &#038; Rules\"}]},{\"@type\":\"WebSite\",\"@id\":\"https:\/\/wellstore.online\/#website\",\"url\":\"https:\/\/wellstore.online\/\",\"name\":\"WellStore ONLINE\",\"description\":\"\",\"potentialAction\":[{\"@type\":\"SearchAction\",\"target\":{\"@type\":\"EntryPoint\",\"urlTemplate\":\"https:\/\/wellstore.online\/?s={search_term_string}\"},\"query-input\":{\"@type\":\"PropertyValueSpecification\",\"valueRequired\":true,\"valueName\":\"search_term_string\"}}],\"inLanguage\":\"fi\"}]}<\/script>\n<!-- \/ Yoast SEO Premium plugin. -->","yoast_head_json":{"title":"K\u00e4ytt\u00f6ehdot - WellStore ONLINE","robots":{"index":"index","follow":"follow","max-snippet":"max-snippet:-1","max-image-preview":"max-image-preview:large","max-video-preview":"max-video-preview:-1"},"canonical":"https:\/\/wellstore.online\/fi\/olosuhdesaannot\/","og_locale":"fi_FI","og_type":"article","og_title":"Conditions & Rules","og_description":"Noteikumi 1. Visp\u0101r\u012bgie noteikumi1.1. \u0160ie noteikumi (turpm\u0101k \u2013 Noteikumi) paredz internetveikala WellStore (turpm\u0101k \u2013 E-veikals) lieto\u0161anas k\u0101rt\u012bbu. Noteikumus piem\u0113ro, kad Pirc\u0113js pas\u016bta un p\u0113rk E-veikal\u0101 pied\u0101v\u0101t\u0101s preces vai cit\u0101di izmanto E-veikala pakalpojumus.1.2. L\u012bdz ar Pirc\u0113ja veikto pre\u010du pas\u016bt\u012bjumu \u0161ie Noteikumi k\u013c\u016bst par Pirc\u0113ja un P\u0101rdev\u0113ja pirkuma l\u012bguma noteikumiem, kas ir abiem l\u012bgumsl\u0113dz\u0113jiem oblig\u0101ts juridisks dokuments. [...]","og_url":"https:\/\/wellstore.online\/fi\/olosuhdesaannot\/","og_site_name":"WellStore ONLINE","article_modified_time":"2025-10-14T17:19:25+00:00","twitter_card":"summary_large_image","twitter_misc":{"Arvioitu lukuaika":"6 minuuttia"},"schema":{"@context":"https:\/\/schema.org","@graph":[{"@type":"WebPage","@id":"https:\/\/wellstore.online\/conditions-rules\/","url":"https:\/\/wellstore.online\/conditions-rules\/","name":"K\u00e4ytt\u00f6ehdot - WellStore ONLINE","isPartOf":{"@id":"https:\/\/wellstore.online\/#website"},"datePublished":"2022-09-22T09:07:55+00:00","dateModified":"2025-10-14T17:19:25+00:00","breadcrumb":{"@id":"https:\/\/wellstore.online\/conditions-rules\/#breadcrumb"},"inLanguage":"fi","potentialAction":[{"@type":"ReadAction","target":["https:\/\/wellstore.online\/conditions-rules\/"]}]},{"@type":"BreadcrumbList","@id":"https:\/\/wellstore.online\/conditions-rules\/#breadcrumb","itemListElement":[{"@type":"ListItem","position":1,"name":"Home","item":"https:\/\/wellstore.online\/"},{"@type":"ListItem","position":2,"name":"Conditions &#038; Rules"}]},{"@type":"WebSite","@id":"https:\/\/wellstore.online\/#website","url":"https:\/\/wellstore.online\/","name":"WellStore ONLINE","description":"","potentialAction":[{"@type":"SearchAction","target":{"@type":"EntryPoint","urlTemplate":"https:\/\/wellstore.online\/?s={search_term_string}"},"query-input":{"@type":"PropertyValueSpecification","valueRequired":true,"valueName":"search_term_string"}}],"inLanguage":"fi"}]}},"_links":{"self":[{"href":"https:\/\/wellstore.online\/fi\/wp-json\/wp\/v2\/pages\/7106","targetHints":{"allow":["GET"]}}],"collection":[{"href":"https:\/\/wellstore.online\/fi\/wp-json\/wp\/v2\/pages"}],"about":[{"href":"https:\/\/wellstore.online\/fi\/wp-json\/wp\/v2\/types\/page"}],"author":[{"embeddable":true,"href":"https:\/\/wellstore.online\/fi\/wp-json\/wp\/v2\/users\/1"}],"replies":[{"embeddable":true,"href":"https:\/\/wellstore.online\/fi\/wp-json\/wp\/v2\/comments?post=7106"}],"version-history":[{"count":0,"href":"https:\/\/wellstore.online\/fi\/wp-json\/wp\/v2\/pages\/7106\/revisions"}],"wp:attachment":[{"href":"https:\/\/wellstore.online\/fi\/wp-json\/wp\/v2\/media?parent=7106"}],"curies":[{"name":"wp","href":"https:\/\/api.w.org\/{rel}","templated":true}]}}