{"id":12435,"date":"2023-01-06T14:07:10","date_gmt":"2023-01-06T12:07:10","guid":{"rendered":"https:\/\/wellstore.online\/?post_type=product&#038;p=12435"},"modified":"2025-10-10T19:52:28","modified_gmt":"2025-10-10T16:52:28","slug":"sukkiapulainen","status":"publish","type":"product","link":"https:\/\/wellstore.online\/fi\/tuote\/sukkiapulainen\/","title":{"rendered":"Sockhelper"},"content":{"rendered":"<div tabindex=\"0\">\n<p class=\"p1 translation-block\">Kuka tahansa voi joutua tilanteeseen, jossa h\u00e4nen liikkuvuutensa rajoittuu tilap\u00e4isesti tai pysyv\u00e4sti. Sockhelper-laite on suunniteltu henkil\u00f6it\u00e4 varten, joiden on i\u00e4n, vamman, raskauden tai terveysongelmien vuoksi vaikea tai kielletty kumartua. Laitteen avulla sukat tai keng\u00e4t on helppo pukea ja riisua ilman kumartumista, mik\u00e4 helpottaa jokap\u00e4iv\u00e4ist\u00e4 el\u00e4m\u00e4\u00e4 ja antaa ihmisille mahdollisuuden tuntea itsens\u00e4 voimaantuneiksi. Laadukkaasta muovista valmistettu laite on kokoontaitettava ja kevyt, joten sit\u00e4 on helppo s\u00e4ilytt\u00e4\u00e4 ja jopa kuljettaa. <span style=\"font-size: 16px\">Taloudellinen ja toimiva muotoilu.<\/span><\/p>\n<p class=\" translation-block\"><b>3 vaihtoehtoa yhdess\u00e4:<\/b><br>\r\n- Sukkien pukeminen<br>\r\n- Sukkien riisuminen<br>\r\n- Pidennetty keng\u00e4nter\u00e4<\/p>\n<p><b>Sopii erityisesti seuraaville:<br \/>\n<\/b>- Seniorit<br \/>\n- Raskaana oleville naisille<br \/>\n- Ylipainoisille ihmisille<br \/>\n- Vammojen ja leikkausten j\u00e4lkeen<\/p>\n<p class=\"p1\"><b>Tekniset tiedot<br \/>\n<\/b>Materiaali: PP<br \/>\nV\u00e4ri: harmaa<br \/>\nArvioidut mitat: 14 x 45 x 7cm - 23 x 16 x 11cm.<br \/>\nK\u00e4ytt\u00f6ohjeet ja kuvat<\/p>\n<\/div>\n<div tabindex=\"0\">\n<div style=\"width: 426px;\" class=\"wp-video\"><video class=\"wp-video-shortcode\" id=\"video-12435-1\" width=\"426\" height=\"240\" preload=\"metadata\" controls=\"controls\"><source type=\"video\/mp4\" src=\"https:\/\/wellstore.online\/wp-content\/uploads\/2023\/01\/Sockhelper.mp4.mp4?_=1\" \/><a href=\"https:\/\/wellstore.online\/wp-content\/uploads\/2023\/01\/Sockhelper.mp4.mp4\">https:\/\/wellstore.online\/wp-content\/uploads\/2023\/01\/Sockhelper.mp4.mp4<\/a><\/video><\/div>\n<\/div>","protected":false},"excerpt":{"rendered":"<p>Lis\u00e4varuste sukkien ja kenkien pukemista ja riisumista varten.<\/p>","protected":false},"featured_media":12433,"template":"","meta":[],"product_brand":[],"product_cat":[69,74,47],"product_tag":[],"class_list":{"0":"post-12435","1":"product","2":"type-product","3":"status-publish","4":"has-post-thumbnail","6":"product_cat-women","7":"product_cat-health","8":"product_cat-men","10":"first","11":"instock","12":"sale","13":"shipping-taxable","14":"purchasable","15":"product-type-simple"},"yoast_head":"<!-- This site is optimized with the Yoast SEO Premium plugin v26.3 (Yoast SEO v26.3) - https:\/\/yoast.com\/wordpress\/plugins\/seo\/ -->\n<title>Sockhelper - WellStore ONLINE<\/title>\n<meta name=\"robots\" content=\"index, follow, max-snippet:-1, max-image-preview:large, max-video-preview:-1\" \/>\n<link rel=\"canonical\" href=\"https:\/\/wellstore.online\/fi\/tuote\/sukkiapulainen\/\" \/>\n<meta property=\"og:locale\" content=\"fi_FI\" \/>\n<meta property=\"og:type\" content=\"article\" \/>\n<meta property=\"og:title\" content=\"Sockhelper\" \/>\n<meta property=\"og:description\" content=\"Pal\u012bgier\u012bce ze\u0137u un apavu uzvilk\u0161anai\/novilk\u0161anai\" \/>\n<meta property=\"og:url\" content=\"https:\/\/wellstore.online\/fi\/tuote\/sukkiapulainen\/\" \/>\n<meta property=\"og:site_name\" content=\"WellStore ONLINE\" \/>\n<meta property=\"article:modified_time\" content=\"2025-10-10T16:52:28+00:00\" \/>\n<meta property=\"og:image\" content=\"https:\/\/wellstore.online\/wp-content\/uploads\/2023\/01\/Sockhelper_001.jpg\" \/>\n\t<meta property=\"og:image:width\" content=\"600\" \/>\n\t<meta property=\"og:image:height\" content=\"600\" \/>\n\t<meta property=\"og:image:type\" content=\"image\/jpeg\" \/>\n<meta name=\"twitter:card\" content=\"summary_large_image\" \/>\n<meta name=\"twitter:label1\" content=\"Arvioitu lukuaika\" \/>\n\t<meta name=\"twitter:data1\" content=\"1 minuutti\" \/>\n<script type=\"application\/ld+json\" class=\"yoast-schema-graph\">{\"@context\":\"https:\/\/schema.org\",\"@graph\":[{\"@type\":\"WebPage\",\"@id\":\"https:\/\/wellstore.online\/lt\/produktas-2\/kojiniu-pagalba\/\",\"url\":\"https:\/\/wellstore.online\/lt\/produktas-2\/kojiniu-pagalba\/\",\"name\":\"Sockhelper - WellStore ONLINE\",\"isPartOf\":{\"@id\":\"https:\/\/wellstore.online\/#website\"},\"primaryImageOfPage\":{\"@id\":\"https:\/\/wellstore.online\/lt\/produktas-2\/kojiniu-pagalba\/#primaryimage\"},\"image\":{\"@id\":\"https:\/\/wellstore.online\/lt\/produktas-2\/kojiniu-pagalba\/#primaryimage\"},\"thumbnailUrl\":\"https:\/\/wellstore.online\/wp-content\/uploads\/2023\/01\/Sockhelper_001.jpg\",\"datePublished\":\"2023-01-06T12:07:10+00:00\",\"dateModified\":\"2025-10-10T16:52:28+00:00\",\"breadcrumb\":{\"@id\":\"https:\/\/wellstore.online\/lt\/produktas-2\/kojiniu-pagalba\/#breadcrumb\"},\"inLanguage\":\"fi\",\"potentialAction\":[{\"@type\":\"ReadAction\",\"target\":[\"https:\/\/wellstore.online\/lt\/produktas-2\/kojiniu-pagalba\/\"]}]},{\"@type\":\"ImageObject\",\"inLanguage\":\"fi\",\"@id\":\"https:\/\/wellstore.online\/lt\/produktas-2\/kojiniu-pagalba\/#primaryimage\",\"url\":\"https:\/\/wellstore.online\/wp-content\/uploads\/2023\/01\/Sockhelper_001.jpg\",\"contentUrl\":\"https:\/\/wellstore.online\/wp-content\/uploads\/2023\/01\/Sockhelper_001.jpg\",\"width\":600,\"height\":600,\"caption\":\"Sockhelper\"},{\"@type\":\"BreadcrumbList\",\"@id\":\"https:\/\/wellstore.online\/lt\/produktas-2\/kojiniu-pagalba\/#breadcrumb\",\"itemListElement\":[{\"@type\":\"ListItem\",\"position\":1,\"name\":\"Home\",\"item\":\"https:\/\/wellstore.online\/\"},{\"@type\":\"ListItem\",\"position\":2,\"name\":\"Shop\",\"item\":\"https:\/\/wellstore.online\/sv\/butik\/\"},{\"@type\":\"ListItem\",\"position\":3,\"name\":\"Sockhelper\"}]},{\"@type\":\"WebSite\",\"@id\":\"https:\/\/wellstore.online\/#website\",\"url\":\"https:\/\/wellstore.online\/\",\"name\":\"WellStore ONLINE\",\"description\":\"\",\"potentialAction\":[{\"@type\":\"SearchAction\",\"target\":{\"@type\":\"EntryPoint\",\"urlTemplate\":\"https:\/\/wellstore.online\/?s={search_term_string}\"},\"query-input\":{\"@type\":\"PropertyValueSpecification\",\"valueRequired\":true,\"valueName\":\"search_term_string\"}}],\"inLanguage\":\"fi\"}]}<\/script>\n<!-- \/ Yoast SEO Premium plugin. -->","yoast_head_json":{"title":"Sockhelper - WellStore ONLINE","robots":{"index":"index","follow":"follow","max-snippet":"max-snippet:-1","max-image-preview":"max-image-preview:large","max-video-preview":"max-video-preview:-1"},"canonical":"https:\/\/wellstore.online\/fi\/tuote\/sukkiapulainen\/","og_locale":"fi_FI","og_type":"article","og_title":"Sockhelper","og_description":"Pal\u012bgier\u012bce ze\u0137u un apavu uzvilk\u0161anai\/novilk\u0161anai","og_url":"https:\/\/wellstore.online\/fi\/tuote\/sukkiapulainen\/","og_site_name":"WellStore ONLINE","article_modified_time":"2025-10-10T16:52:28+00:00","og_image":[{"width":600,"height":600,"url":"https:\/\/wellstore.online\/wp-content\/uploads\/2023\/01\/Sockhelper_001.jpg","type":"image\/jpeg"}],"twitter_card":"summary_large_image","twitter_misc":{"Arvioitu lukuaika":"1 minuutti"},"schema":{"@context":"https:\/\/schema.org","@graph":[{"@type":"WebPage","@id":"https:\/\/wellstore.online\/lt\/produktas-2\/kojiniu-pagalba\/","url":"https:\/\/wellstore.online\/lt\/produktas-2\/kojiniu-pagalba\/","name":"Sockhelper - WellStore ONLINE","isPartOf":{"@id":"https:\/\/wellstore.online\/#website"},"primaryImageOfPage":{"@id":"https:\/\/wellstore.online\/lt\/produktas-2\/kojiniu-pagalba\/#primaryimage"},"image":{"@id":"https:\/\/wellstore.online\/lt\/produktas-2\/kojiniu-pagalba\/#primaryimage"},"thumbnailUrl":"https:\/\/wellstore.online\/wp-content\/uploads\/2023\/01\/Sockhelper_001.jpg","datePublished":"2023-01-06T12:07:10+00:00","dateModified":"2025-10-10T16:52:28+00:00","breadcrumb":{"@id":"https:\/\/wellstore.online\/lt\/produktas-2\/kojiniu-pagalba\/#breadcrumb"},"inLanguage":"fi","potentialAction":[{"@type":"ReadAction","target":["https:\/\/wellstore.online\/lt\/produktas-2\/kojiniu-pagalba\/"]}]},{"@type":"ImageObject","inLanguage":"fi","@id":"https:\/\/wellstore.online\/lt\/produktas-2\/kojiniu-pagalba\/#primaryimage","url":"https:\/\/wellstore.online\/wp-content\/uploads\/2023\/01\/Sockhelper_001.jpg","contentUrl":"https:\/\/wellstore.online\/wp-content\/uploads\/2023\/01\/Sockhelper_001.jpg","width":600,"height":600,"caption":"Sockhelper"},{"@type":"BreadcrumbList","@id":"https:\/\/wellstore.online\/lt\/produktas-2\/kojiniu-pagalba\/#breadcrumb","itemListElement":[{"@type":"ListItem","position":1,"name":"Home","item":"https:\/\/wellstore.online\/"},{"@type":"ListItem","position":2,"name":"Shop","item":"https:\/\/wellstore.online\/sv\/butik\/"},{"@type":"ListItem","position":3,"name":"Sockhelper"}]},{"@type":"WebSite","@id":"https:\/\/wellstore.online\/#website","url":"https:\/\/wellstore.online\/","name":"WellStore ONLINE","description":"","potentialAction":[{"@type":"SearchAction","target":{"@type":"EntryPoint","urlTemplate":"https:\/\/wellstore.online\/?s={search_term_string}"},"query-input":{"@type":"PropertyValueSpecification","valueRequired":true,"valueName":"search_term_string"}}],"inLanguage":"fi"}]}},"_links":{"self":[{"href":"https:\/\/wellstore.online\/fi\/wp-json\/wp\/v2\/product\/12435","targetHints":{"allow":["GET"]}}],"collection":[{"href":"https:\/\/wellstore.online\/fi\/wp-json\/wp\/v2\/product"}],"about":[{"href":"https:\/\/wellstore.online\/fi\/wp-json\/wp\/v2\/types\/product"}],"version-history":[{"count":0,"href":"https:\/\/wellstore.online\/fi\/wp-json\/wp\/v2\/product\/12435\/revisions"}],"wp:featuredmedia":[{"embeddable":true,"href":"https:\/\/wellstore.online\/fi\/wp-json\/wp\/v2\/media\/12433"}],"wp:attachment":[{"href":"https:\/\/wellstore.online\/fi\/wp-json\/wp\/v2\/media?parent=12435"}],"wp:term":[{"taxonomy":"product_brand","embeddable":true,"href":"https:\/\/wellstore.online\/fi\/wp-json\/wp\/v2\/product_brand?post=12435"},{"taxonomy":"product_cat","embeddable":true,"href":"https:\/\/wellstore.online\/fi\/wp-json\/wp\/v2\/product_cat?post=12435"},{"taxonomy":"product_tag","embeddable":true,"href":"https:\/\/wellstore.online\/fi\/wp-json\/wp\/v2\/product_tag?post=12435"}],"curies":[{"name":"wp","href":"https:\/\/api.w.org\/{rel}","templated":true}]}}