{"id":18811,"date":"2024-01-24T20:44:43","date_gmt":"2024-01-24T18:44:43","guid":{"rendered":"https:\/\/wellstore.online\/?post_type=product&#038;p=18811"},"modified":"2025-09-24T22:54:43","modified_gmt":"2025-09-24T19:54:43","slug":"sensoap-2","status":"publish","type":"product","link":"https:\/\/wellstore.online\/fi\/tuote\/sensoap-2\/","title":{"rendered":"Sensoap II"},"content":{"rendered":"<div data-elementor-type=\"product-post\" data-elementor-id=\"18811\" class=\"elementor elementor-18811\" data-elementor-post-type=\"product\">\n\t\t\t\t\t\t<section class=\"elementor-section elementor-top-section elementor-element elementor-element-102aaac6 elementor-section-boxed elementor-section-height-default elementor-section-height-default\" data-id=\"102aaac6\" data-element_type=\"section\" data-e-type=\"section\">\n\t\t\t\t\t\t<div class=\"elementor-container elementor-column-gap-default\">\n\t\t\t\t\t<div class=\"elementor-column elementor-col-100 elementor-top-column elementor-element elementor-element-5a7ad01a\" data-id=\"5a7ad01a\" data-element_type=\"column\" data-e-type=\"column\">\n\t\t\t<div class=\"elementor-widget-wrap elementor-element-populated\">\n\t\t\t\t\t\t<div class=\"elementor-element elementor-element-2798cc2c elementor-widget elementor-widget-text-editor\" data-id=\"2798cc2c\" data-element_type=\"widget\" data-e-type=\"widget\" data-widget_type=\"text-editor.default\">\n\t\t\t\t<div class=\"elementor-widget-container\">\n\t\t\t\t\t\t\t\t\t<strong>Automaattisen johdottoman saippuavaahdottimen ja -annostelijan avulla voit pest\u00e4 k\u00e4tesi joutumatta kosketuksiin muiden ihmisten bakteerien kanssa, sill\u00e4 sinun ei tarvitse koskea muiden ihmisten k\u00e4ytt\u00e4m\u00e4\u00e4n pesuaines\u00e4ili\u00f6\u00f6n.\n<\/strong><br>\n\n<strong>Jopa 80% v\u00e4hent\u00e4\u00e4 saippuan kulutusta!<\/strong><br><br>\n\nAnnostelijaa voidaan k\u00e4ytt\u00e4\u00e4 perinteisille tai bakteeriper\u00e4isille nestem\u00e4isille saippuoille, shampoille ja astianpesuaineille.\n\nLiiketunnistin annostelee vaahdon 0,25 sekunnissa - erityisen hy\u00f6dyllist\u00e4 ruoanlaitossa!\n\nSensoapin avulla voit v\u00e4hent\u00e4\u00e4 saippuan kulutusta jopa 80%.\n\nPaksun vaahdon aikaansaamiseksi Sensoap tarvitsee vain 50 ml nestem\u00e4ist\u00e4 saippuaa ja pelkk\u00e4\u00e4 vett\u00e4. Yksi t\u00e4ytt\u00f6 riitt\u00e4\u00e4 jopa 300-400 pesukertaan.\n<br><br>\n<strong>Tekniset tiedot\n<\/strong><br>\nTilavuus: 400ml<br>\nLatausliit\u00e4nt\u00e4: USB-C<br>\n4 saippuan vaahtoamistasoa: 0,3s, 0,8s, 1,5s, 2s.<br>\nAkku: 1200mAh ladattava li-ion akku\t\t\t\t\t\t\t\t<\/div>\n\t\t\t\t<\/div>\n\t\t\t\t\t<\/div>\n\t\t<\/div>\n\t\t\t\t\t<\/div>\n\t\t<\/section>\n\t\t\t\t<\/div>","protected":false},"excerpt":{"rendered":"<p>Automaattinen saippuavaahdotin ja annostelija<\/p>","protected":false},"featured_media":18832,"template":"","meta":[],"product_brand":[],"product_cat":[55,74,72],"product_tag":[],"class_list":{"0":"post-18811","1":"product","2":"type-product","3":"status-publish","4":"has-post-thumbnail","6":"product_cat-household","7":"product_cat-health","8":"product_cat-kitchen","10":"first","11":"instock","12":"sale","13":"shipping-taxable","14":"purchasable","15":"product-type-simple"},"yoast_head":"<!-- This site is optimized with the Yoast SEO Premium plugin v26.3 (Yoast SEO v26.3) - https:\/\/yoast.com\/wordpress\/plugins\/seo\/ -->\n<title>Sensoap II - WellStore ONLINE<\/title>\n<meta name=\"robots\" content=\"index, follow, max-snippet:-1, max-image-preview:large, max-video-preview:-1\" \/>\n<link rel=\"canonical\" href=\"https:\/\/wellstore.online\/fi\/tuote\/sensoap-2\/\" \/>\n<meta property=\"og:locale\" content=\"fi_FI\" \/>\n<meta property=\"og:type\" content=\"article\" \/>\n<meta property=\"og:title\" content=\"Sensoap II\" \/>\n<meta property=\"og:description\" content=\"Autom\u0101tiskais ziepju putot\u0101js un dozators\" \/>\n<meta property=\"og:url\" content=\"https:\/\/wellstore.online\/fi\/tuote\/sensoap-2\/\" \/>\n<meta property=\"og:site_name\" content=\"WellStore ONLINE\" \/>\n<meta property=\"article:modified_time\" content=\"2025-09-24T19:54:43+00:00\" \/>\n<meta property=\"og:image\" content=\"https:\/\/wellstore.online\/wp-content\/uploads\/2024\/01\/14.jpg\" \/>\n\t<meta property=\"og:image:width\" content=\"1500\" \/>\n\t<meta property=\"og:image:height\" content=\"1500\" \/>\n\t<meta property=\"og:image:type\" content=\"image\/jpeg\" \/>\n<meta name=\"twitter:card\" content=\"summary_large_image\" \/>\n<meta name=\"twitter:label1\" content=\"Arvioitu lukuaika\" \/>\n\t<meta name=\"twitter:data1\" content=\"1 minuutti\" \/>\n<script type=\"application\/ld+json\" class=\"yoast-schema-graph\">{\"@context\":\"https:\/\/schema.org\",\"@graph\":[{\"@type\":\"WebPage\",\"@id\":\"https:\/\/wellstore.online\/fi\/tuote\/sensoap-2\/\",\"url\":\"https:\/\/wellstore.online\/fi\/tuote\/sensoap-2\/\",\"name\":\"Sensoap II - WellStore ONLINE\",\"isPartOf\":{\"@id\":\"https:\/\/wellstore.online\/#website\"},\"primaryImageOfPage\":{\"@id\":\"https:\/\/wellstore.online\/fi\/tuote\/sensoap-2\/#primaryimage\"},\"image\":{\"@id\":\"https:\/\/wellstore.online\/fi\/tuote\/sensoap-2\/#primaryimage\"},\"thumbnailUrl\":\"https:\/\/wellstore.online\/wp-content\/uploads\/2024\/01\/14.jpg\",\"datePublished\":\"2024-01-24T18:44:43+00:00\",\"dateModified\":\"2025-09-24T19:54:43+00:00\",\"breadcrumb\":{\"@id\":\"https:\/\/wellstore.online\/fi\/tuote\/sensoap-2\/#breadcrumb\"},\"inLanguage\":\"fi\",\"potentialAction\":[{\"@type\":\"ReadAction\",\"target\":[\"https:\/\/wellstore.online\/fi\/tuote\/sensoap-2\/\"]}]},{\"@type\":\"ImageObject\",\"inLanguage\":\"fi\",\"@id\":\"https:\/\/wellstore.online\/fi\/tuote\/sensoap-2\/#primaryimage\",\"url\":\"https:\/\/wellstore.online\/wp-content\/uploads\/2024\/01\/14.jpg\",\"contentUrl\":\"https:\/\/wellstore.online\/wp-content\/uploads\/2024\/01\/14.jpg\",\"width\":1500,\"height\":1500},{\"@type\":\"BreadcrumbList\",\"@id\":\"https:\/\/wellstore.online\/fi\/tuote\/sensoap-2\/#breadcrumb\",\"itemListElement\":[{\"@type\":\"ListItem\",\"position\":1,\"name\":\"Home\",\"item\":\"https:\/\/wellstore.online\/\"},{\"@type\":\"ListItem\",\"position\":2,\"name\":\"Shop\",\"item\":\"https:\/\/wellstore.online\/sv\/butik\/\"},{\"@type\":\"ListItem\",\"position\":3,\"name\":\"Sensoap II\"}]},{\"@type\":\"WebSite\",\"@id\":\"https:\/\/wellstore.online\/#website\",\"url\":\"https:\/\/wellstore.online\/\",\"name\":\"WellStore ONLINE\",\"description\":\"\",\"potentialAction\":[{\"@type\":\"SearchAction\",\"target\":{\"@type\":\"EntryPoint\",\"urlTemplate\":\"https:\/\/wellstore.online\/?s={search_term_string}\"},\"query-input\":{\"@type\":\"PropertyValueSpecification\",\"valueRequired\":true,\"valueName\":\"search_term_string\"}}],\"inLanguage\":\"fi\"}]}<\/script>\n<!-- \/ Yoast SEO Premium plugin. -->","yoast_head_json":{"title":"Sensoap II - WellStore ONLINE - WellStore ONLINE","robots":{"index":"index","follow":"follow","max-snippet":"max-snippet:-1","max-image-preview":"max-image-preview:large","max-video-preview":"max-video-preview:-1"},"canonical":"https:\/\/wellstore.online\/fi\/tuote\/sensoap-2\/","og_locale":"fi_FI","og_type":"article","og_title":"Sensoap II","og_description":"Autom\u0101tiskais ziepju putot\u0101js un dozators","og_url":"https:\/\/wellstore.online\/fi\/tuote\/sensoap-2\/","og_site_name":"WellStore ONLINE","article_modified_time":"2025-09-24T19:54:43+00:00","og_image":[{"width":1500,"height":1500,"url":"https:\/\/wellstore.online\/wp-content\/uploads\/2024\/01\/14.jpg","type":"image\/jpeg"}],"twitter_card":"summary_large_image","twitter_misc":{"Arvioitu lukuaika":"1 minuutti"},"schema":{"@context":"https:\/\/schema.org","@graph":[{"@type":"WebPage","@id":"https:\/\/wellstore.online\/fi\/tuote\/sensoap-2\/","url":"https:\/\/wellstore.online\/fi\/tuote\/sensoap-2\/","name":"Sensoap II - WellStore ONLINE - WellStore ONLINE","isPartOf":{"@id":"https:\/\/wellstore.online\/#website"},"primaryImageOfPage":{"@id":"https:\/\/wellstore.online\/fi\/tuote\/sensoap-2\/#primaryimage"},"image":{"@id":"https:\/\/wellstore.online\/fi\/tuote\/sensoap-2\/#primaryimage"},"thumbnailUrl":"https:\/\/wellstore.online\/wp-content\/uploads\/2024\/01\/14.jpg","datePublished":"2024-01-24T18:44:43+00:00","dateModified":"2025-09-24T19:54:43+00:00","breadcrumb":{"@id":"https:\/\/wellstore.online\/fi\/tuote\/sensoap-2\/#breadcrumb"},"inLanguage":"fi","potentialAction":[{"@type":"ReadAction","target":["https:\/\/wellstore.online\/fi\/tuote\/sensoap-2\/"]}]},{"@type":"ImageObject","inLanguage":"fi","@id":"https:\/\/wellstore.online\/fi\/tuote\/sensoap-2\/#primaryimage","url":"https:\/\/wellstore.online\/wp-content\/uploads\/2024\/01\/14.jpg","contentUrl":"https:\/\/wellstore.online\/wp-content\/uploads\/2024\/01\/14.jpg","width":1500,"height":1500},{"@type":"BreadcrumbList","@id":"https:\/\/wellstore.online\/fi\/tuote\/sensoap-2\/#breadcrumb","itemListElement":[{"@type":"ListItem","position":1,"name":"Home","item":"https:\/\/wellstore.online\/"},{"@type":"ListItem","position":2,"name":"Shop","item":"https:\/\/wellstore.online\/sv\/butik\/"},{"@type":"ListItem","position":3,"name":"Sensoap II"}]},{"@type":"WebSite","@id":"https:\/\/wellstore.online\/#website","url":"https:\/\/wellstore.online\/","name":"WellStore ONLINE","description":"","potentialAction":[{"@type":"SearchAction","target":{"@type":"EntryPoint","urlTemplate":"https:\/\/wellstore.online\/?s={search_term_string}"},"query-input":{"@type":"PropertyValueSpecification","valueRequired":true,"valueName":"search_term_string"}}],"inLanguage":"fi"}]}},"_links":{"self":[{"href":"https:\/\/wellstore.online\/fi\/wp-json\/wp\/v2\/product\/18811","targetHints":{"allow":["GET"]}}],"collection":[{"href":"https:\/\/wellstore.online\/fi\/wp-json\/wp\/v2\/product"}],"about":[{"href":"https:\/\/wellstore.online\/fi\/wp-json\/wp\/v2\/types\/product"}],"version-history":[{"count":0,"href":"https:\/\/wellstore.online\/fi\/wp-json\/wp\/v2\/product\/18811\/revisions"}],"wp:featuredmedia":[{"embeddable":true,"href":"https:\/\/wellstore.online\/fi\/wp-json\/wp\/v2\/media\/18832"}],"wp:attachment":[{"href":"https:\/\/wellstore.online\/fi\/wp-json\/wp\/v2\/media?parent=18811"}],"wp:term":[{"taxonomy":"product_brand","embeddable":true,"href":"https:\/\/wellstore.online\/fi\/wp-json\/wp\/v2\/product_brand?post=18811"},{"taxonomy":"product_cat","embeddable":true,"href":"https:\/\/wellstore.online\/fi\/wp-json\/wp\/v2\/product_cat?post=18811"},{"taxonomy":"product_tag","embeddable":true,"href":"https:\/\/wellstore.online\/fi\/wp-json\/wp\/v2\/product_tag?post=18811"}],"curies":[{"name":"wp","href":"https:\/\/api.w.org\/{rel}","templated":true}]}}