{"id":6784,"date":"2022-09-21T14:36:53","date_gmt":"2022-09-21T11:36:53","guid":{"rendered":"http:\/\/box2520.temp.domains\/~wellstor\/?post_type=product&#038;p=6784"},"modified":"2023-01-04T22:13:40","modified_gmt":"2023-01-04T20:13:40","slug":"ovensuoja","status":"publish","type":"product","link":"https:\/\/wellstore.online\/fi\/tuote\/ovensuoja\/","title":{"rendered":"Oven vartija"},"content":{"rendered":"<p><strong>Door GUARD -h\u00e4lytys kest\u00e4\u00e4 vain muutaman minuutin asennuksen ja suojaa t\u00e4ydellisesti omaisuuttasi ja perhett\u00e4si!<\/strong><\/p>\n<p><strong>3 hy\u00f6dyllist\u00e4 ominaisuutta:<\/strong><\/p>\n<p class=\" translation-block\"><strong>KOVA LIIKENNE<\/strong>, jonka sin\u00e4, varas ja ymp\u00e4r\u00f6iv\u00e4t naapurit kuulevat. Vain sin\u00e4 voit pys\u00e4ytt\u00e4\u00e4 sen kaukos\u00e4\u00e4timell\u00e4, sill\u00e4 sis\u00e4\u00e4nrakennettua kytkint\u00e4 ei ole.<\/p>\n<p class=\" translation-block\"><strong>OVIKELLO<\/strong> - miellytt\u00e4v\u00e4 signaali ilmoittaa aina, kun ovi avataan.<\/p>\n<p class=\" translation-block\"><strong>SOS-painike<\/strong> - \u00e4\u00e4nih\u00e4lytyksen manuaalinen aktivointi tarvittaessa kaukos\u00e4\u00e4timell\u00e4. (esim. h\u00e4lytyst\u00e4 ei aktivoitu, mutta uhka on havaittu).<\/p>\n<p class=\" translation-block\"><strong>Toimintaperiaate:<\/strong><br>\r\nToiminta on hyvin yksinkertaista: heti kun ovi tai ikkuna avataan (katkaisemalla magneettipiiri alustan ja magneettianturin v\u00e4lill\u00e4), kuuluu kova, sykkiv\u00e4 h\u00e4lytys\u00e4\u00e4ni.<br>\r\nH\u00e4lytys voidaan aktivoida ja deaktivoida kaukos\u00e4\u00e4timell\u00e4 (kantama n. 60 metri\u00e4).<br>\r\nPariston kesto on taattu jopa 1-2 vuotta eritt\u00e4in alhaisen virrankulutuksen ansiosta!<br>\r\nT\u00e4m\u00e4n h\u00e4lyttimen voi ottaa mukaan my\u00f6s matkoille, sill\u00e4 se on eritt\u00e4in helppo kiinnitt\u00e4\u00e4 ja irrottaa ikkunanpuitteeseen.<br>\r\nJopa 50 h\u00e4lytyspohjaa voidaan ohjelmoida helposti yhdell\u00e4 kaukos\u00e4\u00e4timell\u00e4. Yhteen tukiasemaan voidaan liitt\u00e4\u00e4 jopa 8 kaukos\u00e4\u00e4dint\u00e4.<\/p>\n<p class=\" translation-block\"><strong>Tekniset tiedot:<\/strong><br>\r\nMateriaali: ABS-muovi<br>\r\nVirta: 2 AA-paristoa (ei sis\u00e4lly) (n. 1 vuosi)<br>\r\nKaukos\u00e4\u00e4timen virtal\u00e4hde: 12V\/27A alkaliparisto (toiminta n. 2 vuotta)<br>\r\nK\u00e4ytt\u00f6l\u00e4mp\u00f6tila: -20~+60\u2103<br>\r\nKosteus: R\/H &lt;80%<br>\r\nSertifiointi: CE<\/p>","protected":false},"excerpt":{"rendered":"<p>Langaton h\u00e4lytys kaukos\u00e4\u00e4timell\u00e4<\/p>","protected":false},"featured_media":6785,"template":"","meta":[],"product_brand":[],"product_cat":[55,71],"product_tag":[],"class_list":{"0":"post-6784","1":"product","2":"type-product","3":"status-publish","4":"has-post-thumbnail","6":"product_cat-household","7":"product_cat-gadgets","9":"first","10":"instock","11":"shipping-taxable","12":"purchasable","13":"product-type-simple"},"yoast_head":"<!-- This site is optimized with the Yoast SEO Premium plugin v26.3 (Yoast SEO v26.3) - https:\/\/yoast.com\/wordpress\/plugins\/seo\/ -->\n<title>Door GUARD - WellStore ONLINE<\/title>\n<meta name=\"robots\" content=\"index, follow, max-snippet:-1, max-image-preview:large, max-video-preview:-1\" \/>\n<link rel=\"canonical\" href=\"https:\/\/wellstore.online\/fi\/tuote\/ovensuoja\/\" \/>\n<meta property=\"og:locale\" content=\"fi_FI\" \/>\n<meta property=\"og:type\" content=\"article\" \/>\n<meta property=\"og:title\" content=\"Door GUARD\" \/>\n<meta property=\"og:description\" content=\"Bezvadu signaliz\u0101cija ar t\u0101lvad\u012bbas pulti\" \/>\n<meta property=\"og:url\" content=\"https:\/\/wellstore.online\/fi\/tuote\/ovensuoja\/\" \/>\n<meta property=\"og:site_name\" content=\"WellStore ONLINE\" \/>\n<meta property=\"article:modified_time\" content=\"2023-01-04T20:13:40+00:00\" \/>\n<meta property=\"og:image\" content=\"https:\/\/wellstore.online\/wp-content\/uploads\/2022\/09\/DoorGUARD.jpg\" \/>\n\t<meta property=\"og:image:width\" content=\"800\" \/>\n\t<meta property=\"og:image:height\" content=\"800\" \/>\n\t<meta property=\"og:image:type\" content=\"image\/jpeg\" \/>\n<meta name=\"twitter:card\" content=\"summary_large_image\" \/>\n<meta name=\"twitter:label1\" content=\"Arvioitu lukuaika\" \/>\n\t<meta name=\"twitter:data1\" content=\"1 minuutti\" \/>\n<script type=\"application\/ld+json\" class=\"yoast-schema-graph\">{\"@context\":\"https:\/\/schema.org\",\"@graph\":[{\"@type\":\"WebPage\",\"@id\":\"https:\/\/wellstore.online\/product\/doorguard\/\",\"url\":\"https:\/\/wellstore.online\/product\/doorguard\/\",\"name\":\"Door GUARD - WellStore ONLINE\",\"isPartOf\":{\"@id\":\"https:\/\/wellstore.online\/#website\"},\"primaryImageOfPage\":{\"@id\":\"https:\/\/wellstore.online\/product\/doorguard\/#primaryimage\"},\"image\":{\"@id\":\"https:\/\/wellstore.online\/product\/doorguard\/#primaryimage\"},\"thumbnailUrl\":\"https:\/\/wellstore.online\/wp-content\/uploads\/2022\/09\/DoorGUARD.jpg\",\"datePublished\":\"2022-09-21T11:36:53+00:00\",\"dateModified\":\"2023-01-04T20:13:40+00:00\",\"breadcrumb\":{\"@id\":\"https:\/\/wellstore.online\/product\/doorguard\/#breadcrumb\"},\"inLanguage\":\"fi\",\"potentialAction\":[{\"@type\":\"ReadAction\",\"target\":[\"https:\/\/wellstore.online\/product\/doorguard\/\"]}]},{\"@type\":\"ImageObject\",\"inLanguage\":\"fi\",\"@id\":\"https:\/\/wellstore.online\/product\/doorguard\/#primaryimage\",\"url\":\"https:\/\/wellstore.online\/wp-content\/uploads\/2022\/09\/DoorGUARD.jpg\",\"contentUrl\":\"https:\/\/wellstore.online\/wp-content\/uploads\/2022\/09\/DoorGUARD.jpg\",\"width\":800,\"height\":800},{\"@type\":\"BreadcrumbList\",\"@id\":\"https:\/\/wellstore.online\/product\/doorguard\/#breadcrumb\",\"itemListElement\":[{\"@type\":\"ListItem\",\"position\":1,\"name\":\"Home\",\"item\":\"https:\/\/wellstore.online\/\"},{\"@type\":\"ListItem\",\"position\":2,\"name\":\"Shop\",\"item\":\"https:\/\/wellstore.online\/sv\/butik\/\"},{\"@type\":\"ListItem\",\"position\":3,\"name\":\"Door GUARD\"}]},{\"@type\":\"WebSite\",\"@id\":\"https:\/\/wellstore.online\/#website\",\"url\":\"https:\/\/wellstore.online\/\",\"name\":\"WellStore ONLINE\",\"description\":\"\",\"potentialAction\":[{\"@type\":\"SearchAction\",\"target\":{\"@type\":\"EntryPoint\",\"urlTemplate\":\"https:\/\/wellstore.online\/?s={search_term_string}\"},\"query-input\":{\"@type\":\"PropertyValueSpecification\",\"valueRequired\":true,\"valueName\":\"search_term_string\"}}],\"inLanguage\":\"fi\"}]}<\/script>\n<!-- \/ Yoast SEO Premium plugin. -->","yoast_head_json":{"title":"Oven vartija - WellStore ONLINE","robots":{"index":"index","follow":"follow","max-snippet":"max-snippet:-1","max-image-preview":"max-image-preview:large","max-video-preview":"max-video-preview:-1"},"canonical":"https:\/\/wellstore.online\/fi\/tuote\/ovensuoja\/","og_locale":"fi_FI","og_type":"article","og_title":"Door GUARD","og_description":"Bezvadu signaliz\u0101cija ar t\u0101lvad\u012bbas pulti","og_url":"https:\/\/wellstore.online\/fi\/tuote\/ovensuoja\/","og_site_name":"WellStore ONLINE","article_modified_time":"2023-01-04T20:13:40+00:00","og_image":[{"width":800,"height":800,"url":"https:\/\/wellstore.online\/wp-content\/uploads\/2022\/09\/DoorGUARD.jpg","type":"image\/jpeg"}],"twitter_card":"summary_large_image","twitter_misc":{"Arvioitu lukuaika":"1 minuutti"},"schema":{"@context":"https:\/\/schema.org","@graph":[{"@type":"WebPage","@id":"https:\/\/wellstore.online\/product\/doorguard\/","url":"https:\/\/wellstore.online\/product\/doorguard\/","name":"Oven vartija - WellStore ONLINE","isPartOf":{"@id":"https:\/\/wellstore.online\/#website"},"primaryImageOfPage":{"@id":"https:\/\/wellstore.online\/product\/doorguard\/#primaryimage"},"image":{"@id":"https:\/\/wellstore.online\/product\/doorguard\/#primaryimage"},"thumbnailUrl":"https:\/\/wellstore.online\/wp-content\/uploads\/2022\/09\/DoorGUARD.jpg","datePublished":"2022-09-21T11:36:53+00:00","dateModified":"2023-01-04T20:13:40+00:00","breadcrumb":{"@id":"https:\/\/wellstore.online\/product\/doorguard\/#breadcrumb"},"inLanguage":"fi","potentialAction":[{"@type":"ReadAction","target":["https:\/\/wellstore.online\/product\/doorguard\/"]}]},{"@type":"ImageObject","inLanguage":"fi","@id":"https:\/\/wellstore.online\/product\/doorguard\/#primaryimage","url":"https:\/\/wellstore.online\/wp-content\/uploads\/2022\/09\/DoorGUARD.jpg","contentUrl":"https:\/\/wellstore.online\/wp-content\/uploads\/2022\/09\/DoorGUARD.jpg","width":800,"height":800},{"@type":"BreadcrumbList","@id":"https:\/\/wellstore.online\/product\/doorguard\/#breadcrumb","itemListElement":[{"@type":"ListItem","position":1,"name":"Home","item":"https:\/\/wellstore.online\/"},{"@type":"ListItem","position":2,"name":"Shop","item":"https:\/\/wellstore.online\/sv\/butik\/"},{"@type":"ListItem","position":3,"name":"Door GUARD"}]},{"@type":"WebSite","@id":"https:\/\/wellstore.online\/#website","url":"https:\/\/wellstore.online\/","name":"WellStore ONLINE","description":"","potentialAction":[{"@type":"SearchAction","target":{"@type":"EntryPoint","urlTemplate":"https:\/\/wellstore.online\/?s={search_term_string}"},"query-input":{"@type":"PropertyValueSpecification","valueRequired":true,"valueName":"search_term_string"}}],"inLanguage":"fi"}]}},"_links":{"self":[{"href":"https:\/\/wellstore.online\/fi\/wp-json\/wp\/v2\/product\/6784","targetHints":{"allow":["GET"]}}],"collection":[{"href":"https:\/\/wellstore.online\/fi\/wp-json\/wp\/v2\/product"}],"about":[{"href":"https:\/\/wellstore.online\/fi\/wp-json\/wp\/v2\/types\/product"}],"version-history":[{"count":0,"href":"https:\/\/wellstore.online\/fi\/wp-json\/wp\/v2\/product\/6784\/revisions"}],"wp:featuredmedia":[{"embeddable":true,"href":"https:\/\/wellstore.online\/fi\/wp-json\/wp\/v2\/media\/6785"}],"wp:attachment":[{"href":"https:\/\/wellstore.online\/fi\/wp-json\/wp\/v2\/media?parent=6784"}],"wp:term":[{"taxonomy":"product_brand","embeddable":true,"href":"https:\/\/wellstore.online\/fi\/wp-json\/wp\/v2\/product_brand?post=6784"},{"taxonomy":"product_cat","embeddable":true,"href":"https:\/\/wellstore.online\/fi\/wp-json\/wp\/v2\/product_cat?post=6784"},{"taxonomy":"product_tag","embeddable":true,"href":"https:\/\/wellstore.online\/fi\/wp-json\/wp\/v2\/product_tag?post=6784"}],"curies":[{"name":"wp","href":"https:\/\/api.w.org\/{rel}","templated":true}]}}