{"id":6796,"date":"2022-09-21T14:50:26","date_gmt":"2022-09-21T11:50:26","guid":{"rendered":"http:\/\/box2520.temp.domains\/~wellstor\/?post_type=product&#038;p=6796"},"modified":"2024-08-30T18:29:58","modified_gmt":"2024-08-30T15:29:58","slug":"minikymmenet","status":"publish","type":"product","link":"https:\/\/wellstore.online\/fi\/tuote\/minikymmenet\/","title":{"rendered":"Mini TENS"},"content":{"rendered":"<p><strong>Integroidulla bios\u00e4hk\u00f6isell\u00e4 pulssigeneraattorilla varustettu matalataajuuss\u00e4hk\u00f6stimulaattori on eritt\u00e4in tehokas lihaskuntoharjoittelulaite, nivelkipujen lievitt\u00e4j\u00e4 ja lihasten palautuslaite, joka antaa miellytt\u00e4v\u00e4n ja rentouttavan hyv\u00e4nolon tunteen. Sopii erityisesti polville, kyyn\u00e4rp\u00e4ille, hartioille, vy\u00f6t\u00e4r\u00f6lle ja sel\u00e4lle.<\/strong><\/p>\n<p>&nbsp;<\/p>\n<p class=\" translation-block\"><strong> Esimerkkej\u00e4:<\/strong><br>\r\nParantaa kipua<br>\r\nParantaa liikkuvuutta<br>\r\nParantaa verenkiertoa<br>\r\nRentouttaa ja rauhoittaa lihaksia<\/p>\n<p class=\" translation-block\"><strong>Tekniset tiedot:<br>\r\n<\/strong><span style=\"font-size: 16px\">Tehd\u00e4\u00e4n ABS:st\u00e4<br>\r\n<\/span><\/strong>Kevyesti kompakti muotoilu<br>\r\nHelppo k\u00e4ytt\u00e4\u00e4<br>\r\nMatalataajuinen s\u00e4hk\u00f6inen stimulaatio<br>\r\n8 ohjelmaa<br>\r\n10 intensiteettitasoa<br>\r\n4 elektrodia<br>\r\n4 laastaria tartuntageelill\u00e4<br>\r\nAjastin<br>\r\nParistok\u00e4ytt\u00f6inen (2 x AAA mukana)<br>\r\nVirta: 350mA<br>\r\nTaajuus: 1-330Hz<\/p>","protected":false},"excerpt":{"rendered":"<p>Kipua lievitt\u00e4v\u00e4 fyysinen laite<\/p>","protected":false},"featured_media":6797,"template":"","meta":[],"product_brand":[],"product_cat":[69,73,74,71,47],"product_tag":[],"class_list":{"0":"post-6796","1":"product","2":"type-product","3":"status-publish","4":"has-post-thumbnail","6":"product_cat-women","7":"product_cat-beauty","8":"product_cat-health","9":"product_cat-gadgets","10":"product_cat-men","12":"first","13":"instock","14":"shipping-taxable","15":"purchasable","16":"product-type-simple"},"yoast_head":"<!-- This site is optimized with the Yoast SEO Premium plugin v26.3 (Yoast SEO v26.3) - https:\/\/yoast.com\/wordpress\/plugins\/seo\/ -->\n<title>Mini TENS - WellStore ONLINE<\/title>\n<meta name=\"robots\" content=\"index, follow, max-snippet:-1, max-image-preview:large, max-video-preview:-1\" \/>\n<link rel=\"canonical\" href=\"https:\/\/wellstore.online\/fi\/tuote\/minikymmenet\/\" \/>\n<meta property=\"og:locale\" content=\"fi_FI\" \/>\n<meta property=\"og:type\" content=\"article\" \/>\n<meta property=\"og:title\" content=\"Mini TENS\" \/>\n<meta property=\"og:description\" content=\"S\u0101pes atvieglojo\u0161a fizioier\u012bce\" \/>\n<meta property=\"og:url\" content=\"https:\/\/wellstore.online\/fi\/tuote\/minikymmenet\/\" \/>\n<meta property=\"og:site_name\" content=\"WellStore ONLINE\" \/>\n<meta property=\"article:modified_time\" content=\"2024-08-30T15:29:58+00:00\" \/>\n<meta property=\"og:image\" content=\"https:\/\/wellstore.online\/wp-content\/uploads\/2022\/09\/Mini-TENS.jpg\" \/>\n\t<meta property=\"og:image:width\" content=\"600\" \/>\n\t<meta property=\"og:image:height\" content=\"600\" \/>\n\t<meta property=\"og:image:type\" content=\"image\/jpeg\" \/>\n<meta name=\"twitter:card\" content=\"summary_large_image\" \/>\n<meta name=\"twitter:label1\" content=\"Arvioitu lukuaika\" \/>\n\t<meta name=\"twitter:data1\" content=\"1 minuutti\" \/>\n<script type=\"application\/ld+json\" class=\"yoast-schema-graph\">{\"@context\":\"https:\/\/schema.org\",\"@graph\":[{\"@type\":\"WebPage\",\"@id\":\"https:\/\/wellstore.online\/en\/product\/mini-tens\/\",\"url\":\"https:\/\/wellstore.online\/en\/product\/mini-tens\/\",\"name\":\"Mini TENS - WellStore ONLINE\",\"isPartOf\":{\"@id\":\"https:\/\/wellstore.online\/#website\"},\"primaryImageOfPage\":{\"@id\":\"https:\/\/wellstore.online\/en\/product\/mini-tens\/#primaryimage\"},\"image\":{\"@id\":\"https:\/\/wellstore.online\/en\/product\/mini-tens\/#primaryimage\"},\"thumbnailUrl\":\"https:\/\/wellstore.online\/wp-content\/uploads\/2022\/09\/Mini-TENS.jpg\",\"datePublished\":\"2022-09-21T11:50:26+00:00\",\"dateModified\":\"2024-08-30T15:29:58+00:00\",\"breadcrumb\":{\"@id\":\"https:\/\/wellstore.online\/en\/product\/mini-tens\/#breadcrumb\"},\"inLanguage\":\"fi\",\"potentialAction\":[{\"@type\":\"ReadAction\",\"target\":[\"https:\/\/wellstore.online\/en\/product\/mini-tens\/\"]}]},{\"@type\":\"ImageObject\",\"inLanguage\":\"fi\",\"@id\":\"https:\/\/wellstore.online\/en\/product\/mini-tens\/#primaryimage\",\"url\":\"https:\/\/wellstore.online\/wp-content\/uploads\/2022\/09\/Mini-TENS.jpg\",\"contentUrl\":\"https:\/\/wellstore.online\/wp-content\/uploads\/2022\/09\/Mini-TENS.jpg\",\"width\":600,\"height\":600},{\"@type\":\"BreadcrumbList\",\"@id\":\"https:\/\/wellstore.online\/en\/product\/mini-tens\/#breadcrumb\",\"itemListElement\":[{\"@type\":\"ListItem\",\"position\":1,\"name\":\"Home\",\"item\":\"https:\/\/wellstore.online\/\"},{\"@type\":\"ListItem\",\"position\":2,\"name\":\"Shop\",\"item\":\"https:\/\/wellstore.online\/sv\/butik\/\"},{\"@type\":\"ListItem\",\"position\":3,\"name\":\"Mini TENS\"}]},{\"@type\":\"WebSite\",\"@id\":\"https:\/\/wellstore.online\/#website\",\"url\":\"https:\/\/wellstore.online\/\",\"name\":\"WellStore ONLINE\",\"description\":\"\",\"potentialAction\":[{\"@type\":\"SearchAction\",\"target\":{\"@type\":\"EntryPoint\",\"urlTemplate\":\"https:\/\/wellstore.online\/?s={search_term_string}\"},\"query-input\":{\"@type\":\"PropertyValueSpecification\",\"valueRequired\":true,\"valueName\":\"search_term_string\"}}],\"inLanguage\":\"fi\"}]}<\/script>\n<!-- \/ Yoast SEO Premium plugin. -->","yoast_head_json":{"title":"Mini TENS - WellStore ONLINE","robots":{"index":"index","follow":"follow","max-snippet":"max-snippet:-1","max-image-preview":"max-image-preview:large","max-video-preview":"max-video-preview:-1"},"canonical":"https:\/\/wellstore.online\/fi\/tuote\/minikymmenet\/","og_locale":"fi_FI","og_type":"article","og_title":"Mini TENS","og_description":"S\u0101pes atvieglojo\u0161a fizioier\u012bce","og_url":"https:\/\/wellstore.online\/fi\/tuote\/minikymmenet\/","og_site_name":"WellStore ONLINE","article_modified_time":"2024-08-30T15:29:58+00:00","og_image":[{"width":600,"height":600,"url":"https:\/\/wellstore.online\/wp-content\/uploads\/2022\/09\/Mini-TENS.jpg","type":"image\/jpeg"}],"twitter_card":"summary_large_image","twitter_misc":{"Arvioitu lukuaika":"1 minuutti"},"schema":{"@context":"https:\/\/schema.org","@graph":[{"@type":"WebPage","@id":"https:\/\/wellstore.online\/en\/product\/mini-tens\/","url":"https:\/\/wellstore.online\/en\/product\/mini-tens\/","name":"Mini TENS - WellStore ONLINE","isPartOf":{"@id":"https:\/\/wellstore.online\/#website"},"primaryImageOfPage":{"@id":"https:\/\/wellstore.online\/en\/product\/mini-tens\/#primaryimage"},"image":{"@id":"https:\/\/wellstore.online\/en\/product\/mini-tens\/#primaryimage"},"thumbnailUrl":"https:\/\/wellstore.online\/wp-content\/uploads\/2022\/09\/Mini-TENS.jpg","datePublished":"2022-09-21T11:50:26+00:00","dateModified":"2024-08-30T15:29:58+00:00","breadcrumb":{"@id":"https:\/\/wellstore.online\/en\/product\/mini-tens\/#breadcrumb"},"inLanguage":"fi","potentialAction":[{"@type":"ReadAction","target":["https:\/\/wellstore.online\/en\/product\/mini-tens\/"]}]},{"@type":"ImageObject","inLanguage":"fi","@id":"https:\/\/wellstore.online\/en\/product\/mini-tens\/#primaryimage","url":"https:\/\/wellstore.online\/wp-content\/uploads\/2022\/09\/Mini-TENS.jpg","contentUrl":"https:\/\/wellstore.online\/wp-content\/uploads\/2022\/09\/Mini-TENS.jpg","width":600,"height":600},{"@type":"BreadcrumbList","@id":"https:\/\/wellstore.online\/en\/product\/mini-tens\/#breadcrumb","itemListElement":[{"@type":"ListItem","position":1,"name":"Home","item":"https:\/\/wellstore.online\/"},{"@type":"ListItem","position":2,"name":"Shop","item":"https:\/\/wellstore.online\/sv\/butik\/"},{"@type":"ListItem","position":3,"name":"Mini TENS"}]},{"@type":"WebSite","@id":"https:\/\/wellstore.online\/#website","url":"https:\/\/wellstore.online\/","name":"WellStore ONLINE","description":"","potentialAction":[{"@type":"SearchAction","target":{"@type":"EntryPoint","urlTemplate":"https:\/\/wellstore.online\/?s={search_term_string}"},"query-input":{"@type":"PropertyValueSpecification","valueRequired":true,"valueName":"search_term_string"}}],"inLanguage":"fi"}]}},"_links":{"self":[{"href":"https:\/\/wellstore.online\/fi\/wp-json\/wp\/v2\/product\/6796","targetHints":{"allow":["GET"]}}],"collection":[{"href":"https:\/\/wellstore.online\/fi\/wp-json\/wp\/v2\/product"}],"about":[{"href":"https:\/\/wellstore.online\/fi\/wp-json\/wp\/v2\/types\/product"}],"version-history":[{"count":0,"href":"https:\/\/wellstore.online\/fi\/wp-json\/wp\/v2\/product\/6796\/revisions"}],"wp:featuredmedia":[{"embeddable":true,"href":"https:\/\/wellstore.online\/fi\/wp-json\/wp\/v2\/media\/6797"}],"wp:attachment":[{"href":"https:\/\/wellstore.online\/fi\/wp-json\/wp\/v2\/media?parent=6796"}],"wp:term":[{"taxonomy":"product_brand","embeddable":true,"href":"https:\/\/wellstore.online\/fi\/wp-json\/wp\/v2\/product_brand?post=6796"},{"taxonomy":"product_cat","embeddable":true,"href":"https:\/\/wellstore.online\/fi\/wp-json\/wp\/v2\/product_cat?post=6796"},{"taxonomy":"product_tag","embeddable":true,"href":"https:\/\/wellstore.online\/fi\/wp-json\/wp\/v2\/product_tag?post=6796"}],"curies":[{"name":"wp","href":"https:\/\/api.w.org\/{rel}","templated":true}]}}