{"id":6839,"date":"2022-09-21T15:23:51","date_gmt":"2022-09-21T12:23:51","guid":{"rendered":"http:\/\/box2520.temp.domains\/~wellstor\/?post_type=product&#038;p=6839"},"modified":"2024-09-24T18:23:09","modified_gmt":"2024-09-24T15:23:09","slug":"rainkit-saappaat","status":"publish","type":"product","link":"https:\/\/wellstore.online\/fi\/tuote\/rainkit-saappaat\/","title":{"rendered":"Rainkit saappaat"},"content":{"rendered":"<p><strong>Rainkit Boots suojaa kenki\u00e4 sateelta, lumelta, suolaseokselta, mudalta ja muulta hankaukselta. <\/strong><\/p>\n<p>Keng\u00e4nsuojat ovat kevyit\u00e4 ja kompakteja. Ne on tehty mukaan otettaviksi - ne mahtuvat k\u00e4silaukkuun, reppuun, laatikkoon tai auton \u201cpartalukkoon\u201d! Uudelleenk\u00e4ytett\u00e4vi\u00e4 ja helppohoitoisia - huuhtele, pyyhi ja jatka lempikenkiesi ja oman tai lastesi terveyden suojelemista!<\/p>\n<p><strong>Moderni mukavuus ja tyyli, joka maksaa itsens\u00e4 takaisin yhdess\u00e4 kaudessa!<\/strong><\/p>\n<p>&nbsp;<\/p>\n<p class=\" translation-block\"><strong>Tekniset tiedot<\/strong><br>\r\nValmistettu korkealaatuisesta, vedenpit\u00e4v\u00e4st\u00e4 PVC (polyvinyylikloridi) materiaalista<br>\r\nK\u00e4ytett\u00e4v\u00e4ksi kenkien, saappaiden, tennareiden ja sandaalien kanssa<br>\r\nUudelleenk\u00e4ytett\u00e4v\u00e4 ja helppohoitoinen (hoitoon tarvitaan vain vett\u00e4 ja paperinen lautasliina tai liina)<br>\r\nLiukumaton pohja<br>\r\nK\u00e4tev\u00e4, vedenpit\u00e4v\u00e4 vetoketjukiinnitys<br>\r\nYmp\u00e4rivuotinen k\u00e4ytt\u00f6<br>\r\nLikim\u00e4\u00e4r\u00e4inen korkeus: 37cm<br>\r\nJalkapohjan koko: 28cm (S\/M)<br>\r\nYhteensopiva keng\u00e4n koon kanssa: S\/M (36-39)<br>\r\nTaitettuna vie v\u00e4h\u00e4n tilaa k\u00e4silaukussa, auton hansikaslokerossa jne.<\/p>","protected":false},"excerpt":{"rendered":"<p>Kenk\u00e4suojat punkkeja, mutaa ja sadetta vastaan<\/p>","protected":false},"featured_media":6843,"template":"","meta":[],"product_brand":[],"product_cat":[70,69,47],"product_tag":[],"class_list":{"0":"post-6839","1":"product","2":"type-product","3":"status-publish","4":"has-post-thumbnail","6":"product_cat-children","7":"product_cat-women","8":"product_cat-men","10":"first","11":"instock","12":"shipping-taxable","13":"purchasable","14":"product-type-simple"},"yoast_head":"<!-- This site is optimized with the Yoast SEO Premium plugin v26.3 (Yoast SEO v26.3) - https:\/\/yoast.com\/wordpress\/plugins\/seo\/ -->\n<title>Rainkit Boots - WellStore ONLINE<\/title>\n<meta name=\"robots\" content=\"index, follow, max-snippet:-1, max-image-preview:large, max-video-preview:-1\" \/>\n<link rel=\"canonical\" href=\"https:\/\/wellstore.online\/fi\/tuote\/rainkit-saappaat\/\" \/>\n<meta property=\"og:locale\" content=\"fi_FI\" \/>\n<meta property=\"og:type\" content=\"article\" \/>\n<meta property=\"og:title\" content=\"Rainkit Boots\" \/>\n<meta property=\"og:description\" content=\"Apavu sargi pret \u0113rc\u0113m, dub\u013ciem un lietu\" \/>\n<meta property=\"og:url\" content=\"https:\/\/wellstore.online\/fi\/tuote\/rainkit-saappaat\/\" \/>\n<meta property=\"og:site_name\" content=\"WellStore ONLINE\" \/>\n<meta property=\"article:modified_time\" content=\"2024-09-24T15:23:09+00:00\" \/>\n<meta property=\"og:image\" content=\"https:\/\/wellstore.online\/wp-content\/uploads\/2022\/09\/Rainkit-Boots.jpg\" \/>\n\t<meta property=\"og:image:width\" content=\"600\" \/>\n\t<meta property=\"og:image:height\" content=\"600\" \/>\n\t<meta property=\"og:image:type\" content=\"image\/jpeg\" \/>\n<meta name=\"twitter:card\" content=\"summary_large_image\" \/>\n<meta name=\"twitter:label1\" content=\"Arvioitu lukuaika\" \/>\n\t<meta name=\"twitter:data1\" content=\"1 minuutti\" \/>\n<script type=\"application\/ld+json\" class=\"yoast-schema-graph\">{\"@context\":\"https:\/\/schema.org\",\"@graph\":[{\"@type\":\"WebPage\",\"@id\":\"https:\/\/wellstore.online\/lt\/produktas-2\/rainkit-batus\/\",\"url\":\"https:\/\/wellstore.online\/lt\/produktas-2\/rainkit-batus\/\",\"name\":\"Rainkit Boots - WellStore ONLINE\",\"isPartOf\":{\"@id\":\"https:\/\/wellstore.online\/#website\"},\"primaryImageOfPage\":{\"@id\":\"https:\/\/wellstore.online\/lt\/produktas-2\/rainkit-batus\/#primaryimage\"},\"image\":{\"@id\":\"https:\/\/wellstore.online\/lt\/produktas-2\/rainkit-batus\/#primaryimage\"},\"thumbnailUrl\":\"https:\/\/wellstore.online\/wp-content\/uploads\/2022\/09\/Rainkit-Boots.jpg\",\"datePublished\":\"2022-09-21T12:23:51+00:00\",\"dateModified\":\"2024-09-24T15:23:09+00:00\",\"breadcrumb\":{\"@id\":\"https:\/\/wellstore.online\/lt\/produktas-2\/rainkit-batus\/#breadcrumb\"},\"inLanguage\":\"fi\",\"potentialAction\":[{\"@type\":\"ReadAction\",\"target\":[\"https:\/\/wellstore.online\/lt\/produktas-2\/rainkit-batus\/\"]}]},{\"@type\":\"ImageObject\",\"inLanguage\":\"fi\",\"@id\":\"https:\/\/wellstore.online\/lt\/produktas-2\/rainkit-batus\/#primaryimage\",\"url\":\"https:\/\/wellstore.online\/wp-content\/uploads\/2022\/09\/Rainkit-Boots.jpg\",\"contentUrl\":\"https:\/\/wellstore.online\/wp-content\/uploads\/2022\/09\/Rainkit-Boots.jpg\",\"width\":600,\"height\":600},{\"@type\":\"BreadcrumbList\",\"@id\":\"https:\/\/wellstore.online\/lt\/produktas-2\/rainkit-batus\/#breadcrumb\",\"itemListElement\":[{\"@type\":\"ListItem\",\"position\":1,\"name\":\"Home\",\"item\":\"https:\/\/wellstore.online\/\"},{\"@type\":\"ListItem\",\"position\":2,\"name\":\"Shop\",\"item\":\"https:\/\/wellstore.online\/sv\/butik\/\"},{\"@type\":\"ListItem\",\"position\":3,\"name\":\"Rainkit Boots\"}]},{\"@type\":\"WebSite\",\"@id\":\"https:\/\/wellstore.online\/#website\",\"url\":\"https:\/\/wellstore.online\/\",\"name\":\"WellStore ONLINE\",\"description\":\"\",\"potentialAction\":[{\"@type\":\"SearchAction\",\"target\":{\"@type\":\"EntryPoint\",\"urlTemplate\":\"https:\/\/wellstore.online\/?s={search_term_string}\"},\"query-input\":{\"@type\":\"PropertyValueSpecification\",\"valueRequired\":true,\"valueName\":\"search_term_string\"}}],\"inLanguage\":\"fi\"}]}<\/script>\n<!-- \/ Yoast SEO Premium plugin. -->","yoast_head_json":{"title":"Rainkit saappaat - WellStore ONLINE","robots":{"index":"index","follow":"follow","max-snippet":"max-snippet:-1","max-image-preview":"max-image-preview:large","max-video-preview":"max-video-preview:-1"},"canonical":"https:\/\/wellstore.online\/fi\/tuote\/rainkit-saappaat\/","og_locale":"fi_FI","og_type":"article","og_title":"Rainkit Boots","og_description":"Apavu sargi pret \u0113rc\u0113m, dub\u013ciem un lietu","og_url":"https:\/\/wellstore.online\/fi\/tuote\/rainkit-saappaat\/","og_site_name":"WellStore ONLINE","article_modified_time":"2024-09-24T15:23:09+00:00","og_image":[{"width":600,"height":600,"url":"https:\/\/wellstore.online\/wp-content\/uploads\/2022\/09\/Rainkit-Boots.jpg","type":"image\/jpeg"}],"twitter_card":"summary_large_image","twitter_misc":{"Arvioitu lukuaika":"1 minuutti"},"schema":{"@context":"https:\/\/schema.org","@graph":[{"@type":"WebPage","@id":"https:\/\/wellstore.online\/lt\/produktas-2\/rainkit-batus\/","url":"https:\/\/wellstore.online\/lt\/produktas-2\/rainkit-batus\/","name":"Rainkit saappaat - WellStore ONLINE","isPartOf":{"@id":"https:\/\/wellstore.online\/#website"},"primaryImageOfPage":{"@id":"https:\/\/wellstore.online\/lt\/produktas-2\/rainkit-batus\/#primaryimage"},"image":{"@id":"https:\/\/wellstore.online\/lt\/produktas-2\/rainkit-batus\/#primaryimage"},"thumbnailUrl":"https:\/\/wellstore.online\/wp-content\/uploads\/2022\/09\/Rainkit-Boots.jpg","datePublished":"2022-09-21T12:23:51+00:00","dateModified":"2024-09-24T15:23:09+00:00","breadcrumb":{"@id":"https:\/\/wellstore.online\/lt\/produktas-2\/rainkit-batus\/#breadcrumb"},"inLanguage":"fi","potentialAction":[{"@type":"ReadAction","target":["https:\/\/wellstore.online\/lt\/produktas-2\/rainkit-batus\/"]}]},{"@type":"ImageObject","inLanguage":"fi","@id":"https:\/\/wellstore.online\/lt\/produktas-2\/rainkit-batus\/#primaryimage","url":"https:\/\/wellstore.online\/wp-content\/uploads\/2022\/09\/Rainkit-Boots.jpg","contentUrl":"https:\/\/wellstore.online\/wp-content\/uploads\/2022\/09\/Rainkit-Boots.jpg","width":600,"height":600},{"@type":"BreadcrumbList","@id":"https:\/\/wellstore.online\/lt\/produktas-2\/rainkit-batus\/#breadcrumb","itemListElement":[{"@type":"ListItem","position":1,"name":"Home","item":"https:\/\/wellstore.online\/"},{"@type":"ListItem","position":2,"name":"Shop","item":"https:\/\/wellstore.online\/sv\/butik\/"},{"@type":"ListItem","position":3,"name":"Rainkit Boots"}]},{"@type":"WebSite","@id":"https:\/\/wellstore.online\/#website","url":"https:\/\/wellstore.online\/","name":"WellStore ONLINE","description":"","potentialAction":[{"@type":"SearchAction","target":{"@type":"EntryPoint","urlTemplate":"https:\/\/wellstore.online\/?s={search_term_string}"},"query-input":{"@type":"PropertyValueSpecification","valueRequired":true,"valueName":"search_term_string"}}],"inLanguage":"fi"}]}},"_links":{"self":[{"href":"https:\/\/wellstore.online\/fi\/wp-json\/wp\/v2\/product\/6839","targetHints":{"allow":["GET"]}}],"collection":[{"href":"https:\/\/wellstore.online\/fi\/wp-json\/wp\/v2\/product"}],"about":[{"href":"https:\/\/wellstore.online\/fi\/wp-json\/wp\/v2\/types\/product"}],"version-history":[{"count":0,"href":"https:\/\/wellstore.online\/fi\/wp-json\/wp\/v2\/product\/6839\/revisions"}],"wp:featuredmedia":[{"embeddable":true,"href":"https:\/\/wellstore.online\/fi\/wp-json\/wp\/v2\/media\/6843"}],"wp:attachment":[{"href":"https:\/\/wellstore.online\/fi\/wp-json\/wp\/v2\/media?parent=6839"}],"wp:term":[{"taxonomy":"product_brand","embeddable":true,"href":"https:\/\/wellstore.online\/fi\/wp-json\/wp\/v2\/product_brand?post=6839"},{"taxonomy":"product_cat","embeddable":true,"href":"https:\/\/wellstore.online\/fi\/wp-json\/wp\/v2\/product_cat?post=6839"},{"taxonomy":"product_tag","embeddable":true,"href":"https:\/\/wellstore.online\/fi\/wp-json\/wp\/v2\/product_tag?post=6839"}],"curies":[{"name":"wp","href":"https:\/\/api.w.org\/{rel}","templated":true}]}}