{"id":6902,"date":"2022-09-21T16:03:51","date_gmt":"2022-09-21T13:03:51","guid":{"rendered":"http:\/\/box2520.temp.domains\/~wellstor\/?post_type=product&#038;p=6902"},"modified":"2025-10-10T19:52:29","modified_gmt":"2025-10-10T16:52:29","slug":"7paa","status":"publish","type":"product","link":"https:\/\/wellstore.online\/fi\/tuote\/7paa\/","title":{"rendered":"7HEAD"},"content":{"rendered":"<div data-elementor-type=\"product-post\" data-elementor-id=\"6902\" class=\"elementor elementor-6902\" data-elementor-post-type=\"product\">\n\t\t\t\t\t\t<section class=\"elementor-section elementor-top-section elementor-element elementor-element-306353 elementor-section-boxed elementor-section-height-default elementor-section-height-default\" data-id=\"306353\" data-element_type=\"section\" data-e-type=\"section\">\n\t\t\t\t\t\t<div class=\"elementor-container elementor-column-gap-default\">\n\t\t\t\t\t<div class=\"elementor-column elementor-col-100 elementor-top-column elementor-element elementor-element-21e616\" data-id=\"21e616\" data-element_type=\"column\" data-e-type=\"column\">\n\t\t\t<div class=\"elementor-widget-wrap elementor-element-populated\">\n\t\t\t\t\t\t<div class=\"elementor-element elementor-element-26d0eebd elementor-widget elementor-widget-text-editor\" data-id=\"26d0eebd\" data-element_type=\"widget\" data-e-type=\"widget\" data-widget_type=\"text-editor.default\">\n\t\t\t\t<div class=\"elementor-widget-container\">\n\t\t\t\t\t\t\t\t\t<p><strong>Ergonominen 7D-parranajokone, jossa on 5 toimintoa MIEHELLE JA NAISELLE!<\/strong><br \/>- Koko vartalon m\u00e4rk\u00e4- ja kuivaparranajo<br \/>- Nen\u00e4- ja korvakarvojen trimmeri<br \/>- Asteittainen leikkausleikkuri (k\u00e4rjet: 3, 5, 7mm)<br \/>- Kasvojen puhdistusaine ja hieroja<\/p><p class=\" translation-block\">Liikkuvat <strong>7D<\/strong>-ter\u00e4t asettuvat hell\u00e4varaisesti ja tarkasti iholle ja takaavat virheett\u00f6m\u00e4n tuloksen. Parranajoprosessi on nopea, helppo ja kivuton, jopa miellytt\u00e4v\u00e4, sill\u00e4 ter\u00e4t hierovat ihoa kevyesti. Se ei revi karvoja eik\u00e4 naarmuta ihoa.<\/p><p class=\" translation-block\"><strong>Tekninen kuvaus:<\/strong><br>Materiaalit: ABS + elektroniset komponentit + ruostumaton ter\u00e4s<br>V\u00e4ri: Hopea\/Metalli<br>Akku: 600mAh Li-ion<br>Latausparametrit: 600mAh Li-ion<br>Latausparametrit: 1: 5V 1A (USB)<br>Wattim\u00e4\u00e4r\u00e4: 5W<br>Latausaika: 90 min<br>Tyhj\u00e4k\u00e4yntiaika: 60 min<br>Kestoaika: 270 p\u00e4iv\u00e4\u00e4<br>Vedenkest\u00e4vyysluokka: IPX67<br>Sertifiointi: CE, ROHS, FCC<\/p><p class=\" translation-block\"><strong>Ostos sis\u00e4lt\u00e4\u00e4:<\/strong><br>7HEAD\u00ae-laite<br>5 toimintovihjett\u00e4<br>Puhdistusharja<br>USB-C-latauskaapeli<br>Ohjeet<br>2+1 vuoden takuu<\/p><p>\u00a0<\/p>\t\t\t\t\t\t\t\t<\/div>\n\t\t\t\t<\/div>\n\t\t\t\t\t<\/div>\n\t\t<\/div>\n\t\t\t\t\t<\/div>\n\t\t<\/section>\n\t\t\t\t<\/div>","protected":false},"excerpt":{"rendered":"<p>7D-parranajokone, jossa on 5 toimintoa<\/p>","protected":false},"featured_media":6907,"template":"","meta":[],"product_brand":[],"product_cat":[69,73,47],"product_tag":[],"class_list":{"0":"post-6902","1":"product","2":"type-product","3":"status-publish","4":"has-post-thumbnail","6":"product_cat-women","7":"product_cat-beauty","8":"product_cat-men","10":"first","11":"instock","12":"shipping-taxable","13":"purchasable","14":"product-type-simple"},"yoast_head":"<!-- This site is optimized with the Yoast SEO Premium plugin v26.3 (Yoast SEO v26.3) - https:\/\/yoast.com\/wordpress\/plugins\/seo\/ -->\n<title>7HEAD - WellStore ONLINE<\/title>\n<meta name=\"robots\" content=\"index, follow, max-snippet:-1, max-image-preview:large, max-video-preview:-1\" \/>\n<link rel=\"canonical\" href=\"https:\/\/wellstore.online\/fi\/tuote\/7paa\/\" \/>\n<meta property=\"og:locale\" content=\"fi_FI\" \/>\n<meta property=\"og:type\" content=\"article\" \/>\n<meta property=\"og:title\" content=\"7HEAD\" \/>\n<meta property=\"og:description\" content=\"7D skuveklis ar 5 funkcij\u0101m\" \/>\n<meta property=\"og:url\" content=\"https:\/\/wellstore.online\/fi\/tuote\/7paa\/\" \/>\n<meta property=\"og:site_name\" content=\"WellStore ONLINE\" \/>\n<meta property=\"article:modified_time\" content=\"2025-10-10T16:52:29+00:00\" \/>\n<meta property=\"og:image\" content=\"https:\/\/wellstore.online\/wp-content\/uploads\/2022\/09\/7HEAD.jpg\" \/>\n\t<meta property=\"og:image:width\" content=\"1920\" \/>\n\t<meta property=\"og:image:height\" content=\"1920\" \/>\n\t<meta property=\"og:image:type\" content=\"image\/jpeg\" \/>\n<meta name=\"twitter:card\" content=\"summary_large_image\" \/>\n<meta name=\"twitter:label1\" content=\"Arvioitu lukuaika\" \/>\n\t<meta name=\"twitter:data1\" content=\"1 minuutti\" \/>\n<script type=\"application\/ld+json\" class=\"yoast-schema-graph\">{\"@context\":\"https:\/\/schema.org\",\"@graph\":[{\"@type\":\"WebPage\",\"@id\":\"https:\/\/wellstore.online\/product\/7head\/\",\"url\":\"https:\/\/wellstore.online\/product\/7head\/\",\"name\":\"7HEAD - WellStore ONLINE\",\"isPartOf\":{\"@id\":\"https:\/\/wellstore.online\/#website\"},\"primaryImageOfPage\":{\"@id\":\"https:\/\/wellstore.online\/product\/7head\/#primaryimage\"},\"image\":{\"@id\":\"https:\/\/wellstore.online\/product\/7head\/#primaryimage\"},\"thumbnailUrl\":\"https:\/\/wellstore.online\/wp-content\/uploads\/2022\/09\/7HEAD.jpg\",\"datePublished\":\"2022-09-21T13:03:51+00:00\",\"dateModified\":\"2025-10-10T16:52:29+00:00\",\"breadcrumb\":{\"@id\":\"https:\/\/wellstore.online\/product\/7head\/#breadcrumb\"},\"inLanguage\":\"fi\",\"potentialAction\":[{\"@type\":\"ReadAction\",\"target\":[\"https:\/\/wellstore.online\/product\/7head\/\"]}]},{\"@type\":\"ImageObject\",\"inLanguage\":\"fi\",\"@id\":\"https:\/\/wellstore.online\/product\/7head\/#primaryimage\",\"url\":\"https:\/\/wellstore.online\/wp-content\/uploads\/2022\/09\/7HEAD.jpg\",\"contentUrl\":\"https:\/\/wellstore.online\/wp-content\/uploads\/2022\/09\/7HEAD.jpg\",\"width\":1920,\"height\":1920},{\"@type\":\"BreadcrumbList\",\"@id\":\"https:\/\/wellstore.online\/product\/7head\/#breadcrumb\",\"itemListElement\":[{\"@type\":\"ListItem\",\"position\":1,\"name\":\"Home\",\"item\":\"https:\/\/wellstore.online\/\"},{\"@type\":\"ListItem\",\"position\":2,\"name\":\"Shop\",\"item\":\"https:\/\/wellstore.online\/sv\/butik\/\"},{\"@type\":\"ListItem\",\"position\":3,\"name\":\"7HEAD\"}]},{\"@type\":\"WebSite\",\"@id\":\"https:\/\/wellstore.online\/#website\",\"url\":\"https:\/\/wellstore.online\/\",\"name\":\"WellStore ONLINE\",\"description\":\"\",\"potentialAction\":[{\"@type\":\"SearchAction\",\"target\":{\"@type\":\"EntryPoint\",\"urlTemplate\":\"https:\/\/wellstore.online\/?s={search_term_string}\"},\"query-input\":{\"@type\":\"PropertyValueSpecification\",\"valueRequired\":true,\"valueName\":\"search_term_string\"}}],\"inLanguage\":\"fi\"}]}<\/script>\n<!-- \/ Yoast SEO Premium plugin. -->","yoast_head_json":{"title":"7HEAD - WellStore ONLINE","robots":{"index":"index","follow":"follow","max-snippet":"max-snippet:-1","max-image-preview":"max-image-preview:large","max-video-preview":"max-video-preview:-1"},"canonical":"https:\/\/wellstore.online\/fi\/tuote\/7paa\/","og_locale":"fi_FI","og_type":"article","og_title":"7HEAD","og_description":"7D skuveklis ar 5 funkcij\u0101m","og_url":"https:\/\/wellstore.online\/fi\/tuote\/7paa\/","og_site_name":"WellStore ONLINE","article_modified_time":"2025-10-10T16:52:29+00:00","og_image":[{"width":1920,"height":1920,"url":"https:\/\/wellstore.online\/wp-content\/uploads\/2022\/09\/7HEAD.jpg","type":"image\/jpeg"}],"twitter_card":"summary_large_image","twitter_misc":{"Arvioitu lukuaika":"1 minuutti"},"schema":{"@context":"https:\/\/schema.org","@graph":[{"@type":"WebPage","@id":"https:\/\/wellstore.online\/product\/7head\/","url":"https:\/\/wellstore.online\/product\/7head\/","name":"7HEAD - WellStore ONLINE","isPartOf":{"@id":"https:\/\/wellstore.online\/#website"},"primaryImageOfPage":{"@id":"https:\/\/wellstore.online\/product\/7head\/#primaryimage"},"image":{"@id":"https:\/\/wellstore.online\/product\/7head\/#primaryimage"},"thumbnailUrl":"https:\/\/wellstore.online\/wp-content\/uploads\/2022\/09\/7HEAD.jpg","datePublished":"2022-09-21T13:03:51+00:00","dateModified":"2025-10-10T16:52:29+00:00","breadcrumb":{"@id":"https:\/\/wellstore.online\/product\/7head\/#breadcrumb"},"inLanguage":"fi","potentialAction":[{"@type":"ReadAction","target":["https:\/\/wellstore.online\/product\/7head\/"]}]},{"@type":"ImageObject","inLanguage":"fi","@id":"https:\/\/wellstore.online\/product\/7head\/#primaryimage","url":"https:\/\/wellstore.online\/wp-content\/uploads\/2022\/09\/7HEAD.jpg","contentUrl":"https:\/\/wellstore.online\/wp-content\/uploads\/2022\/09\/7HEAD.jpg","width":1920,"height":1920},{"@type":"BreadcrumbList","@id":"https:\/\/wellstore.online\/product\/7head\/#breadcrumb","itemListElement":[{"@type":"ListItem","position":1,"name":"Home","item":"https:\/\/wellstore.online\/"},{"@type":"ListItem","position":2,"name":"Shop","item":"https:\/\/wellstore.online\/sv\/butik\/"},{"@type":"ListItem","position":3,"name":"7HEAD"}]},{"@type":"WebSite","@id":"https:\/\/wellstore.online\/#website","url":"https:\/\/wellstore.online\/","name":"WellStore ONLINE","description":"","potentialAction":[{"@type":"SearchAction","target":{"@type":"EntryPoint","urlTemplate":"https:\/\/wellstore.online\/?s={search_term_string}"},"query-input":{"@type":"PropertyValueSpecification","valueRequired":true,"valueName":"search_term_string"}}],"inLanguage":"fi"}]}},"_links":{"self":[{"href":"https:\/\/wellstore.online\/fi\/wp-json\/wp\/v2\/product\/6902","targetHints":{"allow":["GET"]}}],"collection":[{"href":"https:\/\/wellstore.online\/fi\/wp-json\/wp\/v2\/product"}],"about":[{"href":"https:\/\/wellstore.online\/fi\/wp-json\/wp\/v2\/types\/product"}],"version-history":[{"count":0,"href":"https:\/\/wellstore.online\/fi\/wp-json\/wp\/v2\/product\/6902\/revisions"}],"wp:featuredmedia":[{"embeddable":true,"href":"https:\/\/wellstore.online\/fi\/wp-json\/wp\/v2\/media\/6907"}],"wp:attachment":[{"href":"https:\/\/wellstore.online\/fi\/wp-json\/wp\/v2\/media?parent=6902"}],"wp:term":[{"taxonomy":"product_brand","embeddable":true,"href":"https:\/\/wellstore.online\/fi\/wp-json\/wp\/v2\/product_brand?post=6902"},{"taxonomy":"product_cat","embeddable":true,"href":"https:\/\/wellstore.online\/fi\/wp-json\/wp\/v2\/product_cat?post=6902"},{"taxonomy":"product_tag","embeddable":true,"href":"https:\/\/wellstore.online\/fi\/wp-json\/wp\/v2\/product_tag?post=6902"}],"curies":[{"name":"wp","href":"https:\/\/api.w.org\/{rel}","templated":true}]}}