{"id":9460,"date":"2022-11-16T20:08:39","date_gmt":"2022-11-16T18:08:39","guid":{"rendered":"https:\/\/wellstore.online\/?post_type=product&#038;p=9460"},"modified":"2025-03-30T09:22:34","modified_gmt":"2025-03-30T06:22:34","slug":"automaattinen-desinfiointiannostelija","status":"publish","type":"product","link":"https:\/\/wellstore.online\/fi\/tuote\/automaattinen-desinfiointiannostelija\/","title":{"rendered":"Senspray"},"content":{"rendered":"<div data-elementor-type=\"product-post\" data-elementor-id=\"9460\" class=\"elementor elementor-9460\" data-elementor-post-type=\"product\">\n\t\t\t\t\t\t<section class=\"elementor-section elementor-top-section elementor-element elementor-element-490b3f01 elementor-section-boxed elementor-section-height-default elementor-section-height-default\" data-id=\"490b3f01\" data-element_type=\"section\">\n\t\t\t\t\t\t<div class=\"elementor-container elementor-column-gap-default\">\n\t\t\t\t\t<div class=\"elementor-column elementor-col-100 elementor-top-column elementor-element elementor-element-48d4101d\" data-id=\"48d4101d\" data-element_type=\"column\">\n\t\t\t<div class=\"elementor-widget-wrap elementor-element-populated\">\n\t\t\t\t\t\t<div class=\"elementor-element elementor-element-7a4cc6c8 elementor-widget elementor-widget-text-editor\" data-id=\"7a4cc6c8\" data-element_type=\"widget\" data-widget_type=\"text-editor.default\">\n\t\t\t\t<div class=\"elementor-widget-container\">\n\t\t\t\t\t\t\t\t\tKosketuksettomassa desinfiointiaineannostelijassa on infrapunaliikeanturi, joka suihkuttaa pienen m\u00e4\u00e4r\u00e4n nestett\u00e4, kun k\u00e4si asetetaan anturin alle. Liiketunnistin reagoi alle 0,25 sekunnissa! Valmistettu kest\u00e4v\u00e4st\u00e4 ABS-muovista, joten korkeaa alkoholipitoisuutta sis\u00e4lt\u00e4vi\u00e4 nesteit\u00e4 voidaan k\u00e4ytt\u00e4\u00e4. L\u00e4pin\u00e4kyv\u00e4n nestes\u00e4ili\u00f6n ansiosta nestetasoa on helppo seurata.<br>\n<br>\n\n\nParistoja ei tarvita, sill\u00e4 se voidaan ladata USB Type-C -latauskaapelilla (sis\u00e4ltyy toimitukseen).\n\nKosketukseton annostelija tarjoaa hygieenisemm\u00e4n tavan desinfioida k\u00e4det, joten se sopii erinomaisesti kauppoihin, supermarketteihin, klinikoille, sairaaloihin, l\u00e4\u00e4k\u00e4rin vastaanotoille, toimistorakennuksiin, kouluihin, p\u00e4iv\u00e4koteihin, toimistoihin, hotelleihin, kauneushoitoloihin jne.<br>\n<br>\n\n\n<b>Tekninen eritelm\u00e4\n<\/b><br>\n- Malli: P1<br>\n\n- Mitat: 7,2 x 9,8 x 18,8 cm.<br>\n\n- Tilavuus 350ml<br>\n\n- Virta 1.5W<br>\n\n- Latausliit\u00e4nt\u00e4: USB Type-C<br>\n\n- Liiketunnistin<br>\n\n- Materiaali: ABS-muovi<br>\n\n- V\u00e4ri: valkoinen<br>\n\n- Helppo t\u00e4ytt\u00e4\u00e4 uudelleen<br>\n\n- Esteettinen ulkon\u00e4k\u00f6\t\t\t\t\t\t\t\t<\/div>\n\t\t\t\t<\/div>\n\t\t\t\t\t<\/div>\n\t\t<\/div>\n\t\t\t\t\t<\/div>\n\t\t<\/section>\n\t\t\t\t<\/div>","protected":false},"excerpt":{"rendered":"<p>Automaattinen langaton annostelija\/ruiskutuslaite nestem\u00e4isille desinfiointiaineille<\/p>","protected":false},"featured_media":13588,"template":"","meta":[],"product_brand":[],"product_cat":[55,74,71,72],"product_tag":[],"class_list":{"0":"post-9460","1":"product","2":"type-product","3":"status-publish","4":"has-post-thumbnail","6":"product_cat-household","7":"product_cat-health","8":"product_cat-gadgets","9":"product_cat-kitchen","11":"first","12":"instock","13":"shipping-taxable","14":"purchasable","15":"product-type-simple"},"yoast_head":"<!-- This site is optimized with the Yoast SEO Premium plugin v26.3 (Yoast SEO v26.3) - https:\/\/yoast.com\/wordpress\/plugins\/seo\/ -->\n<title>Senspray - WellStore ONLINE<\/title>\n<meta name=\"robots\" content=\"index, follow, max-snippet:-1, max-image-preview:large, max-video-preview:-1\" \/>\n<link rel=\"canonical\" href=\"https:\/\/wellstore.online\/fi\/tuote\/automaattinen-desinfiointiannostelija\/\" \/>\n<meta property=\"og:locale\" content=\"fi_FI\" \/>\n<meta property=\"og:type\" content=\"article\" \/>\n<meta property=\"og:title\" content=\"Senspray\" \/>\n<meta property=\"og:description\" content=\"Autom\u0101tiskais bezvadu dozators\/izsmidzin\u0101t\u0101js \u0161\u0137idrajiem dezinfekcijas l\u012bdzek\u013ciem\" \/>\n<meta property=\"og:url\" content=\"https:\/\/wellstore.online\/fi\/tuote\/automaattinen-desinfiointiannostelija\/\" \/>\n<meta property=\"og:site_name\" content=\"WellStore ONLINE\" \/>\n<meta property=\"article:modified_time\" content=\"2025-03-30T06:22:34+00:00\" \/>\n<meta property=\"og:image\" content=\"https:\/\/wellstore.online\/wp-content\/uploads\/2022\/11\/dezinfikators.jpg\" \/>\n\t<meta property=\"og:image:width\" content=\"800\" \/>\n\t<meta property=\"og:image:height\" content=\"800\" \/>\n\t<meta property=\"og:image:type\" content=\"image\/jpeg\" \/>\n<meta name=\"twitter:card\" content=\"summary_large_image\" \/>\n<meta name=\"twitter:label1\" content=\"Arvioitu lukuaika\" \/>\n\t<meta name=\"twitter:data1\" content=\"1 minuutti\" \/>\n<script type=\"application\/ld+json\" class=\"yoast-schema-graph\">{\"@context\":\"https:\/\/schema.org\",\"@graph\":[{\"@type\":\"WebPage\",\"@id\":\"https:\/\/wellstore.online\/product\/automatiskais-dezinfekcijas-dozators\/\",\"url\":\"https:\/\/wellstore.online\/product\/automatiskais-dezinfekcijas-dozators\/\",\"name\":\"Senspray - WellStore ONLINE\",\"isPartOf\":{\"@id\":\"https:\/\/wellstore.online\/#website\"},\"primaryImageOfPage\":{\"@id\":\"https:\/\/wellstore.online\/product\/automatiskais-dezinfekcijas-dozators\/#primaryimage\"},\"image\":{\"@id\":\"https:\/\/wellstore.online\/product\/automatiskais-dezinfekcijas-dozators\/#primaryimage\"},\"thumbnailUrl\":\"https:\/\/wellstore.online\/wp-content\/uploads\/2022\/11\/dezinfikators.jpg\",\"datePublished\":\"2022-11-16T18:08:39+00:00\",\"dateModified\":\"2025-03-30T06:22:34+00:00\",\"breadcrumb\":{\"@id\":\"https:\/\/wellstore.online\/product\/automatiskais-dezinfekcijas-dozators\/#breadcrumb\"},\"inLanguage\":\"fi\",\"potentialAction\":[{\"@type\":\"ReadAction\",\"target\":[\"https:\/\/wellstore.online\/product\/automatiskais-dezinfekcijas-dozators\/\"]}]},{\"@type\":\"ImageObject\",\"inLanguage\":\"fi\",\"@id\":\"https:\/\/wellstore.online\/product\/automatiskais-dezinfekcijas-dozators\/#primaryimage\",\"url\":\"https:\/\/wellstore.online\/wp-content\/uploads\/2022\/11\/dezinfikators.jpg\",\"contentUrl\":\"https:\/\/wellstore.online\/wp-content\/uploads\/2022\/11\/dezinfikators.jpg\",\"width\":800,\"height\":800,\"caption\":\"Senspray\"},{\"@type\":\"BreadcrumbList\",\"@id\":\"https:\/\/wellstore.online\/product\/automatiskais-dezinfekcijas-dozators\/#breadcrumb\",\"itemListElement\":[{\"@type\":\"ListItem\",\"position\":1,\"name\":\"Home\",\"item\":\"https:\/\/wellstore.online\/\"},{\"@type\":\"ListItem\",\"position\":2,\"name\":\"Shop\",\"item\":\"https:\/\/wellstore.online\/sv\/butik\/\"},{\"@type\":\"ListItem\",\"position\":3,\"name\":\"Senspray\"}]},{\"@type\":\"WebSite\",\"@id\":\"https:\/\/wellstore.online\/#website\",\"url\":\"https:\/\/wellstore.online\/\",\"name\":\"WellStore ONLINE\",\"description\":\"\",\"potentialAction\":[{\"@type\":\"SearchAction\",\"target\":{\"@type\":\"EntryPoint\",\"urlTemplate\":\"https:\/\/wellstore.online\/?s={search_term_string}\"},\"query-input\":{\"@type\":\"PropertyValueSpecification\",\"valueRequired\":true,\"valueName\":\"search_term_string\"}}],\"inLanguage\":\"fi\"}]}<\/script>\n<!-- \/ Yoast SEO Premium plugin. -->","yoast_head_json":{"title":"Senspray - WellStore ONLINE","robots":{"index":"index","follow":"follow","max-snippet":"max-snippet:-1","max-image-preview":"max-image-preview:large","max-video-preview":"max-video-preview:-1"},"canonical":"https:\/\/wellstore.online\/fi\/tuote\/automaattinen-desinfiointiannostelija\/","og_locale":"fi_FI","og_type":"article","og_title":"Senspray","og_description":"Autom\u0101tiskais bezvadu dozators\/izsmidzin\u0101t\u0101js \u0161\u0137idrajiem dezinfekcijas l\u012bdzek\u013ciem","og_url":"https:\/\/wellstore.online\/fi\/tuote\/automaattinen-desinfiointiannostelija\/","og_site_name":"WellStore ONLINE","article_modified_time":"2025-03-30T06:22:34+00:00","og_image":[{"width":800,"height":800,"url":"https:\/\/wellstore.online\/wp-content\/uploads\/2022\/11\/dezinfikators.jpg","type":"image\/jpeg"}],"twitter_card":"summary_large_image","twitter_misc":{"Arvioitu lukuaika":"1 minuutti"},"schema":{"@context":"https:\/\/schema.org","@graph":[{"@type":"WebPage","@id":"https:\/\/wellstore.online\/product\/automatiskais-dezinfekcijas-dozators\/","url":"https:\/\/wellstore.online\/product\/automatiskais-dezinfekcijas-dozators\/","name":"Senspray - WellStore ONLINE","isPartOf":{"@id":"https:\/\/wellstore.online\/#website"},"primaryImageOfPage":{"@id":"https:\/\/wellstore.online\/product\/automatiskais-dezinfekcijas-dozators\/#primaryimage"},"image":{"@id":"https:\/\/wellstore.online\/product\/automatiskais-dezinfekcijas-dozators\/#primaryimage"},"thumbnailUrl":"https:\/\/wellstore.online\/wp-content\/uploads\/2022\/11\/dezinfikators.jpg","datePublished":"2022-11-16T18:08:39+00:00","dateModified":"2025-03-30T06:22:34+00:00","breadcrumb":{"@id":"https:\/\/wellstore.online\/product\/automatiskais-dezinfekcijas-dozators\/#breadcrumb"},"inLanguage":"fi","potentialAction":[{"@type":"ReadAction","target":["https:\/\/wellstore.online\/product\/automatiskais-dezinfekcijas-dozators\/"]}]},{"@type":"ImageObject","inLanguage":"fi","@id":"https:\/\/wellstore.online\/product\/automatiskais-dezinfekcijas-dozators\/#primaryimage","url":"https:\/\/wellstore.online\/wp-content\/uploads\/2022\/11\/dezinfikators.jpg","contentUrl":"https:\/\/wellstore.online\/wp-content\/uploads\/2022\/11\/dezinfikators.jpg","width":800,"height":800,"caption":"Senspray"},{"@type":"BreadcrumbList","@id":"https:\/\/wellstore.online\/product\/automatiskais-dezinfekcijas-dozators\/#breadcrumb","itemListElement":[{"@type":"ListItem","position":1,"name":"Home","item":"https:\/\/wellstore.online\/"},{"@type":"ListItem","position":2,"name":"Shop","item":"https:\/\/wellstore.online\/sv\/butik\/"},{"@type":"ListItem","position":3,"name":"Senspray"}]},{"@type":"WebSite","@id":"https:\/\/wellstore.online\/#website","url":"https:\/\/wellstore.online\/","name":"WellStore ONLINE","description":"","potentialAction":[{"@type":"SearchAction","target":{"@type":"EntryPoint","urlTemplate":"https:\/\/wellstore.online\/?s={search_term_string}"},"query-input":{"@type":"PropertyValueSpecification","valueRequired":true,"valueName":"search_term_string"}}],"inLanguage":"fi"}]}},"_links":{"self":[{"href":"https:\/\/wellstore.online\/fi\/wp-json\/wp\/v2\/product\/9460","targetHints":{"allow":["GET"]}}],"collection":[{"href":"https:\/\/wellstore.online\/fi\/wp-json\/wp\/v2\/product"}],"about":[{"href":"https:\/\/wellstore.online\/fi\/wp-json\/wp\/v2\/types\/product"}],"version-history":[{"count":0,"href":"https:\/\/wellstore.online\/fi\/wp-json\/wp\/v2\/product\/9460\/revisions"}],"wp:featuredmedia":[{"embeddable":true,"href":"https:\/\/wellstore.online\/fi\/wp-json\/wp\/v2\/media\/13588"}],"wp:attachment":[{"href":"https:\/\/wellstore.online\/fi\/wp-json\/wp\/v2\/media?parent=9460"}],"wp:term":[{"taxonomy":"product_brand","embeddable":true,"href":"https:\/\/wellstore.online\/fi\/wp-json\/wp\/v2\/product_brand?post=9460"},{"taxonomy":"product_cat","embeddable":true,"href":"https:\/\/wellstore.online\/fi\/wp-json\/wp\/v2\/product_cat?post=9460"},{"taxonomy":"product_tag","embeddable":true,"href":"https:\/\/wellstore.online\/fi\/wp-json\/wp\/v2\/product_tag?post=9460"}],"curies":[{"name":"wp","href":"https:\/\/api.w.org\/{rel}","templated":true}]}}