{"id":12169,"date":"2023-01-02T11:38:23","date_gmt":"2023-01-02T09:38:23","guid":{"rendered":"https:\/\/wellstore.online\/?page_id=12169"},"modified":"2025-10-14T20:44:37","modified_gmt":"2025-10-14T17:44:37","slug":"grazinti","status":"publish","type":"page","link":"https:\/\/wellstore.online\/lt\/grazinti\/","title":{"rendered":"GR\u0104\u017dINIMAS \/ GR\u0104\u017dINIMAS"},"content":{"rendered":"\t\t<div data-elementor-type=\"wp-page\" data-elementor-id=\"12169\" class=\"elementor elementor-12169\" data-elementor-post-type=\"page\">\n\t\t\t\t\t\t<section class=\"elementor-section elementor-top-section elementor-element elementor-element-84e8408 elementor-section-boxed elementor-section-height-default elementor-section-height-default\" data-id=\"84e8408\" data-element_type=\"section\" data-e-type=\"section\">\n\t\t\t\t\t\t<div class=\"elementor-container elementor-column-gap-default\">\n\t\t\t\t\t<div class=\"elementor-column elementor-col-100 elementor-top-column elementor-element elementor-element-d47f0df\" data-id=\"d47f0df\" data-element_type=\"column\" data-e-type=\"column\">\n\t\t\t<div class=\"elementor-widget-wrap elementor-element-populated\">\n\t\t\t\t\t\t<div class=\"elementor-element elementor-element-77312f2 elementor-widget elementor-widget-heading\" data-id=\"77312f2\" data-element_type=\"widget\" data-e-type=\"widget\" data-widget_type=\"heading.default\">\n\t\t\t\t<div class=\"elementor-widget-container\">\n\t\t\t\t\t<h2 class=\"elementor-heading-title elementor-size-default\">Pre\u010du atgrie\u0161ana<\/h2>\t\t\t\t<\/div>\n\t\t\t\t<\/div>\n\t\t\t\t<div class=\"elementor-element elementor-element-966d727 elementor-widget elementor-widget-text-editor\" data-id=\"966d727\" data-element_type=\"widget\" data-e-type=\"widget\" data-widget_type=\"text-editor.default\">\n\t\t\t\t<div class=\"elementor-widget-container\">\n\t\t\t\t\t\t\t\t\t<p>Pirc\u0113jam ir ties\u012bbas atteikties no ieg\u0101d\u0101t\u0101s preces 45 dienu laik\u0101 no pas\u016bt\u012bjuma izdar\u012b\u0161anas, nenor\u0101dot atgrie\u0161anas iemeslu. M\u0113s atgriez\u012bsim samaks\u0101to summu 30 darbadienu laik\u0101 par prec\u0113m, kuras tiks atgrieztas nelietot\u0101 st\u0101vokl\u012b (bez lieto\u0161anas paz\u012bm\u0113m). Klients ir ties\u012bgs sa\u0146emt atmaksu tikai par ieg\u0101d\u0101taj\u0101m prec\u0113m. M\u0113s neatgriez\u012bsim naudu par papildu pakalpojumiem k\u0101 priorit\u0101r\u0101 izs\u016bt\u012b\u0161ana, s\u016bt\u012bjuma apdro\u0161in\u0101\u0161ana un naudas iekas\u0113\u0161anas komisija. Turkl\u0101t klientam ir pien\u0101kums segt visus pieg\u0101des izdevumus, t.i., gan s\u016bt\u012b\u0161anas, gan atgrie\u0161anas izmaksas atbilsto\u0161i pieg\u0101des izmaks\u0101m pirkuma br\u012bd\u012b.<\/p>\t\t\t\t\t\t\t\t<\/div>\n\t\t\t\t<\/div>\n\t\t\t\t<div class=\"elementor-element elementor-element-466fa17 elementor-widget elementor-widget-heading\" data-id=\"466fa17\" data-element_type=\"widget\" data-e-type=\"widget\" data-widget_type=\"heading.default\">\n\t\t\t\t<div class=\"elementor-widget-container\">\n\t\t\t\t\t<h2 class=\"elementor-heading-title elementor-size-default\">PRECES ATGRIE\u0160ANAS K\u0100RT\u012aBA<\/h2>\t\t\t\t<\/div>\n\t\t\t\t<\/div>\n\t\t\t\t<div class=\"elementor-element elementor-element-a1b5019 elementor-widget elementor-widget-heading\" data-id=\"a1b5019\" data-element_type=\"widget\" data-e-type=\"widget\" data-widget_type=\"heading.default\">\n\t\t\t\t<div class=\"elementor-widget-container\">\n\t\t\t\t\t<h2 class=\"elementor-heading-title elementor-size-default\"><b>1. solis<\/b><\/h2>\t\t\t\t<\/div>\n\t\t\t\t<\/div>\n\t\t\t\t<div class=\"elementor-element elementor-element-5c2e61a elementor-widget elementor-widget-heading\" data-id=\"5c2e61a\" data-element_type=\"widget\" data-e-type=\"widget\" data-widget_type=\"heading.default\">\n\t\t\t\t<div class=\"elementor-widget-container\">\n\t\t\t\t\t<h2 class=\"elementor-heading-title elementor-size-default\">Lejupiel\u0101d\u0113t iesniegumu<\/h2>\t\t\t\t<\/div>\n\t\t\t\t<\/div>\n\t\t\t\t<div class=\"elementor-element elementor-element-88d46ba elementor-align-center elementor-widget elementor-widget-button\" data-id=\"88d46ba\" data-element_type=\"widget\" data-e-type=\"widget\" data-widget_type=\"button.default\">\n\t\t\t\t<div class=\"elementor-widget-container\">\n\t\t\t\t\t\t\t\t\t<div class=\"elementor-button-wrapper\">\n\t\t\t\t\t<a class=\"elementor-button elementor-button-link elementor-size-sm\" href=\"#\">\n\t\t\t\t\t\t<span class=\"elementor-button-content-wrapper\">\n\t\t\t\t\t\t\t\t\t<span class=\"elementor-button-text\">IESNiegums<\/span>\n\t\t\t\t\t<\/span>\n\t\t\t\t\t<\/a>\n\t\t\t\t<\/div>\n\t\t\t\t\t\t\t\t<\/div>\n\t\t\t\t<\/div>\n\t\t\t\t<div class=\"elementor-element elementor-element-461c178 elementor-widget elementor-widget-heading\" data-id=\"461c178\" data-element_type=\"widget\" data-e-type=\"widget\" data-widget_type=\"heading.default\">\n\t\t\t\t<div class=\"elementor-widget-container\">\n\t\t\t\t\t<h2 class=\"elementor-heading-title elementor-size-default\"><b>2. solis<\/b><\/h2>\t\t\t\t<\/div>\n\t\t\t\t<\/div>\n\t\t\t\t<div class=\"elementor-element elementor-element-7632724 elementor-widget elementor-widget-text-editor\" data-id=\"7632724\" data-element_type=\"widget\" data-e-type=\"widget\" data-widget_type=\"text-editor.default\">\n\t\t\t\t<div class=\"elementor-widget-container\">\n\t\t\t\t\t\t\t\t\t<p>P\u0101rbaud\u012bt atteikuma ties\u012bbu izmato\u0161anas iesp\u0113ju un atgrie\u017eam\u0101 produkta atbilst\u012bbu\u00a0<a href=\"https:\/\/wellstore.online\/conditions-rules\/\" target=\"_blank\" rel=\"noopener\">noteikumiem<\/a>. Aizpild\u012bt iesniegumu un parakst\u012bt. R\u016bp\u012bgi iesai\u0146ot atgrie\u017eamo preci (-es) piln\u0101 komplekt\u0101cij\u0101 (lai p\u0101rs\u016btot nemain\u012btu t\u0101 iepakojuma kvalit\u0101ti). Kop\u0101 ar preci iesai\u0146ot aizpild\u012btu un parakst\u012btu iesniegumu<\/p>\t\t\t\t\t\t\t\t<\/div>\n\t\t\t\t<\/div>\n\t\t\t\t<div class=\"elementor-element elementor-element-fe2d4c8 elementor-widget elementor-widget-heading\" data-id=\"fe2d4c8\" data-element_type=\"widget\" data-e-type=\"widget\" data-widget_type=\"heading.default\">\n\t\t\t\t<div class=\"elementor-widget-container\">\n\t\t\t\t\t<h2 class=\"elementor-heading-title elementor-size-default\"><b>3. solis<\/b><\/h2>\t\t\t\t<\/div>\n\t\t\t\t<\/div>\n\t\t\t\t<div class=\"elementor-element elementor-element-2c4a2b2 elementor-button-align-center elementor-widget elementor-widget-form\" data-id=\"2c4a2b2\" data-element_type=\"widget\" data-e-type=\"widget\" data-settings=\"{&quot;step_next_label&quot;:&quot;Next&quot;,&quot;step_previous_label&quot;:&quot;Previous&quot;,&quot;button_width&quot;:&quot;100&quot;,&quot;step_type&quot;:&quot;number_text&quot;,&quot;step_icon_shape&quot;:&quot;circle&quot;}\" data-widget_type=\"form.default\">\n\t\t\t\t<div class=\"elementor-widget-container\">\n\t\t\t\t\t\t\t<form class=\"elementor-form\" method=\"post\" name=\"Wellstore RETURN\" aria-label=\"Wellstore RETURN\">\n\t\t\t<input type=\"hidden\" name=\"post_id\" value=\"12169\"\/>\n\t\t\t<input type=\"hidden\" name=\"form_id\" value=\"2c4a2b2\"\/>\n\t\t\t<input type=\"hidden\" name=\"referer_title\" value=\"RETURN\/REFUND - WellStore ONLINE\" \/>\n\n\t\t\t\t\t\t\t<input type=\"hidden\" name=\"queried_id\" value=\"12169\"\/>\n\t\t\t\n\t\t\t<div class=\"elementor-form-fields-wrapper elementor-labels-above\">\n\t\t\t\t\t\t\t\t<div class=\"elementor-field-type-text elementor-field-group elementor-column elementor-field-group-name elementor-col-100 elementor-field-required elementor-mark-required\">\n\t\t\t\t\t\t\t\t\t\t\t\t\t<input size=\"1\" type=\"text\" name=\"form_fields[name]\" id=\"form-field-name\" class=\"elementor-field elementor-size-sm  elementor-field-textual\" placeholder=\"V\u0101rds\" required=\"required\">\n\t\t\t\t\t\t\t\t\t\t\t<\/div>\n\t\t\t\t\t\t\t\t<div class=\"elementor-field-type-text elementor-field-group elementor-column elementor-field-group-field_19100db elementor-col-100 elementor-field-required elementor-mark-required\">\n\t\t\t\t\t\t\t\t\t\t\t\t\t<input size=\"1\" type=\"text\" name=\"form_fields[field_19100db]\" id=\"form-field-field_19100db\" class=\"elementor-field elementor-size-sm  elementor-field-textual\" placeholder=\"Uzv\u0101rds\" required=\"required\">\n\t\t\t\t\t\t\t\t\t\t\t<\/div>\n\t\t\t\t\t\t\t\t<div class=\"elementor-field-type-number elementor-field-group elementor-column elementor-field-group-field_198de45 elementor-col-100 elementor-field-required elementor-mark-required\">\n\t\t\t\t\t\t\t\t<input type=\"number\" name=\"form_fields[field_198de45]\" id=\"form-field-field_198de45\" class=\"elementor-field elementor-size-sm  elementor-field-textual\" placeholder=\"T\u0101lrunis\" required=\"required\" min=\"\" max=\"\" >\n\t\t\t\t\t\t<\/div>\n\t\t\t\t\t\t\t\t<div class=\"elementor-field-type-email elementor-field-group elementor-column elementor-field-group-email elementor-col-100 elementor-field-required elementor-mark-required\">\n\t\t\t\t\t\t\t\t\t\t\t\t\t<input size=\"1\" type=\"email\" name=\"form_fields[email]\" id=\"form-field-email\" class=\"elementor-field elementor-size-sm  elementor-field-textual\" placeholder=\"E-pasta adrese\" required=\"required\">\n\t\t\t\t\t\t\t\t\t\t\t<\/div>\n\t\t\t\t\t\t\t\t<div class=\"elementor-field-type-textarea elementor-field-group elementor-column elementor-field-group-message elementor-col-100 elementor-field-required elementor-mark-required\">\n\t\t\t\t\t\t\t\t\t\t\t\t<label for=\"form-field-message\" class=\"elementor-field-label\">\n\t\t\t\t\t\t\t\tPas\u016bt\u012bjuma datums, pas\u016bt\u012bjuma Nr., preces nosaukums\t\t\t\t\t\t\t<\/label>\n\t\t\t\t\t\t<textarea class=\"elementor-field-textual elementor-field  elementor-size-sm\" name=\"form_fields[message]\" id=\"form-field-message\" rows=\"4\" placeholder=\"Zi\u0146ojums\" required=\"required\"><\/textarea>\t\t\t\t<\/div>\n\t\t\t\t\t\t\t\t<div class=\"elementor-field-group elementor-column elementor-field-type-submit elementor-col-100 e-form__buttons\">\n\t\t\t\t\t<button class=\"elementor-button elementor-size-xs\" type=\"submit\">\n\t\t\t\t\t\t<span class=\"elementor-button-content-wrapper\">\n\t\t\t\t\t\t\t\t\t\t\t\t\t\t\t\t\t\t\t\t\t\t<span class=\"elementor-button-text\">NOS\u016aT\u012aT<\/span>\n\t\t\t\t\t\t\t\t\t\t\t\t\t<\/span>\n\t\t\t\t\t<\/button>\n\t\t\t\t<\/div>\n\t\t\t<\/div>\n\t\t<\/form>\n\t\t\t\t\t\t<\/div>\n\t\t\t\t<\/div>\n\t\t\t\t<div class=\"elementor-element elementor-element-ec0d995 elementor-widget elementor-widget-heading\" data-id=\"ec0d995\" data-element_type=\"widget\" data-e-type=\"widget\" data-widget_type=\"heading.default\">\n\t\t\t\t<div class=\"elementor-widget-container\">\n\t\t\t\t\t<h2 class=\"elementor-heading-title elementor-size-default\">Aizpild\u012bt atgrie\u0161anas piepras\u012bjumu un sekot e-past\u0101 sa\u0146emtaj\u0101m nor\u0101d\u0113m<\/h2>\t\t\t\t<\/div>\n\t\t\t\t<\/div>\n\t\t\t\t<div class=\"elementor-element elementor-element-fa6565d elementor-widget elementor-widget-heading\" data-id=\"fa6565d\" data-element_type=\"widget\" data-e-type=\"widget\" data-widget_type=\"heading.default\">\n\t\t\t\t<div class=\"elementor-widget-container\">\n\t\t\t\t\t<h2 class=\"elementor-heading-title elementor-size-default\">* Apmaks\u0101\u0161u atgrie\u0161anas izdevumus saska\u0146\u0101 ar veikala Wellstore.online noteikumu 6. punktu\u200b<\/h2>\t\t\t\t<\/div>\n\t\t\t\t<\/div>\n\t\t\t\t\t<\/div>\n\t\t<\/div>\n\t\t\t\t\t<\/div>\n\t\t<\/section>\n\t\t\t\t<section class=\"elementor-section elementor-top-section elementor-element elementor-element-cab3732 elementor-section-boxed elementor-section-height-default elementor-section-height-default\" data-id=\"cab3732\" data-element_type=\"section\" data-e-type=\"section\">\n\t\t\t\t\t\t<div class=\"elementor-container elementor-column-gap-default\">\n\t\t\t\t\t<div class=\"elementor-column elementor-col-100 elementor-top-column elementor-element elementor-element-9d0669c\" data-id=\"9d0669c\" data-element_type=\"column\" data-e-type=\"column\">\n\t\t\t<div class=\"elementor-widget-wrap\">\n\t\t\t\t\t\t\t<\/div>\n\t\t<\/div>\n\t\t\t\t\t<\/div>\n\t\t<\/section>\n\t\t\t\t<\/div>\n\t\t","protected":false},"excerpt":{"rendered":"<p>Pre\u010du atgrie\u0161ana Pirc\u0113jam ir ties\u012bbas atteikties no ieg\u0101d\u0101t\u0101s preces 45 dienu laik\u0101 no pas\u016bt\u012bjuma izdar\u012b\u0161anas, nenor\u0101dot atgrie\u0161anas iemeslu. M\u0113s atgriez\u012bsim samaks\u0101to summu 30 darbadienu laik\u0101 par prec\u0113m, kuras tiks atgrieztas nelietot\u0101 st\u0101vokl\u012b (bez lieto\u0161anas paz\u012bm\u0113m). Klients ir ties\u012bgs sa\u0146emt atmaksu tikai par ieg\u0101d\u0101taj\u0101m prec\u0113m. M\u0113s neatgriez\u012bsim naudu par papildu pakalpojumiem k\u0101 priorit\u0101r\u0101 izs\u016bt\u012b\u0161ana, s\u016bt\u012bjuma apdro\u0161in\u0101\u0161ana [&#8230;]\n","protected":false},"author":1,"featured_media":0,"parent":0,"menu_order":0,"comment_status":"closed","ping_status":"closed","template":"","meta":{"footnotes":""},"class_list":["post-12169","page","type-page","status-publish","hentry"],"yoast_head":"<!-- This site is optimized with the Yoast SEO Premium plugin v26.3 (Yoast SEO v26.3) - https:\/\/yoast.com\/wordpress\/plugins\/seo\/ -->\n<title>RETURN\/REFUND - WellStore ONLINE<\/title>\n<meta name=\"robots\" content=\"index, follow, max-snippet:-1, max-image-preview:large, max-video-preview:-1\" \/>\n<link rel=\"canonical\" href=\"https:\/\/wellstore.online\/lt\/grazinti\/\" \/>\n<meta property=\"og:locale\" content=\"lt_LT\" \/>\n<meta property=\"og:type\" content=\"article\" \/>\n<meta property=\"og:title\" content=\"RETURN\/REFUND\" \/>\n<meta property=\"og:description\" content=\"Pre\u010du atgrie\u0161ana Pirc\u0113jam ir ties\u012bbas atteikties no ieg\u0101d\u0101t\u0101s preces 45 dienu laik\u0101 no pas\u016bt\u012bjuma izdar\u012b\u0161anas, nenor\u0101dot atgrie\u0161anas iemeslu. M\u0113s atgriez\u012bsim samaks\u0101to summu 30 darbadienu laik\u0101 par prec\u0113m, kuras tiks atgrieztas nelietot\u0101 st\u0101vokl\u012b (bez lieto\u0161anas paz\u012bm\u0113m). Klients ir ties\u012bgs sa\u0146emt atmaksu tikai par ieg\u0101d\u0101taj\u0101m prec\u0113m. M\u0113s neatgriez\u012bsim naudu par papildu pakalpojumiem k\u0101 priorit\u0101r\u0101 izs\u016bt\u012b\u0161ana, s\u016bt\u012bjuma apdro\u0161in\u0101\u0161ana [...]\" \/>\n<meta property=\"og:url\" content=\"https:\/\/wellstore.online\/lt\/grazinti\/\" \/>\n<meta property=\"og:site_name\" content=\"WellStore ONLINE\" \/>\n<meta property=\"article:modified_time\" content=\"2025-10-14T17:44:37+00:00\" \/>\n<meta name=\"twitter:card\" content=\"summary_large_image\" \/>\n<meta name=\"twitter:label1\" content=\"Est. reading time\" \/>\n\t<meta name=\"twitter:data1\" content=\"1 minut\u0117\" \/>\n<script type=\"application\/ld+json\" class=\"yoast-schema-graph\">{\"@context\":\"https:\/\/schema.org\",\"@graph\":[{\"@type\":\"WebPage\",\"@id\":\"https:\/\/wellstore.online\/return\/\",\"url\":\"https:\/\/wellstore.online\/return\/\",\"name\":\"RETURN\/REFUND - WellStore ONLINE\",\"isPartOf\":{\"@id\":\"https:\/\/wellstore.online\/#website\"},\"datePublished\":\"2023-01-02T09:38:23+00:00\",\"dateModified\":\"2025-10-14T17:44:37+00:00\",\"breadcrumb\":{\"@id\":\"https:\/\/wellstore.online\/return\/#breadcrumb\"},\"inLanguage\":\"lt-LT\",\"potentialAction\":[{\"@type\":\"ReadAction\",\"target\":[\"https:\/\/wellstore.online\/return\/\"]}]},{\"@type\":\"BreadcrumbList\",\"@id\":\"https:\/\/wellstore.online\/return\/#breadcrumb\",\"itemListElement\":[{\"@type\":\"ListItem\",\"position\":1,\"name\":\"Home\",\"item\":\"https:\/\/wellstore.online\/\"},{\"@type\":\"ListItem\",\"position\":2,\"name\":\"RETURN\/REFUND\"}]},{\"@type\":\"WebSite\",\"@id\":\"https:\/\/wellstore.online\/#website\",\"url\":\"https:\/\/wellstore.online\/\",\"name\":\"WellStore ONLINE\",\"description\":\"\",\"potentialAction\":[{\"@type\":\"SearchAction\",\"target\":{\"@type\":\"EntryPoint\",\"urlTemplate\":\"https:\/\/wellstore.online\/?s={search_term_string}\"},\"query-input\":{\"@type\":\"PropertyValueSpecification\",\"valueRequired\":true,\"valueName\":\"search_term_string\"}}],\"inLanguage\":\"lt-LT\"}]}<\/script>\n<!-- \/ Yoast SEO Premium plugin. -->","yoast_head_json":{"title":"Gr\u0105\u017einimas \/ Gr\u0105\u017einimas - WellStore ONLINE","robots":{"index":"index","follow":"follow","max-snippet":"max-snippet:-1","max-image-preview":"max-image-preview:large","max-video-preview":"max-video-preview:-1"},"canonical":"https:\/\/wellstore.online\/lt\/grazinti\/","og_locale":"lt_LT","og_type":"article","og_title":"RETURN\/REFUND","og_description":"Pre\u010du atgrie\u0161ana Pirc\u0113jam ir ties\u012bbas atteikties no ieg\u0101d\u0101t\u0101s preces 45 dienu laik\u0101 no pas\u016bt\u012bjuma izdar\u012b\u0161anas, nenor\u0101dot atgrie\u0161anas iemeslu. M\u0113s atgriez\u012bsim samaks\u0101to summu 30 darbadienu laik\u0101 par prec\u0113m, kuras tiks atgrieztas nelietot\u0101 st\u0101vokl\u012b (bez lieto\u0161anas paz\u012bm\u0113m). Klients ir ties\u012bgs sa\u0146emt atmaksu tikai par ieg\u0101d\u0101taj\u0101m prec\u0113m. M\u0113s neatgriez\u012bsim naudu par papildu pakalpojumiem k\u0101 priorit\u0101r\u0101 izs\u016bt\u012b\u0161ana, s\u016bt\u012bjuma apdro\u0161in\u0101\u0161ana [...]","og_url":"https:\/\/wellstore.online\/lt\/grazinti\/","og_site_name":"WellStore ONLINE","article_modified_time":"2025-10-14T17:44:37+00:00","twitter_card":"summary_large_image","twitter_misc":{"Est. reading time":"1 minut\u0117"},"schema":{"@context":"https:\/\/schema.org","@graph":[{"@type":"WebPage","@id":"https:\/\/wellstore.online\/return\/","url":"https:\/\/wellstore.online\/return\/","name":"Gr\u0105\u017einimas \/ Gr\u0105\u017einimas - WellStore ONLINE","isPartOf":{"@id":"https:\/\/wellstore.online\/#website"},"datePublished":"2023-01-02T09:38:23+00:00","dateModified":"2025-10-14T17:44:37+00:00","breadcrumb":{"@id":"https:\/\/wellstore.online\/return\/#breadcrumb"},"inLanguage":"lt-LT","potentialAction":[{"@type":"ReadAction","target":["https:\/\/wellstore.online\/return\/"]}]},{"@type":"BreadcrumbList","@id":"https:\/\/wellstore.online\/return\/#breadcrumb","itemListElement":[{"@type":"ListItem","position":1,"name":"Home","item":"https:\/\/wellstore.online\/"},{"@type":"ListItem","position":2,"name":"RETURN\/REFUND"}]},{"@type":"WebSite","@id":"https:\/\/wellstore.online\/#website","url":"https:\/\/wellstore.online\/","name":"\"WellStore ONLINE","description":"","potentialAction":[{"@type":"SearchAction","target":{"@type":"EntryPoint","urlTemplate":"https:\/\/wellstore.online\/?s={search_term_string}"},"query-input":{"@type":"PropertyValueSpecification","valueRequired":true,"valueName":"search_term_string"}}],"inLanguage":"lt-LT"}]}},"_links":{"self":[{"href":"https:\/\/wellstore.online\/lt\/wp-json\/wp\/v2\/pages\/12169","targetHints":{"allow":["GET"]}}],"collection":[{"href":"https:\/\/wellstore.online\/lt\/wp-json\/wp\/v2\/pages"}],"about":[{"href":"https:\/\/wellstore.online\/lt\/wp-json\/wp\/v2\/types\/page"}],"author":[{"embeddable":true,"href":"https:\/\/wellstore.online\/lt\/wp-json\/wp\/v2\/users\/1"}],"replies":[{"embeddable":true,"href":"https:\/\/wellstore.online\/lt\/wp-json\/wp\/v2\/comments?post=12169"}],"version-history":[{"count":0,"href":"https:\/\/wellstore.online\/lt\/wp-json\/wp\/v2\/pages\/12169\/revisions"}],"wp:attachment":[{"href":"https:\/\/wellstore.online\/lt\/wp-json\/wp\/v2\/media?parent=12169"}],"curies":[{"name":"wp","href":"https:\/\/api.w.org\/{rel}","templated":true}]}}