{"id":6296,"date":"2022-09-18T11:52:19","date_gmt":"2022-09-18T08:52:19","guid":{"rendered":"http:\/\/box2520.temp.domains\/~wellstor\/?page_id=6296"},"modified":"2023-04-06T12:26:06","modified_gmt":"2023-04-06T09:26:06","slug":"privatumas","status":"publish","type":"page","link":"https:\/\/wellstore.online\/lt\/privatumas\/","title":{"rendered":"Privatumas"},"content":{"rendered":"<div data-elementor-type=\"wp-page\" data-elementor-id=\"6296\" class=\"elementor elementor-6296\" data-elementor-post-type=\"page\">\n\t\t\t\t\t\t<section class=\"elementor-section elementor-top-section elementor-element elementor-element-7ee7ad1 elementor-section-boxed elementor-section-height-default elementor-section-height-default\" data-id=\"7ee7ad1\" data-element_type=\"section\" data-e-type=\"section\" data-settings=\"{&quot;background_background&quot;:&quot;classic&quot;}\">\n\t\t\t\t\t\t<div class=\"elementor-container elementor-column-gap-default\">\n\t\t\t\t\t<div class=\"elementor-column elementor-col-100 elementor-top-column elementor-element elementor-element-97df9bb\" data-id=\"97df9bb\" data-element_type=\"column\" data-e-type=\"column\">\n\t\t\t<div class=\"elementor-widget-wrap elementor-element-populated\">\n\t\t\t\t\t\t<div class=\"elementor-element elementor-element-0f84c80 elementor-widget elementor-widget-heading\" data-id=\"0f84c80\" data-element_type=\"widget\" data-e-type=\"widget\" data-widget_type=\"heading.default\">\n\t\t\t\t<div class=\"elementor-widget-container\">\n\t\t\t\t\t<h2 class=\"elementor-heading-title elementor-size-default\">Privatumo politika<\/h2>\t\t\t\t<\/div>\n\t\t\t\t<\/div>\n\t\t\t\t<div class=\"elementor-element elementor-element-6c13d5e elementor-widget elementor-widget-text-editor\" data-id=\"6c13d5e\" data-element_type=\"widget\" data-e-type=\"widget\" data-widget_type=\"text-editor.default\">\n\t\t\t\t<div class=\"elementor-widget-container\">\n\t\t\t\t\t\t\t\t\t<p><b>WellStore.online saugo klient\u0173 ir vartotoj\u0173 privatum\u0105. Tuo vadovaujantis sudar\u0117me \u0161ios Privatumo politikos principus, kurie reglamentuoja klient\u0173 duomen\u0173 rinkim\u0105, skelbim\u0105, naudojim\u0105, saugojim\u0105 ir perdavim\u0105. M\u016bs\u0173 elektronin\u0117 parduotuv\u0117 atitinka Europos.<\/b><\/p>\n<p class=\"p2\">Jeigu naudojat\u0117s internetine parduotuve, laikoma, kad su \u0161ia privatumo politika sutinkate.<\/p>\n<p class=\"p2\"><b>Asmens duomen\u0173 rinkimas ir naudojimas<\/b><\/p>\n<p class=\"p2\">Asmens duomenys yra informacija, kuri\u0105 WellStore renka vykdydama su klientu sudaryt\u0105 sutart\u012f arba nor\u0117dama su klientu susisiekti.<\/p>\n<p class=\"p2\">Lojalaus kliento asmens duomenys gali b\u016bti renkami \u017eemiau pateiktais b\u016bdais:<\/p>\n<ul class=\"ul1\">\n<li class=\"li2\">Kai pateikiate kontaktin\u0119 informacij\u0105 (vard\u0105, pavard\u0119, telefono numer\u012f, el. pa\u0161to adres\u0105, pa\u0161to adres\u0105) m\u016bs\u0173 svetain\u0117je.<\/li>\n<li class=\"li2\">I\u0161 internetin\u0117je parduotuv\u0117je registruotos kliento paskyros arba per slapukus (cookies).<\/li>\n<\/ul>\n<p class=\"p2\"><b>Surinkt\u0173 asmens duomen\u0173 naudojimas<\/b><\/p>\n<p class=\"p2\">Surinkti asmens duomenys \u012fgalina mus informuoti savo klientus apie WellStore produkt\u0173 naujienas ir kampanijas. Klientas, kuris nenori b\u016bti m\u016bs\u0173 naujienlai\u0161ki\u0173 adresat\u0173 s\u0105ra\u0161e ir b\u016bti informuotas apie produktus, kurie gal\u0117t\u0173 j\u012f sudominti, gali bet kada pa\u0161alinti save i\u0161 duomen\u0173 baz\u0117s. Klientas gali atsisakyti naujienlai\u0161ki\u0173 prenumeratos prane\u0161damas mums el. pa\u0161tu arba veikdamas pagal instrukcijas, pateiktas naujienlai\u0161kio pora\u0161t\u0117je. Jeigu klientas nori atsisakyti SMS \u017einu\u010di\u0173, jis turi susisiekti su m\u016bs\u0173 klient\u0173 aptarnavimu el. pa\u0161tu. Surinktus asmens duomenis naudojame ir pristatydami prekes bei vykdydami \u012fsipareigojimus klientui.<\/p>\n<p class=\"p2\">Siekdama geriau aptarnauti klient\u0105, WellStore gali atskleisti informacij\u0105 apie pavienius vartotojus tre\u010diajai \u0161aliai, teikian\u010diai paslaugas internetinei parduotuvei WellStore ir pagal sutart\u012f \u012fsipareigojusiai informacij\u0105, kuria dalijamasi, laikyti konfidenciali\u0105. Tre\u010dioji \u0161alis yra, pavyzd\u017eiui, transporto paslaugas si\u016blantis partneris.<\/p>\n<p class=\"p2\"><b>J\u016bs\u0173 teis\u0117s d\u0117l asmens duomen\u0173 tvarkymo<\/b><\/p>\n<p class=\"p2\">J\u016bs turite teis\u0119 b\u016bti informuotas apie savo asmens duomen\u0173 tvarkym\u0105 tiek, kiek numato Asmens duomen\u0173 apsaugos \u012fstatymas ir kiti \u012fstatymai. J\u016bs turite teis\u0119 reikalauti nutraukti savo asmens duomen\u0173 tvarkym\u0105, taip pat reikalauti savo asmens duomenis i\u0161taisyti, blokuoti, i\u0161trinti ir perduoti. Jeigu manote, kad tvarkant asmens duomenis buvo pa\u017eeistos J\u016bs\u0173 teis\u0117s, turite teis\u0119 kreiptis \u012f Duomen\u0173 apsaugos inspekcij\u0105 arba teism\u0105, jei \u012fstatymai nenustato kitokios gin\u010d\u0173 nagrin\u0117jimo tvarkos. Taip pat galite tur\u0117ti teis\u0119 reikalauti \u017ealos atlyginimo Prievoli\u0173 teis\u0117s \u012fstatyme numatytais pagrindais ir tvarka.<\/p>\n<p class=\"p2\"><b>Saugumas ir prieiga prie duomen\u0173<\/b><\/p>\n<p class=\"p2\">Asmens duomenys yra saugomi \u201eEetaSoft\u201c (ekonomin\u0117 programin\u0117 \u012franga \u201eEeva\u201c) serveriuose, esan\u010diuose Europos S\u0105jungos valstybi\u0173 nari\u0173 ar Europos ekonomin\u0117s erdv\u0117s valstybi\u0173 nari\u0173 teritorijose. Duomenys gali b\u016bti perduodami \u0161alims, kurias Europos Komisija \u012fvertino kaip turin\u010dias tinkamo lygio duomen\u0173 apsaug\u0105, ir JAV \u012fmon\u0117ms, prisijungusioms prie Privatumo skydo (Privacy Shield) sistemos. Prieig\u0105 prie asmens duomen\u0173 turi internetin\u0117s parduotuv\u0117s darbuotojai, kurie gali tvarkyti asmens duomenis, kad i\u0161spr\u0119st\u0173 technines problemas susijusias su internetin\u0117s parduotuv\u0117s naudojimu, ir teikt\u0173 klient\u0173 aptarnavimo paslaugas. Internetin\u0117 parduotuv\u0117 taiko tinkamas fizines, organizacines ir IT saugumo priemones, kad apsaugot\u0173 asmens duomenis nuo atsitiktinio ar neteis\u0117to sunaikinimo, praradimo, pakeitimo ar neteis\u0117tos prieigos ir atskleidimo. Asmens duomen\u0173 perdavimas internetin\u0117s parduotuv\u0117s \u012fgaliotiems tvarkytojams (pvz., transporto ir duomen\u0173 talpinimo paslaug\u0173 teik\u0117jams) vyksta pagal sutartis tarp internetin\u0117s parduotuv\u0117s ir \u012fgaliot\u0173j\u0173 duomen\u0173 tvarkytoj\u0173. Duomen\u0173 valdytojai privalo u\u017etikrinti tinkamas saugos priemones tvarkant asmens duomenis.<\/p>\n<p class=\"p2\"><b>Susipa\u017einimas su asmens duomenimis ir j\u0173 taisymas<\/b><\/p>\n<p class=\"p2\">Su asmens duomenimis galima susipa\u017einti ir juos pataisyti internetin\u0117s parduotuv\u0117s vartotojo profilyje. Jeigu apsiperkama neturint vartotojo paskyros, su asmens duomenimis galima susipa\u017einti kreipiantis \u012f klient\u0173 aptarnavim\u0105.<\/p>\n<p class=\"p2\"><b>Sutikimo at\u0161aukimas<\/b><\/p>\n<p class=\"p2\">Jeigu asmens duomenys tvarkomi gavus kliento sutikim\u0105, klientas turi teis\u0119 atsiimti savo sutikim\u0105 informuodamas klient\u0173 aptarnavim\u0105 el. pa\u0161tu.<\/p>\n<p class=\"p2\"><b>Saugojimas<\/b><\/p>\n<p class=\"p2\">U\u017edarius internetin\u0117s parduotuv\u0117s kliento paskyr\u0105, asmens duomenis bus i\u0161trinti, i\u0161skyrus tais atvejais, kai tokius duomenis reikia tvarkyti buhalterin\u0117s apskaitos ar vartotoj\u0173 gin\u010d\u0173 sprendimo tikslais. Jeigu internetin\u0117je parduotuv\u0117je apsiperkama neturint vartotojo paskyros, pirkimo istorija saugoma trejus metus. Gin\u010d\u0173 d\u0117l mok\u0117jim\u0173 ir vartotoj\u0173 gin\u010d\u0173 atvejais asmens duomenys saugomi tol, kol bus \u012fvykdytas reikalavimas ar pasibaigs senaties terminas. Buhalterin\u0117s apskaitos tvarkymui reikalingi asmens duomenys saugomi septynerius metus.<\/p>\n<p class=\"p2\"><b>I\u0161trynimas<\/b><\/p>\n<p class=\"p2\">Nor\u0117dami i\u0161trinti asmens duomenis susisiekite pra\u0161om su m\u016bs\u0173 klient\u0173 aptarnavimu el. pa\u0161tu. \u012e pra\u0161ym\u0105 i\u0161trinti asmens duomenis atsakoma ne v\u0117liau kaip per vien\u0105 m\u0117nes\u012f ir patikslinamas duomen\u0173 i\u0161trynimo periodas.<\/p>\n<p class=\"p2\"><b>Privatumo politikos s\u0105lygos ir pakeitimai<\/b><\/p>\n<p class=\"p2\">Prisijung\u0119 prie WellStore ar u\u017epildydami savo lojalaus kliento paskyros duomenis, J\u016bs patvirtinate kad perskait\u0117te ir sutikote su \u0161iomis taisykl\u0117mis ir nuostatomis. Pasiliekame teis\u0119 prireikus pakeisti bendr\u0105sias m\u016bs\u0173 privatumo politikos s\u0105lygas, prane\u0161dami apie tai visiems savo lojaliems klientams.<\/p>\n<p class=\"p2\">Jeigu turite klausim\u0173 ar problem\u0173 d\u0117l m\u016bs\u0173 privatumo politikos ar duomen\u0173 tvarkymo, pra\u0161om kreiptis \u012f mus el.pa\u0161tu.<\/p>\t\t\t\t\t\t\t\t<\/div>\n\t\t\t\t<\/div>\n\t\t\t\t\t<\/div>\n\t\t<\/div>\n\t\t\t\t\t<\/div>\n\t\t<\/section>\n\t\t\t\t<\/div>","protected":false},"excerpt":{"rendered":"<p>Priv\u0101tuma politika WellStore.online aizsarg\u0101 savu klientu un lietot\u0101ju priv\u0101tumu. Balstoties uz to, m\u0113s esam izstr\u0101d\u0101ju\u0161i \u0161o konfidencialit\u0101tes politiku, kas regul\u0113 klientu datu v\u0101k\u0161anu, public\u0113\u0161anu, izmanto\u0161anu, glab\u0101\u0161anu un p\u0101rs\u016bt\u012b\u0161anu. M\u016bsu e-veikals atbilst Eiropas Savien\u012bbas likumdo\u0161anai un Latvijas Republikas likumiem. Br\u012bd\u012b, kad J\u016bs izmantojat m\u016bsu interneta veikalu, tiek uzskat\u012bts, ka J\u016bs piekr\u012btat priv\u0101tuma politikai. Personas datu v\u0101k\u0161ana [&#8230;]\n","protected":false},"author":1,"featured_media":0,"parent":0,"menu_order":0,"comment_status":"closed","ping_status":"closed","template":"","meta":{"footnotes":""},"class_list":["post-6296","page","type-page","status-publish","hentry"],"yoast_head":"<!-- This site is optimized with the Yoast SEO Premium plugin v26.3 (Yoast SEO v26.3) - https:\/\/yoast.com\/wordpress\/plugins\/seo\/ -->\n<title>Privacy - WellStore ONLINE<\/title>\n<meta name=\"robots\" content=\"index, follow, max-snippet:-1, max-image-preview:large, max-video-preview:-1\" \/>\n<link rel=\"canonical\" href=\"https:\/\/wellstore.online\/lt\/privatumas\/\" \/>\n<meta property=\"og:locale\" content=\"lt_LT\" \/>\n<meta property=\"og:type\" content=\"article\" \/>\n<meta property=\"og:title\" content=\"Privacy\" \/>\n<meta property=\"og:description\" content=\"Priv\u0101tuma politika WellStore.online aizsarg\u0101 savu klientu un lietot\u0101ju priv\u0101tumu. Balstoties uz to, m\u0113s esam izstr\u0101d\u0101ju\u0161i \u0161o konfidencialit\u0101tes politiku, kas regul\u0113 klientu datu v\u0101k\u0161anu, public\u0113\u0161anu, izmanto\u0161anu, glab\u0101\u0161anu un p\u0101rs\u016bt\u012b\u0161anu. M\u016bsu e-veikals atbilst Eiropas Savien\u012bbas likumdo\u0161anai un Latvijas Republikas likumiem. Br\u012bd\u012b, kad J\u016bs izmantojat m\u016bsu interneta veikalu, tiek uzskat\u012bts, ka J\u016bs piekr\u012btat priv\u0101tuma politikai. Personas datu v\u0101k\u0161ana [...]\" \/>\n<meta property=\"og:url\" content=\"https:\/\/wellstore.online\/lt\/privatumas\/\" \/>\n<meta property=\"og:site_name\" content=\"WellStore ONLINE\" \/>\n<meta property=\"article:modified_time\" content=\"2023-04-06T09:26:06+00:00\" \/>\n<meta name=\"twitter:card\" content=\"summary_large_image\" \/>\n<meta name=\"twitter:label1\" content=\"Est. reading time\" \/>\n\t<meta name=\"twitter:data1\" content=\"3 minut\u0117s\" \/>\n<script type=\"application\/ld+json\" class=\"yoast-schema-graph\">{\"@context\":\"https:\/\/schema.org\",\"@graph\":[{\"@type\":\"WebPage\",\"@id\":\"https:\/\/wellstore.online\/privacy\/\",\"url\":\"https:\/\/wellstore.online\/privacy\/\",\"name\":\"Privacy - WellStore ONLINE\",\"isPartOf\":{\"@id\":\"https:\/\/wellstore.online\/#website\"},\"datePublished\":\"2022-09-18T08:52:19+00:00\",\"dateModified\":\"2023-04-06T09:26:06+00:00\",\"breadcrumb\":{\"@id\":\"https:\/\/wellstore.online\/privacy\/#breadcrumb\"},\"inLanguage\":\"lt-LT\",\"potentialAction\":[{\"@type\":\"ReadAction\",\"target\":[\"https:\/\/wellstore.online\/privacy\/\"]}]},{\"@type\":\"BreadcrumbList\",\"@id\":\"https:\/\/wellstore.online\/privacy\/#breadcrumb\",\"itemListElement\":[{\"@type\":\"ListItem\",\"position\":1,\"name\":\"Home\",\"item\":\"https:\/\/wellstore.online\/\"},{\"@type\":\"ListItem\",\"position\":2,\"name\":\"Privacy\"}]},{\"@type\":\"WebSite\",\"@id\":\"https:\/\/wellstore.online\/#website\",\"url\":\"https:\/\/wellstore.online\/\",\"name\":\"WellStore ONLINE\",\"description\":\"\",\"potentialAction\":[{\"@type\":\"SearchAction\",\"target\":{\"@type\":\"EntryPoint\",\"urlTemplate\":\"https:\/\/wellstore.online\/?s={search_term_string}\"},\"query-input\":{\"@type\":\"PropertyValueSpecification\",\"valueRequired\":true,\"valueName\":\"search_term_string\"}}],\"inLanguage\":\"lt-LT\"}]}<\/script>\n<!-- \/ Yoast SEO Premium plugin. -->","yoast_head_json":{"title":"Privatumas - \"WellStore ONLINE","robots":{"index":"index","follow":"follow","max-snippet":"max-snippet:-1","max-image-preview":"max-image-preview:large","max-video-preview":"max-video-preview:-1"},"canonical":"https:\/\/wellstore.online\/lt\/privatumas\/","og_locale":"lt_LT","og_type":"article","og_title":"Privacy","og_description":"Priv\u0101tuma politika WellStore.online aizsarg\u0101 savu klientu un lietot\u0101ju priv\u0101tumu. Balstoties uz to, m\u0113s esam izstr\u0101d\u0101ju\u0161i \u0161o konfidencialit\u0101tes politiku, kas regul\u0113 klientu datu v\u0101k\u0161anu, public\u0113\u0161anu, izmanto\u0161anu, glab\u0101\u0161anu un p\u0101rs\u016bt\u012b\u0161anu. M\u016bsu e-veikals atbilst Eiropas Savien\u012bbas likumdo\u0161anai un Latvijas Republikas likumiem. Br\u012bd\u012b, kad J\u016bs izmantojat m\u016bsu interneta veikalu, tiek uzskat\u012bts, ka J\u016bs piekr\u012btat priv\u0101tuma politikai. Personas datu v\u0101k\u0161ana [...]","og_url":"https:\/\/wellstore.online\/lt\/privatumas\/","og_site_name":"WellStore ONLINE","article_modified_time":"2023-04-06T09:26:06+00:00","twitter_card":"summary_large_image","twitter_misc":{"Est. reading time":"3 minut\u0117s"},"schema":{"@context":"https:\/\/schema.org","@graph":[{"@type":"WebPage","@id":"https:\/\/wellstore.online\/privacy\/","url":"https:\/\/wellstore.online\/privacy\/","name":"Privatumas - \"WellStore ONLINE","isPartOf":{"@id":"https:\/\/wellstore.online\/#website"},"datePublished":"2022-09-18T08:52:19+00:00","dateModified":"2023-04-06T09:26:06+00:00","breadcrumb":{"@id":"https:\/\/wellstore.online\/privacy\/#breadcrumb"},"inLanguage":"lt-LT","potentialAction":[{"@type":"ReadAction","target":["https:\/\/wellstore.online\/privacy\/"]}]},{"@type":"BreadcrumbList","@id":"https:\/\/wellstore.online\/privacy\/#breadcrumb","itemListElement":[{"@type":"ListItem","position":1,"name":"Home","item":"https:\/\/wellstore.online\/"},{"@type":"ListItem","position":2,"name":"Privacy"}]},{"@type":"WebSite","@id":"https:\/\/wellstore.online\/#website","url":"https:\/\/wellstore.online\/","name":"\"WellStore ONLINE","description":"","potentialAction":[{"@type":"SearchAction","target":{"@type":"EntryPoint","urlTemplate":"https:\/\/wellstore.online\/?s={search_term_string}"},"query-input":{"@type":"PropertyValueSpecification","valueRequired":true,"valueName":"search_term_string"}}],"inLanguage":"lt-LT"}]}},"_links":{"self":[{"href":"https:\/\/wellstore.online\/lt\/wp-json\/wp\/v2\/pages\/6296","targetHints":{"allow":["GET"]}}],"collection":[{"href":"https:\/\/wellstore.online\/lt\/wp-json\/wp\/v2\/pages"}],"about":[{"href":"https:\/\/wellstore.online\/lt\/wp-json\/wp\/v2\/types\/page"}],"author":[{"embeddable":true,"href":"https:\/\/wellstore.online\/lt\/wp-json\/wp\/v2\/users\/1"}],"replies":[{"embeddable":true,"href":"https:\/\/wellstore.online\/lt\/wp-json\/wp\/v2\/comments?post=6296"}],"version-history":[{"count":0,"href":"https:\/\/wellstore.online\/lt\/wp-json\/wp\/v2\/pages\/6296\/revisions"}],"wp:attachment":[{"href":"https:\/\/wellstore.online\/lt\/wp-json\/wp\/v2\/media?parent=6296"}],"curies":[{"name":"wp","href":"https:\/\/api.w.org\/{rel}","templated":true}]}}