{"id":7106,"date":"2022-09-22T12:07:55","date_gmt":"2022-09-22T09:07:55","guid":{"rendered":"http:\/\/box2520.temp.domains\/~wellstor\/?page_id=7106"},"modified":"2025-10-14T20:19:25","modified_gmt":"2025-10-14T17:19:25","slug":"salygu-taisykles","status":"publish","type":"page","link":"https:\/\/wellstore.online\/lt\/salygu-taisykles\/","title":{"rendered":"S\u0105lygos ir taisykl\u0117s"},"content":{"rendered":"<div data-elementor-type=\"wp-page\" data-elementor-id=\"7106\" class=\"elementor elementor-7106\" data-elementor-post-type=\"page\">\n\t\t\t\t\t\t<section class=\"elementor-section elementor-top-section elementor-element elementor-element-2df3ae6 elementor-section-boxed elementor-section-height-default elementor-section-height-default\" data-id=\"2df3ae6\" data-element_type=\"section\" data-e-type=\"section\" data-settings=\"{&quot;background_background&quot;:&quot;classic&quot;}\">\n\t\t\t\t\t\t\t<div class=\"elementor-background-overlay\"><\/div>\n\t\t\t\t\t\t\t<div class=\"elementor-container elementor-column-gap-default\">\n\t\t\t\t\t<div class=\"elementor-column elementor-col-100 elementor-top-column elementor-element elementor-element-fbf9621\" data-id=\"fbf9621\" data-element_type=\"column\" data-e-type=\"column\" data-settings=\"{&quot;background_background&quot;:&quot;classic&quot;}\">\n\t\t\t<div class=\"elementor-widget-wrap elementor-element-populated\">\n\t\t\t\t\t<div class=\"elementor-background-overlay\"><\/div>\n\t\t\t\t\t\t<div class=\"elementor-element elementor-element-f6ab6ab elementor-widget elementor-widget-heading\" data-id=\"f6ab6ab\" data-element_type=\"widget\" data-e-type=\"widget\" data-widget_type=\"heading.default\">\n\t\t\t\t<div class=\"elementor-widget-container\">\n\t\t\t\t\t<h2 class=\"elementor-heading-title elementor-size-default\">S\u0105lygos<\/h2>\t\t\t\t<\/div>\n\t\t\t\t<\/div>\n\t\t\t\t\t<\/div>\n\t\t<\/div>\n\t\t\t\t\t<\/div>\n\t\t<\/section>\n\t\t\t\t<section class=\"elementor-section elementor-top-section elementor-element elementor-element-a4a6ea7 elementor-section-boxed elementor-section-height-default elementor-section-height-default\" data-id=\"a4a6ea7\" data-element_type=\"section\" data-e-type=\"section\">\n\t\t\t\t\t\t<div class=\"elementor-container elementor-column-gap-default\">\n\t\t\t\t\t<div class=\"elementor-column elementor-col-100 elementor-top-column elementor-element elementor-element-8fb4d19\" data-id=\"8fb4d19\" data-element_type=\"column\" data-e-type=\"column\">\n\t\t\t<div class=\"elementor-widget-wrap elementor-element-populated\">\n\t\t\t\t\t\t<div class=\"elementor-element elementor-element-9df608a elementor-widget elementor-widget-text-editor\" data-id=\"9df608a\" data-element_type=\"widget\" data-e-type=\"widget\" data-widget_type=\"text-editor.default\">\n\t\t\t\t<div class=\"elementor-widget-container\">\n\t\t\t\t\t\t\t\t\t<p class=\" translation-block\"><b>1. Bendrosios nuostatos<br><\/b>\n1.1. \u0160ios s\u0105lygos (toliau - S\u0105lygos) numato naudoti internetin\u0119 parduotuv\u0119 wellstore.online (toliau - E-parduotuv\u0117). Taisykl\u0117s taikomos, kai Pirk\u0117jas u\u017esako ir perka prekes, si\u016blomas elektronin\u0117je parduotuv\u0117je, arba kitaip naudoja el. Parduotuv\u0117s paslaugas.<br>\n1.2. \u0160is u\u017esakymas tampa Pirk\u0117jo ir Pardav\u0117jo pirkimo sutartimi, kuri yra privalomas teisinis dokumentas tiek rangovams, tiek Klient\u0173 pirkimo u\u017esakymui. Sutartis laikoma sudaryta, kai Pirk\u0117jas pateikia u\u017esakym\u0105 ar preki\u0173 u\u017esakym\u0105 E-parduotuv\u0117je.<br>\n1.3. Pirk\u0117jas neturi teis\u0117s u\u017esisakyti preki\u0173 E-parduotuv\u0117je, jei Pirk\u0117jas n\u0117ra susipa\u017ein\u0119s su Taisykl\u0117mis arba nesutinka su Taisykl\u0117mis. Jei Pirk\u0117jas u\u017esako prekes, laikoma, kad Pirk\u0117jas yra susipa\u017ein\u0119s su Taisykl\u0117mis ir visi\u0161kai sutinka su jais.<br>\n1.4. Pardav\u0117jas neatsako u\u017e joki\u0105 rizik\u0105 ar atsakomyb\u0119 ir yra visi\u0161kai atleistas nuo jo, jei Pirk\u0117jas yra i\u0161 dalies susipa\u017ein\u0119s su visomis s\u0105lygomis arba visai n\u0117ra susipa\u017ein\u0119s su \u0161iomis s\u0105lygomis, nors jis tur\u0117jo toki\u0105 galimyb\u0119.<\/p><p class=\" translation-block\"><b>2. Asmens duomen\u0173 tvarkymas<br><\/b>\n2.1. Norint naudotis e-parduotuve ir \u012fsigyti joje si\u016blom\u0173 preki\u0173, Pirk\u0117jas privalo u\u017epildyti u\u017esakymo form\u0105. U\u017esakymo formo turi b\u016bti nurodyti \u0161ie Kliento asmens duomenys: vardas, pavard\u0117, el. Pa\u0161to adresas, adresas, kuriuo prek\u0117s bus pristatytos, telefono numeris, kiti svarb\u016bs preki\u0173 pristatymo duomenys.<br>\n2.2. Pirk\u0117jas yra atsakingas u\u017e tai, kad u\u017esakymo formoje pateikti duomenys b\u016bt\u0173 tiksl\u016bs, tiksl\u016bs ir i\u0161sam\u016bs. Pardav\u0117jas jokiu b\u016bdu neatsako u\u017e nuostolius, kuriuos patyr\u0117 Pirk\u0117jas ar tre\u010diosios \u0161alys d\u0117l to , kad Pirk\u0117jas pateik\u0117 neteisingus ar nei\u0161samius duomenis.<br>\n2.3. Kliento pateikti asmens duomenys bus tvarkomi laikantis Europos S\u0105jungos (toliau - ES) duomen\u0173 apsaugos \u012fstatym\u0173 reikalavim\u0173, reglamentuojan\u010di\u0173 \u0161i\u0173 duomen\u0173 tvarkym\u0105 ir apsaug\u0105. Parduodant ir saugant Pirk\u0117jo asmens duomenis, Pardav\u0117jas naudos organizacines ir technines priemones, skirtas u\u017etikrinti asmens duomen\u0173 apsaug\u0105 nuo nety\u010dinio ar neteis\u0117to sunaikinimo, keitimosi, aptikimo ir kitokio neteis\u0117to duomen\u0173 tvarkymo.<br>\n2.4. Pirkdamas pirkin\u012f, Pirk\u0117jas sutinka, kad jo asmeniniai duomenys bus naudojami prekybai, ir jis sutinka gauti reklam\u0105 ir informacin\u0119 ataskait\u0105 i\u0161 E-parduotuv\u0117s.<\/p><p><b>\u00a0<\/b><\/p><p class=\" translation-block\"><b>3. Preki\u0173 kainos, mok\u0117jimo nurodymas ir terminai<br><\/b>\n3.1. Preki\u0173 kainos el. Parduotuv\u0117je yra nurodytos eurais. Prek\u0117s parduodamos Pirk\u0117jui pagal kainas, galiojan\u010dias u\u017esakymo e-parduotuv\u0117je mok\u0117jimo metu.<br>\n3.2. Pirk\u0117jas moka u\u017e prekes i\u0161ankstinio mok\u0117jimo arba po apmok\u0117jimo. U\u017e duomen\u0173 saugum\u0105 atsako atitinkama finans\u0173 \u012fstaiga, nes gryn\u0173j\u0173 pinig\u0173 operacijos atliekamos jo sistemoje.<br>\n3.3. Mok\u0117jimas laikomas \u012fvykdytu, kai visa mok\u0117jimo suma yra gauta ir kredituojama Pardav\u0117jui s\u0105skaitoje. \u012e pristatymo kain\u0105 \u012feina PVM. Tik gavus prek\u0117s kain\u0105 ir pristatymo kain\u0105, u\u017esakymas yra \u012fvykdytas ir nustatomas preki\u0173 pristatymo laikas.<br><\/p><p><b>\u00a0<\/b><\/p><p class=\" translation-block\"><b>4. Preki\u0173 sudarymas ir pristatymas<br><\/b>\n4.1. Prek\u0117s pristatomos tik Pardav\u0117jo nurodytoje teritorijoje. E-parduotuv\u0117 priima u\u017esakym\u0105 tik tuo atveju, jei pristatytas pristatymo adresas yra nurodytoje vietoje. Prekes tiekia Pardav\u0117jo bendradarbiavimo partneris arba \u012fgaliotasis atstovas.<br>\n4.2. Jei preki\u0173 pristatymas ne\u012fmanomas d\u0117l Pirk\u0117jo kalt\u0117s arba d\u0117l Pirk\u0117jo aplinkybi\u0173 (Pirk\u0117jas nurod\u0117 neteising\u0105 adres\u0105, Pirk\u0117jas ar gav\u0117jas n\u0117ra nurodytu adresu, nurodytu adresu negalima pasiekti ir pan.), Prek\u0117s n\u0117ra gr\u0105\u017einamos (i\u0161skyrus tuos atvejus, kai Pirk\u0117jas papildomai moka u\u017e prekes pakartotinis pristatymas), bet u\u017e prekes pinigai gr\u0105\u017einami at\u0117mus pristatymo mokest\u012f.<br>\n4.3. Pardav\u0117jas atleid\u017eiamas nuo atsakomyb\u0117s u\u017e pristatymo s\u0105lyg\u0173 pa\u017eeidimus, jeigu prek\u0117s n\u0117ra pristatytos Pirk\u0117jui arba n\u0117ra laiku pristatytos d\u0117l Pirk\u0117jo kalt\u0117s arba d\u0117l Pirk\u0117jo aplinkybi\u0173.<br>\n4.4. Jei Pirk\u0117jas pastebi, kad siunta neturi reikiamo kiekio preki\u0173 arba tiekiamos prek\u0117s neatitinka u\u017esakymo ir n\u0117ra nurodytos pristatymo dokumente, Pirk\u0117jas privalo apie tai prane\u0161ti Pardav\u0117jui preki\u0173 gavimo arba pristatymo metu; prie\u0161ingu atveju laikoma, kad u\u017esakymas buvo pristatytas ar pristatytas tinkamai, o prek\u0117s atitinka u\u017esakym\u0105.<br>\n4.5. Tuo atveju, kai prek\u0117 gr\u0105\u017einama \u012f parduotuv\u0119, Pirk\u0117jas gr\u0105\u017eina Pardav\u0117jui patirtus nuostolius pakuot\u0117s ir si\u0173sti prekes \u012f pirk\u0117jo adresu, nurodytu. Pana\u0161iai Pirk\u0117jas turi gr\u0105\u017eint\u0105 prek\u0119 gr\u0105\u017einti parduotuv\u0117je. Mok\u0117jimas turi b\u016bti atliktas per 3 darbo dienas nuo s\u0105skaitos fakt\u016bros i\u0161ra\u0161ymo i\u0161 pirk\u0117jo el. Pa\u0161to, kur\u012f jis nurod\u0117 u\u017esakydamas prekes. Jei v\u0117luojama atlikti mok\u0117jim\u0105, i\u0161laid\u0173 surinkimas perduodamas tre\u010diajai \u0161aliai - skol\u0173 i\u0161ie\u0161kojimo bendrovei.<\/p><p><b>\u00a0<\/b><\/p><p class=\" translation-block\"><b>5. Garantuota preki\u0173 kokyb\u0117 ir galiojimo laikas<br><\/b>\n5.1. Vis\u0173 E-parduotuv\u0117je parduodam\u0173 produkt\u0173 savyb\u0117s yra i\u0161vardytos gaminio apra\u0161yme kiekvienam elementui.<br>\n5.2. Pardav\u0117jas neatsako u\u017e tai, kad prekes e-parduotuv\u0117je, atsi\u017evelgiant \u012f j\u0173 spalv\u0105, form\u0105 ir kitus parametrus, neatitinka tikrojo preki\u0173 dyd\u017eio.<br>\n5.3. Prek\u0117s, kuri\u0173 galiojimo laikas yra pasibaig\u0119s, pristatomos taip, kad Pirk\u0117jas gal\u0117s naudoti \u0161ias prekes iki galiojimo pabaigos datos.<br>\n5.4. Kiekvienas gaminys ar produkt\u0173 grup\u0117 turi savo garantin\u012f laikotarp\u012f, per kur\u012f Pardav\u0117jas atlieka gaminio remont\u0105 ar pakei\u010dia savo i\u0161teklius.<br>\n5.5 Jei norite pristatyti gamin\u012f remontui ar pakeitimui, jis turi b\u016bti kruop\u0161\u010diai supakuotas pagal Pardav\u0117jo nurodymus ir perduotas pardav\u0117jo atstovui - kurjeriui.<br>\n5.6. Atsi\u017evelgiant \u012f pirk\u0117jo kalt\u0117s atveju,<br>\na) neteisingas kontaktin\u0117 informacija (telefonas, pristatymo adresas) arba kitas susij\u0119s su produkto pakei\u010diamumo informacija.<br>\nb) kai pasiuntinys atvyksta, siun\u010diamos prek\u0117s n\u0117ra tinkamai paruo\u0161tos gabenimui;<br>\nc) nebuvo atsakyta kurjeris telefonu;<br>\nKurjerio at\u0161aukimas d\u0117l sugedusio produkto gr\u0105\u017einimo vyksta pirk\u0117jo s\u0105skaita.<\/p><p class=\" translation-block\"><b>6. Teis\u0117 atsisakyti sutarties. Pinig\u0173 gr\u0105\u017einimas.<br><\/b>\n6.1. Jeigu Pirk\u0117jas yra vartotojas Vartotoj\u0173 teisi\u0173 gynimo \u012fstatymo prasme (fizinis asmuo, parei\u0161k\u0119s nor\u0105 pirkti, \u012fsigyja arba gali \u012fsigyti ar naudoti prek\u0119 ar paslaug\u0105 su jo \u016bkine ar profesine veikla nesusijusiam tikslui), Pirk\u0117jas gali pasinaudoti atsisakymo teise ir viena\u0161ali\u0161kai atsisakyti sutarties (preki\u0173 pirkimo elektronin\u0117je parduotuv\u0117je) per 45 kalendorines dienas (kaip nurodyta kiekvienam daiktui atskirai) nuo atitinkamos prek\u0117s u\u017esakymo pateikimo dienos. Pirk\u0117jas negali pasinaudoti teise atsisakyti sutarties, jeigu:<br>\n6.1.1. pristatomos prek\u0117s, pagamintos pagal vartotojo nurodymus arba yra nepakei\u010diami daiktai arba d\u0117l savo prigimties negali b\u016bti gr\u0105\u017einamos, arba yra greitai gendan\u010dios arba greitai sunaudojamos;<br>\n6.1.2. pristatomi maisto produktai, g\u0117rimai ar kitos prek\u0117s, skirtos tiesioginiam nam\u0173 \u016bkio vartojimui;<br>\n6.1.3. kitais \u012fstatym\u0173 numatytais atvejais.<br>\n6.2. Pardav\u0117jas gr\u0105\u017eina prek\u0117s sum\u0105, kuri\u0105 Pirk\u0117jas gr\u0105\u017eino naudodamasis atsisakymo teise, pri\u0117m\u0119s prekes. Pristatymo mokestis Pirk\u0117jui negr\u0105\u017einamas.<br>\n6.3. Pirk\u0117jas atsako u\u017e prek\u0117s kokyb\u0117s ir saugumo palaikym\u0105 sutarties atsisakymo teis\u0117s \u012fgyvendinimo laikotarpiu. Pirk\u0117jas atsako u\u017e bet kok\u012f preki\u0173 vert\u0117s suma\u017e\u0117jim\u0105, jeigu prek\u0117 buvo naudota b\u016bdu, nesuderinamu su s\u0105\u017einingumo principu, taip pat ir kitais tikslais nei \u012fsitikinti preki\u0173 pob\u016bd\u017eiu ar veikimu. Prek\u0117 turi b\u016bti nesugadinta, nepraradusi prekin\u0117s i\u0161vaizdos (nenuimtos ir nepa\u017eeistos etiket\u0117s, nupl\u0117\u0161tos apsaugin\u0117s pl\u0117vel\u0117s ir kt.) ir nepanaudota. Prek\u0117 turi b\u016bti gr\u0105\u017einama originalioje pakuot\u0117je, tokioje pat komplektacijoje, kokia buvo gauta. Jeigu prek\u0117 n\u0117ra pilnai surinkta, yra sugadinta, netvarkinga ar netinkamai supakuota, Pardav\u0117jas turi teis\u0119 nepriimti prek\u0117s, taip pat negr\u0105\u017einti pinig\u0173, kuriuos Pirk\u0117jas sumok\u0117jo u\u017e prek\u0119.<br>\n6.4. Preki\u0173 pristatymo \u012f parduotuv\u0119 i\u0161laidas apmoka Pirk\u0117jas (i\u0161skyrus prekes, kurios neatitinka sutarties s\u0105lyg\u0173). Jeigu Pirk\u0117jas pageidauja gr\u0105\u017einti prekes j\u0173 pristatymo metu, jos turi b\u016bti gr\u0105\u017eintos jas pristatan\u010diam Pardav\u0117jo atstovui (kurjeriui). Tokiu atveju Pirk\u0117jas neatleid\u017eiamas nuo i\u0161laid\u0173, patirt\u0173 supakuojant prekes, pristatant jas nurodytu adresu ir gr\u0105\u017einant \u012f parduotuv\u0119, padengimo.<\/p><p><b>\u00a0<\/b><\/p><p class=\" translation-block\"><b>7. Keitimasis informacija<br><\/b>\n7.1. Pardav\u0117jas siun\u010dia visus prane\u0161imus ir kitaip susisiekia su Pirk\u0117ju, naudodamas pirk\u0117jo u\u017esakymo form\u0105 nurodyt\u0105 el. Pa\u0161to adres\u0105 arba telefono numer\u012f.<br>\n7.2. Pirk\u0117jas siun\u010dia visus prane\u0161imus ir klausimus naudodamas elektronin\u0117s parduotuv\u0117s skiltyje \"Kontaktai\" nurodytas priemones ir adresus.<br><\/p><p><b>\u00a0<\/b><\/p><p class=\" translation-block\"><b>8. Galutin\u0117s taisykl\u0117s<br><\/b> 8.1. Pirk\u0117jo ir Pardav\u0117jo santykius reglamentuoja \u0161ios s\u0105lygos, taip pat ES teis\u0117s aktai. <br>8.2. Netekus nuostoli\u0173, pa\u017eeid\u0117jas kitam rangovui gr\u0105\u017eins tiesioginius nuostolius pagal ES teis\u0117s aktai. 8.3. Gin\u010dus derasi \u0161alys. D\u0117l konflikto galite kreiptis d\u0117l neteisminio susitarimo, apsilank\u0119 \u0161ioje nuorodoje: https:\/\/webgate.ec.europa.eu\/odr\/main\/index.cfm?event=main.home.show&amp;lng=LT<br><\/p><p class=\" translation-block\"><b>9. Pardav\u0117jas<br><\/b>\nWooWorld O\u00dc<br>\nReg. Nr. 16557288<br>\nT\u00fcri tn 10c, Tallinn, 11313 Harju maakond<br><\/p>\t\t\t\t\t\t\t\t<\/div>\n\t\t\t\t<\/div>\n\t\t\t\t\t<\/div>\n\t\t<\/div>\n\t\t\t\t\t<\/div>\n\t\t<\/section>\n\t\t\t\t<\/div>","protected":false},"excerpt":{"rendered":"<p>Noteikumi 1. Visp\u0101r\u012bgie noteikumi1.1. \u0160ie noteikumi (turpm\u0101k \u2013 Noteikumi) paredz internetveikala WellStore (turpm\u0101k \u2013 E-veikals) lieto\u0161anas k\u0101rt\u012bbu. Noteikumus piem\u0113ro, kad Pirc\u0113js pas\u016bta un p\u0113rk E-veikal\u0101 pied\u0101v\u0101t\u0101s preces vai cit\u0101di izmanto E-veikala pakalpojumus.1.2. L\u012bdz ar Pirc\u0113ja veikto pre\u010du pas\u016bt\u012bjumu \u0161ie Noteikumi k\u013c\u016bst par Pirc\u0113ja un P\u0101rdev\u0113ja pirkuma l\u012bguma noteikumiem, kas ir abiem l\u012bgumsl\u0113dz\u0113jiem oblig\u0101ts juridisks dokuments. [&#8230;]\n","protected":false},"author":1,"featured_media":0,"parent":0,"menu_order":0,"comment_status":"closed","ping_status":"closed","template":"","meta":{"footnotes":""},"class_list":["post-7106","page","type-page","status-publish","hentry"],"yoast_head":"<!-- This site is optimized with the Yoast SEO Premium plugin v26.3 (Yoast SEO v26.3) - https:\/\/yoast.com\/wordpress\/plugins\/seo\/ -->\n<title>Conditions &amp; Rules - WellStore ONLINE<\/title>\n<meta name=\"robots\" content=\"index, follow, max-snippet:-1, max-image-preview:large, max-video-preview:-1\" \/>\n<link rel=\"canonical\" href=\"https:\/\/wellstore.online\/lt\/salygu-taisykles\/\" \/>\n<meta property=\"og:locale\" content=\"lt_LT\" \/>\n<meta property=\"og:type\" content=\"article\" \/>\n<meta property=\"og:title\" content=\"Conditions &amp; Rules\" \/>\n<meta property=\"og:description\" content=\"Noteikumi 1. Visp\u0101r\u012bgie noteikumi1.1. \u0160ie noteikumi (turpm\u0101k \u2013 Noteikumi) paredz internetveikala WellStore (turpm\u0101k \u2013 E-veikals) lieto\u0161anas k\u0101rt\u012bbu. Noteikumus piem\u0113ro, kad Pirc\u0113js pas\u016bta un p\u0113rk E-veikal\u0101 pied\u0101v\u0101t\u0101s preces vai cit\u0101di izmanto E-veikala pakalpojumus.1.2. L\u012bdz ar Pirc\u0113ja veikto pre\u010du pas\u016bt\u012bjumu \u0161ie Noteikumi k\u013c\u016bst par Pirc\u0113ja un P\u0101rdev\u0113ja pirkuma l\u012bguma noteikumiem, kas ir abiem l\u012bgumsl\u0113dz\u0113jiem oblig\u0101ts juridisks dokuments. [...]\" \/>\n<meta property=\"og:url\" content=\"https:\/\/wellstore.online\/lt\/salygu-taisykles\/\" \/>\n<meta property=\"og:site_name\" content=\"WellStore ONLINE\" \/>\n<meta property=\"article:modified_time\" content=\"2025-10-14T17:19:25+00:00\" \/>\n<meta name=\"twitter:card\" content=\"summary_large_image\" \/>\n<meta name=\"twitter:label1\" content=\"Est. reading time\" \/>\n\t<meta name=\"twitter:data1\" content=\"6 minut\u0117s\" \/>\n<script type=\"application\/ld+json\" class=\"yoast-schema-graph\">{\"@context\":\"https:\/\/schema.org\",\"@graph\":[{\"@type\":\"WebPage\",\"@id\":\"https:\/\/wellstore.online\/conditions-rules\/\",\"url\":\"https:\/\/wellstore.online\/conditions-rules\/\",\"name\":\"Conditions & Rules - WellStore ONLINE\",\"isPartOf\":{\"@id\":\"https:\/\/wellstore.online\/#website\"},\"datePublished\":\"2022-09-22T09:07:55+00:00\",\"dateModified\":\"2025-10-14T17:19:25+00:00\",\"breadcrumb\":{\"@id\":\"https:\/\/wellstore.online\/conditions-rules\/#breadcrumb\"},\"inLanguage\":\"lt-LT\",\"potentialAction\":[{\"@type\":\"ReadAction\",\"target\":[\"https:\/\/wellstore.online\/conditions-rules\/\"]}]},{\"@type\":\"BreadcrumbList\",\"@id\":\"https:\/\/wellstore.online\/conditions-rules\/#breadcrumb\",\"itemListElement\":[{\"@type\":\"ListItem\",\"position\":1,\"name\":\"Home\",\"item\":\"https:\/\/wellstore.online\/\"},{\"@type\":\"ListItem\",\"position\":2,\"name\":\"Conditions &#038; Rules\"}]},{\"@type\":\"WebSite\",\"@id\":\"https:\/\/wellstore.online\/#website\",\"url\":\"https:\/\/wellstore.online\/\",\"name\":\"WellStore ONLINE\",\"description\":\"\",\"potentialAction\":[{\"@type\":\"SearchAction\",\"target\":{\"@type\":\"EntryPoint\",\"urlTemplate\":\"https:\/\/wellstore.online\/?s={search_term_string}\"},\"query-input\":{\"@type\":\"PropertyValueSpecification\",\"valueRequired\":true,\"valueName\":\"search_term_string\"}}],\"inLanguage\":\"lt-LT\"}]}<\/script>\n<!-- \/ Yoast SEO Premium plugin. -->","yoast_head_json":{"title":"Taisykl\u0117s ir s\u0105lygos - \"WellStore ONLINE","robots":{"index":"index","follow":"follow","max-snippet":"max-snippet:-1","max-image-preview":"max-image-preview:large","max-video-preview":"max-video-preview:-1"},"canonical":"https:\/\/wellstore.online\/lt\/salygu-taisykles\/","og_locale":"lt_LT","og_type":"article","og_title":"Conditions & Rules","og_description":"Noteikumi 1. Visp\u0101r\u012bgie noteikumi1.1. \u0160ie noteikumi (turpm\u0101k \u2013 Noteikumi) paredz internetveikala WellStore (turpm\u0101k \u2013 E-veikals) lieto\u0161anas k\u0101rt\u012bbu. Noteikumus piem\u0113ro, kad Pirc\u0113js pas\u016bta un p\u0113rk E-veikal\u0101 pied\u0101v\u0101t\u0101s preces vai cit\u0101di izmanto E-veikala pakalpojumus.1.2. L\u012bdz ar Pirc\u0113ja veikto pre\u010du pas\u016bt\u012bjumu \u0161ie Noteikumi k\u013c\u016bst par Pirc\u0113ja un P\u0101rdev\u0113ja pirkuma l\u012bguma noteikumiem, kas ir abiem l\u012bgumsl\u0113dz\u0113jiem oblig\u0101ts juridisks dokuments. [...]","og_url":"https:\/\/wellstore.online\/lt\/salygu-taisykles\/","og_site_name":"WellStore ONLINE","article_modified_time":"2025-10-14T17:19:25+00:00","twitter_card":"summary_large_image","twitter_misc":{"Est. reading time":"6 minut\u0117s"},"schema":{"@context":"https:\/\/schema.org","@graph":[{"@type":"WebPage","@id":"https:\/\/wellstore.online\/conditions-rules\/","url":"https:\/\/wellstore.online\/conditions-rules\/","name":"Taisykl\u0117s ir s\u0105lygos - \"WellStore ONLINE","isPartOf":{"@id":"https:\/\/wellstore.online\/#website"},"datePublished":"2022-09-22T09:07:55+00:00","dateModified":"2025-10-14T17:19:25+00:00","breadcrumb":{"@id":"https:\/\/wellstore.online\/conditions-rules\/#breadcrumb"},"inLanguage":"lt-LT","potentialAction":[{"@type":"ReadAction","target":["https:\/\/wellstore.online\/conditions-rules\/"]}]},{"@type":"BreadcrumbList","@id":"https:\/\/wellstore.online\/conditions-rules\/#breadcrumb","itemListElement":[{"@type":"ListItem","position":1,"name":"Home","item":"https:\/\/wellstore.online\/"},{"@type":"ListItem","position":2,"name":"Conditions &#038; Rules"}]},{"@type":"WebSite","@id":"https:\/\/wellstore.online\/#website","url":"https:\/\/wellstore.online\/","name":"\"WellStore ONLINE","description":"","potentialAction":[{"@type":"SearchAction","target":{"@type":"EntryPoint","urlTemplate":"https:\/\/wellstore.online\/?s={search_term_string}"},"query-input":{"@type":"PropertyValueSpecification","valueRequired":true,"valueName":"search_term_string"}}],"inLanguage":"lt-LT"}]}},"_links":{"self":[{"href":"https:\/\/wellstore.online\/lt\/wp-json\/wp\/v2\/pages\/7106","targetHints":{"allow":["GET"]}}],"collection":[{"href":"https:\/\/wellstore.online\/lt\/wp-json\/wp\/v2\/pages"}],"about":[{"href":"https:\/\/wellstore.online\/lt\/wp-json\/wp\/v2\/types\/page"}],"author":[{"embeddable":true,"href":"https:\/\/wellstore.online\/lt\/wp-json\/wp\/v2\/users\/1"}],"replies":[{"embeddable":true,"href":"https:\/\/wellstore.online\/lt\/wp-json\/wp\/v2\/comments?post=7106"}],"version-history":[{"count":0,"href":"https:\/\/wellstore.online\/lt\/wp-json\/wp\/v2\/pages\/7106\/revisions"}],"wp:attachment":[{"href":"https:\/\/wellstore.online\/lt\/wp-json\/wp\/v2\/media?parent=7106"}],"curies":[{"name":"wp","href":"https:\/\/api.w.org\/{rel}","templated":true}]}}