{"id":18338,"date":"2023-09-05T11:47:05","date_gmt":"2023-09-05T08:47:05","guid":{"rendered":"https:\/\/wellstore.online\/?post_type=product&#038;p=18338"},"modified":"2025-10-15T08:27:41","modified_gmt":"2025-10-15T05:27:41","slug":"maxsafe-atnaujinta","status":"publish","type":"product","link":"https:\/\/wellstore.online\/lt\/produktas-2\/maxsafe-atnaujinta\/","title":{"rendered":"maxsafe\u00ae"},"content":{"rendered":"<div data-elementor-type=\"product-post\" data-elementor-id=\"18338\" class=\"elementor elementor-18338\" data-elementor-post-type=\"product\">\n\t\t\t\t\t\t<section class=\"elementor-section elementor-top-section elementor-element elementor-element-37143c68 elementor-section-boxed elementor-section-height-default elementor-section-height-default\" data-id=\"37143c68\" data-element_type=\"section\" data-e-type=\"section\">\n\t\t\t\t\t\t<div class=\"elementor-container elementor-column-gap-default\">\n\t\t\t\t\t<div class=\"elementor-column elementor-col-100 elementor-top-column elementor-element elementor-element-2fc7cc46\" data-id=\"2fc7cc46\" data-element_type=\"column\" data-e-type=\"column\">\n\t\t\t<div class=\"elementor-widget-wrap elementor-element-populated\">\n\t\t\t\t\t\t<div class=\"elementor-element elementor-element-1b25e15b elementor-widget elementor-widget-text-editor\" data-id=\"1b25e15b\" data-element_type=\"widget\" data-e-type=\"widget\" data-widget_type=\"text-editor.default\">\n\t\t\t\t<div class=\"elementor-widget-container\">\n\t\t\t\t\t\t\t\t\t<p><strong>Patogi pinigin\u0117, kur\u012f yra idealaus dyd\u017eio vyri\u0161k\u0173 mar\u0161kini\u0173 ki\u0161enei ar merginos rankinukui, gali talpinti 10 banko korteles ir daugyb\u0119 gryn\u0173j\u0173 pinig\u0173. MaxSafe turi RFID apsaug\u0105, kuri garantuoja saugum\u0105 nuo suk\u010di\u0173. MaxSafe kortel\u0117s atidarymo mechanizmas leid\u017eia greitai ir lengvai pasiekti reikalingas korteles.<\/strong><\/p><p><strong>Daugelis m\u016bs\u0173 klient\u0173 \u0161i\u0105 moderni\u0105 pinigin\u0119 pasirenka kaip dovan\u0105 - saugumui ir \u0161iuolaiki\u0161kam gyvenimo b\u016bdui!<\/strong><\/p><ul><li>Apsaugo banko korteli\u0173 duomenis nuo vagi\u0173 (RFID blokas)<\/li><li>10 korteli\u0173, banknot\u0173 ir monet\u0173 ki\u0161en\u0117l\u0117<\/li><li>Greita prieiga prie vis\u0173 korteli\u0173<\/li><li>Telpa ki\u0161en\u0117je arba moteri\u0161koje rankin\u0117je<\/li><li>Med\u017eiagos: aliuminis ir ekologi\u0161ka oda<\/li><\/ul>\t\t\t\t\t\t\t\t<\/div>\n\t\t\t\t<\/div>\n\t\t\t\t<div class=\"elementor-element elementor-element-2adb9cd elementor-widget elementor-widget-video\" data-id=\"2adb9cd\" data-element_type=\"widget\" data-e-type=\"widget\" data-settings=\"{&quot;video_type&quot;:&quot;vimeo&quot;,&quot;autoplay&quot;:&quot;yes&quot;,&quot;loop&quot;:&quot;yes&quot;}\" data-widget_type=\"video.default\">\n\t\t\t\t<div class=\"elementor-widget-container\">\n\t\t\t\t\t\t\t<div class=\"elementor-wrapper elementor-open-inline\">\n\t\t\t<iframe class=\"elementor-video-iframe\" allowfullscreen allow=\"autoplay\" title=\"&quot;vimeo&quot; vaizdo \u012fra\u0161\u0173 grotuvas\" src=\"https:\/\/player.vimeo.com\/video\/860874321?autoplay=1&amp;color&amp;autopause=0&amp;loop=1&amp;muted=0&amp;title=1&amp;portrait=1&amp;byline=1&amp;h=8c4b77c8db#t=\"><\/iframe>\t\t<\/div>\n\t\t\t\t\t\t<\/div>\n\t\t\t\t<\/div>\n\t\t\t\t\t<\/div>\n\t\t<\/div>\n\t\t\t\t\t<\/div>\n\t\t<\/section>\n\t\t\t\t<\/div>","protected":false},"excerpt":{"rendered":"<p>Moderni pinigin\u0117 su RFID* signalo blokavimu<\/p>","protected":false},"featured_media":18288,"template":"","meta":[],"product_brand":[],"product_cat":[70,15,69,47],"product_tag":[86,85,84],"class_list":{"0":"post-18338","1":"product","2":"type-product","3":"status-publish","4":"has-post-thumbnail","6":"product_cat-children","7":"product_cat-gifts","8":"product_cat-women","9":"product_cat-men","10":"product_tag-lether","11":"product_tag-miniwallet","12":"product_tag-wallet","14":"first","15":"instock","16":"shipping-taxable","17":"purchasable","18":"product-type-variable"},"yoast_head":"<!-- This site is optimized with the Yoast SEO Premium plugin v26.3 (Yoast SEO v26.3) - https:\/\/yoast.com\/wordpress\/plugins\/seo\/ -->\n<title>maxsafe\u00ae - WellStore ONLINE<\/title>\n<meta name=\"robots\" content=\"index, follow, max-snippet:-1, max-image-preview:large, max-video-preview:-1\" \/>\n<link rel=\"canonical\" href=\"https:\/\/wellstore.online\/lt\/produktas-2\/maxsafe-atnaujinta\/\" \/>\n<meta property=\"og:locale\" content=\"lt_LT\" \/>\n<meta property=\"og:type\" content=\"article\" \/>\n<meta property=\"og:title\" content=\"maxsafe\u00ae\" \/>\n<meta property=\"og:description\" content=\"Moderns mini naudasmaks\" \/>\n<meta property=\"og:url\" content=\"https:\/\/wellstore.online\/lt\/produktas-2\/maxsafe-atnaujinta\/\" \/>\n<meta property=\"og:site_name\" content=\"WellStore ONLINE\" \/>\n<meta property=\"article:modified_time\" content=\"2025-10-15T05:27:41+00:00\" \/>\n<meta property=\"og:image\" content=\"https:\/\/wellstore.online\/wp-content\/uploads\/2023\/09\/gh_rokas.jpg\" \/>\n\t<meta property=\"og:image:width\" content=\"800\" \/>\n\t<meta property=\"og:image:height\" content=\"800\" \/>\n\t<meta property=\"og:image:type\" content=\"image\/jpeg\" \/>\n<meta name=\"twitter:card\" content=\"summary_large_image\" \/>\n<meta name=\"twitter:label1\" content=\"Est. reading time\" \/>\n\t<meta name=\"twitter:data1\" content=\"1 minut\u0117\" \/>\n<script type=\"application\/ld+json\" class=\"yoast-schema-graph\">{\"@context\":\"https:\/\/schema.org\",\"@graph\":[{\"@type\":\"WebPage\",\"@id\":\"https:\/\/wellstore.online\/et\/toode-2\/maxsafe-uuendatud\/\",\"url\":\"https:\/\/wellstore.online\/et\/toode-2\/maxsafe-uuendatud\/\",\"name\":\"maxsafe\u00ae - WellStore ONLINE\",\"isPartOf\":{\"@id\":\"https:\/\/wellstore.online\/#website\"},\"primaryImageOfPage\":{\"@id\":\"https:\/\/wellstore.online\/et\/toode-2\/maxsafe-uuendatud\/#primaryimage\"},\"image\":{\"@id\":\"https:\/\/wellstore.online\/et\/toode-2\/maxsafe-uuendatud\/#primaryimage\"},\"thumbnailUrl\":\"https:\/\/wellstore.online\/wp-content\/uploads\/2023\/09\/gh_rokas.jpg\",\"datePublished\":\"2023-09-05T08:47:05+00:00\",\"dateModified\":\"2025-10-15T05:27:41+00:00\",\"breadcrumb\":{\"@id\":\"https:\/\/wellstore.online\/et\/toode-2\/maxsafe-uuendatud\/#breadcrumb\"},\"inLanguage\":\"lt-LT\",\"potentialAction\":[{\"@type\":\"ReadAction\",\"target\":[\"https:\/\/wellstore.online\/et\/toode-2\/maxsafe-uuendatud\/\"]}]},{\"@type\":\"ImageObject\",\"inLanguage\":\"lt-LT\",\"@id\":\"https:\/\/wellstore.online\/et\/toode-2\/maxsafe-uuendatud\/#primaryimage\",\"url\":\"https:\/\/wellstore.online\/wp-content\/uploads\/2023\/09\/gh_rokas.jpg\",\"contentUrl\":\"https:\/\/wellstore.online\/wp-content\/uploads\/2023\/09\/gh_rokas.jpg\",\"width\":800,\"height\":800},{\"@type\":\"BreadcrumbList\",\"@id\":\"https:\/\/wellstore.online\/et\/toode-2\/maxsafe-uuendatud\/#breadcrumb\",\"itemListElement\":[{\"@type\":\"ListItem\",\"position\":1,\"name\":\"Home\",\"item\":\"https:\/\/wellstore.online\/\"},{\"@type\":\"ListItem\",\"position\":2,\"name\":\"Shop\",\"item\":\"https:\/\/wellstore.online\/sv\/butik\/\"},{\"@type\":\"ListItem\",\"position\":3,\"name\":\"maxsafe\u00ae\"}]},{\"@type\":\"WebSite\",\"@id\":\"https:\/\/wellstore.online\/#website\",\"url\":\"https:\/\/wellstore.online\/\",\"name\":\"WellStore ONLINE\",\"description\":\"\",\"potentialAction\":[{\"@type\":\"SearchAction\",\"target\":{\"@type\":\"EntryPoint\",\"urlTemplate\":\"https:\/\/wellstore.online\/?s={search_term_string}\"},\"query-input\":{\"@type\":\"PropertyValueSpecification\",\"valueRequired\":true,\"valueName\":\"search_term_string\"}}],\"inLanguage\":\"lt-LT\"}]}<\/script>\n<!-- \/ Yoast SEO Premium plugin. -->","yoast_head_json":{"title":"maxsafe\u00ae - WellStore ONLINE","robots":{"index":"index","follow":"follow","max-snippet":"max-snippet:-1","max-image-preview":"max-image-preview:large","max-video-preview":"max-video-preview:-1"},"canonical":"https:\/\/wellstore.online\/lt\/produktas-2\/maxsafe-atnaujinta\/","og_locale":"lt_LT","og_type":"article","og_title":"maxsafe\u00ae","og_description":"Moderns mini naudasmaks","og_url":"https:\/\/wellstore.online\/lt\/produktas-2\/maxsafe-atnaujinta\/","og_site_name":"WellStore ONLINE","article_modified_time":"2025-10-15T05:27:41+00:00","og_image":[{"width":800,"height":800,"url":"https:\/\/wellstore.online\/wp-content\/uploads\/2023\/09\/gh_rokas.jpg","type":"image\/jpeg"}],"twitter_card":"summary_large_image","twitter_misc":{"Est. reading time":"1 minut\u0117"},"schema":{"@context":"https:\/\/schema.org","@graph":[{"@type":"WebPage","@id":"https:\/\/wellstore.online\/et\/toode-2\/maxsafe-uuendatud\/","url":"https:\/\/wellstore.online\/et\/toode-2\/maxsafe-uuendatud\/","name":"maxsafe\u00ae - WellStore ONLINE","isPartOf":{"@id":"https:\/\/wellstore.online\/#website"},"primaryImageOfPage":{"@id":"https:\/\/wellstore.online\/et\/toode-2\/maxsafe-uuendatud\/#primaryimage"},"image":{"@id":"https:\/\/wellstore.online\/et\/toode-2\/maxsafe-uuendatud\/#primaryimage"},"thumbnailUrl":"https:\/\/wellstore.online\/wp-content\/uploads\/2023\/09\/gh_rokas.jpg","datePublished":"2023-09-05T08:47:05+00:00","dateModified":"2025-10-15T05:27:41+00:00","breadcrumb":{"@id":"https:\/\/wellstore.online\/et\/toode-2\/maxsafe-uuendatud\/#breadcrumb"},"inLanguage":"lt-LT","potentialAction":[{"@type":"ReadAction","target":["https:\/\/wellstore.online\/et\/toode-2\/maxsafe-uuendatud\/"]}]},{"@type":"ImageObject","inLanguage":"lt-LT","@id":"https:\/\/wellstore.online\/et\/toode-2\/maxsafe-uuendatud\/#primaryimage","url":"https:\/\/wellstore.online\/wp-content\/uploads\/2023\/09\/gh_rokas.jpg","contentUrl":"https:\/\/wellstore.online\/wp-content\/uploads\/2023\/09\/gh_rokas.jpg","width":800,"height":800},{"@type":"BreadcrumbList","@id":"https:\/\/wellstore.online\/et\/toode-2\/maxsafe-uuendatud\/#breadcrumb","itemListElement":[{"@type":"ListItem","position":1,"name":"Home","item":"https:\/\/wellstore.online\/"},{"@type":"ListItem","position":2,"name":"Shop","item":"https:\/\/wellstore.online\/sv\/butik\/"},{"@type":"ListItem","position":3,"name":"maxsafe\u00ae"}]},{"@type":"WebSite","@id":"https:\/\/wellstore.online\/#website","url":"https:\/\/wellstore.online\/","name":"\"WellStore ONLINE","description":"","potentialAction":[{"@type":"SearchAction","target":{"@type":"EntryPoint","urlTemplate":"https:\/\/wellstore.online\/?s={search_term_string}"},"query-input":{"@type":"PropertyValueSpecification","valueRequired":true,"valueName":"search_term_string"}}],"inLanguage":"lt-LT"}]}},"_links":{"self":[{"href":"https:\/\/wellstore.online\/lt\/wp-json\/wp\/v2\/product\/18338","targetHints":{"allow":["GET"]}}],"collection":[{"href":"https:\/\/wellstore.online\/lt\/wp-json\/wp\/v2\/product"}],"about":[{"href":"https:\/\/wellstore.online\/lt\/wp-json\/wp\/v2\/types\/product"}],"version-history":[{"count":0,"href":"https:\/\/wellstore.online\/lt\/wp-json\/wp\/v2\/product\/18338\/revisions"}],"wp:featuredmedia":[{"embeddable":true,"href":"https:\/\/wellstore.online\/lt\/wp-json\/wp\/v2\/media\/18288"}],"wp:attachment":[{"href":"https:\/\/wellstore.online\/lt\/wp-json\/wp\/v2\/media?parent=18338"}],"wp:term":[{"taxonomy":"product_brand","embeddable":true,"href":"https:\/\/wellstore.online\/lt\/wp-json\/wp\/v2\/product_brand?post=18338"},{"taxonomy":"product_cat","embeddable":true,"href":"https:\/\/wellstore.online\/lt\/wp-json\/wp\/v2\/product_cat?post=18338"},{"taxonomy":"product_tag","embeddable":true,"href":"https:\/\/wellstore.online\/lt\/wp-json\/wp\/v2\/product_tag?post=18338"}],"curies":[{"name":"wp","href":"https:\/\/api.w.org\/{rel}","templated":true}]}}