{"id":6784,"date":"2022-09-21T14:36:53","date_gmt":"2022-09-21T11:36:53","guid":{"rendered":"http:\/\/box2520.temp.domains\/~wellstor\/?post_type=product&#038;p=6784"},"modified":"2023-01-04T22:13:40","modified_gmt":"2023-01-04T20:13:40","slug":"duru-apsauga","status":"publish","type":"product","link":"https:\/\/wellstore.online\/lt\/produktas-2\/duru-apsauga\/","title":{"rendered":"Dur\u0173 apsauga"},"content":{"rendered":"<p><strong>Door GUARD instaliacija u\u017etrunka vos kelias minutes ir u\u017etikrina tobul\u0105 j\u016bs\u0173 turto ir \u0161eimos apsaug\u0105!<\/strong><\/p>\n<p><strong>Funkcijos:<\/strong><\/p>\n<p class=\" translation-block\"><strong>GARSI SIGNALIZACIJA<\/strong>, kuri\u0105 gird\u0117site j\u016bs, \u012fsilau\u017e\u0117lis ir artimiausi kaimynai. \u0160i\u0105 i\u0161jungti galite tik j\u016bs nuotolinio valdymo pulto b\u016bdu, nes \u010dia n\u0117ra instaliuota jokio jungiklio.<\/p>\n<p class=\" translation-block\"><strong>DUR\u0172 SKAMBUTIS<\/strong>  \u2013 maloniu garsu \u012fsp\u0117ja jus apie kaskart atidaromas duris.<\/p>\n<p class=\" translation-block\"><strong>SOS mygtukas<\/strong> \u2013 jei b\u016btina, garsi signalizacija gali b\u016bti aktyvuota rankiniu b\u016bdu su nuotoliniu valdymo pultu. (pavyzd\u017eiui, nepaisant d\u0117l aptiktos gr\u0117sm\u0117s, signalizacija nesuveik\u0117)<\/p>\n<p class=\" translation-block\"><strong>Veikimo principai:<\/strong><br>\nVeikimas yra itin paprastas \u2013 atsidarius durims ar langams (nutr\u016bksta magnetin\u0117 grandin\u0117 su pagrindu ir magnetiniu jutikliu) i\u0161girsite gars\u0173 ir tvinksint\u012f gars\u0105.<br>\nSignalizacija gali b\u016bti aktyvuota arba deaktyvuota naudojant nuotolinio valdymo pult\u0105 (veikimo diapazonas apytiksliai 60 metr\u0173).<br>\nBaterija veikia 1-2 metus ir garantuoja labai ma\u017e\u0105 energijos sunaudojim\u0105!<br>\n\u0160i\u0105 signalizacij\u0105 galite pasiimti su savimi keliaujant, nes ji lengvai prikabinama ir nuimama nuo apsaugini\u0173 lang\u0173\/dur\u0173 var\u010di\u0173.\nViename nuotolinio valdymo pulte galima lengvai u\u017eprogramuoti iki 50 signalizacij\u0173 bazi\u0173. Prie vienos baz\u0117s galima prijungti iki 8 nuotolinio valdymo pult\u0173.<\/p>\n<p class=\" translation-block\"><strong>Technin\u0117 informacija:<\/strong><br>\nMed\u017eiaga: ABS plastikas<br>\nMaitinimas: 2x AAA tipo baterijos \u2013 neprid\u0117tos (garantuojama, kad veiks iki 12 m\u0117nesi\u0173)<br>\nNuotolinio valdymo pulto maitinimas: 12V\/27A \u0161armin\u0117 baterija (veikia apie 2 metus)<br>\nVeikimo temperat\u016bra: -20 ~ +60 \u2103<br>\nMaksimali dr\u0117gm\u0117: R\/H &lt;80%<br>\nSertifikatas: CE<\/p>","protected":false},"excerpt":{"rendered":"<p>Signalizacija su nuotoliniu valdymu<\/p>","protected":false},"featured_media":6785,"template":"","meta":[],"product_brand":[],"product_cat":[55,71],"product_tag":[],"class_list":{"0":"post-6784","1":"product","2":"type-product","3":"status-publish","4":"has-post-thumbnail","6":"product_cat-household","7":"product_cat-gadgets","9":"first","10":"instock","11":"shipping-taxable","12":"purchasable","13":"product-type-simple"},"yoast_head":"<!-- This site is optimized with the Yoast SEO Premium plugin v26.3 (Yoast SEO v26.3) - https:\/\/yoast.com\/wordpress\/plugins\/seo\/ -->\n<title>Door GUARD - WellStore ONLINE<\/title>\n<meta name=\"robots\" content=\"index, follow, max-snippet:-1, max-image-preview:large, max-video-preview:-1\" \/>\n<link rel=\"canonical\" href=\"https:\/\/wellstore.online\/lt\/produktas-2\/duru-apsauga\/\" \/>\n<meta property=\"og:locale\" content=\"lt_LT\" \/>\n<meta property=\"og:type\" content=\"article\" \/>\n<meta property=\"og:title\" content=\"Door GUARD\" \/>\n<meta property=\"og:description\" content=\"Bezvadu signaliz\u0101cija ar t\u0101lvad\u012bbas pulti\" \/>\n<meta property=\"og:url\" content=\"https:\/\/wellstore.online\/lt\/produktas-2\/duru-apsauga\/\" \/>\n<meta property=\"og:site_name\" content=\"WellStore ONLINE\" \/>\n<meta property=\"article:modified_time\" content=\"2023-01-04T20:13:40+00:00\" \/>\n<meta property=\"og:image\" content=\"https:\/\/wellstore.online\/wp-content\/uploads\/2022\/09\/DoorGUARD.jpg\" \/>\n\t<meta property=\"og:image:width\" content=\"800\" \/>\n\t<meta property=\"og:image:height\" content=\"800\" \/>\n\t<meta property=\"og:image:type\" content=\"image\/jpeg\" \/>\n<meta name=\"twitter:card\" content=\"summary_large_image\" \/>\n<meta name=\"twitter:label1\" content=\"Est. reading time\" \/>\n\t<meta name=\"twitter:data1\" content=\"1 minut\u0117\" \/>\n<script type=\"application\/ld+json\" class=\"yoast-schema-graph\">{\"@context\":\"https:\/\/schema.org\",\"@graph\":[{\"@type\":\"WebPage\",\"@id\":\"https:\/\/wellstore.online\/product\/doorguard\/\",\"url\":\"https:\/\/wellstore.online\/product\/doorguard\/\",\"name\":\"Door GUARD - WellStore ONLINE\",\"isPartOf\":{\"@id\":\"https:\/\/wellstore.online\/#website\"},\"primaryImageOfPage\":{\"@id\":\"https:\/\/wellstore.online\/product\/doorguard\/#primaryimage\"},\"image\":{\"@id\":\"https:\/\/wellstore.online\/product\/doorguard\/#primaryimage\"},\"thumbnailUrl\":\"https:\/\/wellstore.online\/wp-content\/uploads\/2022\/09\/DoorGUARD.jpg\",\"datePublished\":\"2022-09-21T11:36:53+00:00\",\"dateModified\":\"2023-01-04T20:13:40+00:00\",\"breadcrumb\":{\"@id\":\"https:\/\/wellstore.online\/product\/doorguard\/#breadcrumb\"},\"inLanguage\":\"lt-LT\",\"potentialAction\":[{\"@type\":\"ReadAction\",\"target\":[\"https:\/\/wellstore.online\/product\/doorguard\/\"]}]},{\"@type\":\"ImageObject\",\"inLanguage\":\"lt-LT\",\"@id\":\"https:\/\/wellstore.online\/product\/doorguard\/#primaryimage\",\"url\":\"https:\/\/wellstore.online\/wp-content\/uploads\/2022\/09\/DoorGUARD.jpg\",\"contentUrl\":\"https:\/\/wellstore.online\/wp-content\/uploads\/2022\/09\/DoorGUARD.jpg\",\"width\":800,\"height\":800},{\"@type\":\"BreadcrumbList\",\"@id\":\"https:\/\/wellstore.online\/product\/doorguard\/#breadcrumb\",\"itemListElement\":[{\"@type\":\"ListItem\",\"position\":1,\"name\":\"Home\",\"item\":\"https:\/\/wellstore.online\/\"},{\"@type\":\"ListItem\",\"position\":2,\"name\":\"Shop\",\"item\":\"https:\/\/wellstore.online\/sv\/butik\/\"},{\"@type\":\"ListItem\",\"position\":3,\"name\":\"Door GUARD\"}]},{\"@type\":\"WebSite\",\"@id\":\"https:\/\/wellstore.online\/#website\",\"url\":\"https:\/\/wellstore.online\/\",\"name\":\"WellStore ONLINE\",\"description\":\"\",\"potentialAction\":[{\"@type\":\"SearchAction\",\"target\":{\"@type\":\"EntryPoint\",\"urlTemplate\":\"https:\/\/wellstore.online\/?s={search_term_string}\"},\"query-input\":{\"@type\":\"PropertyValueSpecification\",\"valueRequired\":true,\"valueName\":\"search_term_string\"}}],\"inLanguage\":\"lt-LT\"}]}<\/script>\n<!-- \/ Yoast SEO Premium plugin. -->","yoast_head_json":{"title":"Dur\u0173 apsauga - \"WellStore ONLINE","robots":{"index":"index","follow":"follow","max-snippet":"max-snippet:-1","max-image-preview":"max-image-preview:large","max-video-preview":"max-video-preview:-1"},"canonical":"https:\/\/wellstore.online\/lt\/produktas-2\/duru-apsauga\/","og_locale":"lt_LT","og_type":"article","og_title":"Door GUARD","og_description":"Bezvadu signaliz\u0101cija ar t\u0101lvad\u012bbas pulti","og_url":"https:\/\/wellstore.online\/lt\/produktas-2\/duru-apsauga\/","og_site_name":"WellStore ONLINE","article_modified_time":"2023-01-04T20:13:40+00:00","og_image":[{"width":800,"height":800,"url":"https:\/\/wellstore.online\/wp-content\/uploads\/2022\/09\/DoorGUARD.jpg","type":"image\/jpeg"}],"twitter_card":"summary_large_image","twitter_misc":{"Est. reading time":"1 minut\u0117"},"schema":{"@context":"https:\/\/schema.org","@graph":[{"@type":"WebPage","@id":"https:\/\/wellstore.online\/product\/doorguard\/","url":"https:\/\/wellstore.online\/product\/doorguard\/","name":"Dur\u0173 apsauga - \"WellStore ONLINE","isPartOf":{"@id":"https:\/\/wellstore.online\/#website"},"primaryImageOfPage":{"@id":"https:\/\/wellstore.online\/product\/doorguard\/#primaryimage"},"image":{"@id":"https:\/\/wellstore.online\/product\/doorguard\/#primaryimage"},"thumbnailUrl":"https:\/\/wellstore.online\/wp-content\/uploads\/2022\/09\/DoorGUARD.jpg","datePublished":"2022-09-21T11:36:53+00:00","dateModified":"2023-01-04T20:13:40+00:00","breadcrumb":{"@id":"https:\/\/wellstore.online\/product\/doorguard\/#breadcrumb"},"inLanguage":"lt-LT","potentialAction":[{"@type":"ReadAction","target":["https:\/\/wellstore.online\/product\/doorguard\/"]}]},{"@type":"ImageObject","inLanguage":"lt-LT","@id":"https:\/\/wellstore.online\/product\/doorguard\/#primaryimage","url":"https:\/\/wellstore.online\/wp-content\/uploads\/2022\/09\/DoorGUARD.jpg","contentUrl":"https:\/\/wellstore.online\/wp-content\/uploads\/2022\/09\/DoorGUARD.jpg","width":800,"height":800},{"@type":"BreadcrumbList","@id":"https:\/\/wellstore.online\/product\/doorguard\/#breadcrumb","itemListElement":[{"@type":"ListItem","position":1,"name":"Home","item":"https:\/\/wellstore.online\/"},{"@type":"ListItem","position":2,"name":"Shop","item":"https:\/\/wellstore.online\/sv\/butik\/"},{"@type":"ListItem","position":3,"name":"Door GUARD"}]},{"@type":"WebSite","@id":"https:\/\/wellstore.online\/#website","url":"https:\/\/wellstore.online\/","name":"\"WellStore ONLINE","description":"","potentialAction":[{"@type":"SearchAction","target":{"@type":"EntryPoint","urlTemplate":"https:\/\/wellstore.online\/?s={search_term_string}"},"query-input":{"@type":"PropertyValueSpecification","valueRequired":true,"valueName":"search_term_string"}}],"inLanguage":"lt-LT"}]}},"_links":{"self":[{"href":"https:\/\/wellstore.online\/lt\/wp-json\/wp\/v2\/product\/6784","targetHints":{"allow":["GET"]}}],"collection":[{"href":"https:\/\/wellstore.online\/lt\/wp-json\/wp\/v2\/product"}],"about":[{"href":"https:\/\/wellstore.online\/lt\/wp-json\/wp\/v2\/types\/product"}],"version-history":[{"count":0,"href":"https:\/\/wellstore.online\/lt\/wp-json\/wp\/v2\/product\/6784\/revisions"}],"wp:featuredmedia":[{"embeddable":true,"href":"https:\/\/wellstore.online\/lt\/wp-json\/wp\/v2\/media\/6785"}],"wp:attachment":[{"href":"https:\/\/wellstore.online\/lt\/wp-json\/wp\/v2\/media?parent=6784"}],"wp:term":[{"taxonomy":"product_brand","embeddable":true,"href":"https:\/\/wellstore.online\/lt\/wp-json\/wp\/v2\/product_brand?post=6784"},{"taxonomy":"product_cat","embeddable":true,"href":"https:\/\/wellstore.online\/lt\/wp-json\/wp\/v2\/product_cat?post=6784"},{"taxonomy":"product_tag","embeddable":true,"href":"https:\/\/wellstore.online\/lt\/wp-json\/wp\/v2\/product_tag?post=6784"}],"curies":[{"name":"wp","href":"https:\/\/api.w.org\/{rel}","templated":true}]}}