{"id":6839,"date":"2022-09-21T15:23:51","date_gmt":"2022-09-21T12:23:51","guid":{"rendered":"http:\/\/box2520.temp.domains\/~wellstor\/?post_type=product&#038;p=6839"},"modified":"2024-09-24T18:23:09","modified_gmt":"2024-09-24T15:23:09","slug":"rainkit-batus","status":"publish","type":"product","link":"https:\/\/wellstore.online\/lt\/produktas-2\/rainkit-batus\/","title":{"rendered":"Rainkit batai"},"content":{"rendered":"<p><strong>\u0160is prakti\u0161kas i\u0161radimas, kuris labai naudingas norint apsaugoti batus lietingomis dienomis, neleis batams su\u0161lapti ir i\u0161sipurvinti. <\/strong><\/p>\n<p>Be to, j\u016bs galite juos pasiimti su savimi visur, kur einate, nes jo ki\u0161eninis dizainas saugo erdv\u0119.<\/p>\n<p><strong>Tiesiog \u012fsid\u0117kite j\u012f \u012f ki\u0161en\u0119 ir naudokit\u0117s, kai prireiks!<\/strong><\/p>\n<p>&nbsp;<\/p>\n<p class=\" translation-block\"><strong>Technin\u0117 informacija:<\/strong><br>\nPagaminta i\u0161 PVC<br>\nTinka sportba\u010diams, bateliams, auliniams batams<br>\nDaugkartinio naudojimo (lengvas valymas vandeniu)<br>\nNeslystantis padas<br>\nU\u017esegamas u\u017etrauktukas, kad b\u016bt\u0173 lengviau naudoti<br>\nElastin\u0117 guma su mygtuku ant vir\u0161utinio ratlankio<br>\nAuk\u0161tis: 37cm<br>\nPado ilgis: 28 cm (S\/M)<br>\nDyd\u017eiai: S\/M (36-39)<br>\nKi\u0161eninis dizainas (u\u017eima ma\u017eai vietos, galite sulankstyti ir \u012fd\u0117ti \u012f ki\u0161en\u0119 ar kuprin\u0119)<\/p>","protected":false},"excerpt":{"rendered":"<p>Neper\u0161lampamas bat\u0173 apdangalas<\/p>","protected":false},"featured_media":6843,"template":"","meta":[],"product_brand":[],"product_cat":[70,69,47],"product_tag":[],"class_list":{"0":"post-6839","1":"product","2":"type-product","3":"status-publish","4":"has-post-thumbnail","6":"product_cat-children","7":"product_cat-women","8":"product_cat-men","10":"first","11":"instock","12":"shipping-taxable","13":"purchasable","14":"product-type-simple"},"yoast_head":"<!-- This site is optimized with the Yoast SEO Premium plugin v26.3 (Yoast SEO v26.3) - https:\/\/yoast.com\/wordpress\/plugins\/seo\/ -->\n<title>Rainkit Boots - WellStore ONLINE<\/title>\n<meta name=\"robots\" content=\"index, follow, max-snippet:-1, max-image-preview:large, max-video-preview:-1\" \/>\n<link rel=\"canonical\" href=\"https:\/\/wellstore.online\/lt\/produktas-2\/rainkit-batus\/\" \/>\n<meta property=\"og:locale\" content=\"lt_LT\" \/>\n<meta property=\"og:type\" content=\"article\" \/>\n<meta property=\"og:title\" content=\"Rainkit Boots\" \/>\n<meta property=\"og:description\" content=\"Apavu sargi pret \u0113rc\u0113m, dub\u013ciem un lietu\" \/>\n<meta property=\"og:url\" content=\"https:\/\/wellstore.online\/lt\/produktas-2\/rainkit-batus\/\" \/>\n<meta property=\"og:site_name\" content=\"WellStore ONLINE\" \/>\n<meta property=\"article:modified_time\" content=\"2024-09-24T15:23:09+00:00\" \/>\n<meta property=\"og:image\" content=\"https:\/\/wellstore.online\/wp-content\/uploads\/2022\/09\/Rainkit-Boots.jpg\" \/>\n\t<meta property=\"og:image:width\" content=\"600\" \/>\n\t<meta property=\"og:image:height\" content=\"600\" \/>\n\t<meta property=\"og:image:type\" content=\"image\/jpeg\" \/>\n<meta name=\"twitter:card\" content=\"summary_large_image\" \/>\n<meta name=\"twitter:label1\" content=\"Est. reading time\" \/>\n\t<meta name=\"twitter:data1\" content=\"1 minut\u0117\" \/>\n<script type=\"application\/ld+json\" class=\"yoast-schema-graph\">{\"@context\":\"https:\/\/schema.org\",\"@graph\":[{\"@type\":\"WebPage\",\"@id\":\"https:\/\/wellstore.online\/lt\/produktas-2\/rainkit-batus\/\",\"url\":\"https:\/\/wellstore.online\/lt\/produktas-2\/rainkit-batus\/\",\"name\":\"Rainkit Boots - WellStore ONLINE\",\"isPartOf\":{\"@id\":\"https:\/\/wellstore.online\/#website\"},\"primaryImageOfPage\":{\"@id\":\"https:\/\/wellstore.online\/lt\/produktas-2\/rainkit-batus\/#primaryimage\"},\"image\":{\"@id\":\"https:\/\/wellstore.online\/lt\/produktas-2\/rainkit-batus\/#primaryimage\"},\"thumbnailUrl\":\"https:\/\/wellstore.online\/wp-content\/uploads\/2022\/09\/Rainkit-Boots.jpg\",\"datePublished\":\"2022-09-21T12:23:51+00:00\",\"dateModified\":\"2024-09-24T15:23:09+00:00\",\"breadcrumb\":{\"@id\":\"https:\/\/wellstore.online\/lt\/produktas-2\/rainkit-batus\/#breadcrumb\"},\"inLanguage\":\"lt-LT\",\"potentialAction\":[{\"@type\":\"ReadAction\",\"target\":[\"https:\/\/wellstore.online\/lt\/produktas-2\/rainkit-batus\/\"]}]},{\"@type\":\"ImageObject\",\"inLanguage\":\"lt-LT\",\"@id\":\"https:\/\/wellstore.online\/lt\/produktas-2\/rainkit-batus\/#primaryimage\",\"url\":\"https:\/\/wellstore.online\/wp-content\/uploads\/2022\/09\/Rainkit-Boots.jpg\",\"contentUrl\":\"https:\/\/wellstore.online\/wp-content\/uploads\/2022\/09\/Rainkit-Boots.jpg\",\"width\":600,\"height\":600},{\"@type\":\"BreadcrumbList\",\"@id\":\"https:\/\/wellstore.online\/lt\/produktas-2\/rainkit-batus\/#breadcrumb\",\"itemListElement\":[{\"@type\":\"ListItem\",\"position\":1,\"name\":\"Home\",\"item\":\"https:\/\/wellstore.online\/\"},{\"@type\":\"ListItem\",\"position\":2,\"name\":\"Shop\",\"item\":\"https:\/\/wellstore.online\/sv\/butik\/\"},{\"@type\":\"ListItem\",\"position\":3,\"name\":\"Rainkit Boots\"}]},{\"@type\":\"WebSite\",\"@id\":\"https:\/\/wellstore.online\/#website\",\"url\":\"https:\/\/wellstore.online\/\",\"name\":\"WellStore ONLINE\",\"description\":\"\",\"potentialAction\":[{\"@type\":\"SearchAction\",\"target\":{\"@type\":\"EntryPoint\",\"urlTemplate\":\"https:\/\/wellstore.online\/?s={search_term_string}\"},\"query-input\":{\"@type\":\"PropertyValueSpecification\",\"valueRequired\":true,\"valueName\":\"search_term_string\"}}],\"inLanguage\":\"lt-LT\"}]}<\/script>\n<!-- \/ Yoast SEO Premium plugin. -->","yoast_head_json":{"title":"\"Rainkit\" batai - \"WellStore ONLINE","robots":{"index":"index","follow":"follow","max-snippet":"max-snippet:-1","max-image-preview":"max-image-preview:large","max-video-preview":"max-video-preview:-1"},"canonical":"https:\/\/wellstore.online\/lt\/produktas-2\/rainkit-batus\/","og_locale":"lt_LT","og_type":"article","og_title":"Rainkit Boots","og_description":"Apavu sargi pret \u0113rc\u0113m, dub\u013ciem un lietu","og_url":"https:\/\/wellstore.online\/lt\/produktas-2\/rainkit-batus\/","og_site_name":"WellStore ONLINE","article_modified_time":"2024-09-24T15:23:09+00:00","og_image":[{"width":600,"height":600,"url":"https:\/\/wellstore.online\/wp-content\/uploads\/2022\/09\/Rainkit-Boots.jpg","type":"image\/jpeg"}],"twitter_card":"summary_large_image","twitter_misc":{"Est. reading time":"1 minut\u0117"},"schema":{"@context":"https:\/\/schema.org","@graph":[{"@type":"WebPage","@id":"https:\/\/wellstore.online\/lt\/produktas-2\/rainkit-batus\/","url":"https:\/\/wellstore.online\/lt\/produktas-2\/rainkit-batus\/","name":"\"Rainkit\" batai - \"WellStore ONLINE","isPartOf":{"@id":"https:\/\/wellstore.online\/#website"},"primaryImageOfPage":{"@id":"https:\/\/wellstore.online\/lt\/produktas-2\/rainkit-batus\/#primaryimage"},"image":{"@id":"https:\/\/wellstore.online\/lt\/produktas-2\/rainkit-batus\/#primaryimage"},"thumbnailUrl":"https:\/\/wellstore.online\/wp-content\/uploads\/2022\/09\/Rainkit-Boots.jpg","datePublished":"2022-09-21T12:23:51+00:00","dateModified":"2024-09-24T15:23:09+00:00","breadcrumb":{"@id":"https:\/\/wellstore.online\/lt\/produktas-2\/rainkit-batus\/#breadcrumb"},"inLanguage":"lt-LT","potentialAction":[{"@type":"ReadAction","target":["https:\/\/wellstore.online\/lt\/produktas-2\/rainkit-batus\/"]}]},{"@type":"ImageObject","inLanguage":"lt-LT","@id":"https:\/\/wellstore.online\/lt\/produktas-2\/rainkit-batus\/#primaryimage","url":"https:\/\/wellstore.online\/wp-content\/uploads\/2022\/09\/Rainkit-Boots.jpg","contentUrl":"https:\/\/wellstore.online\/wp-content\/uploads\/2022\/09\/Rainkit-Boots.jpg","width":600,"height":600},{"@type":"BreadcrumbList","@id":"https:\/\/wellstore.online\/lt\/produktas-2\/rainkit-batus\/#breadcrumb","itemListElement":[{"@type":"ListItem","position":1,"name":"Home","item":"https:\/\/wellstore.online\/"},{"@type":"ListItem","position":2,"name":"Shop","item":"https:\/\/wellstore.online\/sv\/butik\/"},{"@type":"ListItem","position":3,"name":"Rainkit Boots"}]},{"@type":"WebSite","@id":"https:\/\/wellstore.online\/#website","url":"https:\/\/wellstore.online\/","name":"\"WellStore ONLINE","description":"","potentialAction":[{"@type":"SearchAction","target":{"@type":"EntryPoint","urlTemplate":"https:\/\/wellstore.online\/?s={search_term_string}"},"query-input":{"@type":"PropertyValueSpecification","valueRequired":true,"valueName":"search_term_string"}}],"inLanguage":"lt-LT"}]}},"_links":{"self":[{"href":"https:\/\/wellstore.online\/lt\/wp-json\/wp\/v2\/product\/6839","targetHints":{"allow":["GET"]}}],"collection":[{"href":"https:\/\/wellstore.online\/lt\/wp-json\/wp\/v2\/product"}],"about":[{"href":"https:\/\/wellstore.online\/lt\/wp-json\/wp\/v2\/types\/product"}],"version-history":[{"count":0,"href":"https:\/\/wellstore.online\/lt\/wp-json\/wp\/v2\/product\/6839\/revisions"}],"wp:featuredmedia":[{"embeddable":true,"href":"https:\/\/wellstore.online\/lt\/wp-json\/wp\/v2\/media\/6843"}],"wp:attachment":[{"href":"https:\/\/wellstore.online\/lt\/wp-json\/wp\/v2\/media?parent=6839"}],"wp:term":[{"taxonomy":"product_brand","embeddable":true,"href":"https:\/\/wellstore.online\/lt\/wp-json\/wp\/v2\/product_brand?post=6839"},{"taxonomy":"product_cat","embeddable":true,"href":"https:\/\/wellstore.online\/lt\/wp-json\/wp\/v2\/product_cat?post=6839"},{"taxonomy":"product_tag","embeddable":true,"href":"https:\/\/wellstore.online\/lt\/wp-json\/wp\/v2\/product_tag?post=6839"}],"curies":[{"name":"wp","href":"https:\/\/api.w.org\/{rel}","templated":true}]}}