{"id":12138,"date":"2023-01-01T21:32:30","date_gmt":"2023-01-01T19:32:30","guid":{"rendered":"https:\/\/wellstore.online\/?page_id=12138"},"modified":"2025-10-14T18:05:49","modified_gmt":"2025-10-14T15:05:49","slug":"om","status":"publish","type":"page","link":"https:\/\/wellstore.online\/sv\/om\/","title":{"rendered":"Om oss"},"content":{"rendered":"<div data-elementor-type=\"wp-page\" data-elementor-id=\"12138\" class=\"elementor elementor-12138\" data-elementor-post-type=\"page\">\n\t\t\t\t\t\t<section class=\"elementor-section elementor-top-section elementor-element elementor-element-d5d403a elementor-section-boxed elementor-section-height-default elementor-section-height-default\" data-id=\"d5d403a\" data-element_type=\"section\">\n\t\t\t\t\t\t<div class=\"elementor-container elementor-column-gap-default\">\n\t\t\t\t\t<div class=\"elementor-column elementor-col-50 elementor-top-column elementor-element elementor-element-8717bf4\" data-id=\"8717bf4\" data-element_type=\"column\">\n\t\t\t<div class=\"elementor-widget-wrap elementor-element-populated\">\n\t\t\t\t\t\t<div class=\"elementor-element elementor-element-e094063 elementor-widget elementor-widget-heading\" data-id=\"e094063\" data-element_type=\"widget\" data-widget_type=\"heading.default\">\n\t\t\t\t<div class=\"elementor-widget-container\">\n\t\t\t\t\t<h2 class=\"elementor-heading-title elementor-size-default\">Om oss<\/h2>\t\t\t\t<\/div>\n\t\t\t\t<\/div>\n\t\t\t\t<div class=\"elementor-element elementor-element-96bf875 elementor-widget elementor-widget-text-editor\" data-id=\"96bf875\" data-element_type=\"widget\" data-widget_type=\"text-editor.default\">\n\t\t\t\t<div class=\"elementor-widget-container\">\n\t\t\t\t\t\t\t\t\t<p>Wellstore.online f\u00f6ddes 2016 ur id\u00e9n att online-shopping ska f\u00f6rvandlas till en positiv, avkopplande och uppmuntrande upplevelse. Det \u00e4r d\u00e4rf\u00f6r vi \u00e4r 100% fokuserade p\u00e5 v\u00e5ra kunder, framf\u00f6r allt p\u00e5 kundn\u00f6jdhet och s\u00e4kerhet n\u00e4r du handlar. Vi tror att det \u00e4r detta tillv\u00e4gag\u00e5ngss\u00e4tt som har gjort det m\u00f6jligt f\u00f6r oss att bli ett framg\u00e5ngsrikt f\u00f6retag som upplever kontinuerlig tillv\u00e4xt.<\/p>\t\t\t\t\t\t\t\t<\/div>\n\t\t\t\t<\/div>\n\t\t\t\t<div class=\"elementor-element elementor-element-5b7cf85 elementor-widget elementor-widget-image\" data-id=\"5b7cf85\" data-element_type=\"widget\" data-widget_type=\"image.default\">\n\t\t\t\t<div class=\"elementor-widget-container\">\n\t\t\t\t\t\t\t\t\t\t\t\t\t\t\t<img fetchpriority=\"high\" decoding=\"async\" width=\"600\" height=\"395\" src=\"https:\/\/wellstore.online\/wp-content\/uploads\/2025\/10\/fullfillment.jpg\" class=\"attachment-large size-large wp-image-20293\" alt=\"Wellstore\" srcset=\"https:\/\/wellstore.online\/wp-content\/uploads\/2025\/10\/fullfillment.jpg.webp 600w, https:\/\/wellstore.online\/wp-content\/uploads\/2025\/10\/fullfillment-510x336.jpg.webp 510w\" sizes=\"(max-width: 600px) 100vw, 600px\" \/>\t\t\t\t\t\t\t\t\t\t\t\t\t\t\t<\/div>\n\t\t\t\t<\/div>\n\t\t\t\t\t<\/div>\n\t\t<\/div>\n\t\t\t\t<div class=\"elementor-column elementor-col-50 elementor-top-column elementor-element elementor-element-97e2984\" data-id=\"97e2984\" data-element_type=\"column\">\n\t\t\t<div class=\"elementor-widget-wrap elementor-element-populated\">\n\t\t\t\t\t\t<div class=\"elementor-element elementor-element-9cb7993 elementor-widget elementor-widget-image\" data-id=\"9cb7993\" data-element_type=\"widget\" data-widget_type=\"image.default\">\n\t\t\t\t<div class=\"elementor-widget-container\">\n\t\t\t\t\t\t\t\t\t\t\t\t\t\t\t<img decoding=\"async\" width=\"600\" height=\"400\" src=\"https:\/\/wellstore.online\/wp-content\/uploads\/2025\/10\/wellstore_team.jpg\" class=\"attachment-large size-large wp-image-20292\" alt=\"Wellstore\" srcset=\"https:\/\/wellstore.online\/wp-content\/uploads\/2025\/10\/wellstore_team.jpg.webp 600w, https:\/\/wellstore.online\/wp-content\/uploads\/2025\/10\/wellstore_team-510x340.jpg.webp 510w\" sizes=\"(max-width: 600px) 100vw, 600px\" \/>\t\t\t\t\t\t\t\t\t\t\t\t\t\t\t<\/div>\n\t\t\t\t<\/div>\n\t\t\t\t<div class=\"elementor-element elementor-element-726a0ac elementor-widget elementor-widget-text-editor\" data-id=\"726a0ac\" data-element_type=\"widget\" data-widget_type=\"text-editor.default\">\n\t\t\t\t<div class=\"elementor-widget-container\">\n\t\t\t\t\t\t\t\t\t<p>Varje produkt som vi v\u00e4ljer ut, presenterar och erbjuder i v\u00e5r butik har ett m\u00e5l i sikte - att g\u00f6ra v\u00e5ra kunder n\u00f6jda och f\u00f6rb\u00e4ttra deras vardag. V\u00e5r butik vill erbjuda b\u00e4sta m\u00f6jliga shoppingupplevelse p\u00e5 n\u00e4tet. Det inneb\u00e4r ett mer intressant utbud av produkter, b\u00e4ttre leveransvillkor och naturligtvis priser som du inte hittar i n\u00e5gon annan butik. Det inneb\u00e4r stressfri och frustrationsfri shopping, att spara pengar och tid, att k\u00e4nna sig n\u00f6jd och trygg.<\/p><p>Vi arbetar st\u00e4ndigt med att f\u00f6rb\u00e4ttra v\u00e5r shoppingplattform f\u00f6r att s\u00e4kerst\u00e4lla en r\u00e4ttvis, transparent och modern shoppingupplevelse.<\/p>\t\t\t\t\t\t\t\t<\/div>\n\t\t\t\t<\/div>\n\t\t\t\t<div class=\"elementor-element elementor-element-521bedc elementor-align-center elementor-widget elementor-widget-button\" data-id=\"521bedc\" data-element_type=\"widget\" data-widget_type=\"button.default\">\n\t\t\t\t<div class=\"elementor-widget-container\">\n\t\t\t\t\t\t\t\t\t<div class=\"elementor-button-wrapper\">\n\t\t\t\t\t<a class=\"elementor-button elementor-button-link elementor-size-sm\" href=\"https:\/\/wellstore.online\/shop\/\">\n\t\t\t\t\t\t<span class=\"elementor-button-content-wrapper\">\n\t\t\t\t\t\t\t\t\t<span class=\"elementor-button-text\">till butiken<\/span>\n\t\t\t\t\t<\/span>\n\t\t\t\t\t<\/a>\n\t\t\t\t<\/div>\n\t\t\t\t\t\t\t\t<\/div>\n\t\t\t\t<\/div>\n\t\t\t\t\t<\/div>\n\t\t<\/div>\n\t\t\t\t\t<\/div>\n\t\t<\/section>\n\t\t\t\t<\/div>","protected":false},"excerpt":{"rendered":"<p>Par mums Interneta veikals Wellstore.online 2016. gad\u0101 rad\u0101s no idejas, ka iepirk\u0161anos internet\u0101 b\u016btu j\u0101p\u0101rveido pozit\u012bv\u0101, relaks\u0113jo\u0161\u0101 un iedro\u0161ino\u0161\u0101 noris\u0113. T\u0101d\u0113\u013c m\u0113s esam simtprocent\u012bgi orient\u0113ti uz saviem klientiem, pirmk\u0101rt, uz klientu apmierin\u0101t\u012bbu un dro\u0161\u012bbu iepirk\u0161an\u0101s laik\u0101. M\u0113s ticam, ka tie\u0161i \u0161\u012b pieeja ir \u013c\u0101vusi mums k\u013c\u016bt par veiksm\u012bgu uz\u0146\u0113mumu, kas piedz\u012bvo past\u0101v\u012bgu izaugsmi. Katrai precei, [&#8230;]","protected":false},"author":1,"featured_media":0,"parent":0,"menu_order":0,"comment_status":"closed","ping_status":"closed","template":"","meta":{"footnotes":""},"class_list":["post-12138","page","type-page","status-publish","hentry"],"yoast_head":"<!-- This site is optimized with the Yoast SEO Premium plugin v26.3 (Yoast SEO v26.3) - https:\/\/yoast.com\/wordpress\/plugins\/seo\/ -->\n<title>About US - WellStore ONLINE<\/title>\n<meta name=\"robots\" content=\"index, follow, max-snippet:-1, max-image-preview:large, max-video-preview:-1\" \/>\n<link rel=\"canonical\" href=\"https:\/\/wellstore.online\/sv\/om\/\" \/>\n<meta property=\"og:locale\" content=\"sv_SE\" \/>\n<meta property=\"og:type\" content=\"article\" \/>\n<meta property=\"og:title\" content=\"About US\" \/>\n<meta property=\"og:description\" content=\"Par mums Interneta veikals Wellstore.online 2016. gad\u0101 rad\u0101s no idejas, ka iepirk\u0161anos internet\u0101 b\u016btu j\u0101p\u0101rveido pozit\u012bv\u0101, relaks\u0113jo\u0161\u0101 un iedro\u0161ino\u0161\u0101 noris\u0113. T\u0101d\u0113\u013c m\u0113s esam simtprocent\u012bgi orient\u0113ti uz saviem klientiem, pirmk\u0101rt, uz klientu apmierin\u0101t\u012bbu un dro\u0161\u012bbu iepirk\u0161an\u0101s laik\u0101. M\u0113s ticam, ka tie\u0161i \u0161\u012b pieeja ir \u013c\u0101vusi mums k\u013c\u016bt par veiksm\u012bgu uz\u0146\u0113mumu, kas piedz\u012bvo past\u0101v\u012bgu izaugsmi. Katrai precei, [...]\" \/>\n<meta property=\"og:url\" content=\"https:\/\/wellstore.online\/sv\/om\/\" \/>\n<meta property=\"og:site_name\" content=\"WellStore ONLINE\" \/>\n<meta property=\"article:modified_time\" content=\"2025-10-14T15:05:49+00:00\" \/>\n<meta property=\"og:image\" content=\"https:\/\/wellstore.online\/wp-content\/uploads\/2025\/10\/fullfillment.jpg\" \/>\n<meta name=\"twitter:card\" content=\"summary_large_image\" \/>\n<meta name=\"twitter:label1\" content=\"Ber\u00e4knad l\u00e4stid\" \/>\n\t<meta name=\"twitter:data1\" content=\"1 minut\" \/>\n<script type=\"application\/ld+json\" class=\"yoast-schema-graph\">{\"@context\":\"https:\/\/schema.org\",\"@graph\":[{\"@type\":\"WebPage\",\"@id\":\"https:\/\/wellstore.online\/about\/\",\"url\":\"https:\/\/wellstore.online\/about\/\",\"name\":\"About US - WellStore ONLINE\",\"isPartOf\":{\"@id\":\"https:\/\/wellstore.online\/#website\"},\"primaryImageOfPage\":{\"@id\":\"https:\/\/wellstore.online\/about\/#primaryimage\"},\"image\":{\"@id\":\"https:\/\/wellstore.online\/about\/#primaryimage\"},\"thumbnailUrl\":\"https:\/\/wellstore.online\/wp-content\/uploads\/2025\/10\/fullfillment.jpg\",\"datePublished\":\"2023-01-01T19:32:30+00:00\",\"dateModified\":\"2025-10-14T15:05:49+00:00\",\"breadcrumb\":{\"@id\":\"https:\/\/wellstore.online\/about\/#breadcrumb\"},\"inLanguage\":\"sv-SE\",\"potentialAction\":[{\"@type\":\"ReadAction\",\"target\":[\"https:\/\/wellstore.online\/about\/\"]}]},{\"@type\":\"ImageObject\",\"inLanguage\":\"sv-SE\",\"@id\":\"https:\/\/wellstore.online\/about\/#primaryimage\",\"url\":\"https:\/\/wellstore.online\/wp-content\/uploads\/2025\/10\/fullfillment.jpg\",\"contentUrl\":\"https:\/\/wellstore.online\/wp-content\/uploads\/2025\/10\/fullfillment.jpg\"},{\"@type\":\"BreadcrumbList\",\"@id\":\"https:\/\/wellstore.online\/about\/#breadcrumb\",\"itemListElement\":[{\"@type\":\"ListItem\",\"position\":1,\"name\":\"Home\",\"item\":\"https:\/\/wellstore.online\/\"},{\"@type\":\"ListItem\",\"position\":2,\"name\":\"About US\"}]},{\"@type\":\"WebSite\",\"@id\":\"https:\/\/wellstore.online\/#website\",\"url\":\"https:\/\/wellstore.online\/\",\"name\":\"WellStore ONLINE\",\"description\":\"\",\"potentialAction\":[{\"@type\":\"SearchAction\",\"target\":{\"@type\":\"EntryPoint\",\"urlTemplate\":\"https:\/\/wellstore.online\/?s={search_term_string}\"},\"query-input\":{\"@type\":\"PropertyValueSpecification\",\"valueRequired\":true,\"valueName\":\"search_term_string\"}}],\"inLanguage\":\"sv-SE\"}]}<\/script>\n<!-- \/ Yoast SEO Premium plugin. -->","yoast_head_json":{"title":"Om oss - WellStore ONLINE","robots":{"index":"index","follow":"follow","max-snippet":"max-snippet:-1","max-image-preview":"max-image-preview:large","max-video-preview":"max-video-preview:-1"},"canonical":"https:\/\/wellstore.online\/sv\/om\/","og_locale":"sv_SE","og_type":"article","og_title":"About US","og_description":"Par mums Interneta veikals Wellstore.online 2016. gad\u0101 rad\u0101s no idejas, ka iepirk\u0161anos internet\u0101 b\u016btu j\u0101p\u0101rveido pozit\u012bv\u0101, relaks\u0113jo\u0161\u0101 un iedro\u0161ino\u0161\u0101 noris\u0113. T\u0101d\u0113\u013c m\u0113s esam simtprocent\u012bgi orient\u0113ti uz saviem klientiem, pirmk\u0101rt, uz klientu apmierin\u0101t\u012bbu un dro\u0161\u012bbu iepirk\u0161an\u0101s laik\u0101. M\u0113s ticam, ka tie\u0161i \u0161\u012b pieeja ir \u013c\u0101vusi mums k\u013c\u016bt par veiksm\u012bgu uz\u0146\u0113mumu, kas piedz\u012bvo past\u0101v\u012bgu izaugsmi. Katrai precei, [...]","og_url":"https:\/\/wellstore.online\/sv\/om\/","og_site_name":"WellStore ONLINE","article_modified_time":"2025-10-14T15:05:49+00:00","og_image":[{"url":"https:\/\/wellstore.online\/wp-content\/uploads\/2025\/10\/fullfillment.jpg","type":"","width":"","height":""}],"twitter_card":"summary_large_image","twitter_misc":{"Ber\u00e4knad l\u00e4stid":"1 minut"},"schema":{"@context":"https:\/\/schema.org","@graph":[{"@type":"WebPage","@id":"https:\/\/wellstore.online\/about\/","url":"https:\/\/wellstore.online\/about\/","name":"Om oss - WellStore ONLINE","isPartOf":{"@id":"https:\/\/wellstore.online\/#website"},"primaryImageOfPage":{"@id":"https:\/\/wellstore.online\/about\/#primaryimage"},"image":{"@id":"https:\/\/wellstore.online\/about\/#primaryimage"},"thumbnailUrl":"https:\/\/wellstore.online\/wp-content\/uploads\/2025\/10\/fullfillment.jpg","datePublished":"2023-01-01T19:32:30+00:00","dateModified":"2025-10-14T15:05:49+00:00","breadcrumb":{"@id":"https:\/\/wellstore.online\/about\/#breadcrumb"},"inLanguage":"sv-SE","potentialAction":[{"@type":"ReadAction","target":["https:\/\/wellstore.online\/about\/"]}]},{"@type":"ImageObject","inLanguage":"sv-SE","@id":"https:\/\/wellstore.online\/about\/#primaryimage","url":"https:\/\/wellstore.online\/wp-content\/uploads\/2025\/10\/fullfillment.jpg","contentUrl":"https:\/\/wellstore.online\/wp-content\/uploads\/2025\/10\/fullfillment.jpg"},{"@type":"BreadcrumbList","@id":"https:\/\/wellstore.online\/about\/#breadcrumb","itemListElement":[{"@type":"ListItem","position":1,"name":"Home","item":"https:\/\/wellstore.online\/"},{"@type":"ListItem","position":2,"name":"About US"}]},{"@type":"WebSite","@id":"https:\/\/wellstore.online\/#website","url":"https:\/\/wellstore.online\/","name":"WellStore ONLINE","description":"","potentialAction":[{"@type":"SearchAction","target":{"@type":"EntryPoint","urlTemplate":"https:\/\/wellstore.online\/?s={search_term_string}"},"query-input":{"@type":"PropertyValueSpecification","valueRequired":true,"valueName":"search_term_string"}}],"inLanguage":"sv-SE"}]}},"_links":{"self":[{"href":"https:\/\/wellstore.online\/sv\/wp-json\/wp\/v2\/pages\/12138","targetHints":{"allow":["GET"]}}],"collection":[{"href":"https:\/\/wellstore.online\/sv\/wp-json\/wp\/v2\/pages"}],"about":[{"href":"https:\/\/wellstore.online\/sv\/wp-json\/wp\/v2\/types\/page"}],"author":[{"embeddable":true,"href":"https:\/\/wellstore.online\/sv\/wp-json\/wp\/v2\/users\/1"}],"replies":[{"embeddable":true,"href":"https:\/\/wellstore.online\/sv\/wp-json\/wp\/v2\/comments?post=12138"}],"version-history":[{"count":0,"href":"https:\/\/wellstore.online\/sv\/wp-json\/wp\/v2\/pages\/12138\/revisions"}],"wp:attachment":[{"href":"https:\/\/wellstore.online\/sv\/wp-json\/wp\/v2\/media?parent=12138"}],"curies":[{"name":"wp","href":"https:\/\/api.w.org\/{rel}","templated":true}]}}