{"id":12169,"date":"2023-01-02T11:38:23","date_gmt":"2023-01-02T09:38:23","guid":{"rendered":"https:\/\/wellstore.online\/?page_id=12169"},"modified":"2025-10-14T20:44:37","modified_gmt":"2025-10-14T17:44:37","slug":"avkastning","status":"publish","type":"page","link":"https:\/\/wellstore.online\/sv\/avkastning\/","title":{"rendered":"RETURN\/REFUND"},"content":{"rendered":"<div data-elementor-type=\"wp-page\" data-elementor-id=\"12169\" class=\"elementor elementor-12169\" data-elementor-post-type=\"page\">\n\t\t\t\t\t\t<section class=\"elementor-section elementor-top-section elementor-element elementor-element-84e8408 elementor-section-boxed elementor-section-height-default elementor-section-height-default\" data-id=\"84e8408\" data-element_type=\"section\">\n\t\t\t\t\t\t<div class=\"elementor-container elementor-column-gap-default\">\n\t\t\t\t\t<div class=\"elementor-column elementor-col-100 elementor-top-column elementor-element elementor-element-d47f0df\" data-id=\"d47f0df\" data-element_type=\"column\">\n\t\t\t<div class=\"elementor-widget-wrap elementor-element-populated\">\n\t\t\t\t\t\t<div class=\"elementor-element elementor-element-77312f2 elementor-widget elementor-widget-heading\" data-id=\"77312f2\" data-element_type=\"widget\" data-widget_type=\"heading.default\">\n\t\t\t\t<div class=\"elementor-widget-container\">\n\t\t\t\t\t<h2 class=\"elementor-heading-title elementor-size-default\">\u00c5terl\u00e4mnande av varor<\/h2>\t\t\t\t<\/div>\n\t\t\t\t<\/div>\n\t\t\t\t<div class=\"elementor-element elementor-element-966d727 elementor-widget elementor-widget-text-editor\" data-id=\"966d727\" data-element_type=\"widget\" data-widget_type=\"text-editor.default\">\n\t\t\t\t<div class=\"elementor-widget-container\">\n\t\t\t\t\t\t\t\t\t<p>Kunden har r\u00e4tt att \u00e5ngra k\u00f6pet av en vara inom 45 dagar fr\u00e5n best\u00e4llningsdatumet utan att ange sk\u00e4l f\u00f6r \u00e5terl\u00e4mnandet. Vi \u00e5terbetalar det belopp som betalats inom 30 arbetsdagar f\u00f6r varor som returneras i oanv\u00e4nt skick (utan tecken p\u00e5 anv\u00e4ndning). Kunden har endast r\u00e4tt till \u00e5terbetalning f\u00f6r de varor som k\u00f6pts. Vi \u00e5terbetalar inte f\u00f6r till\u00e4ggstj\u00e4nster som t.ex. prioriterad leverans, paketf\u00f6rs\u00e4kring och upph\u00e4mtningsavgifter. Dessutom \u00e4r kunden skyldig att betala alla fraktkostnader, dvs. b\u00e5de frakt- och returkostnader enligt fraktkostnaderna vid ink\u00f6pstillf\u00e4llet.<\/p>\t\t\t\t\t\t\t\t<\/div>\n\t\t\t\t<\/div>\n\t\t\t\t<div class=\"elementor-element elementor-element-466fa17 elementor-widget elementor-widget-heading\" data-id=\"466fa17\" data-element_type=\"widget\" data-widget_type=\"heading.default\">\n\t\t\t\t<div class=\"elementor-widget-container\">\n\t\t\t\t\t<h2 class=\"elementor-heading-title elementor-size-default\">HUR DU RETURNERAR VARORNA<\/h2>\t\t\t\t<\/div>\n\t\t\t\t<\/div>\n\t\t\t\t<div class=\"elementor-element elementor-element-a1b5019 elementor-widget elementor-widget-heading\" data-id=\"a1b5019\" data-element_type=\"widget\" data-widget_type=\"heading.default\">\n\t\t\t\t<div class=\"elementor-widget-container\">\n\t\t\t\t\t<h2 class=\"elementor-heading-title elementor-size-default\"><b>Steg 1<\/b><\/h2>\t\t\t\t<\/div>\n\t\t\t\t<\/div>\n\t\t\t\t<div class=\"elementor-element elementor-element-5c2e61a elementor-widget elementor-widget-heading\" data-id=\"5c2e61a\" data-element_type=\"widget\" data-widget_type=\"heading.default\">\n\t\t\t\t<div class=\"elementor-widget-container\">\n\t\t\t\t\t<h2 class=\"elementor-heading-title elementor-size-default\">Ladda ner ans\u00f6kan<\/h2>\t\t\t\t<\/div>\n\t\t\t\t<\/div>\n\t\t\t\t<div class=\"elementor-element elementor-element-88d46ba elementor-align-center elementor-widget elementor-widget-button\" data-id=\"88d46ba\" data-element_type=\"widget\" data-widget_type=\"button.default\">\n\t\t\t\t<div class=\"elementor-widget-container\">\n\t\t\t\t\t\t\t\t\t<div class=\"elementor-button-wrapper\">\n\t\t\t\t\t<a class=\"elementor-button elementor-button-link elementor-size-sm\" href=\"#\">\n\t\t\t\t\t\t<span class=\"elementor-button-content-wrapper\">\n\t\t\t\t\t\t\t\t\t<span class=\"elementor-button-text\">IESGain<\/span>\n\t\t\t\t\t<\/span>\n\t\t\t\t\t<\/a>\n\t\t\t\t<\/div>\n\t\t\t\t\t\t\t\t<\/div>\n\t\t\t\t<\/div>\n\t\t\t\t<div class=\"elementor-element elementor-element-461c178 elementor-widget elementor-widget-heading\" data-id=\"461c178\" data-element_type=\"widget\" data-widget_type=\"heading.default\">\n\t\t\t\t<div class=\"elementor-widget-container\">\n\t\t\t\t\t<h2 class=\"elementor-heading-title elementor-size-default\"><b>Steg 2<\/b><\/h2>\t\t\t\t<\/div>\n\t\t\t\t<\/div>\n\t\t\t\t<div class=\"elementor-element elementor-element-7632724 elementor-widget elementor-widget-text-editor\" data-id=\"7632724\" data-element_type=\"widget\" data-widget_type=\"text-editor.default\">\n\t\t\t\t<div class=\"elementor-widget-container\">\n\t\t\t\t\t\t\t\t\t<p class=\" translation-block\">Kontrollera att \u00e5ngerr\u00e4tten kan ut\u00f6vas och att den produkt som ska \u00e5terl\u00e4mnas \u00f6verensst\u00e4mmer med <a href=\"https:\/\/wellstore.online\/conditions-rules\/\" target=\"_blank\" rel=\"noopener\">villkoren<\/a>. Fyll i och underteckna ans\u00f6kan. F\u00f6rpacka de returnerade produkterna omsorgsfullt och fullst\u00e4ndigt (s\u00e5 att f\u00f6rpackningens kvalitet inte f\u00f6r\u00e4ndras under \u00f6verf\u00f6ringen). Packa den ifyllda och undertecknade ans\u00f6kningsblanketten med den returnerade varan.<\/p>\t\t\t\t\t\t\t\t<\/div>\n\t\t\t\t<\/div>\n\t\t\t\t<div class=\"elementor-element elementor-element-fe2d4c8 elementor-widget elementor-widget-heading\" data-id=\"fe2d4c8\" data-element_type=\"widget\" data-widget_type=\"heading.default\">\n\t\t\t\t<div class=\"elementor-widget-container\">\n\t\t\t\t\t<h2 class=\"elementor-heading-title elementor-size-default\"><b>Steg 3<\/b><\/h2>\t\t\t\t<\/div>\n\t\t\t\t<\/div>\n\t\t\t\t<div class=\"elementor-element elementor-element-2c4a2b2 elementor-button-align-center elementor-widget elementor-widget-form\" data-id=\"2c4a2b2\" data-element_type=\"widget\" data-settings=\"{&quot;step_next_label&quot;:&quot;Next&quot;,&quot;step_previous_label&quot;:&quot;Previous&quot;,&quot;button_width&quot;:&quot;100&quot;,&quot;step_type&quot;:&quot;number_text&quot;,&quot;step_icon_shape&quot;:&quot;circle&quot;}\" data-widget_type=\"form.default\">\n\t\t\t\t<div class=\"elementor-widget-container\">\n\t\t\t\t\t\t\t<form class=\"elementor-form\" method=\"post\" name=\"Wellstore RETURN\" aria-label=\"Wellstore RETURN\" action=\"\">\n\t\t\t<input type=\"hidden\" name=\"post_id\" value=\"12169\"\/>\n\t\t\t<input type=\"hidden\" name=\"form_id\" value=\"2c4a2b2\"\/>\n\t\t\t<input type=\"hidden\" name=\"referer_title\" value=\"WellStore ONLINE\" \/>\n\n\t\t\t\n\t\t\t<div class=\"elementor-form-fields-wrapper elementor-labels-above\">\n\t\t\t\t\t\t\t\t<div class=\"elementor-field-type-text elementor-field-group elementor-column elementor-field-group-name elementor-col-100 elementor-field-required elementor-mark-required\">\n\t\t\t\t\t\t\t\t\t\t\t\t\t<input size=\"1\" type=\"text\" name=\"form_fields[name]\" id=\"form-field-name\" class=\"elementor-field elementor-size-sm  elementor-field-textual\" placeholder=\"Namn\" required=\"required\">\n\t\t\t\t\t\t\t\t\t\t\t<\/div>\n\t\t\t\t\t\t\t\t<div class=\"elementor-field-type-text elementor-field-group elementor-column elementor-field-group-field_19100db elementor-col-100 elementor-field-required elementor-mark-required\">\n\t\t\t\t\t\t\t\t\t\t\t\t\t<input size=\"1\" type=\"text\" name=\"form_fields[field_19100db]\" id=\"form-field-field_19100db\" class=\"elementor-field elementor-size-sm  elementor-field-textual\" placeholder=\"Efternamn\" required=\"required\">\n\t\t\t\t\t\t\t\t\t\t\t<\/div>\n\t\t\t\t\t\t\t\t<div class=\"elementor-field-type-number elementor-field-group elementor-column elementor-field-group-field_198de45 elementor-col-100 elementor-field-required elementor-mark-required\">\n\t\t\t\t\t\t\t\t<input type=\"number\" name=\"form_fields[field_198de45]\" id=\"form-field-field_198de45\" class=\"elementor-field elementor-size-sm  elementor-field-textual\" placeholder=\"Telefon\" required=\"required\" min=\"\" max=\"\" >\n\t\t\t\t\t\t<\/div>\n\t\t\t\t\t\t\t\t<div class=\"elementor-field-type-email elementor-field-group elementor-column elementor-field-group-email elementor-col-100 elementor-field-required elementor-mark-required\">\n\t\t\t\t\t\t\t\t\t\t\t\t\t<input size=\"1\" type=\"email\" name=\"form_fields[email]\" id=\"form-field-email\" class=\"elementor-field elementor-size-sm  elementor-field-textual\" placeholder=\"E-postadress\" required=\"required\">\n\t\t\t\t\t\t\t\t\t\t\t<\/div>\n\t\t\t\t\t\t\t\t<div class=\"elementor-field-type-textarea elementor-field-group elementor-column elementor-field-group-message elementor-col-100 elementor-field-required elementor-mark-required\">\n\t\t\t\t\t\t\t\t\t\t\t\t<label for=\"form-field-message\" class=\"elementor-field-label\">\n\t\t\t\t\t\t\t\tOrderdatum, ordernummer, produktnamn\t\t\t\t\t\t\t<\/label>\n\t\t\t\t\t\t<textarea class=\"elementor-field-textual elementor-field  elementor-size-sm\" name=\"form_fields[message]\" id=\"form-field-message\" rows=\"4\" placeholder=\"Rapport\" required=\"required\"><\/textarea>\t\t\t\t<\/div>\n\t\t\t\t\t\t\t\t<div class=\"elementor-field-group elementor-column elementor-field-type-submit elementor-col-100 e-form__buttons\">\n\t\t\t\t\t<button class=\"elementor-button elementor-size-xs\" type=\"submit\">\n\t\t\t\t\t\t<span class=\"elementor-button-content-wrapper\">\n\t\t\t\t\t\t\t\t\t\t\t\t\t\t\t\t\t\t\t\t\t\t<span class=\"elementor-button-text\">KONTAKT<\/span>\n\t\t\t\t\t\t\t\t\t\t\t\t\t<\/span>\n\t\t\t\t\t<\/button>\n\t\t\t\t<\/div>\n\t\t\t<\/div>\n\t\t<input type=\"hidden\" name=\"trp-form-language\" value=\"sv\"\/><\/form>\n\t\t\t\t\t\t<\/div>\n\t\t\t\t<\/div>\n\t\t\t\t<div class=\"elementor-element elementor-element-ec0d995 elementor-widget elementor-widget-heading\" data-id=\"ec0d995\" data-element_type=\"widget\" data-widget_type=\"heading.default\">\n\t\t\t\t<div class=\"elementor-widget-container\">\n\t\t\t\t\t<h2 class=\"elementor-heading-title elementor-size-default\">Fyll i returbeg\u00e4ran och f\u00f6lj instruktionerna i e-postmeddelandet<\/h2>\t\t\t\t<\/div>\n\t\t\t\t<\/div>\n\t\t\t\t<div class=\"elementor-element elementor-element-fa6565d elementor-widget elementor-widget-heading\" data-id=\"fa6565d\" data-element_type=\"widget\" data-widget_type=\"heading.default\">\n\t\t\t\t<div class=\"elementor-widget-container\">\n\t\t\t\t\t<h2 class=\"elementor-heading-title elementor-size-default\">* Jag kommer att betala returkostnaderna i enlighet med punkt 6 i Wellstore.online Terms and Conditions<\/h2>\t\t\t\t<\/div>\n\t\t\t\t<\/div>\n\t\t\t\t\t<\/div>\n\t\t<\/div>\n\t\t\t\t\t<\/div>\n\t\t<\/section>\n\t\t\t\t<section class=\"elementor-section elementor-top-section elementor-element elementor-element-cab3732 elementor-section-boxed elementor-section-height-default elementor-section-height-default\" data-id=\"cab3732\" data-element_type=\"section\">\n\t\t\t\t\t\t<div class=\"elementor-container elementor-column-gap-default\">\n\t\t\t\t\t<div class=\"elementor-column elementor-col-100 elementor-top-column elementor-element elementor-element-9d0669c\" data-id=\"9d0669c\" data-element_type=\"column\">\n\t\t\t<div class=\"elementor-widget-wrap\">\n\t\t\t\t\t\t\t<\/div>\n\t\t<\/div>\n\t\t\t\t\t<\/div>\n\t\t<\/section>\n\t\t\t\t<\/div>","protected":false},"excerpt":{"rendered":"<p>Pre\u010du atgrie\u0161ana Pirc\u0113jam ir ties\u012bbas atteikties no ieg\u0101d\u0101t\u0101s preces 45 dienu laik\u0101 no pas\u016bt\u012bjuma izdar\u012b\u0161anas, nenor\u0101dot atgrie\u0161anas iemeslu. M\u0113s atgriez\u012bsim samaks\u0101to summu 30 darbadienu laik\u0101 par prec\u0113m, kuras tiks atgrieztas nelietot\u0101 st\u0101vokl\u012b (bez lieto\u0161anas paz\u012bm\u0113m). Klients ir ties\u012bgs sa\u0146emt atmaksu tikai par ieg\u0101d\u0101taj\u0101m prec\u0113m. M\u0113s neatgriez\u012bsim naudu par papildu pakalpojumiem k\u0101 priorit\u0101r\u0101 izs\u016bt\u012b\u0161ana, s\u016bt\u012bjuma apdro\u0161in\u0101\u0161ana [&#8230;]","protected":false},"author":1,"featured_media":0,"parent":0,"menu_order":0,"comment_status":"closed","ping_status":"closed","template":"","meta":{"footnotes":""},"class_list":["post-12169","page","type-page","status-publish","hentry"],"yoast_head":"<!-- This site is optimized with the Yoast SEO Premium plugin v26.3 (Yoast SEO v26.3) - https:\/\/yoast.com\/wordpress\/plugins\/seo\/ -->\n<title>RETURN\/REFUND - WellStore ONLINE<\/title>\n<meta name=\"robots\" content=\"index, follow, max-snippet:-1, max-image-preview:large, max-video-preview:-1\" \/>\n<link rel=\"canonical\" href=\"https:\/\/wellstore.online\/sv\/avkastning\/\" \/>\n<meta property=\"og:locale\" content=\"sv_SE\" \/>\n<meta property=\"og:type\" content=\"article\" \/>\n<meta property=\"og:title\" content=\"RETURN\/REFUND\" \/>\n<meta property=\"og:description\" content=\"Pre\u010du atgrie\u0161ana Pirc\u0113jam ir ties\u012bbas atteikties no ieg\u0101d\u0101t\u0101s preces 45 dienu laik\u0101 no pas\u016bt\u012bjuma izdar\u012b\u0161anas, nenor\u0101dot atgrie\u0161anas iemeslu. M\u0113s atgriez\u012bsim samaks\u0101to summu 30 darbadienu laik\u0101 par prec\u0113m, kuras tiks atgrieztas nelietot\u0101 st\u0101vokl\u012b (bez lieto\u0161anas paz\u012bm\u0113m). Klients ir ties\u012bgs sa\u0146emt atmaksu tikai par ieg\u0101d\u0101taj\u0101m prec\u0113m. M\u0113s neatgriez\u012bsim naudu par papildu pakalpojumiem k\u0101 priorit\u0101r\u0101 izs\u016bt\u012b\u0161ana, s\u016bt\u012bjuma apdro\u0161in\u0101\u0161ana [...]\" \/>\n<meta property=\"og:url\" content=\"https:\/\/wellstore.online\/sv\/avkastning\/\" \/>\n<meta property=\"og:site_name\" content=\"WellStore ONLINE\" \/>\n<meta property=\"article:modified_time\" content=\"2025-10-14T17:44:37+00:00\" \/>\n<meta name=\"twitter:card\" content=\"summary_large_image\" \/>\n<meta name=\"twitter:label1\" content=\"Ber\u00e4knad l\u00e4stid\" \/>\n\t<meta name=\"twitter:data1\" content=\"1 minut\" \/>\n<script type=\"application\/ld+json\" class=\"yoast-schema-graph\">{\"@context\":\"https:\/\/schema.org\",\"@graph\":[{\"@type\":\"WebPage\",\"@id\":\"https:\/\/wellstore.online\/return\/\",\"url\":\"https:\/\/wellstore.online\/return\/\",\"name\":\"RETURN\/REFUND - WellStore ONLINE\",\"isPartOf\":{\"@id\":\"https:\/\/wellstore.online\/#website\"},\"datePublished\":\"2023-01-02T09:38:23+00:00\",\"dateModified\":\"2025-10-14T17:44:37+00:00\",\"breadcrumb\":{\"@id\":\"https:\/\/wellstore.online\/return\/#breadcrumb\"},\"inLanguage\":\"sv-SE\",\"potentialAction\":[{\"@type\":\"ReadAction\",\"target\":[\"https:\/\/wellstore.online\/return\/\"]}]},{\"@type\":\"BreadcrumbList\",\"@id\":\"https:\/\/wellstore.online\/return\/#breadcrumb\",\"itemListElement\":[{\"@type\":\"ListItem\",\"position\":1,\"name\":\"Home\",\"item\":\"https:\/\/wellstore.online\/\"},{\"@type\":\"ListItem\",\"position\":2,\"name\":\"RETURN\/REFUND\"}]},{\"@type\":\"WebSite\",\"@id\":\"https:\/\/wellstore.online\/#website\",\"url\":\"https:\/\/wellstore.online\/\",\"name\":\"WellStore ONLINE\",\"description\":\"\",\"potentialAction\":[{\"@type\":\"SearchAction\",\"target\":{\"@type\":\"EntryPoint\",\"urlTemplate\":\"https:\/\/wellstore.online\/?s={search_term_string}\"},\"query-input\":{\"@type\":\"PropertyValueSpecification\",\"valueRequired\":true,\"valueName\":\"search_term_string\"}}],\"inLanguage\":\"sv-SE\"}]}<\/script>\n<!-- \/ Yoast SEO Premium plugin. -->","yoast_head_json":{"title":"\u00c5TERG\u00c5NG\/\u00c5TERBETALNING - WellStore ONLINE","robots":{"index":"index","follow":"follow","max-snippet":"max-snippet:-1","max-image-preview":"max-image-preview:large","max-video-preview":"max-video-preview:-1"},"canonical":"https:\/\/wellstore.online\/sv\/avkastning\/","og_locale":"sv_SE","og_type":"article","og_title":"RETURN\/REFUND","og_description":"Pre\u010du atgrie\u0161ana Pirc\u0113jam ir ties\u012bbas atteikties no ieg\u0101d\u0101t\u0101s preces 45 dienu laik\u0101 no pas\u016bt\u012bjuma izdar\u012b\u0161anas, nenor\u0101dot atgrie\u0161anas iemeslu. M\u0113s atgriez\u012bsim samaks\u0101to summu 30 darbadienu laik\u0101 par prec\u0113m, kuras tiks atgrieztas nelietot\u0101 st\u0101vokl\u012b (bez lieto\u0161anas paz\u012bm\u0113m). Klients ir ties\u012bgs sa\u0146emt atmaksu tikai par ieg\u0101d\u0101taj\u0101m prec\u0113m. M\u0113s neatgriez\u012bsim naudu par papildu pakalpojumiem k\u0101 priorit\u0101r\u0101 izs\u016bt\u012b\u0161ana, s\u016bt\u012bjuma apdro\u0161in\u0101\u0161ana [...]","og_url":"https:\/\/wellstore.online\/sv\/avkastning\/","og_site_name":"WellStore ONLINE","article_modified_time":"2025-10-14T17:44:37+00:00","twitter_card":"summary_large_image","twitter_misc":{"Ber\u00e4knad l\u00e4stid":"1 minut"},"schema":{"@context":"https:\/\/schema.org","@graph":[{"@type":"WebPage","@id":"https:\/\/wellstore.online\/return\/","url":"https:\/\/wellstore.online\/return\/","name":"\u00c5TERG\u00c5NG\/\u00c5TERBETALNING - WellStore ONLINE","isPartOf":{"@id":"https:\/\/wellstore.online\/#website"},"datePublished":"2023-01-02T09:38:23+00:00","dateModified":"2025-10-14T17:44:37+00:00","breadcrumb":{"@id":"https:\/\/wellstore.online\/return\/#breadcrumb"},"inLanguage":"sv-SE","potentialAction":[{"@type":"ReadAction","target":["https:\/\/wellstore.online\/return\/"]}]},{"@type":"BreadcrumbList","@id":"https:\/\/wellstore.online\/return\/#breadcrumb","itemListElement":[{"@type":"ListItem","position":1,"name":"Home","item":"https:\/\/wellstore.online\/"},{"@type":"ListItem","position":2,"name":"RETURN\/REFUND"}]},{"@type":"WebSite","@id":"https:\/\/wellstore.online\/#website","url":"https:\/\/wellstore.online\/","name":"WellStore ONLINE","description":"","potentialAction":[{"@type":"SearchAction","target":{"@type":"EntryPoint","urlTemplate":"https:\/\/wellstore.online\/?s={search_term_string}"},"query-input":{"@type":"PropertyValueSpecification","valueRequired":true,"valueName":"search_term_string"}}],"inLanguage":"sv-SE"}]}},"_links":{"self":[{"href":"https:\/\/wellstore.online\/sv\/wp-json\/wp\/v2\/pages\/12169","targetHints":{"allow":["GET"]}}],"collection":[{"href":"https:\/\/wellstore.online\/sv\/wp-json\/wp\/v2\/pages"}],"about":[{"href":"https:\/\/wellstore.online\/sv\/wp-json\/wp\/v2\/types\/page"}],"author":[{"embeddable":true,"href":"https:\/\/wellstore.online\/sv\/wp-json\/wp\/v2\/users\/1"}],"replies":[{"embeddable":true,"href":"https:\/\/wellstore.online\/sv\/wp-json\/wp\/v2\/comments?post=12169"}],"version-history":[{"count":0,"href":"https:\/\/wellstore.online\/sv\/wp-json\/wp\/v2\/pages\/12169\/revisions"}],"wp:attachment":[{"href":"https:\/\/wellstore.online\/sv\/wp-json\/wp\/v2\/media?parent=12169"}],"curies":[{"name":"wp","href":"https:\/\/api.w.org\/{rel}","templated":true}]}}