{"id":19967,"date":"2013-08-11T20:13:42","date_gmt":"2013-08-11T20:13:42","guid":{"rendered":"http:\/\/localhost:8888\/test\/?page_id=545"},"modified":"2025-10-14T21:52:56","modified_gmt":"2025-10-14T18:52:56","slug":"fragor-och-svar","status":"publish","type":"page","link":"https:\/\/wellstore.online\/sv\/element\/sidor\/fragor-och-svar\/","title":{"rendered":"VANLIGA FR\u00c5GOR"},"content":{"rendered":"<div data-elementor-type=\"wp-page\" data-elementor-id=\"19967\" class=\"elementor elementor-19967\" data-elementor-post-type=\"page\">\n\t\t\t\t\t\t<section class=\"elementor-section elementor-top-section elementor-element elementor-element-0ab54e4 elementor-section-boxed elementor-section-height-default elementor-section-height-default\" data-id=\"0ab54e4\" data-element_type=\"section\">\n\t\t\t\t\t\t<div class=\"elementor-container elementor-column-gap-default\">\n\t\t\t\t\t<div class=\"elementor-column elementor-col-100 elementor-top-column elementor-element elementor-element-1ee8224\" data-id=\"1ee8224\" data-element_type=\"column\">\n\t\t\t<div class=\"elementor-widget-wrap elementor-element-populated\">\n\t\t\t\t\t\t<div class=\"elementor-element elementor-element-11f3220 elementor-widget elementor-widget-heading\" data-id=\"11f3220\" data-element_type=\"widget\" data-widget_type=\"heading.default\">\n\t\t\t\t<div class=\"elementor-widget-container\">\n\t\t\t\t\t<h2 class=\"elementor-heading-title elementor-size-default\">Vanliga fr\u00e5gor och svar<\/h2>\t\t\t\t<\/div>\n\t\t\t\t<\/div>\n\t\t\t\t<div class=\"elementor-element elementor-element-3b7603a elementor-widget elementor-widget-toggle\" data-id=\"3b7603a\" data-element_type=\"widget\" data-widget_type=\"toggle.default\">\n\t\t\t\t<div class=\"elementor-widget-container\">\n\t\t\t\t\t\t\t<div class=\"elementor-toggle\">\n\t\t\t\t\t\t\t<div class=\"elementor-toggle-item\">\n\t\t\t\t\t<div id=\"elementor-tab-title-6231\" class=\"elementor-tab-title\" data-tab=\"1\" role=\"button\" aria-controls=\"elementor-tab-content-6231\" aria-expanded=\"false\">\n\t\t\t\t\t\t\t\t\t\t\t\t<span class=\"elementor-toggle-icon elementor-toggle-icon-right\" aria-hidden=\"true\">\n\t\t\t\t\t\t\t\t\t\t\t\t\t\t\t<span class=\"elementor-toggle-icon-closed\"><i class=\"fas fa-caret-right\"><\/i><\/span>\n\t\t\t\t\t\t\t\t<span class=\"elementor-toggle-icon-opened\"><i class=\"elementor-toggle-icon-opened fas fa-caret-up\"><\/i><\/span>\n\t\t\t\t\t\t\t\t\t\t\t\t\t<\/span>\n\t\t\t\t\t\t\t\t\t\t\t\t<a class=\"elementor-toggle-title\" tabindex=\"0\">- Hur snart kommer jag att f\u00e5 mitt k\u00f6p?<\/a>\n\t\t\t\t\t<\/div>\n\n\t\t\t\t\t<div id=\"elementor-tab-content-6231\" class=\"elementor-tab-content elementor-clearfix\" data-tab=\"1\" role=\"region\" aria-labelledby=\"elementor-tab-title-6231\"><p>Alla produkter som finns till f\u00f6rs\u00e4ljning i v\u00e5r e-butik finns i lager, s\u00e5 vi kan garantera mycket snabb leverans. Om en kund g\u00f6r en best\u00e4llning f\u00f6re kl. 13.00 p\u00e5 en vardag levererar vi varorna till leverant\u00f6ren samma dag. Best\u00e4llningar som g\u00f6rs efter kl. 13.00 skickas n\u00e4sta arbetsdag. Varorna \u00e4r normalt framme hos kunden inom 1-3 arbetsdagar.<\/p><\/div>\n\t\t\t\t<\/div>\n\t\t\t\t\t\t\t<div class=\"elementor-toggle-item\">\n\t\t\t\t\t<div id=\"elementor-tab-title-6232\" class=\"elementor-tab-title\" data-tab=\"2\" role=\"button\" aria-controls=\"elementor-tab-content-6232\" aria-expanded=\"false\">\n\t\t\t\t\t\t\t\t\t\t\t\t<span class=\"elementor-toggle-icon elementor-toggle-icon-right\" aria-hidden=\"true\">\n\t\t\t\t\t\t\t\t\t\t\t\t\t\t\t<span class=\"elementor-toggle-icon-closed\"><i class=\"fas fa-caret-right\"><\/i><\/span>\n\t\t\t\t\t\t\t\t<span class=\"elementor-toggle-icon-opened\"><i class=\"elementor-toggle-icon-opened fas fa-caret-up\"><\/i><\/span>\n\t\t\t\t\t\t\t\t\t\t\t\t\t<\/span>\n\t\t\t\t\t\t\t\t\t\t\t\t<a class=\"elementor-toggle-title\" tabindex=\"0\">- Hur kan jag betala f\u00f6r varor?<\/a>\n\t\t\t\t\t<\/div>\n\n\t\t\t\t\t<div id=\"elementor-tab-content-6232\" class=\"elementor-tab-content elementor-clearfix\" data-tab=\"2\" role=\"region\" aria-labelledby=\"elementor-tab-title-6232\"><p>Du kan betala f\u00f6r dina varor genom f\u00f6rskottsbetalning med bankkort eller internetbank\u00f6verf\u00f6ring, eller genom efterskottsbetalning. Efterskottsbetalning inneb\u00e4r att varorna betalas f\u00f6rst n\u00e4r du tar emot dem. Med andra ord, n\u00e4r du tar emot varorna i en Omniva-kiosk m\u00e5ste du betala i sj\u00e4lva kiosken med ditt bankkort via en kortterminal. Om du tar emot varorna med bud kan du ocks\u00e5 betala med bankkort vid leveranstillf\u00e4llet.<\/p><\/div>\n\t\t\t\t<\/div>\n\t\t\t\t\t\t\t<div class=\"elementor-toggle-item\">\n\t\t\t\t\t<div id=\"elementor-tab-title-6233\" class=\"elementor-tab-title\" data-tab=\"3\" role=\"button\" aria-controls=\"elementor-tab-content-6233\" aria-expanded=\"false\">\n\t\t\t\t\t\t\t\t\t\t\t\t<span class=\"elementor-toggle-icon elementor-toggle-icon-right\" aria-hidden=\"true\">\n\t\t\t\t\t\t\t\t\t\t\t\t\t\t\t<span class=\"elementor-toggle-icon-closed\"><i class=\"fas fa-caret-right\"><\/i><\/span>\n\t\t\t\t\t\t\t\t<span class=\"elementor-toggle-icon-opened\"><i class=\"elementor-toggle-icon-opened fas fa-caret-up\"><\/i><\/span>\n\t\t\t\t\t\t\t\t\t\t\t\t\t<\/span>\n\t\t\t\t\t\t\t\t\t\t\t\t<a class=\"elementor-toggle-title\" tabindex=\"0\">- Var kan jag hitta information om min best\u00e4llning?<\/a>\n\t\t\t\t\t<\/div>\n\n\t\t\t\t\t<div id=\"elementor-tab-content-6233\" class=\"elementor-tab-content elementor-clearfix\" data-tab=\"3\" role=\"region\" aria-labelledby=\"elementor-tab-title-6233\"><p>N\u00e4r du g\u00f6r en best\u00e4llning f\u00e5r du ett e-postmeddelande med alla detaljer om din best\u00e4llning - produktnamn, pris, leverans- och betalningsuppgifter. N\u00e4r vi behandlar varan f\u00f6r avs\u00e4ndning f\u00e5r k\u00f6paren ocks\u00e5 en sp\u00e5rningskod.<\/p><\/div>\n\t\t\t\t<\/div>\n\t\t\t\t\t\t\t<div class=\"elementor-toggle-item\">\n\t\t\t\t\t<div id=\"elementor-tab-title-6234\" class=\"elementor-tab-title\" data-tab=\"4\" role=\"button\" aria-controls=\"elementor-tab-content-6234\" aria-expanded=\"false\">\n\t\t\t\t\t\t\t\t\t\t\t\t<span class=\"elementor-toggle-icon elementor-toggle-icon-right\" aria-hidden=\"true\">\n\t\t\t\t\t\t\t\t\t\t\t\t\t\t\t<span class=\"elementor-toggle-icon-closed\"><i class=\"fas fa-caret-right\"><\/i><\/span>\n\t\t\t\t\t\t\t\t<span class=\"elementor-toggle-icon-opened\"><i class=\"elementor-toggle-icon-opened fas fa-caret-up\"><\/i><\/span>\n\t\t\t\t\t\t\t\t\t\t\t\t\t<\/span>\n\t\t\t\t\t\t\t\t\t\t\t\t<a class=\"elementor-toggle-title\" tabindex=\"0\">- Kan jag h\u00e4mta ut varorna personligen?<\/a>\n\t\t\t\t\t<\/div>\n\n\t\t\t\t\t<div id=\"elementor-tab-content-6234\" class=\"elementor-tab-content elementor-clearfix\" data-tab=\"4\" role=\"region\" aria-labelledby=\"elementor-tab-title-6234\"><p>V\u00e5r e-butik erbjuder produkter med betydande rabatter. Detta \u00e4r endast m\u00f6jligt eftersom vi inte har n\u00e5gon fysisk butik, vilket g\u00f6r att vi kan s\u00e4nka kostnaderna. Tyv\u00e4rr \u00e4r det inte m\u00f6jligt att samla in varor p\u00e5 plats. Vi inbjuder dig att dra nytta av bekv\u00e4mligheten med online shopping!<\/p><\/div>\n\t\t\t\t<\/div>\n\t\t\t\t\t\t\t<div class=\"elementor-toggle-item\">\n\t\t\t\t\t<div id=\"elementor-tab-title-6235\" class=\"elementor-tab-title\" data-tab=\"5\" role=\"button\" aria-controls=\"elementor-tab-content-6235\" aria-expanded=\"false\">\n\t\t\t\t\t\t\t\t\t\t\t\t<span class=\"elementor-toggle-icon elementor-toggle-icon-right\" aria-hidden=\"true\">\n\t\t\t\t\t\t\t\t\t\t\t\t\t\t\t<span class=\"elementor-toggle-icon-closed\"><i class=\"fas fa-caret-right\"><\/i><\/span>\n\t\t\t\t\t\t\t\t<span class=\"elementor-toggle-icon-opened\"><i class=\"elementor-toggle-icon-opened fas fa-caret-up\"><\/i><\/span>\n\t\t\t\t\t\t\t\t\t\t\t\t\t<\/span>\n\t\t\t\t\t\t\t\t\t\t\t\t<a class=\"elementor-toggle-title\" tabindex=\"0\">- Var anger jag rabattkoden?<\/a>\n\t\t\t\t\t<\/div>\n\n\t\t\t\t\t<div id=\"elementor-tab-content-6235\" class=\"elementor-tab-content elementor-clearfix\" data-tab=\"5\" role=\"region\" aria-labelledby=\"elementor-tab-title-6235\"><p>F\u00f6r att anv\u00e4nda rabatten m\u00e5ste du ange koden i det utrymme som finns i avsnittet Kundvagn. D\u00e5 kommer rabatten automatiskt att ber\u00e4knas och till\u00e4mpas p\u00e5 ditt k\u00f6p. F\u00f6r att f\u00e5 rabatter, v\u00e4nligen registrera dig f\u00f6r de b\u00e4sta erbjudandena via e-post. Du hittar detta formul\u00e4r i sidfoten i v\u00e5r e-butik.<\/p><\/div>\n\t\t\t\t<\/div>\n\t\t\t\t\t\t\t<div class=\"elementor-toggle-item\">\n\t\t\t\t\t<div id=\"elementor-tab-title-6236\" class=\"elementor-tab-title\" data-tab=\"6\" role=\"button\" aria-controls=\"elementor-tab-content-6236\" aria-expanded=\"false\">\n\t\t\t\t\t\t\t\t\t\t\t\t<span class=\"elementor-toggle-icon elementor-toggle-icon-right\" aria-hidden=\"true\">\n\t\t\t\t\t\t\t\t\t\t\t\t\t\t\t<span class=\"elementor-toggle-icon-closed\"><i class=\"fas fa-caret-right\"><\/i><\/span>\n\t\t\t\t\t\t\t\t<span class=\"elementor-toggle-icon-opened\"><i class=\"elementor-toggle-icon-opened fas fa-caret-up\"><\/i><\/span>\n\t\t\t\t\t\t\t\t\t\t\t\t\t<\/span>\n\t\t\t\t\t\t\t\t\t\t\t\t<a class=\"elementor-toggle-title\" tabindex=\"0\">- Om jag inte gillar en vara, kan jag returnera den?<\/a>\n\t\t\t\t\t<\/div>\n\n\t\t\t\t\t<div id=\"elementor-tab-content-6236\" class=\"elementor-tab-content elementor-clearfix\" data-tab=\"6\" role=\"region\" aria-labelledby=\"elementor-tab-title-6236\"><p>Till skillnad fr\u00e5n m\u00e5nga andra erbjuder v\u00e5r butik en 45-dagars returperiod. Detta inneb\u00e4r att vi tar fullt ansvar f\u00f6r kvaliteten och den h\u00f6ga kvaliteten p\u00e5 hela v\u00e5rt produktsortiment. Se v\u00e5r returpolicy f\u00f6r ytterligare information.<\/p><\/div>\n\t\t\t\t<\/div>\n\t\t\t\t\t\t\t<div class=\"elementor-toggle-item\">\n\t\t\t\t\t<div id=\"elementor-tab-title-6237\" class=\"elementor-tab-title\" data-tab=\"7\" role=\"button\" aria-controls=\"elementor-tab-content-6237\" aria-expanded=\"false\">\n\t\t\t\t\t\t\t\t\t\t\t\t<span class=\"elementor-toggle-icon elementor-toggle-icon-right\" aria-hidden=\"true\">\n\t\t\t\t\t\t\t\t\t\t\t\t\t\t\t<span class=\"elementor-toggle-icon-closed\"><i class=\"fas fa-caret-right\"><\/i><\/span>\n\t\t\t\t\t\t\t\t<span class=\"elementor-toggle-icon-opened\"><i class=\"elementor-toggle-icon-opened fas fa-caret-up\"><\/i><\/span>\n\t\t\t\t\t\t\t\t\t\t\t\t\t<\/span>\n\t\t\t\t\t\t\t\t\t\t\t\t<a class=\"elementor-toggle-title\" tabindex=\"0\">- Hur kan jag avbest\u00e4lla min order?<\/a>\n\t\t\t\t\t<\/div>\n\n\t\t\t\t\t<div id=\"elementor-tab-content-6237\" class=\"elementor-tab-content elementor-clearfix\" data-tab=\"7\" role=\"region\" aria-labelledby=\"elementor-tab-title-6237\"><p>Eftersom vi behandlar best\u00e4llningar och skickar varor mycket snabbt, \u00e4r avbokningar begr\u00e4nsade. Dagens best\u00e4llningar kan endast avbokas fram till kl. 13.00 (p\u00e5 vardagar) via e-post, s\u00e5 var v\u00e4nlig och ta ansvar f\u00f6r din best\u00e4llning!<\/p><\/div>\n\t\t\t\t<\/div>\n\t\t\t\t\t\t\t\t<\/div>\n\t\t\t\t\t\t<\/div>\n\t\t\t\t<\/div>\n\t\t\t\t<div class=\"elementor-element elementor-element-f6a4ae3 elementor-widget elementor-widget-heading\" data-id=\"f6a4ae3\" data-element_type=\"widget\" data-widget_type=\"heading.default\">\n\t\t\t\t<div class=\"elementor-widget-container\">\n\t\t\t\t\t<h2 class=\"elementor-heading-title elementor-size-default\">Om du inte hittar svaret p\u00e5 din fr\u00e5ga, v\u00e4nligen kontakta oss genom att fylla i formul\u00e4ret i kundcentret.<\/h2>\t\t\t\t<\/div>\n\t\t\t\t<\/div>\n\t\t\t\t<div class=\"elementor-element elementor-element-5cec6c0 elementor-align-center elementor-widget elementor-widget-button\" data-id=\"5cec6c0\" data-element_type=\"widget\" data-widget_type=\"button.default\">\n\t\t\t\t<div class=\"elementor-widget-container\">\n\t\t\t\t\t\t\t\t\t<div class=\"elementor-button-wrapper\">\n\t\t\t\t\t<a class=\"elementor-button elementor-button-link elementor-size-sm\" href=\"https:\/\/wellstore.online\/contacts\">\n\t\t\t\t\t\t<span class=\"elementor-button-content-wrapper\">\n\t\t\t\t\t\t\t\t\t<span class=\"elementor-button-text\">KUNDCENTER<\/span>\n\t\t\t\t\t<\/span>\n\t\t\t\t\t<\/a>\n\t\t\t\t<\/div>\n\t\t\t\t\t\t\t\t<\/div>\n\t\t\t\t<\/div>\n\t\t\t\t\t<\/div>\n\t\t<\/div>\n\t\t\t\t\t<\/div>\n\t\t<\/section>\n\t\t\t\t<\/div>","protected":false},"excerpt":{"rendered":"<p>Bie\u017e\u0101k uzdotie jaut\u0101jumi \u2022 Cik \u0101tri es sa\u0146em\u0161u savu pirkumu? Visi produkti, kas izlikti p\u0101rdo\u0161anai m\u016bsu e-veikal\u0101, ir noliktav\u0101, t\u0101d\u0113\u013c m\u0113s sp\u0113jam nodro\u0161in\u0101t \u013coti \u0101tru pieg\u0101di. Ja pirc\u0113js izdara pas\u016bt\u012bjumu l\u012bdz darbadienas plkst. 13:00, preci nododam preces pieg\u0101d\u0101t\u0101jam jau taj\u0101 pa\u0161\u0101 dien\u0101. P\u0113c 13:00 izdar\u012btos pas\u016bt\u012bjumus izs\u016btam n\u0101kamaj\u0101 darba dien\u0101. Pie klientiem prece parasti pien\u0101k [&#8230;]","protected":false},"author":1,"featured_media":0,"parent":19933,"menu_order":0,"comment_status":"closed","ping_status":"closed","template":"","meta":{"footnotes":""},"class_list":["post-19967","page","type-page","status-publish","hentry"],"yoast_head":"<!-- This site is optimized with the Yoast SEO Premium plugin v26.3 (Yoast SEO v26.3) - https:\/\/yoast.com\/wordpress\/plugins\/seo\/ -->\n<title>FAQ - WellStore ONLINE<\/title>\n<meta name=\"robots\" content=\"index, follow, max-snippet:-1, max-image-preview:large, max-video-preview:-1\" \/>\n<link rel=\"canonical\" href=\"https:\/\/wellstore.online\/sv\/element\/sidor\/fragor-och-svar\/\" \/>\n<meta property=\"og:locale\" content=\"sv_SE\" \/>\n<meta property=\"og:type\" content=\"article\" \/>\n<meta property=\"og:title\" content=\"FAQ\" \/>\n<meta property=\"og:description\" content=\"Bie\u017e\u0101k uzdotie jaut\u0101jumi \u2022 Cik \u0101tri es sa\u0146em\u0161u savu pirkumu? Visi produkti, kas izlikti p\u0101rdo\u0161anai m\u016bsu e-veikal\u0101, ir noliktav\u0101, t\u0101d\u0113\u013c m\u0113s sp\u0113jam nodro\u0161in\u0101t \u013coti \u0101tru pieg\u0101di. Ja pirc\u0113js izdara pas\u016bt\u012bjumu l\u012bdz darbadienas plkst. 13:00, preci nododam preces pieg\u0101d\u0101t\u0101jam jau taj\u0101 pa\u0161\u0101 dien\u0101. P\u0113c 13:00 izdar\u012btos pas\u016bt\u012bjumus izs\u016btam n\u0101kamaj\u0101 darba dien\u0101. Pie klientiem prece parasti pien\u0101k [...]\" \/>\n<meta property=\"og:url\" content=\"https:\/\/wellstore.online\/sv\/element\/sidor\/fragor-och-svar\/\" \/>\n<meta property=\"og:site_name\" content=\"WellStore ONLINE\" \/>\n<meta property=\"article:modified_time\" content=\"2025-10-14T18:52:56+00:00\" \/>\n<meta name=\"twitter:card\" content=\"summary_large_image\" \/>\n<meta name=\"twitter:label1\" content=\"Ber\u00e4knad l\u00e4stid\" \/>\n\t<meta name=\"twitter:data1\" content=\"3 minuter\" \/>\n<script type=\"application\/ld+json\" class=\"yoast-schema-graph\">{\"@context\":\"https:\/\/schema.org\",\"@graph\":[{\"@type\":\"WebPage\",\"@id\":\"https:\/\/wellstore.online\/elements\/pages\/faq\/\",\"url\":\"https:\/\/wellstore.online\/elements\/pages\/faq\/\",\"name\":\"FAQ - WellStore ONLINE\",\"isPartOf\":{\"@id\":\"https:\/\/wellstore.online\/#website\"},\"datePublished\":\"2013-08-11T20:13:42+00:00\",\"dateModified\":\"2025-10-14T18:52:56+00:00\",\"breadcrumb\":{\"@id\":\"https:\/\/wellstore.online\/elements\/pages\/faq\/#breadcrumb\"},\"inLanguage\":\"sv-SE\",\"potentialAction\":[{\"@type\":\"ReadAction\",\"target\":[\"https:\/\/wellstore.online\/elements\/pages\/faq\/\"]}]},{\"@type\":\"BreadcrumbList\",\"@id\":\"https:\/\/wellstore.online\/elements\/pages\/faq\/#breadcrumb\",\"itemListElement\":[{\"@type\":\"ListItem\",\"position\":1,\"name\":\"Home\",\"item\":\"https:\/\/wellstore.online\/\"},{\"@type\":\"ListItem\",\"position\":2,\"name\":\"Elements\",\"item\":\"https:\/\/wellstore.online\/elements\/\"},{\"@type\":\"ListItem\",\"position\":3,\"name\":\"Pages\",\"item\":\"https:\/\/wellstore.online\/elements\/pages\/\"},{\"@type\":\"ListItem\",\"position\":4,\"name\":\"FAQ\"}]},{\"@type\":\"WebSite\",\"@id\":\"https:\/\/wellstore.online\/#website\",\"url\":\"https:\/\/wellstore.online\/\",\"name\":\"WellStore ONLINE\",\"description\":\"\",\"potentialAction\":[{\"@type\":\"SearchAction\",\"target\":{\"@type\":\"EntryPoint\",\"urlTemplate\":\"https:\/\/wellstore.online\/?s={search_term_string}\"},\"query-input\":{\"@type\":\"PropertyValueSpecification\",\"valueRequired\":true,\"valueName\":\"search_term_string\"}}],\"inLanguage\":\"sv-SE\"}]}<\/script>\n<!-- \/ Yoast SEO Premium plugin. -->","yoast_head_json":{"title":"Vanliga fr\u00e5gor - WellStore ONLINE","robots":{"index":"index","follow":"follow","max-snippet":"max-snippet:-1","max-image-preview":"max-image-preview:large","max-video-preview":"max-video-preview:-1"},"canonical":"https:\/\/wellstore.online\/sv\/element\/sidor\/fragor-och-svar\/","og_locale":"sv_SE","og_type":"article","og_title":"FAQ","og_description":"Bie\u017e\u0101k uzdotie jaut\u0101jumi \u2022 Cik \u0101tri es sa\u0146em\u0161u savu pirkumu? Visi produkti, kas izlikti p\u0101rdo\u0161anai m\u016bsu e-veikal\u0101, ir noliktav\u0101, t\u0101d\u0113\u013c m\u0113s sp\u0113jam nodro\u0161in\u0101t \u013coti \u0101tru pieg\u0101di. Ja pirc\u0113js izdara pas\u016bt\u012bjumu l\u012bdz darbadienas plkst. 13:00, preci nododam preces pieg\u0101d\u0101t\u0101jam jau taj\u0101 pa\u0161\u0101 dien\u0101. P\u0113c 13:00 izdar\u012btos pas\u016bt\u012bjumus izs\u016btam n\u0101kamaj\u0101 darba dien\u0101. Pie klientiem prece parasti pien\u0101k [...]","og_url":"https:\/\/wellstore.online\/sv\/element\/sidor\/fragor-och-svar\/","og_site_name":"WellStore ONLINE","article_modified_time":"2025-10-14T18:52:56+00:00","twitter_card":"summary_large_image","twitter_misc":{"Ber\u00e4knad l\u00e4stid":"3 minuter"},"schema":{"@context":"https:\/\/schema.org","@graph":[{"@type":"WebPage","@id":"https:\/\/wellstore.online\/elements\/pages\/faq\/","url":"https:\/\/wellstore.online\/elements\/pages\/faq\/","name":"Vanliga fr\u00e5gor - WellStore ONLINE","isPartOf":{"@id":"https:\/\/wellstore.online\/#website"},"datePublished":"2013-08-11T20:13:42+00:00","dateModified":"2025-10-14T18:52:56+00:00","breadcrumb":{"@id":"https:\/\/wellstore.online\/elements\/pages\/faq\/#breadcrumb"},"inLanguage":"sv-SE","potentialAction":[{"@type":"ReadAction","target":["https:\/\/wellstore.online\/elements\/pages\/faq\/"]}]},{"@type":"BreadcrumbList","@id":"https:\/\/wellstore.online\/elements\/pages\/faq\/#breadcrumb","itemListElement":[{"@type":"ListItem","position":1,"name":"Home","item":"https:\/\/wellstore.online\/"},{"@type":"ListItem","position":2,"name":"Elements","item":"https:\/\/wellstore.online\/elements\/"},{"@type":"ListItem","position":3,"name":"Pages","item":"https:\/\/wellstore.online\/elements\/pages\/"},{"@type":"ListItem","position":4,"name":"FAQ"}]},{"@type":"WebSite","@id":"https:\/\/wellstore.online\/#website","url":"https:\/\/wellstore.online\/","name":"WellStore ONLINE","description":"","potentialAction":[{"@type":"SearchAction","target":{"@type":"EntryPoint","urlTemplate":"https:\/\/wellstore.online\/?s={search_term_string}"},"query-input":{"@type":"PropertyValueSpecification","valueRequired":true,"valueName":"search_term_string"}}],"inLanguage":"sv-SE"}]}},"_links":{"self":[{"href":"https:\/\/wellstore.online\/sv\/wp-json\/wp\/v2\/pages\/19967","targetHints":{"allow":["GET"]}}],"collection":[{"href":"https:\/\/wellstore.online\/sv\/wp-json\/wp\/v2\/pages"}],"about":[{"href":"https:\/\/wellstore.online\/sv\/wp-json\/wp\/v2\/types\/page"}],"author":[{"embeddable":true,"href":"https:\/\/wellstore.online\/sv\/wp-json\/wp\/v2\/users\/1"}],"replies":[{"embeddable":true,"href":"https:\/\/wellstore.online\/sv\/wp-json\/wp\/v2\/comments?post=19967"}],"version-history":[{"count":0,"href":"https:\/\/wellstore.online\/sv\/wp-json\/wp\/v2\/pages\/19967\/revisions"}],"up":[{"embeddable":true,"href":"https:\/\/wellstore.online\/sv\/wp-json\/wp\/v2\/pages\/19933"}],"wp:attachment":[{"href":"https:\/\/wellstore.online\/sv\/wp-json\/wp\/v2\/media?parent=19967"}],"curies":[{"name":"wp","href":"https:\/\/api.w.org\/{rel}","templated":true}]}}