{"id":6295,"date":"2022-09-18T11:52:17","date_gmt":"2022-09-18T08:52:17","guid":{"rendered":"http:\/\/box2520.temp.domains\/~wellstor\/my-account\/"},"modified":"2023-04-03T12:42:53","modified_gmt":"2023-04-03T09:42:53","slug":"mitt-konto","status":"publish","type":"page","link":"https:\/\/wellstore.online\/sv\/mitt-konto\/","title":{"rendered":"Mitt konto"},"content":{"rendered":"<div data-elementor-type=\"wp-page\" data-elementor-id=\"6295\" class=\"elementor elementor-6295\" data-elementor-post-type=\"page\">\n\t\t\t\t\t\t<section class=\"elementor-section elementor-top-section elementor-element elementor-element-72ac5495 elementor-section-boxed elementor-section-height-default elementor-section-height-default\" data-id=\"72ac5495\" data-element_type=\"section\" data-settings=\"{&quot;background_background&quot;:&quot;classic&quot;}\">\n\t\t\t\t\t\t\t<div class=\"elementor-background-overlay\"><\/div>\n\t\t\t\t\t\t\t<div class=\"elementor-container elementor-column-gap-no\">\n\t\t\t\t\t<div class=\"elementor-column elementor-col-100 elementor-top-column elementor-element elementor-element-78d3d769\" data-id=\"78d3d769\" data-element_type=\"column\" data-settings=\"{&quot;background_background&quot;:&quot;classic&quot;}\">\n\t\t\t<div class=\"elementor-widget-wrap elementor-element-populated\">\n\t\t\t\t\t\t<div class=\"elementor-element elementor-element-4768dc5 e-my-account-tabs-vertical elementor-widget elementor-widget-woocommerce-my-account\" data-id=\"4768dc5\" data-element_type=\"widget\" data-widget_type=\"woocommerce-my-account.default\">\n\t\t\t\t<div class=\"elementor-widget-container\">\n\t\t\t\t\t<div class=\"e-my-account-tab e-my-account-tab__\">\t\t\t<div class=\"woocommerce\"><\/div>\t\t<\/div>\n\t\t\t\t\t\t<\/div>\n\t\t\t\t<\/div>\n\t\t\t\t\t<\/div>\n\t\t<\/div>\n\t\t\t\t\t<\/div>\n\t\t<\/section>\n\t\t\t\t<\/div>","protected":false},"excerpt":{"rendered":"<p>Mans konts \u0160eit glab\u0101j\u0101s visa J\u016bsu pirkumu v\u0113sture m\u016bsu e-veikal\u0101. KONTA PANELIS MANI PAS\u016aT\u012aJUMI MANAS ADRESES KONTA DETA\u013bAS IZLOGOTIES Hello Aija (not Aija? Log out) From your account dashboard you can view your recent orders, manage your shipping and billing addresses, and edit your password and account details.<\/p>","protected":false},"author":1,"featured_media":0,"parent":0,"menu_order":0,"comment_status":"closed","ping_status":"closed","template":"","meta":{"footnotes":""},"class_list":["post-6295","page","type-page","status-publish","hentry"],"yoast_head":"<!-- This site is optimized with the Yoast SEO Premium plugin v26.3 (Yoast SEO v26.3) - https:\/\/yoast.com\/wordpress\/plugins\/seo\/ -->\n<title>My account - WellStore ONLINE<\/title>\n<meta name=\"robots\" content=\"index, follow, max-snippet:-1, max-image-preview:large, max-video-preview:-1\" \/>\n<link rel=\"canonical\" href=\"https:\/\/wellstore.online\/sv\/mitt-konto\/\" \/>\n<meta property=\"og:locale\" content=\"sv_SE\" \/>\n<meta property=\"og:type\" content=\"article\" \/>\n<meta property=\"og:title\" content=\"My account\" \/>\n<meta property=\"og:description\" content=\"Mans konts \u0160eit glab\u0101j\u0101s visa J\u016bsu pirkumu v\u0113sture m\u016bsu e-veikal\u0101. KONTA PANELIS MANI PAS\u016aT\u012aJUMI MANAS ADRESES KONTA DETA\u013bAS IZLOGOTIES Hello Aija (not Aija? Log out) From your account dashboard you can view your recent orders, manage your shipping and billing addresses, and edit your password and account details.\" \/>\n<meta property=\"og:url\" content=\"https:\/\/wellstore.online\/sv\/mitt-konto\/\" \/>\n<meta property=\"og:site_name\" content=\"WellStore ONLINE\" \/>\n<meta property=\"article:modified_time\" content=\"2023-04-03T09:42:53+00:00\" \/>\n<meta name=\"twitter:card\" content=\"summary_large_image\" \/>\n<meta name=\"twitter:label1\" content=\"Ber\u00e4knad l\u00e4stid\" \/>\n\t<meta name=\"twitter:data1\" content=\"1 minut\" \/>\n<script type=\"application\/ld+json\" class=\"yoast-schema-graph\">{\"@context\":\"https:\/\/schema.org\",\"@graph\":[{\"@type\":\"WebPage\",\"@id\":\"https:\/\/wellstore.online\/my-account\/\",\"url\":\"https:\/\/wellstore.online\/my-account\/\",\"name\":\"My account - WellStore ONLINE\",\"isPartOf\":{\"@id\":\"https:\/\/wellstore.online\/#website\"},\"datePublished\":\"2022-09-18T08:52:17+00:00\",\"dateModified\":\"2023-04-03T09:42:53+00:00\",\"breadcrumb\":{\"@id\":\"https:\/\/wellstore.online\/my-account\/#breadcrumb\"},\"inLanguage\":\"sv-SE\",\"potentialAction\":[{\"@type\":\"ReadAction\",\"target\":[\"https:\/\/wellstore.online\/my-account\/\"]}]},{\"@type\":\"BreadcrumbList\",\"@id\":\"https:\/\/wellstore.online\/my-account\/#breadcrumb\",\"itemListElement\":[{\"@type\":\"ListItem\",\"position\":1,\"name\":\"Home\",\"item\":\"https:\/\/wellstore.online\/\"},{\"@type\":\"ListItem\",\"position\":2,\"name\":\"My account\"}]},{\"@type\":\"WebSite\",\"@id\":\"https:\/\/wellstore.online\/#website\",\"url\":\"https:\/\/wellstore.online\/\",\"name\":\"WellStore ONLINE\",\"description\":\"\",\"potentialAction\":[{\"@type\":\"SearchAction\",\"target\":{\"@type\":\"EntryPoint\",\"urlTemplate\":\"https:\/\/wellstore.online\/?s={search_term_string}\"},\"query-input\":{\"@type\":\"PropertyValueSpecification\",\"valueRequired\":true,\"valueName\":\"search_term_string\"}}],\"inLanguage\":\"sv-SE\"}]}<\/script>\n<!-- \/ Yoast SEO Premium plugin. -->","yoast_head_json":{"title":"Mitt konto - WellStore ONLINE","robots":{"index":"index","follow":"follow","max-snippet":"max-snippet:-1","max-image-preview":"max-image-preview:large","max-video-preview":"max-video-preview:-1"},"canonical":"https:\/\/wellstore.online\/sv\/mitt-konto\/","og_locale":"sv_SE","og_type":"article","og_title":"My account","og_description":"Mans konts \u0160eit glab\u0101j\u0101s visa J\u016bsu pirkumu v\u0113sture m\u016bsu e-veikal\u0101. KONTA PANELIS MANI PAS\u016aT\u012aJUMI MANAS ADRESES KONTA DETA\u013bAS IZLOGOTIES Hello Aija (not Aija? Log out) From your account dashboard you can view your recent orders, manage your shipping and billing addresses, and edit your password and account details.","og_url":"https:\/\/wellstore.online\/sv\/mitt-konto\/","og_site_name":"WellStore ONLINE","article_modified_time":"2023-04-03T09:42:53+00:00","twitter_card":"summary_large_image","twitter_misc":{"Ber\u00e4knad l\u00e4stid":"1 minut"},"schema":{"@context":"https:\/\/schema.org","@graph":[{"@type":"WebPage","@id":"https:\/\/wellstore.online\/my-account\/","url":"https:\/\/wellstore.online\/my-account\/","name":"Mitt konto - WellStore ONLINE","isPartOf":{"@id":"https:\/\/wellstore.online\/#website"},"datePublished":"2022-09-18T08:52:17+00:00","dateModified":"2023-04-03T09:42:53+00:00","breadcrumb":{"@id":"https:\/\/wellstore.online\/my-account\/#breadcrumb"},"inLanguage":"sv-SE","potentialAction":[{"@type":"ReadAction","target":["https:\/\/wellstore.online\/my-account\/"]}]},{"@type":"BreadcrumbList","@id":"https:\/\/wellstore.online\/my-account\/#breadcrumb","itemListElement":[{"@type":"ListItem","position":1,"name":"Home","item":"https:\/\/wellstore.online\/"},{"@type":"ListItem","position":2,"name":"My account"}]},{"@type":"WebSite","@id":"https:\/\/wellstore.online\/#website","url":"https:\/\/wellstore.online\/","name":"WellStore ONLINE","description":"","potentialAction":[{"@type":"SearchAction","target":{"@type":"EntryPoint","urlTemplate":"https:\/\/wellstore.online\/?s={search_term_string}"},"query-input":{"@type":"PropertyValueSpecification","valueRequired":true,"valueName":"search_term_string"}}],"inLanguage":"sv-SE"}]}},"_links":{"self":[{"href":"https:\/\/wellstore.online\/sv\/wp-json\/wp\/v2\/pages\/6295","targetHints":{"allow":["GET"]}}],"collection":[{"href":"https:\/\/wellstore.online\/sv\/wp-json\/wp\/v2\/pages"}],"about":[{"href":"https:\/\/wellstore.online\/sv\/wp-json\/wp\/v2\/types\/page"}],"author":[{"embeddable":true,"href":"https:\/\/wellstore.online\/sv\/wp-json\/wp\/v2\/users\/1"}],"replies":[{"embeddable":true,"href":"https:\/\/wellstore.online\/sv\/wp-json\/wp\/v2\/comments?post=6295"}],"version-history":[{"count":0,"href":"https:\/\/wellstore.online\/sv\/wp-json\/wp\/v2\/pages\/6295\/revisions"}],"wp:attachment":[{"href":"https:\/\/wellstore.online\/sv\/wp-json\/wp\/v2\/media?parent=6295"}],"curies":[{"name":"wp","href":"https:\/\/api.w.org\/{rel}","templated":true}]}}