{"id":6296,"date":"2022-09-18T11:52:19","date_gmt":"2022-09-18T08:52:19","guid":{"rendered":"http:\/\/box2520.temp.domains\/~wellstor\/?page_id=6296"},"modified":"2023-04-06T12:26:06","modified_gmt":"2023-04-06T09:26:06","slug":"integritet","status":"publish","type":"page","link":"https:\/\/wellstore.online\/sv\/integritet\/","title":{"rendered":"Integritet"},"content":{"rendered":"<div data-elementor-type=\"wp-page\" data-elementor-id=\"6296\" class=\"elementor elementor-6296\" data-elementor-post-type=\"page\">\n\t\t\t\t\t\t<section class=\"elementor-section elementor-top-section elementor-element elementor-element-7ee7ad1 elementor-section-boxed elementor-section-height-default elementor-section-height-default\" data-id=\"7ee7ad1\" data-element_type=\"section\" data-settings=\"{&quot;background_background&quot;:&quot;classic&quot;}\">\n\t\t\t\t\t\t<div class=\"elementor-container elementor-column-gap-default\">\n\t\t\t\t\t<div class=\"elementor-column elementor-col-100 elementor-top-column elementor-element elementor-element-97df9bb\" data-id=\"97df9bb\" data-element_type=\"column\">\n\t\t\t<div class=\"elementor-widget-wrap elementor-element-populated\">\n\t\t\t\t\t\t<div class=\"elementor-element elementor-element-0f84c80 elementor-widget elementor-widget-heading\" data-id=\"0f84c80\" data-element_type=\"widget\" data-widget_type=\"heading.default\">\n\t\t\t\t<div class=\"elementor-widget-container\">\n\t\t\t\t\t<h2 class=\"elementor-heading-title elementor-size-default\">Integritetspolicy<\/h2>\t\t\t\t<\/div>\n\t\t\t\t<\/div>\n\t\t\t\t<div class=\"elementor-element elementor-element-6c13d5e elementor-widget elementor-widget-text-editor\" data-id=\"6c13d5e\" data-element_type=\"widget\" data-widget_type=\"text-editor.default\">\n\t\t\t\t<div class=\"elementor-widget-container\">\n\t\t\t\t\t\t\t\t\t<p><b>WellStore.online skyddar sina kunders och anv\u00e4ndares integritet. Baserat p\u00e5 detta har vi utvecklat denna sekretesspolicy, som reglerar insamling, publicering, anv\u00e4ndning, lagring och \u00f6verf\u00f6ring av kunddata. V\u00e5r e-butik f\u00f6ljer Europeiska unionens lagstiftning och Republiken Lettlands lagar.<\/b><\/p>\n<p class=\"p2\">I och med att du anv\u00e4nder v\u00e5r webbshop anses du ha accepterat integritetspolicyn.<\/p>\n<p class=\"p2\"><b>Insamling och anv\u00e4ndning av personuppgifter<\/b><\/p>\n<p class=\"p2\">Personuppgifter \u00e4r information som samlas in av WellStore webbutik n\u00e4r en kund g\u00f6r en best\u00e4llning eller n\u00e4r man kommunicerar med en kund.<\/p>\n<p class=\"p2\">Insamlingen av personuppgifter f\u00f6r stamkunder sker enligt f\u00f6ljande:<\/p>\n<ul class=\"ul1\">\n<li class=\"li2\">Genom att l\u00e4mna kontaktuppgifter (f\u00f6rnamn, efternamn, telefonnummer, e-postadress, postadress) p\u00e5 v\u00e5r webbplats.<\/li>\n<li class=\"li2\">Genom en registrerad kunds e-shop-konto eller genom att anv\u00e4nda cookies.<\/li>\n<\/ul>\n<p class=\"p2\"><b>Anv\u00e4ndning av insamlade personuppgifter<\/b><\/p>\n<p class=\"p2\">Med hj\u00e4lp av de insamlade personuppgifterna kan vi informera kunderna om WellStore-produktnyheter och kampanjer. En kund som inte vill finnas med p\u00e5 v\u00e5r kundlista eller bli informerad om produkter som kan vara av intresse f\u00f6r dem kan n\u00e4r som helst ta bort sig sj\u00e4lv fr\u00e5n databasen. Kunder kan avregistrera sig fr\u00e5n nyhetsbrevet genom att meddela oss via e-post eller genom att f\u00f6lja instruktionerna i sidfoten i e-postmeddelandet. Om en kund vill avregistrera sig fr\u00e5n att f\u00e5 SMS-aviseringar ska kunden kontakta kundsupporten elektroniskt. Vi anv\u00e4nder ocks\u00e5 de insamlade personuppgifterna f\u00f6r att leverera varorna och f\u00f6r att fullg\u00f6ra v\u00e5ra skyldigheter gentemot kunden.<\/p>\n<p class=\"p2\">F\u00f6r att b\u00e4ttre kunna betj\u00e4na kunden kan WellStore avsl\u00f6ja information om enskilda anv\u00e4ndare till en tredje part som tillhandah\u00e5ller WellStores onlinetj\u00e4nst och \u00e4r avtalsenligt skyldig att uppr\u00e4tth\u00e5lla sekretessen f\u00f6r den information som delas. Exempel p\u00e5 tredje parter inkluderar transporttj\u00e4nstpartners.<\/p>\n<p class=\"p2\"><b>Dina r\u00e4ttigheter avseende behandling av personuppgifter<\/b><\/p>\n<p class=\"p2\">Du har r\u00e4tt att bli informerad om behandlingen av personuppgifter i den utstr\u00e4ckning som f\u00f6reskrivs i personuppgiftslagen och andra till\u00e4mpliga lagar. Du har r\u00e4tt att beg\u00e4ra att behandlingen av dina personuppgifter stoppas, r\u00e4ttas, blockeras, raderas och \u00f6verf\u00f6rs. Om du uppt\u00e4cker att dina r\u00e4ttigheter kr\u00e4nks vid behandlingen av dina personuppgifter har du r\u00e4tt att v\u00e4nda dig till Datainspektionen eller till domstol, om inte annat f\u00f6ljer av lag. Du har r\u00e4tt att kr\u00e4va skadest\u00e5nd p\u00e5 grundval av och i enlighet med till\u00e4mplig lag.<\/p>\n<p class=\"p2\"><b>Datas\u00e4kerhet och \u00e5tkomst<\/b><\/p>\n<p class=\"p2\">Personuppgifterna lagras p\u00e5 EetaSofts (Eeva business software) servrar som \u00e4r bel\u00e4gna i en medlemsstat i Europeiska unionen eller i l\u00e4nder som h\u00f6r till Europeiska ekonomiska samarbetsomr\u00e5det. Uppgifter kan \u00f6verf\u00f6ras till l\u00e4nder som har en dataskyddsniv\u00e5 som Europeiska kommissionen har bed\u00f6mt som tillr\u00e4cklig och till amerikanska f\u00f6retag som har anslutit sig till Privacy Shield. Tillg\u00e5ng till personuppgifter \u00e4r tillg\u00e4nglig f\u00f6r anst\u00e4llda i onlinebutiken, som kan komma \u00e5t personuppgifter f\u00f6r att l\u00f6sa tekniska problem relaterade till anv\u00e4ndningen av onlinebutiken och f\u00f6r att ge kundsupport. N\u00e4tbutiken vidtar l\u00e4mpliga fysiska, organisatoriska och IT-s\u00e4kerhets\u00e5tg\u00e4rder f\u00f6r att skydda personuppgifter mot oavsiktlig eller olaglig f\u00f6rst\u00f6relse, f\u00f6rlust, \u00e4ndring eller obeh\u00f6rig \u00e5tkomst och utl\u00e4mnande. \u00d6verf\u00f6ringen av personuppgifter till auktoriserade partner till onlinebutiken (t.ex. transportleverant\u00f6rer och datalagringsf\u00f6retag) omfattas av onlinebutikens avtal och avtal med auktoriserade anst\u00e4llda. De beh\u00f6riga personerna ska s\u00e4kerst\u00e4lla l\u00e4mpliga s\u00e4kerhets\u00e5tg\u00e4rder f\u00f6r behandlingen av personuppgifter.<\/p>\n<p class=\"p2\"><b>Tillg\u00e5ng till och r\u00e4ttelse av personuppgifter<\/b><\/p>\n<p class=\"p2\">Personuppgifter kan n\u00e5s och korrigeras i din anv\u00e4ndarprofil f\u00f6r onlinebutiken. Om k\u00f6pet g\u00f6rs via ett anv\u00e4ndarkonto kan personuppgifterna n\u00e5s med kundens godk\u00e4nnande.<\/p>\n<p class=\"p2\"><b>\u00c5terkallande av samtycke<\/b><\/p>\n<p class=\"p2\">Om personuppgifter behandlas med kundens samtycke har kunden r\u00e4tt att \u00e5terkalla sitt samtycke genom att meddela detta till Customer Support Centre via e-post.<\/p>\n<p class=\"p2\"><b>F\u00f6rvaring<\/b><\/p>\n<p class=\"p2\">Personuppgifterna raderas n\u00e4r kundkontot i n\u00e4tbutiken avslutas, s\u00e5vida det inte \u00e4r n\u00f6dv\u00e4ndigt att bevara uppgifterna f\u00f6r bokf\u00f6ring eller f\u00f6r att l\u00f6sa konsumenttvister. Om ett k\u00f6p g\u00f6rs i onlinebutiken utan att anv\u00e4nda ett kundkonto kommer k\u00f6phistoriken att sparas i tre \u00e5r. Vid betalnings- och konsumenttvister ska personuppgifterna sparas till dess att fordran har reglerats eller preskriptionstiden har l\u00f6pt ut. Personuppgifter som \u00e4r n\u00f6dv\u00e4ndiga f\u00f6r bokf\u00f6rings\u00e4ndam\u00e5l ska sparas i sju \u00e5r.<\/p>\n<p class=\"p2\"><b>Radering<\/b><\/p>\n<p class=\"p2\">F\u00f6r att radera din personliga information, v\u00e4nligen kontakta kundtj\u00e4nst via e-post. Beg\u00e4ran om radering kommer att besvaras inom h\u00f6gst en m\u00e5nad, med angivande av raderingsperiod.<\/p>\n<p class=\"p2\"><b>Villkor och \u00e4ndringar i integritetspolicyn<\/b><\/p>\n<p class=\"p2\">Genom att b\u00f6rja anv\u00e4nda WellStore-webbplatsen eller genom att fylla i lojalitetsans\u00f6kan samtycker kunderna till att de har l\u00e4st och accepterat villkoren. Vi har r\u00e4tt att \u00e4ndra de allm\u00e4nna villkoren i v\u00e5r integritetspolicy om det beh\u00f6vs genom att meddela alla v\u00e5ra vanliga kunder.<\/p>\n<p class=\"p2\">Om du har n\u00e5gra fr\u00e5gor eller funderingar om v\u00e5r integritetspolicy eller databehandling, v\u00e4nligen kontakta oss via e-post.<\/p>\t\t\t\t\t\t\t\t<\/div>\n\t\t\t\t<\/div>\n\t\t\t\t\t<\/div>\n\t\t<\/div>\n\t\t\t\t\t<\/div>\n\t\t<\/section>\n\t\t\t\t<\/div>","protected":false},"excerpt":{"rendered":"<p>Priv\u0101tuma politika WellStore.online aizsarg\u0101 savu klientu un lietot\u0101ju priv\u0101tumu. Balstoties uz to, m\u0113s esam izstr\u0101d\u0101ju\u0161i \u0161o konfidencialit\u0101tes politiku, kas regul\u0113 klientu datu v\u0101k\u0161anu, public\u0113\u0161anu, izmanto\u0161anu, glab\u0101\u0161anu un p\u0101rs\u016bt\u012b\u0161anu. M\u016bsu e-veikals atbilst Eiropas Savien\u012bbas likumdo\u0161anai un Latvijas Republikas likumiem. Br\u012bd\u012b, kad J\u016bs izmantojat m\u016bsu interneta veikalu, tiek uzskat\u012bts, ka J\u016bs piekr\u012btat priv\u0101tuma politikai. Personas datu v\u0101k\u0161ana [&#8230;]","protected":false},"author":1,"featured_media":0,"parent":0,"menu_order":0,"comment_status":"closed","ping_status":"closed","template":"","meta":{"footnotes":""},"class_list":["post-6296","page","type-page","status-publish","hentry"],"yoast_head":"<!-- This site is optimized with the Yoast SEO Premium plugin v26.3 (Yoast SEO v26.3) - https:\/\/yoast.com\/wordpress\/plugins\/seo\/ -->\n<title>Privacy - WellStore ONLINE<\/title>\n<meta name=\"robots\" content=\"index, follow, max-snippet:-1, max-image-preview:large, max-video-preview:-1\" \/>\n<link rel=\"canonical\" href=\"https:\/\/wellstore.online\/sv\/integritet\/\" \/>\n<meta property=\"og:locale\" content=\"sv_SE\" \/>\n<meta property=\"og:type\" content=\"article\" \/>\n<meta property=\"og:title\" content=\"Privacy\" \/>\n<meta property=\"og:description\" content=\"Priv\u0101tuma politika WellStore.online aizsarg\u0101 savu klientu un lietot\u0101ju priv\u0101tumu. Balstoties uz to, m\u0113s esam izstr\u0101d\u0101ju\u0161i \u0161o konfidencialit\u0101tes politiku, kas regul\u0113 klientu datu v\u0101k\u0161anu, public\u0113\u0161anu, izmanto\u0161anu, glab\u0101\u0161anu un p\u0101rs\u016bt\u012b\u0161anu. M\u016bsu e-veikals atbilst Eiropas Savien\u012bbas likumdo\u0161anai un Latvijas Republikas likumiem. Br\u012bd\u012b, kad J\u016bs izmantojat m\u016bsu interneta veikalu, tiek uzskat\u012bts, ka J\u016bs piekr\u012btat priv\u0101tuma politikai. Personas datu v\u0101k\u0161ana [...]\" \/>\n<meta property=\"og:url\" content=\"https:\/\/wellstore.online\/sv\/integritet\/\" \/>\n<meta property=\"og:site_name\" content=\"WellStore ONLINE\" \/>\n<meta property=\"article:modified_time\" content=\"2023-04-06T09:26:06+00:00\" \/>\n<meta name=\"twitter:card\" content=\"summary_large_image\" \/>\n<meta name=\"twitter:label1\" content=\"Ber\u00e4knad l\u00e4stid\" \/>\n\t<meta name=\"twitter:data1\" content=\"3 minuter\" \/>\n<script type=\"application\/ld+json\" class=\"yoast-schema-graph\">{\"@context\":\"https:\/\/schema.org\",\"@graph\":[{\"@type\":\"WebPage\",\"@id\":\"https:\/\/wellstore.online\/privacy\/\",\"url\":\"https:\/\/wellstore.online\/privacy\/\",\"name\":\"Privacy - WellStore ONLINE\",\"isPartOf\":{\"@id\":\"https:\/\/wellstore.online\/#website\"},\"datePublished\":\"2022-09-18T08:52:19+00:00\",\"dateModified\":\"2023-04-06T09:26:06+00:00\",\"breadcrumb\":{\"@id\":\"https:\/\/wellstore.online\/privacy\/#breadcrumb\"},\"inLanguage\":\"sv-SE\",\"potentialAction\":[{\"@type\":\"ReadAction\",\"target\":[\"https:\/\/wellstore.online\/privacy\/\"]}]},{\"@type\":\"BreadcrumbList\",\"@id\":\"https:\/\/wellstore.online\/privacy\/#breadcrumb\",\"itemListElement\":[{\"@type\":\"ListItem\",\"position\":1,\"name\":\"Home\",\"item\":\"https:\/\/wellstore.online\/\"},{\"@type\":\"ListItem\",\"position\":2,\"name\":\"Privacy\"}]},{\"@type\":\"WebSite\",\"@id\":\"https:\/\/wellstore.online\/#website\",\"url\":\"https:\/\/wellstore.online\/\",\"name\":\"WellStore ONLINE\",\"description\":\"\",\"potentialAction\":[{\"@type\":\"SearchAction\",\"target\":{\"@type\":\"EntryPoint\",\"urlTemplate\":\"https:\/\/wellstore.online\/?s={search_term_string}\"},\"query-input\":{\"@type\":\"PropertyValueSpecification\",\"valueRequired\":true,\"valueName\":\"search_term_string\"}}],\"inLanguage\":\"sv-SE\"}]}<\/script>\n<!-- \/ Yoast SEO Premium plugin. -->","yoast_head_json":{"title":"Sekretess - WellStore ONLINE","robots":{"index":"index","follow":"follow","max-snippet":"max-snippet:-1","max-image-preview":"max-image-preview:large","max-video-preview":"max-video-preview:-1"},"canonical":"https:\/\/wellstore.online\/sv\/integritet\/","og_locale":"sv_SE","og_type":"article","og_title":"Privacy","og_description":"Priv\u0101tuma politika WellStore.online aizsarg\u0101 savu klientu un lietot\u0101ju priv\u0101tumu. Balstoties uz to, m\u0113s esam izstr\u0101d\u0101ju\u0161i \u0161o konfidencialit\u0101tes politiku, kas regul\u0113 klientu datu v\u0101k\u0161anu, public\u0113\u0161anu, izmanto\u0161anu, glab\u0101\u0161anu un p\u0101rs\u016bt\u012b\u0161anu. M\u016bsu e-veikals atbilst Eiropas Savien\u012bbas likumdo\u0161anai un Latvijas Republikas likumiem. Br\u012bd\u012b, kad J\u016bs izmantojat m\u016bsu interneta veikalu, tiek uzskat\u012bts, ka J\u016bs piekr\u012btat priv\u0101tuma politikai. Personas datu v\u0101k\u0161ana [...]","og_url":"https:\/\/wellstore.online\/sv\/integritet\/","og_site_name":"WellStore ONLINE","article_modified_time":"2023-04-06T09:26:06+00:00","twitter_card":"summary_large_image","twitter_misc":{"Ber\u00e4knad l\u00e4stid":"3 minuter"},"schema":{"@context":"https:\/\/schema.org","@graph":[{"@type":"WebPage","@id":"https:\/\/wellstore.online\/privacy\/","url":"https:\/\/wellstore.online\/privacy\/","name":"Sekretess - WellStore ONLINE","isPartOf":{"@id":"https:\/\/wellstore.online\/#website"},"datePublished":"2022-09-18T08:52:19+00:00","dateModified":"2023-04-06T09:26:06+00:00","breadcrumb":{"@id":"https:\/\/wellstore.online\/privacy\/#breadcrumb"},"inLanguage":"sv-SE","potentialAction":[{"@type":"ReadAction","target":["https:\/\/wellstore.online\/privacy\/"]}]},{"@type":"BreadcrumbList","@id":"https:\/\/wellstore.online\/privacy\/#breadcrumb","itemListElement":[{"@type":"ListItem","position":1,"name":"Home","item":"https:\/\/wellstore.online\/"},{"@type":"ListItem","position":2,"name":"Privacy"}]},{"@type":"WebSite","@id":"https:\/\/wellstore.online\/#website","url":"https:\/\/wellstore.online\/","name":"WellStore ONLINE","description":"","potentialAction":[{"@type":"SearchAction","target":{"@type":"EntryPoint","urlTemplate":"https:\/\/wellstore.online\/?s={search_term_string}"},"query-input":{"@type":"PropertyValueSpecification","valueRequired":true,"valueName":"search_term_string"}}],"inLanguage":"sv-SE"}]}},"_links":{"self":[{"href":"https:\/\/wellstore.online\/sv\/wp-json\/wp\/v2\/pages\/6296","targetHints":{"allow":["GET"]}}],"collection":[{"href":"https:\/\/wellstore.online\/sv\/wp-json\/wp\/v2\/pages"}],"about":[{"href":"https:\/\/wellstore.online\/sv\/wp-json\/wp\/v2\/types\/page"}],"author":[{"embeddable":true,"href":"https:\/\/wellstore.online\/sv\/wp-json\/wp\/v2\/users\/1"}],"replies":[{"embeddable":true,"href":"https:\/\/wellstore.online\/sv\/wp-json\/wp\/v2\/comments?post=6296"}],"version-history":[{"count":0,"href":"https:\/\/wellstore.online\/sv\/wp-json\/wp\/v2\/pages\/6296\/revisions"}],"wp:attachment":[{"href":"https:\/\/wellstore.online\/sv\/wp-json\/wp\/v2\/media?parent=6296"}],"curies":[{"name":"wp","href":"https:\/\/api.w.org\/{rel}","templated":true}]}}