{"id":65,"date":"2022-09-15T19:50:10","date_gmt":"2022-09-15T16:50:10","guid":{"rendered":"http:\/\/box2520.temp.domains\/~wellstor\/?page_id=65"},"modified":"2025-09-05T15:43:53","modified_gmt":"2025-09-05T12:43:53","slug":"hem","status":"publish","type":"page","link":"https:\/\/wellstore.online\/sv\/hem\/","title":{"rendered":"Hem"},"content":{"rendered":"<div data-elementor-type=\"wp-page\" data-elementor-id=\"65\" class=\"elementor elementor-65\" data-elementor-post-type=\"page\">\n\t\t\t\t\t\t<\/div>","protected":false},"excerpt":{"rendered":"<p>Popul\u0101r\u0101k\u0101s preces GelBlaster\u00ae Autom\u0101tisk\u0101 \u201cStarwars\u201d stila pistole ar gela lod\u0113m, kas \u0161auj l\u012bdz 30 metriem! Uzzin\u0101t vair\u0101k Trioled\u00ae Iztur\u012bgs l\u0101d\u0113\u0161anas vads ar magn\u0113tu un 3 LED kr\u0101s\u0101m \u2013 sarkanu, zilu un za\u013cu, kas uzl\u0101des laik\u0101 \u201cskrien\u201d visa vada garum\u0101 Uzzin\u0101t vair\u0101k 7Head\u00ae Ergonomisks 7D asme\u0146u skuveklis ar 5 funkcij\u0101m VI\u0145AM UN VI\u0145AI! Uzzin\u0101t vair\u0101k Titan\u00ae [&#8230;]\n","protected":false},"author":1,"featured_media":0,"parent":0,"menu_order":0,"comment_status":"closed","ping_status":"closed","template":"elementor_header_footer","meta":{"footnotes":""},"class_list":["post-65","page","type-page","status-publish","hentry"],"yoast_head":"<!-- This site is optimized with the Yoast SEO Premium plugin v26.3 (Yoast SEO v26.3) - https:\/\/yoast.com\/wordpress\/plugins\/seo\/ -->\n<title>Home - WellStore ONLINE<\/title>\n<meta name=\"robots\" content=\"index, follow, max-snippet:-1, max-image-preview:large, max-video-preview:-1\" \/>\n<link rel=\"canonical\" href=\"https:\/\/wellstore.online\/sv\/hem\/\" \/>\n<meta property=\"og:locale\" content=\"sv_SE\" \/>\n<meta property=\"og:type\" content=\"article\" \/>\n<meta property=\"og:title\" content=\"Home\" \/>\n<meta property=\"og:description\" content=\"Popul\u0101r\u0101k\u0101s preces GelBlaster\u00ae Autom\u0101tisk\u0101 \u201cStarwars\u201d stila pistole ar gela lod\u0113m, kas \u0161auj l\u012bdz 30 metriem! Uzzin\u0101t vair\u0101k Trioled\u00ae Iztur\u012bgs l\u0101d\u0113\u0161anas vads ar magn\u0113tu un 3 LED kr\u0101s\u0101m \u2013 sarkanu, zilu un za\u013cu, kas uzl\u0101des laik\u0101 \u201cskrien\u201d visa vada garum\u0101 Uzzin\u0101t vair\u0101k 7Head\u00ae Ergonomisks 7D asme\u0146u skuveklis ar 5 funkcij\u0101m VI\u0145AM UN VI\u0145AI! Uzzin\u0101t vair\u0101k Titan\u00ae [...]\" \/>\n<meta property=\"og:url\" content=\"https:\/\/wellstore.online\/sv\/hem\/\" \/>\n<meta property=\"og:site_name\" content=\"WellStore ONLINE\" \/>\n<meta property=\"article:modified_time\" content=\"2025-09-05T12:43:53+00:00\" \/>\n<meta property=\"og:image\" content=\"https:\/\/wellstore.online\/wp-content\/uploads\/2022\/10\/gelblaster_product.png\" \/>\n<meta name=\"twitter:card\" content=\"summary_large_image\" \/>\n<meta name=\"twitter:label1\" content=\"Ber\u00e4knad l\u00e4stid\" \/>\n\t<meta name=\"twitter:data1\" content=\"8 minuter\" \/>\n<script type=\"application\/ld+json\" class=\"yoast-schema-graph\">{\"@context\":\"https:\/\/schema.org\",\"@graph\":[{\"@type\":\"WebPage\",\"@id\":\"https:\/\/wellstore.online\/home\/\",\"url\":\"https:\/\/wellstore.online\/home\/\",\"name\":\"Home - WellStore ONLINE\",\"isPartOf\":{\"@id\":\"https:\/\/wellstore.online\/#website\"},\"primaryImageOfPage\":{\"@id\":\"https:\/\/wellstore.online\/home\/#primaryimage\"},\"image\":{\"@id\":\"https:\/\/wellstore.online\/home\/#primaryimage\"},\"thumbnailUrl\":\"https:\/\/wellstore.online\/wp-content\/uploads\/2022\/10\/gelblaster_product.png\",\"datePublished\":\"2022-09-15T16:50:10+00:00\",\"dateModified\":\"2025-09-05T12:43:53+00:00\",\"breadcrumb\":{\"@id\":\"https:\/\/wellstore.online\/home\/#breadcrumb\"},\"inLanguage\":\"sv-SE\",\"potentialAction\":[{\"@type\":\"ReadAction\",\"target\":[\"https:\/\/wellstore.online\/home\/\"]}]},{\"@type\":\"ImageObject\",\"inLanguage\":\"sv-SE\",\"@id\":\"https:\/\/wellstore.online\/home\/#primaryimage\",\"url\":\"https:\/\/wellstore.online\/wp-content\/uploads\/2022\/10\/gelblaster_product.png\",\"contentUrl\":\"https:\/\/wellstore.online\/wp-content\/uploads\/2022\/10\/gelblaster_product.png\"},{\"@type\":\"BreadcrumbList\",\"@id\":\"https:\/\/wellstore.online\/home\/#breadcrumb\",\"itemListElement\":[{\"@type\":\"ListItem\",\"position\":1,\"name\":\"Home\",\"item\":\"https:\/\/wellstore.online\/\"},{\"@type\":\"ListItem\",\"position\":2,\"name\":\"Home\"}]},{\"@type\":\"WebSite\",\"@id\":\"https:\/\/wellstore.online\/#website\",\"url\":\"https:\/\/wellstore.online\/\",\"name\":\"WellStore ONLINE\",\"description\":\"\",\"potentialAction\":[{\"@type\":\"SearchAction\",\"target\":{\"@type\":\"EntryPoint\",\"urlTemplate\":\"https:\/\/wellstore.online\/?s={search_term_string}\"},\"query-input\":{\"@type\":\"PropertyValueSpecification\",\"valueRequired\":true,\"valueName\":\"search_term_string\"}}],\"inLanguage\":\"sv-SE\"}]}<\/script>\n<!-- \/ Yoast SEO Premium plugin. -->","yoast_head_json":{"title":"Hem - WellStore ONLINE","robots":{"index":"index","follow":"follow","max-snippet":"max-snippet:-1","max-image-preview":"max-image-preview:large","max-video-preview":"max-video-preview:-1"},"canonical":"https:\/\/wellstore.online\/sv\/hem\/","og_locale":"sv_SE","og_type":"article","og_title":"Home","og_description":"Popul\u0101r\u0101k\u0101s preces GelBlaster\u00ae Autom\u0101tisk\u0101 \u201cStarwars\u201d stila pistole ar gela lod\u0113m, kas \u0161auj l\u012bdz 30 metriem! Uzzin\u0101t vair\u0101k Trioled\u00ae Iztur\u012bgs l\u0101d\u0113\u0161anas vads ar magn\u0113tu un 3 LED kr\u0101s\u0101m \u2013 sarkanu, zilu un za\u013cu, kas uzl\u0101des laik\u0101 \u201cskrien\u201d visa vada garum\u0101 Uzzin\u0101t vair\u0101k 7Head\u00ae Ergonomisks 7D asme\u0146u skuveklis ar 5 funkcij\u0101m VI\u0145AM UN VI\u0145AI! Uzzin\u0101t vair\u0101k Titan\u00ae [...]","og_url":"https:\/\/wellstore.online\/sv\/hem\/","og_site_name":"WellStore ONLINE","article_modified_time":"2025-09-05T12:43:53+00:00","og_image":[{"url":"https:\/\/wellstore.online\/wp-content\/uploads\/2022\/10\/gelblaster_product.png","type":"","width":"","height":""}],"twitter_card":"summary_large_image","twitter_misc":{"Ber\u00e4knad l\u00e4stid":"8 minuter"},"schema":{"@context":"https:\/\/schema.org","@graph":[{"@type":"WebPage","@id":"https:\/\/wellstore.online\/home\/","url":"https:\/\/wellstore.online\/home\/","name":"Hem - WellStore ONLINE","isPartOf":{"@id":"https:\/\/wellstore.online\/#website"},"primaryImageOfPage":{"@id":"https:\/\/wellstore.online\/home\/#primaryimage"},"image":{"@id":"https:\/\/wellstore.online\/home\/#primaryimage"},"thumbnailUrl":"https:\/\/wellstore.online\/wp-content\/uploads\/2022\/10\/gelblaster_product.png","datePublished":"2022-09-15T16:50:10+00:00","dateModified":"2025-09-05T12:43:53+00:00","breadcrumb":{"@id":"https:\/\/wellstore.online\/home\/#breadcrumb"},"inLanguage":"sv-SE","potentialAction":[{"@type":"ReadAction","target":["https:\/\/wellstore.online\/home\/"]}]},{"@type":"ImageObject","inLanguage":"sv-SE","@id":"https:\/\/wellstore.online\/home\/#primaryimage","url":"https:\/\/wellstore.online\/wp-content\/uploads\/2022\/10\/gelblaster_product.png","contentUrl":"https:\/\/wellstore.online\/wp-content\/uploads\/2022\/10\/gelblaster_product.png"},{"@type":"BreadcrumbList","@id":"https:\/\/wellstore.online\/home\/#breadcrumb","itemListElement":[{"@type":"ListItem","position":1,"name":"Home","item":"https:\/\/wellstore.online\/"},{"@type":"ListItem","position":2,"name":"Home"}]},{"@type":"WebSite","@id":"https:\/\/wellstore.online\/#website","url":"https:\/\/wellstore.online\/","name":"WellStore ONLINE","description":"","potentialAction":[{"@type":"SearchAction","target":{"@type":"EntryPoint","urlTemplate":"https:\/\/wellstore.online\/?s={search_term_string}"},"query-input":{"@type":"PropertyValueSpecification","valueRequired":true,"valueName":"search_term_string"}}],"inLanguage":"sv-SE"}]}},"_links":{"self":[{"href":"https:\/\/wellstore.online\/sv\/wp-json\/wp\/v2\/pages\/65","targetHints":{"allow":["GET"]}}],"collection":[{"href":"https:\/\/wellstore.online\/sv\/wp-json\/wp\/v2\/pages"}],"about":[{"href":"https:\/\/wellstore.online\/sv\/wp-json\/wp\/v2\/types\/page"}],"author":[{"embeddable":true,"href":"https:\/\/wellstore.online\/sv\/wp-json\/wp\/v2\/users\/1"}],"replies":[{"embeddable":true,"href":"https:\/\/wellstore.online\/sv\/wp-json\/wp\/v2\/comments?post=65"}],"version-history":[{"count":0,"href":"https:\/\/wellstore.online\/sv\/wp-json\/wp\/v2\/pages\/65\/revisions"}],"wp:attachment":[{"href":"https:\/\/wellstore.online\/sv\/wp-json\/wp\/v2\/media?parent=65"}],"curies":[{"name":"wp","href":"https:\/\/api.w.org\/{rel}","templated":true}]}}