{"id":7106,"date":"2022-09-22T12:07:55","date_gmt":"2022-09-22T09:07:55","guid":{"rendered":"http:\/\/box2520.temp.domains\/~wellstor\/?page_id=7106"},"modified":"2025-10-14T20:19:25","modified_gmt":"2025-10-14T17:19:25","slug":"villkor-regler","status":"publish","type":"page","link":"https:\/\/wellstore.online\/sv\/villkor-regler\/","title":{"rendered":"Villkor &amp; regler"},"content":{"rendered":"<div data-elementor-type=\"wp-page\" data-elementor-id=\"7106\" class=\"elementor elementor-7106\" data-elementor-post-type=\"page\">\n\t\t\t\t\t\t<section class=\"elementor-section elementor-top-section elementor-element elementor-element-2df3ae6 elementor-section-boxed elementor-section-height-default elementor-section-height-default\" data-id=\"2df3ae6\" data-element_type=\"section\" data-e-type=\"section\" data-settings=\"{&quot;background_background&quot;:&quot;classic&quot;}\">\n\t\t\t\t\t\t\t<div class=\"elementor-background-overlay\"><\/div>\n\t\t\t\t\t\t\t<div class=\"elementor-container elementor-column-gap-default\">\n\t\t\t\t\t<div class=\"elementor-column elementor-col-100 elementor-top-column elementor-element elementor-element-fbf9621\" data-id=\"fbf9621\" data-element_type=\"column\" data-e-type=\"column\" data-settings=\"{&quot;background_background&quot;:&quot;classic&quot;}\">\n\t\t\t<div class=\"elementor-widget-wrap elementor-element-populated\">\n\t\t\t\t\t<div class=\"elementor-background-overlay\"><\/div>\n\t\t\t\t\t\t<div class=\"elementor-element elementor-element-f6ab6ab elementor-widget elementor-widget-heading\" data-id=\"f6ab6ab\" data-element_type=\"widget\" data-e-type=\"widget\" data-widget_type=\"heading.default\">\n\t\t\t\t<div class=\"elementor-widget-container\">\n\t\t\t\t\t<h2 class=\"elementor-heading-title elementor-size-default\">Regler<\/h2>\t\t\t\t<\/div>\n\t\t\t\t<\/div>\n\t\t\t\t\t<\/div>\n\t\t<\/div>\n\t\t\t\t\t<\/div>\n\t\t<\/section>\n\t\t\t\t<section class=\"elementor-section elementor-top-section elementor-element elementor-element-a4a6ea7 elementor-section-boxed elementor-section-height-default elementor-section-height-default\" data-id=\"a4a6ea7\" data-element_type=\"section\" data-e-type=\"section\">\n\t\t\t\t\t\t<div class=\"elementor-container elementor-column-gap-default\">\n\t\t\t\t\t<div class=\"elementor-column elementor-col-100 elementor-top-column elementor-element elementor-element-8fb4d19\" data-id=\"8fb4d19\" data-element_type=\"column\" data-e-type=\"column\">\n\t\t\t<div class=\"elementor-widget-wrap elementor-element-populated\">\n\t\t\t\t\t\t<div class=\"elementor-element elementor-element-9df608a elementor-widget elementor-widget-text-editor\" data-id=\"9df608a\" data-element_type=\"widget\" data-e-type=\"widget\" data-widget_type=\"text-editor.default\">\n\t\t\t\t<div class=\"elementor-widget-container\">\n\t\t\t\t\t\t\t\t\t<p class=\" translation-block\"><b>1. Allm\u00e4nna villkor<br><\/b>1.1 Dessa villkor (nedan kallade \"villkoren\") ska reglera anv\u00e4ndningen av WellStore onlinebutik (nedan kallad \"e-butiken\"). Villkoren ska till\u00e4mpas n\u00e4r k\u00f6paren best\u00e4ller och k\u00f6per varor som erbjuds i e-butiken eller p\u00e5 annat s\u00e4tt anv\u00e4nder tj\u00e4nsterna i e-butiken.<br>1.2 Vid k\u00f6parens best\u00e4llning av varor ska dessa villkor bli villkoren i k\u00f6peavtalet mellan k\u00f6paren och s\u00e4ljaren, vilket ska utg\u00f6ra ett bindande juridiskt dokument f\u00f6r b\u00e5da parter. Avtalet ska anses ing\u00e5nget n\u00e4r K\u00f6paren g\u00f6r en best\u00e4llning av varor eller varor i E-shopen.<br>1.3 K\u00f6paren ska inte ha r\u00e4tt att best\u00e4lla varor i E-shopen om K\u00f6paren inte har l\u00e4st Villkoren eller inte samtycker till dem. Om K\u00f6paren best\u00e4ller varor ska K\u00f6paren anses ha l\u00e4st Villkoren och till fullo accepterat dem.<br>1.4 S\u00e4ljaren ska inte ta n\u00e5gon risk eller ansvar och ska h\u00e5llas helt skadesl\u00f6s om K\u00f6paren delvis har l\u00e4st Villkoren eller inte har l\u00e4st dem alls, \u00e4ven om K\u00f6paren har haft m\u00f6jlighet att g\u00f6ra det.<\/p><p class=\" translation-block\"><b>2. behandling av personuppgifter<br><\/b>2.1 F\u00f6r att kunna anv\u00e4nda e-butiken och k\u00f6pa de varor som erbjuds d\u00e4r m\u00e5ste kunden fylla i ett best\u00e4llningsformul\u00e4r. Best\u00e4llningsformul\u00e4ret m\u00e5ste inneh\u00e5lla f\u00f6ljande personuppgifter om k\u00f6paren: namn, efternamn, e-postadress, adress d\u00e4r varorna ska levereras, telefonnummer, andra uppgifter som \u00e4r relevanta f\u00f6r leveransen av varorna.<br>2.2 K\u00f6paren ansvarar f\u00f6r att de uppgifter som l\u00e4mnas i best\u00e4llningen \u00e4r korrekta och fullst\u00e4ndiga. S\u00e4ljaren ska inte i n\u00e5got fall vara ansvarig f\u00f6r skador som k\u00f6paren eller tredje part drabbas av till f\u00f6ljd av att k\u00f6paren l\u00e4mnar felaktiga eller ofullst\u00e4ndiga uppgifter.<br>2.3. De personuppgifter som k\u00f6paren l\u00e4mnar ska behandlas i enlighet med kraven i Europeiska unionens (nedan EU) dataskyddslagar som reglerar behandling och skydd av s\u00e5dana uppgifter. Vid behandling och lagring av K\u00f6parens personuppgifter kommer S\u00e4ljaren att anv\u00e4nda organisatoriska och tekniska medel f\u00f6r att s\u00e4kerst\u00e4lla att personuppgifterna skyddas mot oavsiktlig eller olaglig f\u00f6rst\u00f6relse, \u00e4ndring, utl\u00e4mnande eller annan olaglig behandling.<br>2.4 Genom att g\u00f6ra ett k\u00f6p samtycker K\u00f6paren till att hans personuppgifter anv\u00e4nds f\u00f6r marknadsf\u00f6ring och han samtycker till att ta emot reklam och informationsmeddelanden fr\u00e5n E-butiken.<\/p><p><b>\u00a0<\/b><\/p><p class=\" translation-block\"><b>3.Priser, betalningsvillkor och betalningsvillkor<br><\/b>3.1 Priserna p\u00e5 varorna i E-shop-ordern anges i euro. Varorna ska s\u00e4ljas till K\u00f6paren till de priser som g\u00e4ller i E-shopen vid tidpunkten f\u00f6r betalning av best\u00e4llningen.<br>3.2 K\u00f6paren ska betala f\u00f6r Varorna genom f\u00f6rskottsbetalning eller efterskottsbetalning. Ansvaret f\u00f6r datas\u00e4kerheten vilar p\u00e5 det relevanta finansiella institutet eftersom penningtransaktionerna sker i dess system.<br>3.3 Betalning ska anses ha skett n\u00e4r hela beloppet har mottagits och krediterats S\u00e4ljarens konto. Priset f\u00f6r leverans av Varorna \u00e4r inklusive moms. Endast vid mottagande av betalning f\u00f6r Varorna och leveransavgiften ska best\u00e4llningen utf\u00f6ras och leveransdatum fastst\u00e4llas.<\/p><p><b>\u00a0<\/b><\/p><p class=\" translation-block\"><b>4. f\u00f6rpackning och leverans<br><\/b>4.1 Varorna ska endast levereras inom det territorium som anges av s\u00e4ljaren. E-butiken accepterar endast en best\u00e4llning om den angivna leveransadressen ligger inom det angivna territoriet. Varorna ska levereras av S\u00e4ljarens aff\u00e4rspartner eller en auktoriserad representant.<br><br>4.2 Om leveransen av varorna inte \u00e4r m\u00f6jlig p\u00e5 grund av K\u00f6parens fel eller omst\u00e4ndigheter utanf\u00f6r K\u00f6parens kontroll (K\u00f6paren har angett en felaktig adress, K\u00f6paren eller mottagaren kan inte hittas p\u00e5 den angivna adressen, den angivna adressen kan inte n\u00e5s etc.)4.3 S\u00e4ljaren \u00e4r befriad fr\u00e5n ansvar f\u00f6r brott mot leveransvillkoren om varan inte levereras till K\u00f6paren eller inte levereras i r\u00e4tt tid p\u00e5 grund av K\u00f6parens fel eller omst\u00e4ndigheter utanf\u00f6r K\u00f6parens kontroll.<br>4.4 Om K\u00f6paren m\u00e4rker att f\u00f6rs\u00e4ndelsen inte inneh\u00e5ller r\u00e4tt m\u00e4ngd varor eller att de levererade varorna inte motsvarar best\u00e4llningen och detta inte framg\u00e5r av leveransdokumentet, m\u00e5ste K\u00f6paren meddela S\u00e4ljaren vid tidpunkten f\u00f6r mottagandet eller leveransen av varorna, annars ska best\u00e4llningen anses ha blivit vederb\u00f6rligen lagd eller levererad och varorna ska motsvara best\u00e4llningen.<br>4.5 Om varorna returneras till Butiken skall K\u00f6paren ers\u00e4tta S\u00e4ljaren f\u00f6r alla f\u00f6rluster som uppst\u00e5r vid packning och postning av varorna till den adress som K\u00f6paren har angett. K\u00f6paren m\u00e5ste ocks\u00e5 betala kostnaden f\u00f6r att returnera de returnerade varorna till butiken. Betalning ska ske inom 3 arbetsdagar fr\u00e5n det att fakturan skickats till den e-postadress som K\u00f6paren angav vid best\u00e4llningen av varorna. Vid f\u00f6rsenad betalning ska indrivningen av kostnaderna \u00f6verf\u00f6ras till ett tredjeparts inkassof\u00f6retag.<\/p><p><b>\u00a0<\/b><\/p><p class=\" translation-block\"><b>5.Kvalitetsgaranti och utg\u00e5ngsdatum<br><\/b>5.1.Egenskaperna hos alla varor som s\u00e4ljs i E-butiken anges i beskrivningen av varje vara.<br>5.2.S\u00e4ljaren ansvarar inte f\u00f6r att varorna i E-butiken inte motsvarar varornas faktiska storlek i f\u00e4rg, form och andra parametrar.<br>5.3.Varor som har ett angivet utg\u00e5ngsdatum levereras s\u00e5 att K\u00f6paren har m\u00f6jlighet att anv\u00e4nda dessa varor fram till utg\u00e5ngsdatumet.<br>5.4 Varje produkt eller produktgrupp har sin egen garantitid, under vilken S\u00e4ljaren skall reparera eller byta ut produkten p\u00e5 egen bekostnad.<br>5.5 F\u00f6r att kunna \u00f6verl\u00e4mna produkten f\u00f6r reparation eller utbyte m\u00e5ste den vara omsorgsfullt f\u00f6rpackad i enlighet med S\u00e4ljarens anvisningar och \u00f6verl\u00e4mnas till S\u00e4ljarens ombud - bud.<br>5.6 F\u00f6r det fall att, genom K\u00f6parens f\u00f6rsorg,<br>a) felaktiga kontaktuppgifter (telefon nr, leveransadress) eller annan information relaterad till utbytet av produkten;<br>b) vid kurirens ankomst \u00e4r den produkt som ska levereras inte ordentligt f\u00f6rberedd f\u00f6r leverans;<br>c) kurirens telefonsamtal besvaras inte;<br>\u00e5terkallande av kuriren f\u00f6r retur av den defekta produkten ska ske p\u00e5 k\u00f6parens bekostnad.<\/p><p class=\" translation-block\"><b>6. \u00c5ngerr\u00e4tt. \u00c5terbetalning<br><\/b>6.1 Om k\u00f6paren \u00e4r en konsument i den mening som avses i lagen om skydd f\u00f6r konsumentr\u00e4ttigheter (en fysisk person som vill k\u00f6pa, k\u00f6per eller kan k\u00f6pa eller anv\u00e4nda en vara eller tj\u00e4nst f\u00f6r ett \u00e4ndam\u00e5l som inte har samband med hans aff\u00e4rs- eller yrkesverksamhet), kan k\u00f6paren ut\u00f6va \u00e5ngerr\u00e4tten och ensidigt fr\u00e5ntr\u00e4da avtalet (k\u00f6p av varor i e-butiken) inom 45 kalenderdagar (som anges f\u00f6r varje enskild artikel) efter best\u00e4llningsdatumet f\u00f6r de relevanta varorna. K\u00f6paren f\u00e5r inte ut\u00f6va \u00e5ngerr\u00e4tten om:<br>6.1.1. varor levereras som \u00e4r tillverkade enligt konsumentens specifikationer eller \u00e4r oers\u00e4ttliga f\u00f6rem\u00e5l eller p\u00e5 grund av sin natur inte kan returneras eller \u00e4r l\u00e4ttf\u00f6rd\u00e4rvliga eller f\u00f6rbrukningsbara;<br>6.1.2. livsmedel, drycker eller andra varor f\u00f6r omedelbar hush\u00e5llskonsumtion levereras;<br>6.1.3. i andra fall som anges i lag.<br>6.2 S\u00e4ljaren skall \u00e5terbetala priset f\u00f6r de varor som k\u00f6paren \u00e5terl\u00e4mnar n\u00e4r han ut\u00f6var sin \u00e5ngerr\u00e4tt efter att ha tagit emot varorna. K\u00f6paren \u00e4r ansvarig f\u00f6r att uppr\u00e4tth\u00e5lla varans kvalitet och s\u00e4kerhet under den tid \u00e5ngerr\u00e4tten ut\u00f6vas. K\u00f6paren ska vara ansvarig f\u00f6r eventuell minskning av varornas v\u00e4rde om varorna har anv\u00e4nts p\u00e5 ett s\u00e4tt som \u00e4r of\u00f6renligt med principen om god tro, inklusive anv\u00e4ndning f\u00f6r andra \u00e4ndam\u00e5l \u00e4n att fastst\u00e4lla varornas art eller prestanda. Varorna ska vara oskadade, inte ha f\u00f6rlorat sitt utseende (etiketter f\u00e5r inte ha avl\u00e4gsnats eller skadats, skyddsfilmer f\u00e5r inte ha slitits s\u00f6nder etc.) och f\u00e5r inte ha anv\u00e4nts. Varorna m\u00e5ste returneras i originalf\u00f6rpackningen och i samma skick som n\u00e4r de mottogs. Om varorna inte \u00e4r kompletta, skadade, oordnade eller inte korrekt f\u00f6rpackade, har s\u00e4ljaren r\u00e4tt att inte acceptera varorna och inte \u00e5terbetala de pengar som k\u00f6paren har betalat f\u00f6r varorna.<br>6.4 K\u00f6paren ska b\u00e4ra kostnaderna f\u00f6r leverans av varorna till butiken (utom f\u00f6r varor som inte \u00f6verensst\u00e4mmer med villkoren i avtalet). Om k\u00f6paren vill returnera varorna vid leverans, m\u00e5ste de returneras till s\u00e4ljarens leveransombud (kurir). I s\u00e5dant fall ska k\u00f6paren inte befrias fr\u00e5n de kostnader som uppkommit f\u00f6r att packa varorna, leverera dem till den angivna adressen och returnera dem till butiken.<\/p><p><b>\u00a0<\/b><\/p><p class=\" translation-block\"><b>7.Informationsutbyte<br><\/b>7.1 S\u00e4ljaren ska skicka alla meddelanden och p\u00e5 annat s\u00e4tt kommunicera med K\u00f6paren med hj\u00e4lp av den e-postadress eller det telefonnummer som anges i K\u00f6parens best\u00e4llningsformul\u00e4r.<br>7.2 K\u00f6paren ska skicka alla meddelanden och f\u00f6rfr\u00e5gningar med hj\u00e4lp av de medel och adresser som anges i avsnittet \"Kontakt\" i E-butiken.<\/p><p><b>\u00a0<\/b><\/p><p class=\" translation-block\"><b>8. Slutliga villkor<br><\/b>8.1 F\u00f6rh\u00e5llandet mellan k\u00f6paren och s\u00e4ljaren ska regleras av dessa villkor samt av EU-r\u00e4tten.<br>8.2 Vid f\u00f6rlust ska den felande parten ers\u00e4tta den andra parten f\u00f6r direkta skador i enlighet med EU-r\u00e4tten.<br>8.3 Parterna ska l\u00f6sa eventuella tvister genom f\u00f6rhandling. I h\u00e4ndelse av en konflikt kan du ans\u00f6ka om f\u00f6rlikning utanf\u00f6r domstol genom att bes\u00f6ka f\u00f6ljande l\u00e4nk: https:\/\/webgate.ec.europa.eu\/odr\/main\/index.cfm?event=main.home.show&amp;lng=LV<\/p><p class=\" translation-block\"><b>9. S\u00e4ljarens uppgifter<br><\/b>WooWorld O\u00dc<br> Reg. No 16557288<br>T\u00fcri tn 10c, Tallinn, 11313<br>Harju maakond<\/p>\t\t\t\t\t\t\t\t<\/div>\n\t\t\t\t<\/div>\n\t\t\t\t\t<\/div>\n\t\t<\/div>\n\t\t\t\t\t<\/div>\n\t\t<\/section>\n\t\t\t\t<\/div>","protected":false},"excerpt":{"rendered":"<p>Noteikumi 1. Visp\u0101r\u012bgie noteikumi1.1. \u0160ie noteikumi (turpm\u0101k \u2013 Noteikumi) paredz internetveikala WellStore (turpm\u0101k \u2013 E-veikals) lieto\u0161anas k\u0101rt\u012bbu. Noteikumus piem\u0113ro, kad Pirc\u0113js pas\u016bta un p\u0113rk E-veikal\u0101 pied\u0101v\u0101t\u0101s preces vai cit\u0101di izmanto E-veikala pakalpojumus.1.2. L\u012bdz ar Pirc\u0113ja veikto pre\u010du pas\u016bt\u012bjumu \u0161ie Noteikumi k\u013c\u016bst par Pirc\u0113ja un P\u0101rdev\u0113ja pirkuma l\u012bguma noteikumiem, kas ir abiem l\u012bgumsl\u0113dz\u0113jiem oblig\u0101ts juridisks dokuments. [&#8230;]\n","protected":false},"author":1,"featured_media":0,"parent":0,"menu_order":0,"comment_status":"closed","ping_status":"closed","template":"","meta":{"footnotes":""},"class_list":["post-7106","page","type-page","status-publish","hentry"],"yoast_head":"<!-- This site is optimized with the Yoast SEO Premium plugin v26.3 (Yoast SEO v26.3) - https:\/\/yoast.com\/wordpress\/plugins\/seo\/ -->\n<title>Conditions &amp; Rules - WellStore ONLINE<\/title>\n<meta name=\"robots\" content=\"index, follow, max-snippet:-1, max-image-preview:large, max-video-preview:-1\" \/>\n<link rel=\"canonical\" href=\"https:\/\/wellstore.online\/sv\/villkor-regler\/\" \/>\n<meta property=\"og:locale\" content=\"sv_SE\" \/>\n<meta property=\"og:type\" content=\"article\" \/>\n<meta property=\"og:title\" content=\"Conditions &amp; Rules\" \/>\n<meta property=\"og:description\" content=\"Noteikumi 1. Visp\u0101r\u012bgie noteikumi1.1. \u0160ie noteikumi (turpm\u0101k \u2013 Noteikumi) paredz internetveikala WellStore (turpm\u0101k \u2013 E-veikals) lieto\u0161anas k\u0101rt\u012bbu. Noteikumus piem\u0113ro, kad Pirc\u0113js pas\u016bta un p\u0113rk E-veikal\u0101 pied\u0101v\u0101t\u0101s preces vai cit\u0101di izmanto E-veikala pakalpojumus.1.2. L\u012bdz ar Pirc\u0113ja veikto pre\u010du pas\u016bt\u012bjumu \u0161ie Noteikumi k\u013c\u016bst par Pirc\u0113ja un P\u0101rdev\u0113ja pirkuma l\u012bguma noteikumiem, kas ir abiem l\u012bgumsl\u0113dz\u0113jiem oblig\u0101ts juridisks dokuments. [...]\" \/>\n<meta property=\"og:url\" content=\"https:\/\/wellstore.online\/sv\/villkor-regler\/\" \/>\n<meta property=\"og:site_name\" content=\"WellStore ONLINE\" \/>\n<meta property=\"article:modified_time\" content=\"2025-10-14T17:19:25+00:00\" \/>\n<meta name=\"twitter:card\" content=\"summary_large_image\" \/>\n<meta name=\"twitter:label1\" content=\"Ber\u00e4knad l\u00e4stid\" \/>\n\t<meta name=\"twitter:data1\" content=\"6 minuter\" \/>\n<script type=\"application\/ld+json\" class=\"yoast-schema-graph\">{\"@context\":\"https:\/\/schema.org\",\"@graph\":[{\"@type\":\"WebPage\",\"@id\":\"https:\/\/wellstore.online\/conditions-rules\/\",\"url\":\"https:\/\/wellstore.online\/conditions-rules\/\",\"name\":\"Conditions & Rules - WellStore ONLINE\",\"isPartOf\":{\"@id\":\"https:\/\/wellstore.online\/#website\"},\"datePublished\":\"2022-09-22T09:07:55+00:00\",\"dateModified\":\"2025-10-14T17:19:25+00:00\",\"breadcrumb\":{\"@id\":\"https:\/\/wellstore.online\/conditions-rules\/#breadcrumb\"},\"inLanguage\":\"sv-SE\",\"potentialAction\":[{\"@type\":\"ReadAction\",\"target\":[\"https:\/\/wellstore.online\/conditions-rules\/\"]}]},{\"@type\":\"BreadcrumbList\",\"@id\":\"https:\/\/wellstore.online\/conditions-rules\/#breadcrumb\",\"itemListElement\":[{\"@type\":\"ListItem\",\"position\":1,\"name\":\"Home\",\"item\":\"https:\/\/wellstore.online\/\"},{\"@type\":\"ListItem\",\"position\":2,\"name\":\"Conditions &#038; Rules\"}]},{\"@type\":\"WebSite\",\"@id\":\"https:\/\/wellstore.online\/#website\",\"url\":\"https:\/\/wellstore.online\/\",\"name\":\"WellStore ONLINE\",\"description\":\"\",\"potentialAction\":[{\"@type\":\"SearchAction\",\"target\":{\"@type\":\"EntryPoint\",\"urlTemplate\":\"https:\/\/wellstore.online\/?s={search_term_string}\"},\"query-input\":{\"@type\":\"PropertyValueSpecification\",\"valueRequired\":true,\"valueName\":\"search_term_string\"}}],\"inLanguage\":\"sv-SE\"}]}<\/script>\n<!-- \/ Yoast SEO Premium plugin. -->","yoast_head_json":{"title":"Villkor och best\u00e4mmelser - WellStore ONLINE","robots":{"index":"index","follow":"follow","max-snippet":"max-snippet:-1","max-image-preview":"max-image-preview:large","max-video-preview":"max-video-preview:-1"},"canonical":"https:\/\/wellstore.online\/sv\/villkor-regler\/","og_locale":"sv_SE","og_type":"article","og_title":"Conditions & Rules","og_description":"Noteikumi 1. Visp\u0101r\u012bgie noteikumi1.1. \u0160ie noteikumi (turpm\u0101k \u2013 Noteikumi) paredz internetveikala WellStore (turpm\u0101k \u2013 E-veikals) lieto\u0161anas k\u0101rt\u012bbu. Noteikumus piem\u0113ro, kad Pirc\u0113js pas\u016bta un p\u0113rk E-veikal\u0101 pied\u0101v\u0101t\u0101s preces vai cit\u0101di izmanto E-veikala pakalpojumus.1.2. L\u012bdz ar Pirc\u0113ja veikto pre\u010du pas\u016bt\u012bjumu \u0161ie Noteikumi k\u013c\u016bst par Pirc\u0113ja un P\u0101rdev\u0113ja pirkuma l\u012bguma noteikumiem, kas ir abiem l\u012bgumsl\u0113dz\u0113jiem oblig\u0101ts juridisks dokuments. [...]","og_url":"https:\/\/wellstore.online\/sv\/villkor-regler\/","og_site_name":"WellStore ONLINE","article_modified_time":"2025-10-14T17:19:25+00:00","twitter_card":"summary_large_image","twitter_misc":{"Ber\u00e4knad l\u00e4stid":"6 minuter"},"schema":{"@context":"https:\/\/schema.org","@graph":[{"@type":"WebPage","@id":"https:\/\/wellstore.online\/conditions-rules\/","url":"https:\/\/wellstore.online\/conditions-rules\/","name":"Villkor och best\u00e4mmelser - WellStore ONLINE","isPartOf":{"@id":"https:\/\/wellstore.online\/#website"},"datePublished":"2022-09-22T09:07:55+00:00","dateModified":"2025-10-14T17:19:25+00:00","breadcrumb":{"@id":"https:\/\/wellstore.online\/conditions-rules\/#breadcrumb"},"inLanguage":"sv-SE","potentialAction":[{"@type":"ReadAction","target":["https:\/\/wellstore.online\/conditions-rules\/"]}]},{"@type":"BreadcrumbList","@id":"https:\/\/wellstore.online\/conditions-rules\/#breadcrumb","itemListElement":[{"@type":"ListItem","position":1,"name":"Home","item":"https:\/\/wellstore.online\/"},{"@type":"ListItem","position":2,"name":"Conditions &#038; Rules"}]},{"@type":"WebSite","@id":"https:\/\/wellstore.online\/#website","url":"https:\/\/wellstore.online\/","name":"WellStore ONLINE","description":"","potentialAction":[{"@type":"SearchAction","target":{"@type":"EntryPoint","urlTemplate":"https:\/\/wellstore.online\/?s={search_term_string}"},"query-input":{"@type":"PropertyValueSpecification","valueRequired":true,"valueName":"search_term_string"}}],"inLanguage":"sv-SE"}]}},"_links":{"self":[{"href":"https:\/\/wellstore.online\/sv\/wp-json\/wp\/v2\/pages\/7106","targetHints":{"allow":["GET"]}}],"collection":[{"href":"https:\/\/wellstore.online\/sv\/wp-json\/wp\/v2\/pages"}],"about":[{"href":"https:\/\/wellstore.online\/sv\/wp-json\/wp\/v2\/types\/page"}],"author":[{"embeddable":true,"href":"https:\/\/wellstore.online\/sv\/wp-json\/wp\/v2\/users\/1"}],"replies":[{"embeddable":true,"href":"https:\/\/wellstore.online\/sv\/wp-json\/wp\/v2\/comments?post=7106"}],"version-history":[{"count":0,"href":"https:\/\/wellstore.online\/sv\/wp-json\/wp\/v2\/pages\/7106\/revisions"}],"wp:attachment":[{"href":"https:\/\/wellstore.online\/sv\/wp-json\/wp\/v2\/media?parent=7106"}],"curies":[{"name":"wp","href":"https:\/\/api.w.org\/{rel}","templated":true}]}}