{"id":13484,"date":"2023-02-15T12:11:58","date_gmt":"2023-02-15T10:11:58","guid":{"rendered":"https:\/\/wellstore.online\/?post_type=product&#038;p=13484"},"modified":"2025-11-28T14:22:57","modified_gmt":"2025-11-28T12:22:57","slug":"7huvud-rakad-skalle","status":"publish","type":"product","link":"https:\/\/wellstore.online\/sv\/produkt-2\/7huvud-rakad-skalle\/","title":{"rendered":"7HEAD rakbladshuvud"},"content":{"rendered":"<div data-elementor-type=\"product-post\" data-elementor-id=\"13484\" class=\"elementor elementor-13484\" data-elementor-post-type=\"product\">\n\t\t\t\t\t\t<section class=\"elementor-section elementor-top-section elementor-element elementor-element-3d635275 elementor-section-boxed elementor-section-height-default elementor-section-height-default\" data-id=\"3d635275\" data-element_type=\"section\">\n\t\t\t\t\t\t<div class=\"elementor-container elementor-column-gap-default\">\n\t\t\t\t\t<div class=\"elementor-column elementor-col-100 elementor-top-column elementor-element elementor-element-c6df125\" data-id=\"c6df125\" data-element_type=\"column\">\n\t\t\t<div class=\"elementor-widget-wrap elementor-element-populated\">\n\t\t\t\t\t\t<div class=\"elementor-element elementor-element-306cb43 elementor-widget elementor-widget-text-editor\" data-id=\"306cb43\" data-element_type=\"widget\" data-widget_type=\"text-editor.default\">\n\t\t\t\t<div class=\"elementor-widget-container\">\n\t\t\t\t\t\t\t\t\t<strong>Den ergonomiska 7D-rakhyveln f\u00f6r dig och henne!<\/strong><br><br>\n\nTack vare de 7D r\u00f6rliga eller \"flytande\" bladen, som f\u00f6rsiktigt och exakt f\u00e4ster vid huden, garanteras ett perfekt resultat. Rakningen g\u00e5r snabbt, enkelt och sm\u00e4rtfritt och bladen masserar huden p\u00e5 ett skonsamt s\u00e4tt.<br><br>Den vattent\u00e5liga och ergonomiska rakhyveln bryter inte h\u00e5rstr\u00e5n och repar inte huden.<br><br>\n\n<strong>Teknisk beskrivning:<\/strong><br>\nMaterial: ABS + elektroniska komponenter + rostfritt st\u00e5l<br>\nF\u00e4rg: Silver\/metallic\t\t\t\t\t\t\t\t<\/div>\n\t\t\t\t<\/div>\n\t\t\t\t\t<\/div>\n\t\t<\/div>\n\t\t\t\t\t<\/div>\n\t\t<\/section>\n\t\t\t\t<\/div>","protected":false},"excerpt":{"rendered":"<p>7D r\u00f6rlig rakhyvel f\u00f6r 7HEAD<\/p>","protected":false},"featured_media":13501,"template":"","meta":[],"product_brand":[],"product_cat":[69,73,47],"product_tag":[],"class_list":{"0":"post-13484","1":"product","2":"type-product","3":"status-publish","4":"has-post-thumbnail","6":"product_cat-women","7":"product_cat-beauty","8":"product_cat-men","10":"first","11":"instock","12":"shipping-taxable","13":"purchasable","14":"product-type-simple"},"yoast_head":"<!-- This site is optimized with the Yoast SEO Premium plugin v26.3 (Yoast SEO v26.3) - https:\/\/yoast.com\/wordpress\/plugins\/seo\/ -->\n<title>7HEAD skuvek\u013ca galva - WellStore ONLINE<\/title>\n<meta name=\"robots\" content=\"index, follow, max-snippet:-1, max-image-preview:large, max-video-preview:-1\" \/>\n<link rel=\"canonical\" href=\"https:\/\/wellstore.online\/sv\/produkt-2\/7huvud-rakad-skalle\/\" \/>\n<meta property=\"og:locale\" content=\"sv_SE\" \/>\n<meta property=\"og:type\" content=\"article\" \/>\n<meta property=\"og:title\" content=\"7HEAD skuvek\u013ca galva\" \/>\n<meta property=\"og:description\" content=\"7D kust\u012bgais skuveklis 7HEAD ier\u012bcei\" \/>\n<meta property=\"og:url\" content=\"https:\/\/wellstore.online\/sv\/produkt-2\/7huvud-rakad-skalle\/\" \/>\n<meta property=\"og:site_name\" content=\"WellStore ONLINE\" \/>\n<meta property=\"article:modified_time\" content=\"2025-11-28T12:22:57+00:00\" \/>\n<meta property=\"og:image\" content=\"https:\/\/wellstore.online\/wp-content\/uploads\/2023\/02\/11.jpg\" \/>\n\t<meta property=\"og:image:width\" content=\"800\" \/>\n\t<meta property=\"og:image:height\" content=\"800\" \/>\n\t<meta property=\"og:image:type\" content=\"image\/jpeg\" \/>\n<meta name=\"twitter:card\" content=\"summary_large_image\" \/>\n<script type=\"application\/ld+json\" class=\"yoast-schema-graph\">{\"@context\":\"https:\/\/schema.org\",\"@graph\":[{\"@type\":\"WebPage\",\"@id\":\"https:\/\/wellstore.online\/product\/7head-skuvekla-galva\/\",\"url\":\"https:\/\/wellstore.online\/product\/7head-skuvekla-galva\/\",\"name\":\"7HEAD skuvek\u013ca galva - WellStore ONLINE\",\"isPartOf\":{\"@id\":\"https:\/\/wellstore.online\/#website\"},\"primaryImageOfPage\":{\"@id\":\"https:\/\/wellstore.online\/product\/7head-skuvekla-galva\/#primaryimage\"},\"image\":{\"@id\":\"https:\/\/wellstore.online\/product\/7head-skuvekla-galva\/#primaryimage\"},\"thumbnailUrl\":\"https:\/\/wellstore.online\/wp-content\/uploads\/2023\/02\/11.jpg\",\"datePublished\":\"2023-02-15T10:11:58+00:00\",\"dateModified\":\"2025-11-28T12:22:57+00:00\",\"breadcrumb\":{\"@id\":\"https:\/\/wellstore.online\/product\/7head-skuvekla-galva\/#breadcrumb\"},\"inLanguage\":\"sv-SE\",\"potentialAction\":[{\"@type\":\"ReadAction\",\"target\":[\"https:\/\/wellstore.online\/product\/7head-skuvekla-galva\/\"]}]},{\"@type\":\"ImageObject\",\"inLanguage\":\"sv-SE\",\"@id\":\"https:\/\/wellstore.online\/product\/7head-skuvekla-galva\/#primaryimage\",\"url\":\"https:\/\/wellstore.online\/wp-content\/uploads\/2023\/02\/11.jpg\",\"contentUrl\":\"https:\/\/wellstore.online\/wp-content\/uploads\/2023\/02\/11.jpg\",\"width\":800,\"height\":800,\"caption\":\"7HEAD\"},{\"@type\":\"BreadcrumbList\",\"@id\":\"https:\/\/wellstore.online\/product\/7head-skuvekla-galva\/#breadcrumb\",\"itemListElement\":[{\"@type\":\"ListItem\",\"position\":1,\"name\":\"Home\",\"item\":\"https:\/\/wellstore.online\/\"},{\"@type\":\"ListItem\",\"position\":2,\"name\":\"Shop\",\"item\":\"https:\/\/wellstore.online\/sv\/butik\/\"},{\"@type\":\"ListItem\",\"position\":3,\"name\":\"7HEAD skuvek\u013ca galva\"}]},{\"@type\":\"WebSite\",\"@id\":\"https:\/\/wellstore.online\/#website\",\"url\":\"https:\/\/wellstore.online\/\",\"name\":\"WellStore ONLINE\",\"description\":\"\",\"potentialAction\":[{\"@type\":\"SearchAction\",\"target\":{\"@type\":\"EntryPoint\",\"urlTemplate\":\"https:\/\/wellstore.online\/?s={search_term_string}\"},\"query-input\":{\"@type\":\"PropertyValueSpecification\",\"valueRequired\":true,\"valueName\":\"search_term_string\"}}],\"inLanguage\":\"sv-SE\"}]}<\/script>\n<!-- \/ Yoast SEO Premium plugin. -->","yoast_head_json":{"title":"7HEAD rakhyvelhuvud - WellStore ONLINE","robots":{"index":"index","follow":"follow","max-snippet":"max-snippet:-1","max-image-preview":"max-image-preview:large","max-video-preview":"max-video-preview:-1"},"canonical":"https:\/\/wellstore.online\/sv\/produkt-2\/7huvud-rakad-skalle\/","og_locale":"sv_SE","og_type":"article","og_title":"7HEAD skuvek\u013ca galva","og_description":"7D kust\u012bgais skuveklis 7HEAD ier\u012bcei","og_url":"https:\/\/wellstore.online\/sv\/produkt-2\/7huvud-rakad-skalle\/","og_site_name":"WellStore ONLINE","article_modified_time":"2025-11-28T12:22:57+00:00","og_image":[{"width":800,"height":800,"url":"https:\/\/wellstore.online\/wp-content\/uploads\/2023\/02\/11.jpg","type":"image\/jpeg"}],"twitter_card":"summary_large_image","schema":{"@context":"https:\/\/schema.org","@graph":[{"@type":"WebPage","@id":"https:\/\/wellstore.online\/product\/7head-skuvekla-galva\/","url":"https:\/\/wellstore.online\/product\/7head-skuvekla-galva\/","name":"7HEAD rakhyvelhuvud - WellStore ONLINE","isPartOf":{"@id":"https:\/\/wellstore.online\/#website"},"primaryImageOfPage":{"@id":"https:\/\/wellstore.online\/product\/7head-skuvekla-galva\/#primaryimage"},"image":{"@id":"https:\/\/wellstore.online\/product\/7head-skuvekla-galva\/#primaryimage"},"thumbnailUrl":"https:\/\/wellstore.online\/wp-content\/uploads\/2023\/02\/11.jpg","datePublished":"2023-02-15T10:11:58+00:00","dateModified":"2025-11-28T12:22:57+00:00","breadcrumb":{"@id":"https:\/\/wellstore.online\/product\/7head-skuvekla-galva\/#breadcrumb"},"inLanguage":"sv-SE","potentialAction":[{"@type":"ReadAction","target":["https:\/\/wellstore.online\/product\/7head-skuvekla-galva\/"]}]},{"@type":"ImageObject","inLanguage":"sv-SE","@id":"https:\/\/wellstore.online\/product\/7head-skuvekla-galva\/#primaryimage","url":"https:\/\/wellstore.online\/wp-content\/uploads\/2023\/02\/11.jpg","contentUrl":"https:\/\/wellstore.online\/wp-content\/uploads\/2023\/02\/11.jpg","width":800,"height":800,"caption":"7HEAD"},{"@type":"BreadcrumbList","@id":"https:\/\/wellstore.online\/product\/7head-skuvekla-galva\/#breadcrumb","itemListElement":[{"@type":"ListItem","position":1,"name":"Home","item":"https:\/\/wellstore.online\/"},{"@type":"ListItem","position":2,"name":"Shop","item":"https:\/\/wellstore.online\/sv\/butik\/"},{"@type":"ListItem","position":3,"name":"7HEAD skuvek\u013ca galva"}]},{"@type":"WebSite","@id":"https:\/\/wellstore.online\/#website","url":"https:\/\/wellstore.online\/","name":"WellStore ONLINE","description":"","potentialAction":[{"@type":"SearchAction","target":{"@type":"EntryPoint","urlTemplate":"https:\/\/wellstore.online\/?s={search_term_string}"},"query-input":{"@type":"PropertyValueSpecification","valueRequired":true,"valueName":"search_term_string"}}],"inLanguage":"sv-SE"}]}},"_links":{"self":[{"href":"https:\/\/wellstore.online\/sv\/wp-json\/wp\/v2\/product\/13484","targetHints":{"allow":["GET"]}}],"collection":[{"href":"https:\/\/wellstore.online\/sv\/wp-json\/wp\/v2\/product"}],"about":[{"href":"https:\/\/wellstore.online\/sv\/wp-json\/wp\/v2\/types\/product"}],"version-history":[{"count":0,"href":"https:\/\/wellstore.online\/sv\/wp-json\/wp\/v2\/product\/13484\/revisions"}],"wp:featuredmedia":[{"embeddable":true,"href":"https:\/\/wellstore.online\/sv\/wp-json\/wp\/v2\/media\/13501"}],"wp:attachment":[{"href":"https:\/\/wellstore.online\/sv\/wp-json\/wp\/v2\/media?parent=13484"}],"wp:term":[{"taxonomy":"product_brand","embeddable":true,"href":"https:\/\/wellstore.online\/sv\/wp-json\/wp\/v2\/product_brand?post=13484"},{"taxonomy":"product_cat","embeddable":true,"href":"https:\/\/wellstore.online\/sv\/wp-json\/wp\/v2\/product_cat?post=13484"},{"taxonomy":"product_tag","embeddable":true,"href":"https:\/\/wellstore.online\/sv\/wp-json\/wp\/v2\/product_tag?post=13484"}],"curies":[{"name":"wp","href":"https:\/\/api.w.org\/{rel}","templated":true}]}}