{"id":6572,"date":"2022-09-20T15:48:07","date_gmt":"2022-09-20T12:48:07","guid":{"rendered":"http:\/\/box2520.temp.domains\/~wellstor\/?post_type=product&#038;p=6572"},"modified":"2025-07-18T06:22:45","modified_gmt":"2025-07-18T03:22:45","slug":"blev","status":"publish","type":"product","link":"https:\/\/wellstore.online\/sv\/produkt-2\/blev\/","title":{"rendered":"TAPO"},"content":{"rendered":"<div data-elementor-type=\"product-post\" data-elementor-id=\"6572\" class=\"elementor elementor-6572\" data-elementor-post-type=\"product\">\n\t\t\t\t\t\t<section class=\"elementor-section elementor-top-section elementor-element elementor-element-6aac3f76 elementor-section-boxed elementor-section-height-default elementor-section-height-default\" data-id=\"6aac3f76\" data-element_type=\"section\">\n\t\t\t\t\t\t<div class=\"elementor-container elementor-column-gap-default\">\n\t\t\t\t\t<div class=\"elementor-column elementor-col-100 elementor-top-column elementor-element elementor-element-3d0a8d45\" data-id=\"3d0a8d45\" data-element_type=\"column\">\n\t\t\t<div class=\"elementor-widget-wrap elementor-element-populated\">\n\t\t\t\t\t\t<div class=\"elementor-element elementor-element-5203f331 elementor-widget elementor-widget-text-editor\" data-id=\"5203f331\" data-element_type=\"widget\" data-widget_type=\"text-editor.default\">\n\t\t\t\t<div class=\"elementor-widget-container\">\n\t\t\t\t\t\t\t\t\t<p><strong>Tack vare TAPO\u00ae-sensorer tappas vatten endast upp n\u00e4r det faktiskt anv\u00e4nds - f\u00f6r att diska, diska produkter eller diska h\u00e4nderna, vilket ger en vattenbesparing p\u00e5 upp till 80%. Dessutom garanterar den ber\u00f6ringsfria vattentillf\u00f6rseln inte bara en bekv\u00e4mare, utan ocks\u00e5 en renare och mer hygienisk matlagningsprocess.<\/strong><\/p><p>Den \u00e4r kompatibel med alla blandare och \u00e4r extremt enkel att installera.\u00a0<\/p><p><strong>Teknisk information:<\/strong><br \/>Garanti: 2 \u00e5r<br \/>Anslutning f\u00f6r laddning: USB\u00a0<br \/>Certifiering:CE<\/p>\t\t\t\t\t\t\t\t<\/div>\n\t\t\t\t<\/div>\n\t\t\t\t\t<\/div>\n\t\t<\/div>\n\t\t\t\t\t<\/div>\n\t\t<\/section>\n\t\t\t\t<\/div>","protected":false},"excerpt":{"rendered":"<p>Smart kran<\/p>","protected":false},"featured_media":13016,"template":"","meta":[],"product_brand":[],"product_cat":[55,71,72],"product_tag":[],"class_list":{"0":"post-6572","1":"product","2":"type-product","3":"status-publish","4":"has-post-thumbnail","6":"product_cat-household","7":"product_cat-gadgets","8":"product_cat-kitchen","10":"first","11":"instock","12":"shipping-taxable","13":"purchasable","14":"product-type-simple"},"yoast_head":"<!-- This site is optimized with the Yoast SEO Premium plugin v26.3 (Yoast SEO v26.3) - https:\/\/yoast.com\/wordpress\/plugins\/seo\/ -->\n<title>TAPO - WellStore ONLINE<\/title>\n<meta name=\"description\" content=\"Pateicoties TAPO\u00ae sensoriem, \u016bdens tiek padots tikai br\u012bd\u012b, kad notiek re\u0101la t\u0101 lieto\u0161ana \u2013 tiek mazg\u0101ti trauki, produkti vai rokas, ieg\u016bstot \u016bdens ekonomiju l\u012bdz pat 80%. Turkl\u0101t bezkontakta \u016bdens padeve garant\u0113 ne vien \u0113rt\u0101ku, bet ar\u012b t\u012br\u0101ku un higi\u0113nisk\u0101ku gatavo\u0161anas procesu. %\" \/>\n<meta name=\"robots\" content=\"index, follow, max-snippet:-1, max-image-preview:large, max-video-preview:-1\" \/>\n<link rel=\"canonical\" href=\"https:\/\/wellstore.online\/sv\/produkt-2\/blev\/\" \/>\n<meta property=\"og:locale\" content=\"sv_SE\" \/>\n<meta property=\"og:type\" content=\"article\" \/>\n<meta property=\"og:title\" content=\"TAPO\" \/>\n<meta property=\"og:description\" content=\"Pateicoties TAPO\u00ae sensoriem, \u016bdens tiek padots tikai br\u012bd\u012b, kad notiek re\u0101la t\u0101 lieto\u0161ana \u2013 tiek mazg\u0101ti trauki, produkti vai rokas, ieg\u016bstot \u016bdens ekonomiju l\u012bdz pat 80%. Turkl\u0101t bezkontakta \u016bdens padeve garant\u0113 ne vien \u0113rt\u0101ku, bet ar\u012b t\u012br\u0101ku un higi\u0113nisk\u0101ku gatavo\u0161anas procesu. %\" \/>\n<meta property=\"og:url\" content=\"https:\/\/wellstore.online\/sv\/produkt-2\/blev\/\" \/>\n<meta property=\"og:site_name\" content=\"WellStore ONLINE\" \/>\n<meta property=\"article:modified_time\" content=\"2025-07-18T03:22:45+00:00\" \/>\n<meta property=\"og:image\" content=\"https:\/\/wellstore.online\/wp-content\/uploads\/2023\/01\/tapo01.jpg\" \/>\n\t<meta property=\"og:image:width\" content=\"1000\" \/>\n\t<meta property=\"og:image:height\" content=\"1000\" \/>\n\t<meta property=\"og:image:type\" content=\"image\/jpeg\" \/>\n<meta name=\"twitter:card\" content=\"summary_large_image\" \/>\n<meta name=\"twitter:label1\" content=\"Ber\u00e4knad l\u00e4stid\" \/>\n\t<meta name=\"twitter:data1\" content=\"1 minut\" \/>\n<script type=\"application\/ld+json\" class=\"yoast-schema-graph\">{\"@context\":\"https:\/\/schema.org\",\"@graph\":[{\"@type\":\"WebPage\",\"@id\":\"https:\/\/wellstore.online\/product\/tapo\/\",\"url\":\"https:\/\/wellstore.online\/product\/tapo\/\",\"name\":\"TAPO - WellStore ONLINE\",\"isPartOf\":{\"@id\":\"https:\/\/wellstore.online\/#website\"},\"primaryImageOfPage\":{\"@id\":\"https:\/\/wellstore.online\/product\/tapo\/#primaryimage\"},\"image\":{\"@id\":\"https:\/\/wellstore.online\/product\/tapo\/#primaryimage\"},\"thumbnailUrl\":\"https:\/\/wellstore.online\/wp-content\/uploads\/2023\/01\/tapo01.jpg\",\"datePublished\":\"2022-09-20T12:48:07+00:00\",\"dateModified\":\"2025-07-18T03:22:45+00:00\",\"description\":\"Pateicoties TAPO\u00ae sensoriem, \u016bdens tiek padots tikai br\u012bd\u012b, kad notiek re\u0101la t\u0101 lieto\u0161ana \u2013 tiek mazg\u0101ti trauki, produkti vai rokas, ieg\u016bstot \u016bdens ekonomiju l\u012bdz pat 80%. Turkl\u0101t bezkontakta \u016bdens padeve garant\u0113 ne vien \u0113rt\u0101ku, bet ar\u012b t\u012br\u0101ku un higi\u0113nisk\u0101ku gatavo\u0161anas procesu. %\",\"breadcrumb\":{\"@id\":\"https:\/\/wellstore.online\/product\/tapo\/#breadcrumb\"},\"inLanguage\":\"sv-SE\",\"potentialAction\":[{\"@type\":\"ReadAction\",\"target\":[\"https:\/\/wellstore.online\/product\/tapo\/\"]}]},{\"@type\":\"ImageObject\",\"inLanguage\":\"sv-SE\",\"@id\":\"https:\/\/wellstore.online\/product\/tapo\/#primaryimage\",\"url\":\"https:\/\/wellstore.online\/wp-content\/uploads\/2023\/01\/tapo01.jpg\",\"contentUrl\":\"https:\/\/wellstore.online\/wp-content\/uploads\/2023\/01\/tapo01.jpg\",\"width\":1000,\"height\":1000,\"caption\":\"Tapo\"},{\"@type\":\"BreadcrumbList\",\"@id\":\"https:\/\/wellstore.online\/product\/tapo\/#breadcrumb\",\"itemListElement\":[{\"@type\":\"ListItem\",\"position\":1,\"name\":\"Home\",\"item\":\"https:\/\/wellstore.online\/\"},{\"@type\":\"ListItem\",\"position\":2,\"name\":\"Shop\",\"item\":\"https:\/\/wellstore.online\/sv\/butik\/\"},{\"@type\":\"ListItem\",\"position\":3,\"name\":\"TAPO\"}]},{\"@type\":\"WebSite\",\"@id\":\"https:\/\/wellstore.online\/#website\",\"url\":\"https:\/\/wellstore.online\/\",\"name\":\"WellStore ONLINE\",\"description\":\"\",\"potentialAction\":[{\"@type\":\"SearchAction\",\"target\":{\"@type\":\"EntryPoint\",\"urlTemplate\":\"https:\/\/wellstore.online\/?s={search_term_string}\"},\"query-input\":{\"@type\":\"PropertyValueSpecification\",\"valueRequired\":true,\"valueName\":\"search_term_string\"}}],\"inLanguage\":\"sv-SE\"}]}<\/script>\n<!-- \/ Yoast SEO Premium plugin. -->","yoast_head_json":{"title":"TAPO - WellStore ONLINE","description":"Tack vare TAPO\u00ae-sensorer tappas vatten endast upp n\u00e4r det faktiskt anv\u00e4nds - f\u00f6r att diska, diska produkter eller diska h\u00e4nderna, vilket ger en vattenbesparing p\u00e5 upp till 80%. Dessutom garanterar den ber\u00f6ringsfria vattentillf\u00f6rseln inte bara en bekv\u00e4mare, utan ocks\u00e5 en renare och mer hygienisk matlagningsprocess.","robots":{"index":"index","follow":"follow","max-snippet":"max-snippet:-1","max-image-preview":"max-image-preview:large","max-video-preview":"max-video-preview:-1"},"canonical":"https:\/\/wellstore.online\/sv\/produkt-2\/blev\/","og_locale":"sv_SE","og_type":"article","og_title":"TAPO","og_description":"Pateicoties TAPO\u00ae sensoriem, \u016bdens tiek padots tikai br\u012bd\u012b, kad notiek re\u0101la t\u0101 lieto\u0161ana \u2013 tiek mazg\u0101ti trauki, produkti vai rokas, ieg\u016bstot \u016bdens ekonomiju l\u012bdz pat 80%. Turkl\u0101t bezkontakta \u016bdens padeve garant\u0113 ne vien \u0113rt\u0101ku, bet ar\u012b t\u012br\u0101ku un higi\u0113nisk\u0101ku gatavo\u0161anas procesu. %","og_url":"https:\/\/wellstore.online\/sv\/produkt-2\/blev\/","og_site_name":"WellStore ONLINE","article_modified_time":"2025-07-18T03:22:45+00:00","og_image":[{"width":1000,"height":1000,"url":"https:\/\/wellstore.online\/wp-content\/uploads\/2023\/01\/tapo01.jpg","type":"image\/jpeg"}],"twitter_card":"summary_large_image","twitter_misc":{"Ber\u00e4knad l\u00e4stid":"1 minut"},"schema":{"@context":"https:\/\/schema.org","@graph":[{"@type":"WebPage","@id":"https:\/\/wellstore.online\/product\/tapo\/","url":"https:\/\/wellstore.online\/product\/tapo\/","name":"TAPO - WellStore ONLINE","isPartOf":{"@id":"https:\/\/wellstore.online\/#website"},"primaryImageOfPage":{"@id":"https:\/\/wellstore.online\/product\/tapo\/#primaryimage"},"image":{"@id":"https:\/\/wellstore.online\/product\/tapo\/#primaryimage"},"thumbnailUrl":"https:\/\/wellstore.online\/wp-content\/uploads\/2023\/01\/tapo01.jpg","datePublished":"2022-09-20T12:48:07+00:00","dateModified":"2025-07-18T03:22:45+00:00","description":"Tack vare TAPO\u00ae-sensorer tappas vatten endast upp n\u00e4r det faktiskt anv\u00e4nds - f\u00f6r att diska, diska produkter eller diska h\u00e4nderna, vilket ger en vattenbesparing p\u00e5 upp till 80%. Dessutom garanterar den ber\u00f6ringsfria vattentillf\u00f6rseln inte bara en bekv\u00e4mare, utan ocks\u00e5 en renare och mer hygienisk matlagningsprocess.","breadcrumb":{"@id":"https:\/\/wellstore.online\/product\/tapo\/#breadcrumb"},"inLanguage":"sv-SE","potentialAction":[{"@type":"ReadAction","target":["https:\/\/wellstore.online\/product\/tapo\/"]}]},{"@type":"ImageObject","inLanguage":"sv-SE","@id":"https:\/\/wellstore.online\/product\/tapo\/#primaryimage","url":"https:\/\/wellstore.online\/wp-content\/uploads\/2023\/01\/tapo01.jpg","contentUrl":"https:\/\/wellstore.online\/wp-content\/uploads\/2023\/01\/tapo01.jpg","width":1000,"height":1000,"caption":"Tapo"},{"@type":"BreadcrumbList","@id":"https:\/\/wellstore.online\/product\/tapo\/#breadcrumb","itemListElement":[{"@type":"ListItem","position":1,"name":"Home","item":"https:\/\/wellstore.online\/"},{"@type":"ListItem","position":2,"name":"Shop","item":"https:\/\/wellstore.online\/sv\/butik\/"},{"@type":"ListItem","position":3,"name":"TAPO"}]},{"@type":"WebSite","@id":"https:\/\/wellstore.online\/#website","url":"https:\/\/wellstore.online\/","name":"WellStore ONLINE","description":"","potentialAction":[{"@type":"SearchAction","target":{"@type":"EntryPoint","urlTemplate":"https:\/\/wellstore.online\/?s={search_term_string}"},"query-input":{"@type":"PropertyValueSpecification","valueRequired":true,"valueName":"search_term_string"}}],"inLanguage":"sv-SE"}]}},"_links":{"self":[{"href":"https:\/\/wellstore.online\/sv\/wp-json\/wp\/v2\/product\/6572","targetHints":{"allow":["GET"]}}],"collection":[{"href":"https:\/\/wellstore.online\/sv\/wp-json\/wp\/v2\/product"}],"about":[{"href":"https:\/\/wellstore.online\/sv\/wp-json\/wp\/v2\/types\/product"}],"version-history":[{"count":0,"href":"https:\/\/wellstore.online\/sv\/wp-json\/wp\/v2\/product\/6572\/revisions"}],"wp:featuredmedia":[{"embeddable":true,"href":"https:\/\/wellstore.online\/sv\/wp-json\/wp\/v2\/media\/13016"}],"wp:attachment":[{"href":"https:\/\/wellstore.online\/sv\/wp-json\/wp\/v2\/media?parent=6572"}],"wp:term":[{"taxonomy":"product_brand","embeddable":true,"href":"https:\/\/wellstore.online\/sv\/wp-json\/wp\/v2\/product_brand?post=6572"},{"taxonomy":"product_cat","embeddable":true,"href":"https:\/\/wellstore.online\/sv\/wp-json\/wp\/v2\/product_cat?post=6572"},{"taxonomy":"product_tag","embeddable":true,"href":"https:\/\/wellstore.online\/sv\/wp-json\/wp\/v2\/product_tag?post=6572"}],"curies":[{"name":"wp","href":"https:\/\/api.w.org\/{rel}","templated":true}]}}