{"id":6784,"date":"2022-09-21T14:36:53","date_gmt":"2022-09-21T11:36:53","guid":{"rendered":"http:\/\/box2520.temp.domains\/~wellstor\/?post_type=product&#038;p=6784"},"modified":"2023-01-04T22:13:40","modified_gmt":"2023-01-04T20:13:40","slug":"dorrvakt","status":"publish","type":"product","link":"https:\/\/wellstore.online\/sv\/produkt-2\/dorrvakt\/","title":{"rendered":"D\u00f6rrvakt"},"content":{"rendered":"<p><strong>Door GUARD-larmet tar bara n\u00e5gra minuter att installera och skyddar din egendom och din familj perfekt!<\/strong><\/p>\n<p><strong>3 anv\u00e4ndbara funktioner:<\/strong><\/p>\n<p class=\" translation-block\"><strong>H\u00d6G TRAFIK<\/strong>, som h\u00f6rs av dig, tjuven och grannarna. Det \u00e4r bara du som kan stoppa den med fj\u00e4rrkontrollen, eftersom det inte finns n\u00e5gon inbyggd str\u00f6mbrytare.<\/p>\n<p class=\" translation-block\"><strong>D\u00d6RRKLOCKA<\/strong> - en behaglig signal informerar dig varje g\u00e5ng d\u00f6rren \u00f6ppnas.<\/p>\n<p class=\" translation-block\"><strong>SOS-knapp<\/strong> - manuell aktivering av ljudlarmet via fj\u00e4rrkontroll vid behov. (t.ex. om larmet inte har aktiverats men ett hot har uppt\u00e4ckts).<\/p>\n<p class=\" translation-block\"><strong>Funktionsprincip:<\/strong><br>\r\nFunktionen \u00e4r mycket enkel: s\u00e5 snart en d\u00f6rr eller ett f\u00f6nster \u00f6ppnas (vilket bryter den magnetiska kretsen mellan basen och magnetsensorn) h\u00f6rs ett h\u00f6gt, pulserande larm.<br>\r\nLarmet kan aktiveras och avaktiveras med fj\u00e4rrkontroll (r\u00e4ckvidd ca 60 meter).<br>\r\nBatteritiden \u00e4r garanterad upp till 1-2 \u00e5r tack vare den mycket l\u00e5ga str\u00f6mf\u00f6rbrukningen!<br>\r\nLarmet kan ocks\u00e5 tas med p\u00e5 resan, eftersom det \u00e4r mycket enkelt att f\u00e4sta och ta bort det p\u00e5 f\u00f6nsterb\u00e5gen.<br>\r\nUpp till 50 larmbaser kan enkelt programmeras med en fj\u00e4rrkontroll. Upp till 8 fj\u00e4rrkontroller kan anslutas till en bas.<\/p>\n<p class=\" translation-block\"><strong>Tekniska detaljer:<\/strong><br>\r\nMaterial: ABS-plast<br>\r\nStr\u00f6mf\u00f6rs\u00f6rjning: 2 AA-batterier (ing\u00e5r ej) (ca 1 \u00e5r)<br>\r\nFj\u00e4rrkontrollens str\u00f6mf\u00f6rs\u00f6rjning: 12V\/27A alkaliskt batteri (drift ca 2 \u00e5r)<br>\r\nDriftstemperatur: -20~+60\u00b0C<br> Luftfuktighet\r\nLuftfuktighet: R\/H &lt;80%<br>\r\nCertifiering:CE<\/p>","protected":false},"excerpt":{"rendered":"<p>Tr\u00e5dl\u00f6st larm med fj\u00e4rrkontroll<\/p>","protected":false},"featured_media":6785,"template":"","meta":[],"product_brand":[],"product_cat":[55,71],"product_tag":[],"class_list":{"0":"post-6784","1":"product","2":"type-product","3":"status-publish","4":"has-post-thumbnail","6":"product_cat-household","7":"product_cat-gadgets","9":"first","10":"instock","11":"shipping-taxable","12":"purchasable","13":"product-type-simple"},"yoast_head":"<!-- This site is optimized with the Yoast SEO Premium plugin v26.3 (Yoast SEO v26.3) - https:\/\/yoast.com\/wordpress\/plugins\/seo\/ -->\n<title>Door GUARD - WellStore ONLINE<\/title>\n<meta name=\"robots\" content=\"index, follow, max-snippet:-1, max-image-preview:large, max-video-preview:-1\" \/>\n<link rel=\"canonical\" href=\"https:\/\/wellstore.online\/sv\/produkt-2\/dorrvakt\/\" \/>\n<meta property=\"og:locale\" content=\"sv_SE\" \/>\n<meta property=\"og:type\" content=\"article\" \/>\n<meta property=\"og:title\" content=\"Door GUARD\" \/>\n<meta property=\"og:description\" content=\"Bezvadu signaliz\u0101cija ar t\u0101lvad\u012bbas pulti\" \/>\n<meta property=\"og:url\" content=\"https:\/\/wellstore.online\/sv\/produkt-2\/dorrvakt\/\" \/>\n<meta property=\"og:site_name\" content=\"WellStore ONLINE\" \/>\n<meta property=\"article:modified_time\" content=\"2023-01-04T20:13:40+00:00\" \/>\n<meta property=\"og:image\" content=\"https:\/\/wellstore.online\/wp-content\/uploads\/2022\/09\/DoorGUARD.jpg\" \/>\n\t<meta property=\"og:image:width\" content=\"800\" \/>\n\t<meta property=\"og:image:height\" content=\"800\" \/>\n\t<meta property=\"og:image:type\" content=\"image\/jpeg\" \/>\n<meta name=\"twitter:card\" content=\"summary_large_image\" \/>\n<meta name=\"twitter:label1\" content=\"Ber\u00e4knad l\u00e4stid\" \/>\n\t<meta name=\"twitter:data1\" content=\"1 minut\" \/>\n<script type=\"application\/ld+json\" class=\"yoast-schema-graph\">{\"@context\":\"https:\/\/schema.org\",\"@graph\":[{\"@type\":\"WebPage\",\"@id\":\"https:\/\/wellstore.online\/product\/doorguard\/\",\"url\":\"https:\/\/wellstore.online\/product\/doorguard\/\",\"name\":\"Door GUARD - WellStore ONLINE\",\"isPartOf\":{\"@id\":\"https:\/\/wellstore.online\/#website\"},\"primaryImageOfPage\":{\"@id\":\"https:\/\/wellstore.online\/product\/doorguard\/#primaryimage\"},\"image\":{\"@id\":\"https:\/\/wellstore.online\/product\/doorguard\/#primaryimage\"},\"thumbnailUrl\":\"https:\/\/wellstore.online\/wp-content\/uploads\/2022\/09\/DoorGUARD.jpg\",\"datePublished\":\"2022-09-21T11:36:53+00:00\",\"dateModified\":\"2023-01-04T20:13:40+00:00\",\"breadcrumb\":{\"@id\":\"https:\/\/wellstore.online\/product\/doorguard\/#breadcrumb\"},\"inLanguage\":\"sv-SE\",\"potentialAction\":[{\"@type\":\"ReadAction\",\"target\":[\"https:\/\/wellstore.online\/product\/doorguard\/\"]}]},{\"@type\":\"ImageObject\",\"inLanguage\":\"sv-SE\",\"@id\":\"https:\/\/wellstore.online\/product\/doorguard\/#primaryimage\",\"url\":\"https:\/\/wellstore.online\/wp-content\/uploads\/2022\/09\/DoorGUARD.jpg\",\"contentUrl\":\"https:\/\/wellstore.online\/wp-content\/uploads\/2022\/09\/DoorGUARD.jpg\",\"width\":800,\"height\":800},{\"@type\":\"BreadcrumbList\",\"@id\":\"https:\/\/wellstore.online\/product\/doorguard\/#breadcrumb\",\"itemListElement\":[{\"@type\":\"ListItem\",\"position\":1,\"name\":\"Home\",\"item\":\"https:\/\/wellstore.online\/\"},{\"@type\":\"ListItem\",\"position\":2,\"name\":\"Shop\",\"item\":\"https:\/\/wellstore.online\/sv\/butik\/\"},{\"@type\":\"ListItem\",\"position\":3,\"name\":\"Door GUARD\"}]},{\"@type\":\"WebSite\",\"@id\":\"https:\/\/wellstore.online\/#website\",\"url\":\"https:\/\/wellstore.online\/\",\"name\":\"WellStore ONLINE\",\"description\":\"\",\"potentialAction\":[{\"@type\":\"SearchAction\",\"target\":{\"@type\":\"EntryPoint\",\"urlTemplate\":\"https:\/\/wellstore.online\/?s={search_term_string}\"},\"query-input\":{\"@type\":\"PropertyValueSpecification\",\"valueRequired\":true,\"valueName\":\"search_term_string\"}}],\"inLanguage\":\"sv-SE\"}]}<\/script>\n<!-- \/ Yoast SEO Premium plugin. -->","yoast_head_json":{"title":"D\u00f6rrvakt - WellStore ONLINE","robots":{"index":"index","follow":"follow","max-snippet":"max-snippet:-1","max-image-preview":"max-image-preview:large","max-video-preview":"max-video-preview:-1"},"canonical":"https:\/\/wellstore.online\/sv\/produkt-2\/dorrvakt\/","og_locale":"sv_SE","og_type":"article","og_title":"Door GUARD","og_description":"Bezvadu signaliz\u0101cija ar t\u0101lvad\u012bbas pulti","og_url":"https:\/\/wellstore.online\/sv\/produkt-2\/dorrvakt\/","og_site_name":"WellStore ONLINE","article_modified_time":"2023-01-04T20:13:40+00:00","og_image":[{"width":800,"height":800,"url":"https:\/\/wellstore.online\/wp-content\/uploads\/2022\/09\/DoorGUARD.jpg","type":"image\/jpeg"}],"twitter_card":"summary_large_image","twitter_misc":{"Ber\u00e4knad l\u00e4stid":"1 minut"},"schema":{"@context":"https:\/\/schema.org","@graph":[{"@type":"WebPage","@id":"https:\/\/wellstore.online\/product\/doorguard\/","url":"https:\/\/wellstore.online\/product\/doorguard\/","name":"D\u00f6rrvakt - WellStore ONLINE","isPartOf":{"@id":"https:\/\/wellstore.online\/#website"},"primaryImageOfPage":{"@id":"https:\/\/wellstore.online\/product\/doorguard\/#primaryimage"},"image":{"@id":"https:\/\/wellstore.online\/product\/doorguard\/#primaryimage"},"thumbnailUrl":"https:\/\/wellstore.online\/wp-content\/uploads\/2022\/09\/DoorGUARD.jpg","datePublished":"2022-09-21T11:36:53+00:00","dateModified":"2023-01-04T20:13:40+00:00","breadcrumb":{"@id":"https:\/\/wellstore.online\/product\/doorguard\/#breadcrumb"},"inLanguage":"sv-SE","potentialAction":[{"@type":"ReadAction","target":["https:\/\/wellstore.online\/product\/doorguard\/"]}]},{"@type":"ImageObject","inLanguage":"sv-SE","@id":"https:\/\/wellstore.online\/product\/doorguard\/#primaryimage","url":"https:\/\/wellstore.online\/wp-content\/uploads\/2022\/09\/DoorGUARD.jpg","contentUrl":"https:\/\/wellstore.online\/wp-content\/uploads\/2022\/09\/DoorGUARD.jpg","width":800,"height":800},{"@type":"BreadcrumbList","@id":"https:\/\/wellstore.online\/product\/doorguard\/#breadcrumb","itemListElement":[{"@type":"ListItem","position":1,"name":"Home","item":"https:\/\/wellstore.online\/"},{"@type":"ListItem","position":2,"name":"Shop","item":"https:\/\/wellstore.online\/sv\/butik\/"},{"@type":"ListItem","position":3,"name":"Door GUARD"}]},{"@type":"WebSite","@id":"https:\/\/wellstore.online\/#website","url":"https:\/\/wellstore.online\/","name":"WellStore ONLINE","description":"","potentialAction":[{"@type":"SearchAction","target":{"@type":"EntryPoint","urlTemplate":"https:\/\/wellstore.online\/?s={search_term_string}"},"query-input":{"@type":"PropertyValueSpecification","valueRequired":true,"valueName":"search_term_string"}}],"inLanguage":"sv-SE"}]}},"_links":{"self":[{"href":"https:\/\/wellstore.online\/sv\/wp-json\/wp\/v2\/product\/6784","targetHints":{"allow":["GET"]}}],"collection":[{"href":"https:\/\/wellstore.online\/sv\/wp-json\/wp\/v2\/product"}],"about":[{"href":"https:\/\/wellstore.online\/sv\/wp-json\/wp\/v2\/types\/product"}],"version-history":[{"count":0,"href":"https:\/\/wellstore.online\/sv\/wp-json\/wp\/v2\/product\/6784\/revisions"}],"wp:featuredmedia":[{"embeddable":true,"href":"https:\/\/wellstore.online\/sv\/wp-json\/wp\/v2\/media\/6785"}],"wp:attachment":[{"href":"https:\/\/wellstore.online\/sv\/wp-json\/wp\/v2\/media?parent=6784"}],"wp:term":[{"taxonomy":"product_brand","embeddable":true,"href":"https:\/\/wellstore.online\/sv\/wp-json\/wp\/v2\/product_brand?post=6784"},{"taxonomy":"product_cat","embeddable":true,"href":"https:\/\/wellstore.online\/sv\/wp-json\/wp\/v2\/product_cat?post=6784"},{"taxonomy":"product_tag","embeddable":true,"href":"https:\/\/wellstore.online\/sv\/wp-json\/wp\/v2\/product_tag?post=6784"}],"curies":[{"name":"wp","href":"https:\/\/api.w.org\/{rel}","templated":true}]}}