{"id":6796,"date":"2022-09-21T14:50:26","date_gmt":"2022-09-21T11:50:26","guid":{"rendered":"http:\/\/box2520.temp.domains\/~wellstor\/?post_type=product&#038;p=6796"},"modified":"2024-08-30T18:29:58","modified_gmt":"2024-08-30T15:29:58","slug":"mini-tiotals","status":"publish","type":"product","link":"https:\/\/wellstore.online\/sv\/produkt-2\/mini-tiotals\/","title":{"rendered":"Mini TENS"},"content":{"rendered":"<p><strong>Med en integrerad bioelektrisk pulsgenerator \u00e4r denna l\u00e5gfrekventa elektriska stimulator en mycket effektiv muskeltr\u00e4ning, sm\u00e4rtlindring f\u00f6r leder och muskel\u00e5terst\u00e4llning, vilket ger en behaglig och avslappnande k\u00e4nsla av v\u00e4lbefinnande. Speciellt l\u00e4mplig f\u00f6r kn\u00e4n, armb\u00e5gar, axlar, midja och rygg.<\/strong><\/p>\n<p>&nbsp;<\/p>\n<p class=\" translation-block\"><strong>Exempel:<\/strong><br>\r\nL\u00e4ker sm\u00e4rta<br>\r\nF\u00f6rb\u00e4ttrar r\u00f6rligheten<br>\r\nF\u00f6rb\u00e4ttrar blodcirkulationen<br>\r\nSlappnar av och lugnar musklerna<\/p>\n<p class=\" translation-block\"><strong>Tekniska detaljer:<br>\r\n<\/strong><span style=\"font-size: 16px\">Tillverkad av ABS<br>.\r\n<\/span><\/strong>L\u00e4tt kompakt design<br>\r\nL\u00e4tt att anv\u00e4nda<br>\r\nL\u00e5gfrekvent elektrisk stimulering<br>\r\n8 olika program<br>\r\n10 intensitetsniv\u00e5er<br>\r\n4 elektroder<br> 4 pl\u00e5ster\r\n4 pl\u00e5ster med vidh\u00e4ftningsgel<br>\r\nTimer<br>\r\nBatteridrivet (2 x AAA ing\u00e5r)<br>\r\nEffekt: 350mA<br>\r\nFrekvens: 1-330Hz<\/p>","protected":false},"excerpt":{"rendered":"<p>Sm\u00e4rtlindrande fysisk anordning<\/p>","protected":false},"featured_media":6797,"template":"","meta":[],"product_brand":[],"product_cat":[69,73,74,71,47],"product_tag":[],"class_list":{"0":"post-6796","1":"product","2":"type-product","3":"status-publish","4":"has-post-thumbnail","6":"product_cat-women","7":"product_cat-beauty","8":"product_cat-health","9":"product_cat-gadgets","10":"product_cat-men","12":"first","13":"instock","14":"shipping-taxable","15":"purchasable","16":"product-type-simple"},"yoast_head":"<!-- This site is optimized with the Yoast SEO Premium plugin v26.3 (Yoast SEO v26.3) - https:\/\/yoast.com\/wordpress\/plugins\/seo\/ -->\n<title>Mini TENS - WellStore ONLINE<\/title>\n<meta name=\"robots\" content=\"index, follow, max-snippet:-1, max-image-preview:large, max-video-preview:-1\" \/>\n<link rel=\"canonical\" href=\"https:\/\/wellstore.online\/sv\/produkt-2\/mini-tiotals\/\" \/>\n<meta property=\"og:locale\" content=\"sv_SE\" \/>\n<meta property=\"og:type\" content=\"article\" \/>\n<meta property=\"og:title\" content=\"Mini TENS\" \/>\n<meta property=\"og:description\" content=\"S\u0101pes atvieglojo\u0161a fizioier\u012bce\" \/>\n<meta property=\"og:url\" content=\"https:\/\/wellstore.online\/sv\/produkt-2\/mini-tiotals\/\" \/>\n<meta property=\"og:site_name\" content=\"WellStore ONLINE\" \/>\n<meta property=\"article:modified_time\" content=\"2024-08-30T15:29:58+00:00\" \/>\n<meta property=\"og:image\" content=\"https:\/\/wellstore.online\/wp-content\/uploads\/2022\/09\/Mini-TENS.jpg\" \/>\n\t<meta property=\"og:image:width\" content=\"600\" \/>\n\t<meta property=\"og:image:height\" content=\"600\" \/>\n\t<meta property=\"og:image:type\" content=\"image\/jpeg\" \/>\n<meta name=\"twitter:card\" content=\"summary_large_image\" \/>\n<meta name=\"twitter:label1\" content=\"Ber\u00e4knad l\u00e4stid\" \/>\n\t<meta name=\"twitter:data1\" content=\"1 minut\" \/>\n<script type=\"application\/ld+json\" class=\"yoast-schema-graph\">{\"@context\":\"https:\/\/schema.org\",\"@graph\":[{\"@type\":\"WebPage\",\"@id\":\"https:\/\/wellstore.online\/en\/product\/mini-tens\/\",\"url\":\"https:\/\/wellstore.online\/en\/product\/mini-tens\/\",\"name\":\"Mini TENS - WellStore ONLINE\",\"isPartOf\":{\"@id\":\"https:\/\/wellstore.online\/#website\"},\"primaryImageOfPage\":{\"@id\":\"https:\/\/wellstore.online\/en\/product\/mini-tens\/#primaryimage\"},\"image\":{\"@id\":\"https:\/\/wellstore.online\/en\/product\/mini-tens\/#primaryimage\"},\"thumbnailUrl\":\"https:\/\/wellstore.online\/wp-content\/uploads\/2022\/09\/Mini-TENS.jpg\",\"datePublished\":\"2022-09-21T11:50:26+00:00\",\"dateModified\":\"2024-08-30T15:29:58+00:00\",\"breadcrumb\":{\"@id\":\"https:\/\/wellstore.online\/en\/product\/mini-tens\/#breadcrumb\"},\"inLanguage\":\"sv-SE\",\"potentialAction\":[{\"@type\":\"ReadAction\",\"target\":[\"https:\/\/wellstore.online\/en\/product\/mini-tens\/\"]}]},{\"@type\":\"ImageObject\",\"inLanguage\":\"sv-SE\",\"@id\":\"https:\/\/wellstore.online\/en\/product\/mini-tens\/#primaryimage\",\"url\":\"https:\/\/wellstore.online\/wp-content\/uploads\/2022\/09\/Mini-TENS.jpg\",\"contentUrl\":\"https:\/\/wellstore.online\/wp-content\/uploads\/2022\/09\/Mini-TENS.jpg\",\"width\":600,\"height\":600},{\"@type\":\"BreadcrumbList\",\"@id\":\"https:\/\/wellstore.online\/en\/product\/mini-tens\/#breadcrumb\",\"itemListElement\":[{\"@type\":\"ListItem\",\"position\":1,\"name\":\"Home\",\"item\":\"https:\/\/wellstore.online\/\"},{\"@type\":\"ListItem\",\"position\":2,\"name\":\"Shop\",\"item\":\"https:\/\/wellstore.online\/sv\/butik\/\"},{\"@type\":\"ListItem\",\"position\":3,\"name\":\"Mini TENS\"}]},{\"@type\":\"WebSite\",\"@id\":\"https:\/\/wellstore.online\/#website\",\"url\":\"https:\/\/wellstore.online\/\",\"name\":\"WellStore ONLINE\",\"description\":\"\",\"potentialAction\":[{\"@type\":\"SearchAction\",\"target\":{\"@type\":\"EntryPoint\",\"urlTemplate\":\"https:\/\/wellstore.online\/?s={search_term_string}\"},\"query-input\":{\"@type\":\"PropertyValueSpecification\",\"valueRequired\":true,\"valueName\":\"search_term_string\"}}],\"inLanguage\":\"sv-SE\"}]}<\/script>\n<!-- \/ Yoast SEO Premium plugin. -->","yoast_head_json":{"title":"Mini TENS - WellStore ONLINE","robots":{"index":"index","follow":"follow","max-snippet":"max-snippet:-1","max-image-preview":"max-image-preview:large","max-video-preview":"max-video-preview:-1"},"canonical":"https:\/\/wellstore.online\/sv\/produkt-2\/mini-tiotals\/","og_locale":"sv_SE","og_type":"article","og_title":"Mini TENS","og_description":"S\u0101pes atvieglojo\u0161a fizioier\u012bce","og_url":"https:\/\/wellstore.online\/sv\/produkt-2\/mini-tiotals\/","og_site_name":"WellStore ONLINE","article_modified_time":"2024-08-30T15:29:58+00:00","og_image":[{"width":600,"height":600,"url":"https:\/\/wellstore.online\/wp-content\/uploads\/2022\/09\/Mini-TENS.jpg","type":"image\/jpeg"}],"twitter_card":"summary_large_image","twitter_misc":{"Ber\u00e4knad l\u00e4stid":"1 minut"},"schema":{"@context":"https:\/\/schema.org","@graph":[{"@type":"WebPage","@id":"https:\/\/wellstore.online\/en\/product\/mini-tens\/","url":"https:\/\/wellstore.online\/en\/product\/mini-tens\/","name":"Mini TENS - WellStore ONLINE","isPartOf":{"@id":"https:\/\/wellstore.online\/#website"},"primaryImageOfPage":{"@id":"https:\/\/wellstore.online\/en\/product\/mini-tens\/#primaryimage"},"image":{"@id":"https:\/\/wellstore.online\/en\/product\/mini-tens\/#primaryimage"},"thumbnailUrl":"https:\/\/wellstore.online\/wp-content\/uploads\/2022\/09\/Mini-TENS.jpg","datePublished":"2022-09-21T11:50:26+00:00","dateModified":"2024-08-30T15:29:58+00:00","breadcrumb":{"@id":"https:\/\/wellstore.online\/en\/product\/mini-tens\/#breadcrumb"},"inLanguage":"sv-SE","potentialAction":[{"@type":"ReadAction","target":["https:\/\/wellstore.online\/en\/product\/mini-tens\/"]}]},{"@type":"ImageObject","inLanguage":"sv-SE","@id":"https:\/\/wellstore.online\/en\/product\/mini-tens\/#primaryimage","url":"https:\/\/wellstore.online\/wp-content\/uploads\/2022\/09\/Mini-TENS.jpg","contentUrl":"https:\/\/wellstore.online\/wp-content\/uploads\/2022\/09\/Mini-TENS.jpg","width":600,"height":600},{"@type":"BreadcrumbList","@id":"https:\/\/wellstore.online\/en\/product\/mini-tens\/#breadcrumb","itemListElement":[{"@type":"ListItem","position":1,"name":"Home","item":"https:\/\/wellstore.online\/"},{"@type":"ListItem","position":2,"name":"Shop","item":"https:\/\/wellstore.online\/sv\/butik\/"},{"@type":"ListItem","position":3,"name":"Mini TENS"}]},{"@type":"WebSite","@id":"https:\/\/wellstore.online\/#website","url":"https:\/\/wellstore.online\/","name":"WellStore ONLINE","description":"","potentialAction":[{"@type":"SearchAction","target":{"@type":"EntryPoint","urlTemplate":"https:\/\/wellstore.online\/?s={search_term_string}"},"query-input":{"@type":"PropertyValueSpecification","valueRequired":true,"valueName":"search_term_string"}}],"inLanguage":"sv-SE"}]}},"_links":{"self":[{"href":"https:\/\/wellstore.online\/sv\/wp-json\/wp\/v2\/product\/6796","targetHints":{"allow":["GET"]}}],"collection":[{"href":"https:\/\/wellstore.online\/sv\/wp-json\/wp\/v2\/product"}],"about":[{"href":"https:\/\/wellstore.online\/sv\/wp-json\/wp\/v2\/types\/product"}],"version-history":[{"count":0,"href":"https:\/\/wellstore.online\/sv\/wp-json\/wp\/v2\/product\/6796\/revisions"}],"wp:featuredmedia":[{"embeddable":true,"href":"https:\/\/wellstore.online\/sv\/wp-json\/wp\/v2\/media\/6797"}],"wp:attachment":[{"href":"https:\/\/wellstore.online\/sv\/wp-json\/wp\/v2\/media?parent=6796"}],"wp:term":[{"taxonomy":"product_brand","embeddable":true,"href":"https:\/\/wellstore.online\/sv\/wp-json\/wp\/v2\/product_brand?post=6796"},{"taxonomy":"product_cat","embeddable":true,"href":"https:\/\/wellstore.online\/sv\/wp-json\/wp\/v2\/product_cat?post=6796"},{"taxonomy":"product_tag","embeddable":true,"href":"https:\/\/wellstore.online\/sv\/wp-json\/wp\/v2\/product_tag?post=6796"}],"curies":[{"name":"wp","href":"https:\/\/api.w.org\/{rel}","templated":true}]}}