{"id":6839,"date":"2022-09-21T15:23:51","date_gmt":"2022-09-21T12:23:51","guid":{"rendered":"http:\/\/box2520.temp.domains\/~wellstor\/?post_type=product&#038;p=6839"},"modified":"2024-09-24T18:23:09","modified_gmt":"2024-09-24T15:23:09","slug":"rainkit-stovlar","status":"publish","type":"product","link":"https:\/\/wellstore.online\/sv\/produkt-2\/rainkit-stovlar\/","title":{"rendered":"Rainkit st\u00f6vlar"},"content":{"rendered":"<p><strong>Rainkit Boots skyddar skorna mot regn, sn\u00f6, saltblandning, lera och annan n\u00f6tning. <\/strong><\/p>\n<p>Skoskydden \u00e4r l\u00e4tta och kompakta. De \u00e4r gjorda f\u00f6r att tas med - de passar i handv\u00e4skan, ryggs\u00e4cken, l\u00e5dan eller bilens \u201csk\u00e4ggl\u00e5s\u201d! \u00c5teranv\u00e4ndbara och l\u00e4tta att underh\u00e5lla - sk\u00f6lj, torka av och forts\u00e4tt att skydda dina favoritskor och din eller dina barns h\u00e4lsa!<\/p>\n<p><strong>Modern komfort med stil som betalar sig sj\u00e4lv p\u00e5 en s\u00e4song!<\/strong><\/p>\n<p>&nbsp;<\/p>\n<p class=\" translation-block\"><strong>Teknisk information<\/strong><br>\r\nTillverkad av h\u00f6gkvalitativt, vattent\u00e4tt PVC-material (polyvinylklorid)<br>.\r\nF\u00f6r anv\u00e4ndning med skor, st\u00f6vlar, tr\u00e4ningsskor och sandaler<br>\r\n\u00c5teranv\u00e4ndbar och l\u00e4tt att sk\u00f6ta (endast vatten och en pappersservett eller trasa beh\u00f6vs f\u00f6r sk\u00f6tsel)<br>\r\nHalks\u00e4ker sula<br>\r\nBekv\u00e4m, vattent\u00e4t dragkedja<br>\r\nAnv\u00e4ndning under hela s\u00e4songen<br>\r\nUngef\u00e4rlig h\u00f6jd: 37 cm<br>\r\nInnersula fotstorlek: 28cm (S\/M)<br>\r\nKompatibel med skostorlekar: S\/M (36-39)<br>\r\nF\u00e4lls ihop och tar liten plats i handv\u00e4skan, handskfacket i bilen etc.<\/p>","protected":false},"excerpt":{"rendered":"<p>Skoskydd mot f\u00e4stingar, lera och regn<\/p>","protected":false},"featured_media":6843,"template":"","meta":[],"product_brand":[],"product_cat":[70,69,47],"product_tag":[],"class_list":{"0":"post-6839","1":"product","2":"type-product","3":"status-publish","4":"has-post-thumbnail","6":"product_cat-children","7":"product_cat-women","8":"product_cat-men","10":"first","11":"instock","12":"shipping-taxable","13":"purchasable","14":"product-type-simple"},"yoast_head":"<!-- This site is optimized with the Yoast SEO Premium plugin v26.3 (Yoast SEO v26.3) - https:\/\/yoast.com\/wordpress\/plugins\/seo\/ -->\n<title>Rainkit Boots - WellStore ONLINE<\/title>\n<meta name=\"robots\" content=\"index, follow, max-snippet:-1, max-image-preview:large, max-video-preview:-1\" \/>\n<link rel=\"canonical\" href=\"https:\/\/wellstore.online\/sv\/produkt-2\/rainkit-stovlar\/\" \/>\n<meta property=\"og:locale\" content=\"sv_SE\" \/>\n<meta property=\"og:type\" content=\"article\" \/>\n<meta property=\"og:title\" content=\"Rainkit Boots\" \/>\n<meta property=\"og:description\" content=\"Apavu sargi pret \u0113rc\u0113m, dub\u013ciem un lietu\" \/>\n<meta property=\"og:url\" content=\"https:\/\/wellstore.online\/sv\/produkt-2\/rainkit-stovlar\/\" \/>\n<meta property=\"og:site_name\" content=\"WellStore ONLINE\" \/>\n<meta property=\"article:modified_time\" content=\"2024-09-24T15:23:09+00:00\" \/>\n<meta property=\"og:image\" content=\"https:\/\/wellstore.online\/wp-content\/uploads\/2022\/09\/Rainkit-Boots.jpg\" \/>\n\t<meta property=\"og:image:width\" content=\"600\" \/>\n\t<meta property=\"og:image:height\" content=\"600\" \/>\n\t<meta property=\"og:image:type\" content=\"image\/jpeg\" \/>\n<meta name=\"twitter:card\" content=\"summary_large_image\" \/>\n<meta name=\"twitter:label1\" content=\"Ber\u00e4knad l\u00e4stid\" \/>\n\t<meta name=\"twitter:data1\" content=\"1 minut\" \/>\n<script type=\"application\/ld+json\" class=\"yoast-schema-graph\">{\"@context\":\"https:\/\/schema.org\",\"@graph\":[{\"@type\":\"WebPage\",\"@id\":\"https:\/\/wellstore.online\/lt\/produktas-2\/rainkit-batus\/\",\"url\":\"https:\/\/wellstore.online\/lt\/produktas-2\/rainkit-batus\/\",\"name\":\"Rainkit Boots - WellStore ONLINE\",\"isPartOf\":{\"@id\":\"https:\/\/wellstore.online\/#website\"},\"primaryImageOfPage\":{\"@id\":\"https:\/\/wellstore.online\/lt\/produktas-2\/rainkit-batus\/#primaryimage\"},\"image\":{\"@id\":\"https:\/\/wellstore.online\/lt\/produktas-2\/rainkit-batus\/#primaryimage\"},\"thumbnailUrl\":\"https:\/\/wellstore.online\/wp-content\/uploads\/2022\/09\/Rainkit-Boots.jpg\",\"datePublished\":\"2022-09-21T12:23:51+00:00\",\"dateModified\":\"2024-09-24T15:23:09+00:00\",\"breadcrumb\":{\"@id\":\"https:\/\/wellstore.online\/lt\/produktas-2\/rainkit-batus\/#breadcrumb\"},\"inLanguage\":\"sv-SE\",\"potentialAction\":[{\"@type\":\"ReadAction\",\"target\":[\"https:\/\/wellstore.online\/lt\/produktas-2\/rainkit-batus\/\"]}]},{\"@type\":\"ImageObject\",\"inLanguage\":\"sv-SE\",\"@id\":\"https:\/\/wellstore.online\/lt\/produktas-2\/rainkit-batus\/#primaryimage\",\"url\":\"https:\/\/wellstore.online\/wp-content\/uploads\/2022\/09\/Rainkit-Boots.jpg\",\"contentUrl\":\"https:\/\/wellstore.online\/wp-content\/uploads\/2022\/09\/Rainkit-Boots.jpg\",\"width\":600,\"height\":600},{\"@type\":\"BreadcrumbList\",\"@id\":\"https:\/\/wellstore.online\/lt\/produktas-2\/rainkit-batus\/#breadcrumb\",\"itemListElement\":[{\"@type\":\"ListItem\",\"position\":1,\"name\":\"Home\",\"item\":\"https:\/\/wellstore.online\/\"},{\"@type\":\"ListItem\",\"position\":2,\"name\":\"Shop\",\"item\":\"https:\/\/wellstore.online\/sv\/butik\/\"},{\"@type\":\"ListItem\",\"position\":3,\"name\":\"Rainkit Boots\"}]},{\"@type\":\"WebSite\",\"@id\":\"https:\/\/wellstore.online\/#website\",\"url\":\"https:\/\/wellstore.online\/\",\"name\":\"WellStore ONLINE\",\"description\":\"\",\"potentialAction\":[{\"@type\":\"SearchAction\",\"target\":{\"@type\":\"EntryPoint\",\"urlTemplate\":\"https:\/\/wellstore.online\/?s={search_term_string}\"},\"query-input\":{\"@type\":\"PropertyValueSpecification\",\"valueRequired\":true,\"valueName\":\"search_term_string\"}}],\"inLanguage\":\"sv-SE\"}]}<\/script>\n<!-- \/ Yoast SEO Premium plugin. -->","yoast_head_json":{"title":"Rainkit-st\u00f6vlar - WellStore ONLINE","robots":{"index":"index","follow":"follow","max-snippet":"max-snippet:-1","max-image-preview":"max-image-preview:large","max-video-preview":"max-video-preview:-1"},"canonical":"https:\/\/wellstore.online\/sv\/produkt-2\/rainkit-stovlar\/","og_locale":"sv_SE","og_type":"article","og_title":"Rainkit Boots","og_description":"Apavu sargi pret \u0113rc\u0113m, dub\u013ciem un lietu","og_url":"https:\/\/wellstore.online\/sv\/produkt-2\/rainkit-stovlar\/","og_site_name":"WellStore ONLINE","article_modified_time":"2024-09-24T15:23:09+00:00","og_image":[{"width":600,"height":600,"url":"https:\/\/wellstore.online\/wp-content\/uploads\/2022\/09\/Rainkit-Boots.jpg","type":"image\/jpeg"}],"twitter_card":"summary_large_image","twitter_misc":{"Ber\u00e4knad l\u00e4stid":"1 minut"},"schema":{"@context":"https:\/\/schema.org","@graph":[{"@type":"WebPage","@id":"https:\/\/wellstore.online\/lt\/produktas-2\/rainkit-batus\/","url":"https:\/\/wellstore.online\/lt\/produktas-2\/rainkit-batus\/","name":"Rainkit-st\u00f6vlar - WellStore ONLINE","isPartOf":{"@id":"https:\/\/wellstore.online\/#website"},"primaryImageOfPage":{"@id":"https:\/\/wellstore.online\/lt\/produktas-2\/rainkit-batus\/#primaryimage"},"image":{"@id":"https:\/\/wellstore.online\/lt\/produktas-2\/rainkit-batus\/#primaryimage"},"thumbnailUrl":"https:\/\/wellstore.online\/wp-content\/uploads\/2022\/09\/Rainkit-Boots.jpg","datePublished":"2022-09-21T12:23:51+00:00","dateModified":"2024-09-24T15:23:09+00:00","breadcrumb":{"@id":"https:\/\/wellstore.online\/lt\/produktas-2\/rainkit-batus\/#breadcrumb"},"inLanguage":"sv-SE","potentialAction":[{"@type":"ReadAction","target":["https:\/\/wellstore.online\/lt\/produktas-2\/rainkit-batus\/"]}]},{"@type":"ImageObject","inLanguage":"sv-SE","@id":"https:\/\/wellstore.online\/lt\/produktas-2\/rainkit-batus\/#primaryimage","url":"https:\/\/wellstore.online\/wp-content\/uploads\/2022\/09\/Rainkit-Boots.jpg","contentUrl":"https:\/\/wellstore.online\/wp-content\/uploads\/2022\/09\/Rainkit-Boots.jpg","width":600,"height":600},{"@type":"BreadcrumbList","@id":"https:\/\/wellstore.online\/lt\/produktas-2\/rainkit-batus\/#breadcrumb","itemListElement":[{"@type":"ListItem","position":1,"name":"Home","item":"https:\/\/wellstore.online\/"},{"@type":"ListItem","position":2,"name":"Shop","item":"https:\/\/wellstore.online\/sv\/butik\/"},{"@type":"ListItem","position":3,"name":"Rainkit Boots"}]},{"@type":"WebSite","@id":"https:\/\/wellstore.online\/#website","url":"https:\/\/wellstore.online\/","name":"WellStore ONLINE","description":"","potentialAction":[{"@type":"SearchAction","target":{"@type":"EntryPoint","urlTemplate":"https:\/\/wellstore.online\/?s={search_term_string}"},"query-input":{"@type":"PropertyValueSpecification","valueRequired":true,"valueName":"search_term_string"}}],"inLanguage":"sv-SE"}]}},"_links":{"self":[{"href":"https:\/\/wellstore.online\/sv\/wp-json\/wp\/v2\/product\/6839","targetHints":{"allow":["GET"]}}],"collection":[{"href":"https:\/\/wellstore.online\/sv\/wp-json\/wp\/v2\/product"}],"about":[{"href":"https:\/\/wellstore.online\/sv\/wp-json\/wp\/v2\/types\/product"}],"version-history":[{"count":0,"href":"https:\/\/wellstore.online\/sv\/wp-json\/wp\/v2\/product\/6839\/revisions"}],"wp:featuredmedia":[{"embeddable":true,"href":"https:\/\/wellstore.online\/sv\/wp-json\/wp\/v2\/media\/6843"}],"wp:attachment":[{"href":"https:\/\/wellstore.online\/sv\/wp-json\/wp\/v2\/media?parent=6839"}],"wp:term":[{"taxonomy":"product_brand","embeddable":true,"href":"https:\/\/wellstore.online\/sv\/wp-json\/wp\/v2\/product_brand?post=6839"},{"taxonomy":"product_cat","embeddable":true,"href":"https:\/\/wellstore.online\/sv\/wp-json\/wp\/v2\/product_cat?post=6839"},{"taxonomy":"product_tag","embeddable":true,"href":"https:\/\/wellstore.online\/sv\/wp-json\/wp\/v2\/product_tag?post=6839"}],"curies":[{"name":"wp","href":"https:\/\/api.w.org\/{rel}","templated":true}]}}