{"id":6902,"date":"2022-09-21T16:03:51","date_gmt":"2022-09-21T13:03:51","guid":{"rendered":"http:\/\/box2520.temp.domains\/~wellstor\/?post_type=product&#038;p=6902"},"modified":"2025-10-10T19:52:29","modified_gmt":"2025-10-10T16:52:29","slug":"7-huvud","status":"publish","type":"product","link":"https:\/\/wellstore.online\/sv\/produkt-2\/7-huvud\/","title":{"rendered":"7HEAD"},"content":{"rendered":"<div data-elementor-type=\"product-post\" data-elementor-id=\"6902\" class=\"elementor elementor-6902\" data-elementor-post-type=\"product\">\n\t\t\t\t\t\t<section class=\"elementor-section elementor-top-section elementor-element elementor-element-306353 elementor-section-boxed elementor-section-height-default elementor-section-height-default\" data-id=\"306353\" data-element_type=\"section\">\n\t\t\t\t\t\t<div class=\"elementor-container elementor-column-gap-default\">\n\t\t\t\t\t<div class=\"elementor-column elementor-col-100 elementor-top-column elementor-element elementor-element-21e616\" data-id=\"21e616\" data-element_type=\"column\">\n\t\t\t<div class=\"elementor-widget-wrap elementor-element-populated\">\n\t\t\t\t\t\t<div class=\"elementor-element elementor-element-26d0eebd elementor-widget elementor-widget-text-editor\" data-id=\"26d0eebd\" data-element_type=\"widget\" data-widget_type=\"text-editor.default\">\n\t\t\t\t<div class=\"elementor-widget-container\">\n\t\t\t\t\t\t\t\t\t<p><strong>Ergonomisk 7D rakhyvel med 5 funktioner f\u00f6r HAN OCH HON!<\/strong><br \/>- V\u00e5t- och torrrakning av hela kroppen<br \/>- Trimmer f\u00f6r n\u00e4s- och \u00f6ronh\u00e5r<br \/>- Trimmer f\u00f6r gradvisa snitt (spetsar: 3, 5, 7 mm)<br \/>- Ansiktsreng\u00f6ring och mass\u00f6r<\/p><p class=\" translation-block\">De r\u00f6rliga <strong>7D<\/strong>-bladen anpassar sig mjukt och exakt till huden och garanterar ett felfritt resultat. Rakningen \u00e4r snabb, enkel och sm\u00e4rtfri, till och med behaglig, eftersom bladen f\u00f6rsiktigt masserar huden. Den sliter inte av h\u00e5rstr\u00e5n eller repar huden.<\/p><p class=\" translation-block\"><strong>Teknisk beskrivning:<\/strong><br>Material: ABS + elektroniska komponenter + rostfritt st\u00e5l<br>F\u00e4rg: Silver\/Metallic<br>Batteri: 600mAh Li-ion<br>Laddningsparametrar: 5V 1A (USB)<br>Watt: 5W<br>Laddningstid: 90 min<br>Stilla tid: 60 min<br>Hold: 270 dagar<br>Vattent\u00e5lighetsklass: IPX67<br>Certifiering: CE, ROHS, FCC<\/p><p class=\" translation-block\"><strong>I k\u00f6pet ing\u00e5r:<\/strong><br>7HEAD\u00ae -enhet<br>5 funktionstips<br>Reng\u00f6ringsborste<br>USB-C-laddningskabel<br>Instruktioner<br>2+1 \u00e5rs garanti<\/p><p>\u00a0<\/p>\t\t\t\t\t\t\t\t<\/div>\n\t\t\t\t<\/div>\n\t\t\t\t\t<\/div>\n\t\t<\/div>\n\t\t\t\t\t<\/div>\n\t\t<\/section>\n\t\t\t\t<\/div>","protected":false},"excerpt":{"rendered":"<p>7D rakapparat med 5 funktioner<\/p>","protected":false},"featured_media":6907,"template":"","meta":[],"product_brand":[],"product_cat":[69,73,47],"product_tag":[],"class_list":{"0":"post-6902","1":"product","2":"type-product","3":"status-publish","4":"has-post-thumbnail","6":"product_cat-women","7":"product_cat-beauty","8":"product_cat-men","10":"first","11":"instock","12":"shipping-taxable","13":"purchasable","14":"product-type-simple"},"yoast_head":"<!-- This site is optimized with the Yoast SEO Premium plugin v26.3 (Yoast SEO v26.3) - https:\/\/yoast.com\/wordpress\/plugins\/seo\/ -->\n<title>7HEAD - WellStore ONLINE<\/title>\n<meta name=\"robots\" content=\"index, follow, max-snippet:-1, max-image-preview:large, max-video-preview:-1\" \/>\n<link rel=\"canonical\" href=\"https:\/\/wellstore.online\/sv\/produkt-2\/7-huvud\/\" \/>\n<meta property=\"og:locale\" content=\"sv_SE\" \/>\n<meta property=\"og:type\" content=\"article\" \/>\n<meta property=\"og:title\" content=\"7HEAD\" \/>\n<meta property=\"og:description\" content=\"7D skuveklis ar 5 funkcij\u0101m\" \/>\n<meta property=\"og:url\" content=\"https:\/\/wellstore.online\/sv\/produkt-2\/7-huvud\/\" \/>\n<meta property=\"og:site_name\" content=\"WellStore ONLINE\" \/>\n<meta property=\"article:modified_time\" content=\"2025-10-10T16:52:29+00:00\" \/>\n<meta property=\"og:image\" content=\"https:\/\/wellstore.online\/wp-content\/uploads\/2022\/09\/7HEAD.jpg\" \/>\n\t<meta property=\"og:image:width\" content=\"1920\" \/>\n\t<meta property=\"og:image:height\" content=\"1920\" \/>\n\t<meta property=\"og:image:type\" content=\"image\/jpeg\" \/>\n<meta name=\"twitter:card\" content=\"summary_large_image\" \/>\n<meta name=\"twitter:label1\" content=\"Ber\u00e4knad l\u00e4stid\" \/>\n\t<meta name=\"twitter:data1\" content=\"1 minut\" \/>\n<script type=\"application\/ld+json\" class=\"yoast-schema-graph\">{\"@context\":\"https:\/\/schema.org\",\"@graph\":[{\"@type\":\"WebPage\",\"@id\":\"https:\/\/wellstore.online\/product\/7head\/\",\"url\":\"https:\/\/wellstore.online\/product\/7head\/\",\"name\":\"7HEAD - WellStore ONLINE\",\"isPartOf\":{\"@id\":\"https:\/\/wellstore.online\/#website\"},\"primaryImageOfPage\":{\"@id\":\"https:\/\/wellstore.online\/product\/7head\/#primaryimage\"},\"image\":{\"@id\":\"https:\/\/wellstore.online\/product\/7head\/#primaryimage\"},\"thumbnailUrl\":\"https:\/\/wellstore.online\/wp-content\/uploads\/2022\/09\/7HEAD.jpg\",\"datePublished\":\"2022-09-21T13:03:51+00:00\",\"dateModified\":\"2025-10-10T16:52:29+00:00\",\"breadcrumb\":{\"@id\":\"https:\/\/wellstore.online\/product\/7head\/#breadcrumb\"},\"inLanguage\":\"sv-SE\",\"potentialAction\":[{\"@type\":\"ReadAction\",\"target\":[\"https:\/\/wellstore.online\/product\/7head\/\"]}]},{\"@type\":\"ImageObject\",\"inLanguage\":\"sv-SE\",\"@id\":\"https:\/\/wellstore.online\/product\/7head\/#primaryimage\",\"url\":\"https:\/\/wellstore.online\/wp-content\/uploads\/2022\/09\/7HEAD.jpg\",\"contentUrl\":\"https:\/\/wellstore.online\/wp-content\/uploads\/2022\/09\/7HEAD.jpg\",\"width\":1920,\"height\":1920},{\"@type\":\"BreadcrumbList\",\"@id\":\"https:\/\/wellstore.online\/product\/7head\/#breadcrumb\",\"itemListElement\":[{\"@type\":\"ListItem\",\"position\":1,\"name\":\"Home\",\"item\":\"https:\/\/wellstore.online\/\"},{\"@type\":\"ListItem\",\"position\":2,\"name\":\"Shop\",\"item\":\"https:\/\/wellstore.online\/sv\/butik\/\"},{\"@type\":\"ListItem\",\"position\":3,\"name\":\"7HEAD\"}]},{\"@type\":\"WebSite\",\"@id\":\"https:\/\/wellstore.online\/#website\",\"url\":\"https:\/\/wellstore.online\/\",\"name\":\"WellStore ONLINE\",\"description\":\"\",\"potentialAction\":[{\"@type\":\"SearchAction\",\"target\":{\"@type\":\"EntryPoint\",\"urlTemplate\":\"https:\/\/wellstore.online\/?s={search_term_string}\"},\"query-input\":{\"@type\":\"PropertyValueSpecification\",\"valueRequired\":true,\"valueName\":\"search_term_string\"}}],\"inLanguage\":\"sv-SE\"}]}<\/script>\n<!-- \/ Yoast SEO Premium plugin. -->","yoast_head_json":{"title":"7HEAD - WellStore ONLINE","robots":{"index":"index","follow":"follow","max-snippet":"max-snippet:-1","max-image-preview":"max-image-preview:large","max-video-preview":"max-video-preview:-1"},"canonical":"https:\/\/wellstore.online\/sv\/produkt-2\/7-huvud\/","og_locale":"sv_SE","og_type":"article","og_title":"7HEAD","og_description":"7D skuveklis ar 5 funkcij\u0101m","og_url":"https:\/\/wellstore.online\/sv\/produkt-2\/7-huvud\/","og_site_name":"WellStore ONLINE","article_modified_time":"2025-10-10T16:52:29+00:00","og_image":[{"width":1920,"height":1920,"url":"https:\/\/wellstore.online\/wp-content\/uploads\/2022\/09\/7HEAD.jpg","type":"image\/jpeg"}],"twitter_card":"summary_large_image","twitter_misc":{"Ber\u00e4knad l\u00e4stid":"1 minut"},"schema":{"@context":"https:\/\/schema.org","@graph":[{"@type":"WebPage","@id":"https:\/\/wellstore.online\/product\/7head\/","url":"https:\/\/wellstore.online\/product\/7head\/","name":"7HEAD - WellStore ONLINE","isPartOf":{"@id":"https:\/\/wellstore.online\/#website"},"primaryImageOfPage":{"@id":"https:\/\/wellstore.online\/product\/7head\/#primaryimage"},"image":{"@id":"https:\/\/wellstore.online\/product\/7head\/#primaryimage"},"thumbnailUrl":"https:\/\/wellstore.online\/wp-content\/uploads\/2022\/09\/7HEAD.jpg","datePublished":"2022-09-21T13:03:51+00:00","dateModified":"2025-10-10T16:52:29+00:00","breadcrumb":{"@id":"https:\/\/wellstore.online\/product\/7head\/#breadcrumb"},"inLanguage":"sv-SE","potentialAction":[{"@type":"ReadAction","target":["https:\/\/wellstore.online\/product\/7head\/"]}]},{"@type":"ImageObject","inLanguage":"sv-SE","@id":"https:\/\/wellstore.online\/product\/7head\/#primaryimage","url":"https:\/\/wellstore.online\/wp-content\/uploads\/2022\/09\/7HEAD.jpg","contentUrl":"https:\/\/wellstore.online\/wp-content\/uploads\/2022\/09\/7HEAD.jpg","width":1920,"height":1920},{"@type":"BreadcrumbList","@id":"https:\/\/wellstore.online\/product\/7head\/#breadcrumb","itemListElement":[{"@type":"ListItem","position":1,"name":"Home","item":"https:\/\/wellstore.online\/"},{"@type":"ListItem","position":2,"name":"Shop","item":"https:\/\/wellstore.online\/sv\/butik\/"},{"@type":"ListItem","position":3,"name":"7HEAD"}]},{"@type":"WebSite","@id":"https:\/\/wellstore.online\/#website","url":"https:\/\/wellstore.online\/","name":"WellStore ONLINE","description":"","potentialAction":[{"@type":"SearchAction","target":{"@type":"EntryPoint","urlTemplate":"https:\/\/wellstore.online\/?s={search_term_string}"},"query-input":{"@type":"PropertyValueSpecification","valueRequired":true,"valueName":"search_term_string"}}],"inLanguage":"sv-SE"}]}},"_links":{"self":[{"href":"https:\/\/wellstore.online\/sv\/wp-json\/wp\/v2\/product\/6902","targetHints":{"allow":["GET"]}}],"collection":[{"href":"https:\/\/wellstore.online\/sv\/wp-json\/wp\/v2\/product"}],"about":[{"href":"https:\/\/wellstore.online\/sv\/wp-json\/wp\/v2\/types\/product"}],"version-history":[{"count":0,"href":"https:\/\/wellstore.online\/sv\/wp-json\/wp\/v2\/product\/6902\/revisions"}],"wp:featuredmedia":[{"embeddable":true,"href":"https:\/\/wellstore.online\/sv\/wp-json\/wp\/v2\/media\/6907"}],"wp:attachment":[{"href":"https:\/\/wellstore.online\/sv\/wp-json\/wp\/v2\/media?parent=6902"}],"wp:term":[{"taxonomy":"product_brand","embeddable":true,"href":"https:\/\/wellstore.online\/sv\/wp-json\/wp\/v2\/product_brand?post=6902"},{"taxonomy":"product_cat","embeddable":true,"href":"https:\/\/wellstore.online\/sv\/wp-json\/wp\/v2\/product_cat?post=6902"},{"taxonomy":"product_tag","embeddable":true,"href":"https:\/\/wellstore.online\/sv\/wp-json\/wp\/v2\/product_tag?post=6902"}],"curies":[{"name":"wp","href":"https:\/\/api.w.org\/{rel}","templated":true}]}}