{"id":6918,"date":"2022-09-21T16:09:51","date_gmt":"2022-09-21T13:09:51","guid":{"rendered":"http:\/\/box2520.temp.domains\/~wellstor\/?post_type=product&#038;p=6918"},"modified":"2025-09-02T17:50:21","modified_gmt":"2025-09-02T14:50:21","slug":"phonexa7s","status":"publish","type":"product","link":"https:\/\/wellstore.online\/sv\/produkt-2\/phonexa7s\/","title":{"rendered":"PHONEXA7s"},"content":{"rendered":"<div data-elementor-type=\"product-post\" data-elementor-id=\"6918\" class=\"elementor elementor-6918\" data-elementor-post-type=\"product\">\n\t\t\t\t\t\t<section class=\"elementor-section elementor-top-section elementor-element elementor-element-b089d7e elementor-section-boxed elementor-section-height-default elementor-section-height-default\" data-id=\"b089d7e\" data-element_type=\"section\" data-e-type=\"section\">\n\t\t\t\t\t\t<div class=\"elementor-container elementor-column-gap-default\">\n\t\t\t\t\t<div class=\"elementor-column elementor-col-100 elementor-top-column elementor-element elementor-element-21827e11\" data-id=\"21827e11\" data-element_type=\"column\" data-e-type=\"column\">\n\t\t\t<div class=\"elementor-widget-wrap elementor-element-populated\">\n\t\t\t\t\t\t<div class=\"elementor-element elementor-element-25b3e5cf elementor-widget elementor-widget-text-editor\" data-id=\"25b3e5cf\" data-element_type=\"widget\" data-e-type=\"widget\" data-widget_type=\"text-editor.default\">\n\t\t\t\t<div class=\"elementor-widget-container\">\n\t\t\t\t\t\t\t\t\t<p><b>H\u00e5llare och laddare f\u00f6r smarta telefoner f\u00f6r bilar<\/b><\/p><p><b>-<\/b>\u00a0Automatiskt gripa tag i och sl\u00e4ppa din smartphone<br \/><b>-<\/b>\u00a0Tillhandah\u00e5ller tr\u00e5dl\u00f6s laddning<br \/><b>-\u00a0<\/b>Laddning \u00e4r ocks\u00e5 m\u00f6jlig med en speciell kontakt (3 typer ing\u00e5r)<br \/><b>-<\/b>\u00a0F\u00e4sts bekv\u00e4mt och s\u00e4kert p\u00e5 bilens ventilationsgaller<br \/><b>-<\/b>\u00a0Passar \u00e4ven XL-telefoner<\/p><p class=\"moze-left\"><b>Inkluderar:<br \/><\/b>PHONEXA7s\u00ae-enhet; laddare med 2 USB-portar f\u00f6r persons\u00f6karen; kabel (USB C-typ); kontakter f\u00f6r smartphones fr\u00e5n iPhone, Samsung, Huawei, Sony, Xiaomi, OnePlus, LG, CAT, Poco, NOKIA, Doro, Fonos<\/p><p class=\"moze-left\"><b>Teknisk information:<\/b><br \/>F\u00e4rg: Svart<br \/>Material: slitstark ABS-plast<br \/>Effekt: 15W, 10W, 7,5W, 5W<br \/>Laddningsanslutning: USB TYPE-C<br \/>Laddningseffekt: 110K - 205K Hz<\/p>\t\t\t\t\t\t\t\t<\/div>\n\t\t\t\t<\/div>\n\t\t\t\t\t<\/div>\n\t\t<\/div>\n\t\t\t\t\t<\/div>\n\t\t<\/section>\n\t\t\t\t<\/div>","protected":false},"excerpt":{"rendered":"<p>H\u00e5llare och laddare f\u00f6r smarta telefoner f\u00f6r bilar<\/p>","protected":false},"featured_media":6920,"template":"","meta":[],"product_brand":[],"product_cat":[75,69,71,47],"product_tag":[],"class_list":{"0":"post-6918","1":"product","2":"type-product","3":"status-publish","4":"has-post-thumbnail","6":"product_cat-car","7":"product_cat-women","8":"product_cat-gadgets","9":"product_cat-men","11":"first","12":"instock","13":"shipping-taxable","14":"purchasable","15":"product-type-simple"},"yoast_head":"<!-- This site is optimized with the Yoast SEO Premium plugin v26.3 (Yoast SEO v26.3) - https:\/\/yoast.com\/wordpress\/plugins\/seo\/ -->\n<title>PHONEXA7s - WellStore ONLINE<\/title>\n<meta name=\"robots\" content=\"index, follow, max-snippet:-1, max-image-preview:large, max-video-preview:-1\" \/>\n<link rel=\"canonical\" href=\"https:\/\/wellstore.online\/sv\/produkt-2\/phonexa7s\/\" \/>\n<meta property=\"og:locale\" content=\"sv_SE\" \/>\n<meta property=\"og:type\" content=\"article\" \/>\n<meta property=\"og:title\" content=\"PHONEXA7s\" \/>\n<meta property=\"og:description\" content=\"Viedais t\u0101lru\u0146u tur\u0113t\u0101js un l\u0101d\u0113t\u0101js automa\u0161\u012bn\u0101m\" \/>\n<meta property=\"og:url\" content=\"https:\/\/wellstore.online\/sv\/produkt-2\/phonexa7s\/\" \/>\n<meta property=\"og:site_name\" content=\"WellStore ONLINE\" \/>\n<meta property=\"article:modified_time\" content=\"2025-09-02T14:50:21+00:00\" \/>\n<meta property=\"og:image\" content=\"https:\/\/wellstore.online\/wp-content\/uploads\/2022\/09\/PHONEXA7s_02.jpeg\" \/>\n\t<meta property=\"og:image:width\" content=\"750\" \/>\n\t<meta property=\"og:image:height\" content=\"750\" \/>\n\t<meta property=\"og:image:type\" content=\"image\/jpeg\" \/>\n<meta name=\"twitter:card\" content=\"summary_large_image\" \/>\n<meta name=\"twitter:label1\" content=\"Ber\u00e4knad l\u00e4stid\" \/>\n\t<meta name=\"twitter:data1\" content=\"1 minut\" \/>\n<script type=\"application\/ld+json\" class=\"yoast-schema-graph\">{\"@context\":\"https:\/\/schema.org\",\"@graph\":[{\"@type\":\"WebPage\",\"@id\":\"https:\/\/wellstore.online\/sv\/produkt-2\/phonexa7s\/\",\"url\":\"https:\/\/wellstore.online\/sv\/produkt-2\/phonexa7s\/\",\"name\":\"PHONEXA7s - WellStore ONLINE\",\"isPartOf\":{\"@id\":\"https:\/\/wellstore.online\/#website\"},\"primaryImageOfPage\":{\"@id\":\"https:\/\/wellstore.online\/sv\/produkt-2\/phonexa7s\/#primaryimage\"},\"image\":{\"@id\":\"https:\/\/wellstore.online\/sv\/produkt-2\/phonexa7s\/#primaryimage\"},\"thumbnailUrl\":\"https:\/\/wellstore.online\/wp-content\/uploads\/2022\/09\/PHONEXA7s_02.jpeg\",\"datePublished\":\"2022-09-21T13:09:51+00:00\",\"dateModified\":\"2025-09-02T14:50:21+00:00\",\"breadcrumb\":{\"@id\":\"https:\/\/wellstore.online\/sv\/produkt-2\/phonexa7s\/#breadcrumb\"},\"inLanguage\":\"sv-SE\",\"potentialAction\":[{\"@type\":\"ReadAction\",\"target\":[\"https:\/\/wellstore.online\/sv\/produkt-2\/phonexa7s\/\"]}]},{\"@type\":\"ImageObject\",\"inLanguage\":\"sv-SE\",\"@id\":\"https:\/\/wellstore.online\/sv\/produkt-2\/phonexa7s\/#primaryimage\",\"url\":\"https:\/\/wellstore.online\/wp-content\/uploads\/2022\/09\/PHONEXA7s_02.jpeg\",\"contentUrl\":\"https:\/\/wellstore.online\/wp-content\/uploads\/2022\/09\/PHONEXA7s_02.jpeg\",\"width\":750,\"height\":750,\"caption\":\"PhonexA7s\"},{\"@type\":\"BreadcrumbList\",\"@id\":\"https:\/\/wellstore.online\/sv\/produkt-2\/phonexa7s\/#breadcrumb\",\"itemListElement\":[{\"@type\":\"ListItem\",\"position\":1,\"name\":\"Home\",\"item\":\"https:\/\/wellstore.online\/\"},{\"@type\":\"ListItem\",\"position\":2,\"name\":\"Shop\",\"item\":\"https:\/\/wellstore.online\/sv\/butik\/\"},{\"@type\":\"ListItem\",\"position\":3,\"name\":\"PHONEXA7s\"}]},{\"@type\":\"WebSite\",\"@id\":\"https:\/\/wellstore.online\/#website\",\"url\":\"https:\/\/wellstore.online\/\",\"name\":\"WellStore ONLINE\",\"description\":\"\",\"potentialAction\":[{\"@type\":\"SearchAction\",\"target\":{\"@type\":\"EntryPoint\",\"urlTemplate\":\"https:\/\/wellstore.online\/?s={search_term_string}\"},\"query-input\":{\"@type\":\"PropertyValueSpecification\",\"valueRequired\":true,\"valueName\":\"search_term_string\"}}],\"inLanguage\":\"sv-SE\"}]}<\/script>\n<!-- \/ Yoast SEO Premium plugin. -->","yoast_head_json":{"title":"PHONEXA7s - WellStore ONLINE","robots":{"index":"index","follow":"follow","max-snippet":"max-snippet:-1","max-image-preview":"max-image-preview:large","max-video-preview":"max-video-preview:-1"},"canonical":"https:\/\/wellstore.online\/sv\/produkt-2\/phonexa7s\/","og_locale":"sv_SE","og_type":"article","og_title":"PHONEXA7s","og_description":"Viedais t\u0101lru\u0146u tur\u0113t\u0101js un l\u0101d\u0113t\u0101js automa\u0161\u012bn\u0101m","og_url":"https:\/\/wellstore.online\/sv\/produkt-2\/phonexa7s\/","og_site_name":"WellStore ONLINE","article_modified_time":"2025-09-02T14:50:21+00:00","og_image":[{"width":750,"height":750,"url":"https:\/\/wellstore.online\/wp-content\/uploads\/2022\/09\/PHONEXA7s_02.jpeg","type":"image\/jpeg"}],"twitter_card":"summary_large_image","twitter_misc":{"Ber\u00e4knad l\u00e4stid":"1 minut"},"schema":{"@context":"https:\/\/schema.org","@graph":[{"@type":"WebPage","@id":"https:\/\/wellstore.online\/sv\/produkt-2\/phonexa7s\/","url":"https:\/\/wellstore.online\/sv\/produkt-2\/phonexa7s\/","name":"PHONEXA7s - WellStore ONLINE","isPartOf":{"@id":"https:\/\/wellstore.online\/#website"},"primaryImageOfPage":{"@id":"https:\/\/wellstore.online\/sv\/produkt-2\/phonexa7s\/#primaryimage"},"image":{"@id":"https:\/\/wellstore.online\/sv\/produkt-2\/phonexa7s\/#primaryimage"},"thumbnailUrl":"https:\/\/wellstore.online\/wp-content\/uploads\/2022\/09\/PHONEXA7s_02.jpeg","datePublished":"2022-09-21T13:09:51+00:00","dateModified":"2025-09-02T14:50:21+00:00","breadcrumb":{"@id":"https:\/\/wellstore.online\/sv\/produkt-2\/phonexa7s\/#breadcrumb"},"inLanguage":"sv-SE","potentialAction":[{"@type":"ReadAction","target":["https:\/\/wellstore.online\/sv\/produkt-2\/phonexa7s\/"]}]},{"@type":"ImageObject","inLanguage":"sv-SE","@id":"https:\/\/wellstore.online\/sv\/produkt-2\/phonexa7s\/#primaryimage","url":"https:\/\/wellstore.online\/wp-content\/uploads\/2022\/09\/PHONEXA7s_02.jpeg","contentUrl":"https:\/\/wellstore.online\/wp-content\/uploads\/2022\/09\/PHONEXA7s_02.jpeg","width":750,"height":750,"caption":"PhonexA7s"},{"@type":"BreadcrumbList","@id":"https:\/\/wellstore.online\/sv\/produkt-2\/phonexa7s\/#breadcrumb","itemListElement":[{"@type":"ListItem","position":1,"name":"Home","item":"https:\/\/wellstore.online\/"},{"@type":"ListItem","position":2,"name":"Shop","item":"https:\/\/wellstore.online\/sv\/butik\/"},{"@type":"ListItem","position":3,"name":"PHONEXA7s"}]},{"@type":"WebSite","@id":"https:\/\/wellstore.online\/#website","url":"https:\/\/wellstore.online\/","name":"WellStore ONLINE","description":"","potentialAction":[{"@type":"SearchAction","target":{"@type":"EntryPoint","urlTemplate":"https:\/\/wellstore.online\/?s={search_term_string}"},"query-input":{"@type":"PropertyValueSpecification","valueRequired":true,"valueName":"search_term_string"}}],"inLanguage":"sv-SE"}]}},"_links":{"self":[{"href":"https:\/\/wellstore.online\/sv\/wp-json\/wp\/v2\/product\/6918","targetHints":{"allow":["GET"]}}],"collection":[{"href":"https:\/\/wellstore.online\/sv\/wp-json\/wp\/v2\/product"}],"about":[{"href":"https:\/\/wellstore.online\/sv\/wp-json\/wp\/v2\/types\/product"}],"version-history":[{"count":0,"href":"https:\/\/wellstore.online\/sv\/wp-json\/wp\/v2\/product\/6918\/revisions"}],"wp:featuredmedia":[{"embeddable":true,"href":"https:\/\/wellstore.online\/sv\/wp-json\/wp\/v2\/media\/6920"}],"wp:attachment":[{"href":"https:\/\/wellstore.online\/sv\/wp-json\/wp\/v2\/media?parent=6918"}],"wp:term":[{"taxonomy":"product_brand","embeddable":true,"href":"https:\/\/wellstore.online\/sv\/wp-json\/wp\/v2\/product_brand?post=6918"},{"taxonomy":"product_cat","embeddable":true,"href":"https:\/\/wellstore.online\/sv\/wp-json\/wp\/v2\/product_cat?post=6918"},{"taxonomy":"product_tag","embeddable":true,"href":"https:\/\/wellstore.online\/sv\/wp-json\/wp\/v2\/product_tag?post=6918"}],"curies":[{"name":"wp","href":"https:\/\/api.w.org\/{rel}","templated":true}]}}