{"id":8968,"date":"2022-10-29T14:39:56","date_gmt":"2022-10-29T11:39:56","guid":{"rendered":"https:\/\/wellstore.online\/?post_type=product&#038;p=8968"},"modified":"2025-10-15T08:28:10","modified_gmt":"2025-10-15T05:28:10","slug":"gelblasterpistol","status":"publish","type":"product","link":"https:\/\/wellstore.online\/sv\/produkt-2\/gelblasterpistol\/","title":{"rendered":"GelBlaster-pistol"},"content":{"rendered":"<div data-elementor-type=\"product-post\" data-elementor-id=\"8968\" class=\"elementor elementor-8968\" data-elementor-post-type=\"product\">\n\t\t\t\t\t\t<section class=\"elementor-section elementor-top-section elementor-element elementor-element-2ddad2a2 elementor-section-boxed elementor-section-height-default elementor-section-height-default\" data-id=\"2ddad2a2\" data-element_type=\"section\" data-e-type=\"section\">\n\t\t\t\t\t\t<div class=\"elementor-container elementor-column-gap-default\">\n\t\t\t\t\t<div class=\"elementor-column elementor-col-100 elementor-top-column elementor-element elementor-element-5187e78\" data-id=\"5187e78\" data-element_type=\"column\" data-e-type=\"column\">\n\t\t\t<div class=\"elementor-widget-wrap elementor-element-populated\">\n\t\t\t\t\t\t<div class=\"elementor-element elementor-element-22aa3937 elementor-widget elementor-widget-text-editor\" data-id=\"22aa3937\" data-element_type=\"widget\" data-e-type=\"widget\" data-widget_type=\"text-editor.default\">\n\t\t\t\t<div class=\"elementor-widget-container\">\n\t\t\t\t\t\t\t\t\t<div id=\"aiPRL3o4QTaVVip2ZeIwEsXue8UIZvaU\" class=\"widget widget-text\">\n<p>Inneh\u00e5ller 2 utbytbara f\u00e4rgelement s\u00e5 att du kan spela i lag!<\/p>\n<\/div>\n<div id=\"Mtt6GSoxDq5cem0f0D6XqobwluloCpiP\" class=\"widget widget-text\">\n<p class=\" translation-block\">GelBlaster-pistolen \u00e4r ett komplett substitut f\u00f6r paintball- eller airsoftstridsspel. Det kan spelas av alla, \u00f6verallt.<\/p>\n<p>En tr\u00e4ff g\u00f6r inte ont och orsakar inte ens sm\u00e4rta.<\/p>\n<p>Kl\u00e4der och mark \u00e4r inte smutsiga eller \u201cfl\u00e4ckiga\u201d.<\/p>\n<p>Gelbollarna \u00e4r tillverkade av ett ekologiskt material som bryts ned helt p\u00e5 kort tid n\u00e4r det uts\u00e4tts f\u00f6r milj\u00f6n.<\/p>\n<p><strong>Inkluderar:<\/strong><br>- GelBlaster-pistol med batteri<br>- Skyddsglas\u00f6gon<br>- Beh\u00e5llare f\u00f6r 800 gelkulor<br>- 2500 vattenspolningsbara gelsf\u00e4rer<br>- USB-laddare<br>- Instruktioner p\u00e5 lettiska<\/p>\n<\/div>\t\t\t\t\t\t\t\t<\/div>\n\t\t\t\t<\/div>\n\t\t\t\t\t<\/div>\n\t\t<\/div>\n\t\t\t\t\t<\/div>\n\t\t<\/section>\n\t\t\t\t<\/div>","protected":false},"excerpt":{"rendered":"<p class=\" translation-block\">Den <strong>Starwars<\/strong>-liknande automatpistolen med gelkulor som skjuter upp till 30 meter!<\/p>","protected":false},"featured_media":12382,"template":"","meta":[],"product_brand":[],"product_cat":[70,15],"product_tag":[],"class_list":{"0":"post-8968","1":"product","2":"type-product","3":"status-publish","4":"has-post-thumbnail","6":"product_cat-children","7":"product_cat-gifts","9":"first","10":"instock","11":"shipping-taxable","12":"purchasable","13":"product-type-simple"},"yoast_head":"<!-- This site is optimized with the Yoast SEO Premium plugin v26.3 (Yoast SEO v26.3) - https:\/\/yoast.com\/wordpress\/plugins\/seo\/ -->\n<title>GelBlaster gun - WellStore ONLINE<\/title>\n<meta name=\"robots\" content=\"index, follow, max-snippet:-1, max-image-preview:large, max-video-preview:-1\" \/>\n<link rel=\"canonical\" href=\"https:\/\/wellstore.online\/sv\/produkt-2\/gelblasterpistol\/\" \/>\n<meta property=\"og:locale\" content=\"sv_SE\" \/>\n<meta property=\"og:type\" content=\"article\" \/>\n<meta property=\"og:title\" content=\"GelBlaster gun\" \/>\n<meta property=\"og:description\" content=\"Autom\u0101tisk\u0101 \u201cStarwars\u201d stila pistole ar gela lod\u0113m, kas \u0161auj l\u012bdz 30 metriem!\" \/>\n<meta property=\"og:url\" content=\"https:\/\/wellstore.online\/sv\/produkt-2\/gelblasterpistol\/\" \/>\n<meta property=\"og:site_name\" content=\"WellStore ONLINE\" \/>\n<meta property=\"article:modified_time\" content=\"2025-10-15T05:28:10+00:00\" \/>\n<meta property=\"og:image\" content=\"https:\/\/wellstore.online\/wp-content\/uploads\/2022\/10\/GB_1-2.jpg\" \/>\n\t<meta property=\"og:image:width\" content=\"800\" \/>\n\t<meta property=\"og:image:height\" content=\"800\" \/>\n\t<meta property=\"og:image:type\" content=\"image\/jpeg\" \/>\n<meta name=\"twitter:card\" content=\"summary_large_image\" \/>\n<meta name=\"twitter:label1\" content=\"Ber\u00e4knad l\u00e4stid\" \/>\n\t<meta name=\"twitter:data1\" content=\"1 minut\" \/>\n<script type=\"application\/ld+json\" class=\"yoast-schema-graph\">{\"@context\":\"https:\/\/schema.org\",\"@graph\":[{\"@type\":\"WebPage\",\"@id\":\"https:\/\/wellstore.online\/fi\/tuote\/gelblaster-ase\/\",\"url\":\"https:\/\/wellstore.online\/fi\/tuote\/gelblaster-ase\/\",\"name\":\"GelBlaster gun - WellStore ONLINE\",\"isPartOf\":{\"@id\":\"https:\/\/wellstore.online\/#website\"},\"primaryImageOfPage\":{\"@id\":\"https:\/\/wellstore.online\/fi\/tuote\/gelblaster-ase\/#primaryimage\"},\"image\":{\"@id\":\"https:\/\/wellstore.online\/fi\/tuote\/gelblaster-ase\/#primaryimage\"},\"thumbnailUrl\":\"https:\/\/wellstore.online\/wp-content\/uploads\/2022\/10\/GB_1-2.jpg\",\"datePublished\":\"2022-10-29T11:39:56+00:00\",\"dateModified\":\"2025-10-15T05:28:10+00:00\",\"breadcrumb\":{\"@id\":\"https:\/\/wellstore.online\/fi\/tuote\/gelblaster-ase\/#breadcrumb\"},\"inLanguage\":\"sv-SE\",\"potentialAction\":[{\"@type\":\"ReadAction\",\"target\":[\"https:\/\/wellstore.online\/fi\/tuote\/gelblaster-ase\/\"]}]},{\"@type\":\"ImageObject\",\"inLanguage\":\"sv-SE\",\"@id\":\"https:\/\/wellstore.online\/fi\/tuote\/gelblaster-ase\/#primaryimage\",\"url\":\"https:\/\/wellstore.online\/wp-content\/uploads\/2022\/10\/GB_1-2.jpg\",\"contentUrl\":\"https:\/\/wellstore.online\/wp-content\/uploads\/2022\/10\/GB_1-2.jpg\",\"width\":800,\"height\":800},{\"@type\":\"BreadcrumbList\",\"@id\":\"https:\/\/wellstore.online\/fi\/tuote\/gelblaster-ase\/#breadcrumb\",\"itemListElement\":[{\"@type\":\"ListItem\",\"position\":1,\"name\":\"Home\",\"item\":\"https:\/\/wellstore.online\/\"},{\"@type\":\"ListItem\",\"position\":2,\"name\":\"Shop\",\"item\":\"https:\/\/wellstore.online\/sv\/butik\/\"},{\"@type\":\"ListItem\",\"position\":3,\"name\":\"GelBlaster gun\"}]},{\"@type\":\"WebSite\",\"@id\":\"https:\/\/wellstore.online\/#website\",\"url\":\"https:\/\/wellstore.online\/\",\"name\":\"WellStore ONLINE\",\"description\":\"\",\"potentialAction\":[{\"@type\":\"SearchAction\",\"target\":{\"@type\":\"EntryPoint\",\"urlTemplate\":\"https:\/\/wellstore.online\/?s={search_term_string}\"},\"query-input\":{\"@type\":\"PropertyValueSpecification\",\"valueRequired\":true,\"valueName\":\"search_term_string\"}}],\"inLanguage\":\"sv-SE\"}]}<\/script>\n<!-- \/ Yoast SEO Premium plugin. -->","yoast_head_json":{"title":"GelBlaster-pistol - WellStore ONLINE","robots":{"index":"index","follow":"follow","max-snippet":"max-snippet:-1","max-image-preview":"max-image-preview:large","max-video-preview":"max-video-preview:-1"},"canonical":"https:\/\/wellstore.online\/sv\/produkt-2\/gelblasterpistol\/","og_locale":"sv_SE","og_type":"article","og_title":"GelBlaster gun","og_description":"Autom\u0101tisk\u0101 \u201cStarwars\u201d stila pistole ar gela lod\u0113m, kas \u0161auj l\u012bdz 30 metriem!","og_url":"https:\/\/wellstore.online\/sv\/produkt-2\/gelblasterpistol\/","og_site_name":"WellStore ONLINE","article_modified_time":"2025-10-15T05:28:10+00:00","og_image":[{"width":800,"height":800,"url":"https:\/\/wellstore.online\/wp-content\/uploads\/2022\/10\/GB_1-2.jpg","type":"image\/jpeg"}],"twitter_card":"summary_large_image","twitter_misc":{"Ber\u00e4knad l\u00e4stid":"1 minut"},"schema":{"@context":"https:\/\/schema.org","@graph":[{"@type":"WebPage","@id":"https:\/\/wellstore.online\/fi\/tuote\/gelblaster-ase\/","url":"https:\/\/wellstore.online\/fi\/tuote\/gelblaster-ase\/","name":"GelBlaster-pistol - WellStore ONLINE","isPartOf":{"@id":"https:\/\/wellstore.online\/#website"},"primaryImageOfPage":{"@id":"https:\/\/wellstore.online\/fi\/tuote\/gelblaster-ase\/#primaryimage"},"image":{"@id":"https:\/\/wellstore.online\/fi\/tuote\/gelblaster-ase\/#primaryimage"},"thumbnailUrl":"https:\/\/wellstore.online\/wp-content\/uploads\/2022\/10\/GB_1-2.jpg","datePublished":"2022-10-29T11:39:56+00:00","dateModified":"2025-10-15T05:28:10+00:00","breadcrumb":{"@id":"https:\/\/wellstore.online\/fi\/tuote\/gelblaster-ase\/#breadcrumb"},"inLanguage":"sv-SE","potentialAction":[{"@type":"ReadAction","target":["https:\/\/wellstore.online\/fi\/tuote\/gelblaster-ase\/"]}]},{"@type":"ImageObject","inLanguage":"sv-SE","@id":"https:\/\/wellstore.online\/fi\/tuote\/gelblaster-ase\/#primaryimage","url":"https:\/\/wellstore.online\/wp-content\/uploads\/2022\/10\/GB_1-2.jpg","contentUrl":"https:\/\/wellstore.online\/wp-content\/uploads\/2022\/10\/GB_1-2.jpg","width":800,"height":800},{"@type":"BreadcrumbList","@id":"https:\/\/wellstore.online\/fi\/tuote\/gelblaster-ase\/#breadcrumb","itemListElement":[{"@type":"ListItem","position":1,"name":"Home","item":"https:\/\/wellstore.online\/"},{"@type":"ListItem","position":2,"name":"Shop","item":"https:\/\/wellstore.online\/sv\/butik\/"},{"@type":"ListItem","position":3,"name":"GelBlaster gun"}]},{"@type":"WebSite","@id":"https:\/\/wellstore.online\/#website","url":"https:\/\/wellstore.online\/","name":"WellStore ONLINE","description":"","potentialAction":[{"@type":"SearchAction","target":{"@type":"EntryPoint","urlTemplate":"https:\/\/wellstore.online\/?s={search_term_string}"},"query-input":{"@type":"PropertyValueSpecification","valueRequired":true,"valueName":"search_term_string"}}],"inLanguage":"sv-SE"}]}},"_links":{"self":[{"href":"https:\/\/wellstore.online\/sv\/wp-json\/wp\/v2\/product\/8968","targetHints":{"allow":["GET"]}}],"collection":[{"href":"https:\/\/wellstore.online\/sv\/wp-json\/wp\/v2\/product"}],"about":[{"href":"https:\/\/wellstore.online\/sv\/wp-json\/wp\/v2\/types\/product"}],"version-history":[{"count":0,"href":"https:\/\/wellstore.online\/sv\/wp-json\/wp\/v2\/product\/8968\/revisions"}],"wp:featuredmedia":[{"embeddable":true,"href":"https:\/\/wellstore.online\/sv\/wp-json\/wp\/v2\/media\/12382"}],"wp:attachment":[{"href":"https:\/\/wellstore.online\/sv\/wp-json\/wp\/v2\/media?parent=8968"}],"wp:term":[{"taxonomy":"product_brand","embeddable":true,"href":"https:\/\/wellstore.online\/sv\/wp-json\/wp\/v2\/product_brand?post=8968"},{"taxonomy":"product_cat","embeddable":true,"href":"https:\/\/wellstore.online\/sv\/wp-json\/wp\/v2\/product_cat?post=8968"},{"taxonomy":"product_tag","embeddable":true,"href":"https:\/\/wellstore.online\/sv\/wp-json\/wp\/v2\/product_tag?post=8968"}],"curies":[{"name":"wp","href":"https:\/\/api.w.org\/{rel}","templated":true}]}}